{"id":15,"date":"2022-02-12T06:15:02","date_gmt":"2022-02-12T05:15:02","guid":{"rendered":"http:\/\/rfcakqo.cluster031.hosting.ovh.net\/admin\/?page_id=15"},"modified":"2024-10-28T12:52:03","modified_gmt":"2024-10-28T11:52:03","slug":"nos-reussites","status":"publish","type":"page","link":"https:\/\/mfr-reunion.re\/index.php\/nos-reussites\/","title":{"rendered":"Nos r\u00e9ussites"},"content":{"rendered":"\n<div class=\"wp-block-columns is-layout-flex wp-container-core-columns-is-layout-9d6595d7 wp-block-columns-is-layout-flex\">\n<div class=\"wp-block-column is-layout-flow wp-block-column-is-layout-flow\" style=\"flex-basis:100%\"><\/div>\n<\/div>\n\n\n\n<h2 class=\"wp-block-heading has-x-large-font-size\">Les r\u00e9sultats aux examens<\/h2>\n\n\n\n<div class=\"wp-block-columns is-layout-flex wp-container-core-columns-is-layout-9d6595d7 wp-block-columns-is-layout-flex\">\n<div class=\"wp-block-column is-layout-flow wp-block-column-is-layout-flow\">\n<figure class=\"wp-block-image size-large\"><img loading=\"lazy\" decoding=\"async\" width=\"1024\" height=\"1024\" src=\"http:\/\/rfcakqo.cluster031.hosting.ovh.net\/admin\/wp-content\/uploads\/2022\/03\/bravo-tape-1-1024x1024.png\" alt=\"\" class=\"wp-image-240\" srcset=\"https:\/\/mfr-reunion.re\/wp-content\/uploads\/2022\/03\/bravo-tape-1-1024x1024.png 1024w, https:\/\/mfr-reunion.re\/wp-content\/uploads\/2022\/03\/bravo-tape-1-300x300.png 300w, https:\/\/mfr-reunion.re\/wp-content\/uploads\/2022\/03\/bravo-tape-1-150x150.png 150w, https:\/\/mfr-reunion.re\/wp-content\/uploads\/2022\/03\/bravo-tape-1-768x768.png 768w, https:\/\/mfr-reunion.re\/wp-content\/uploads\/2022\/03\/bravo-tape-1.png 1080w\" sizes=\"auto, (max-width: 1024px) 100vw, 1024px\" \/><\/figure>\n<\/div>\n<\/div>\n\n\n\n<h2 class=\"wp-block-heading has-x-large-font-size\"> <\/h2>\n\n\n\n<p><mark style=\"background-color:#fcb900\" class=\"has-inline-color\"><strong>NOS CHIFFRES 2023<\/strong>:<\/mark><\/p>\n\n\n\n<div class=\"wp-block-columns is-layout-flex wp-container-core-columns-is-layout-9d6595d7 wp-block-columns-is-layout-flex\">\n<div class=\"wp-block-column is-layout-flow wp-block-column-is-layout-flow\">\n<figure class=\"wp-block-image size-full is-resized\"><img loading=\"lazy\" decoding=\"async\" width=\"422\" height=\"216\" src=\"https:\/\/mfr-reunion.re\/wp-content\/uploads\/2024\/10\/FI-2023-2.png\" alt=\"\" class=\"wp-image-655\" style=\"width:603px;height:auto\" srcset=\"https:\/\/mfr-reunion.re\/wp-content\/uploads\/2024\/10\/FI-2023-2.png 422w, https:\/\/mfr-reunion.re\/wp-content\/uploads\/2024\/10\/FI-2023-2-300x154.png 300w, https:\/\/mfr-reunion.re\/wp-content\/uploads\/2024\/10\/FI-2023-2-117x60.png 117w\" sizes=\"auto, (max-width: 422px) 100vw, 422px\" \/><\/figure>\n<\/div>\n<\/div>\n\n\n\n<figure class=\"wp-block-image size-full is-resized\"><img loading=\"lazy\" decoding=\"async\" width=\"609\" height=\"179\" src=\"https:\/\/mfr-reunion.re\/wp-content\/uploads\/2024\/10\/APP-23.png\" alt=\"\" class=\"wp-image-653\" style=\"width:789px;height:auto\" srcset=\"https:\/\/mfr-reunion.re\/wp-content\/uploads\/2024\/10\/APP-23.png 609w, https:\/\/mfr-reunion.re\/wp-content\/uploads\/2024\/10\/APP-23-300x88.png 300w, https:\/\/mfr-reunion.re\/wp-content\/uploads\/2024\/10\/APP-23-204x60.png 204w\" sizes=\"auto, (max-width: 609px) 100vw, 609px\" \/><\/figure>\n\n\n\n<figure class=\"wp-block-image size-full\"><img loading=\"lazy\" decoding=\"async\" width=\"857\" height=\"304\" src=\"https:\/\/mfr-reunion.re\/wp-content\/uploads\/2024\/10\/FC-23.png\" alt=\"\" class=\"wp-image-656\" srcset=\"https:\/\/mfr-reunion.re\/wp-content\/uploads\/2024\/10\/FC-23.png 857w, https:\/\/mfr-reunion.re\/wp-content\/uploads\/2024\/10\/FC-23-300x106.png 300w, https:\/\/mfr-reunion.re\/wp-content\/uploads\/2024\/10\/FC-23-768x272.png 768w, https:\/\/mfr-reunion.re\/wp-content\/uploads\/2024\/10\/FC-23-169x60.png 169w\" sizes=\"auto, (max-width: 857px) 100vw, 857px\" \/><\/figure>\n\n\n\n<p>en FORMATION INITIALE 2021<\/p>\n\n\n\n<div class=\"wp-block-columns is-layout-flex wp-container-core-columns-is-layout-9d6595d7 wp-block-columns-is-layout-flex\">\n<div class=\"wp-block-column is-layout-flow wp-block-column-is-layout-flow\">\n<p class=\"has-medium-font-size\"><strong>CAPa 99 %<\/strong><\/p>\n\n\n\n<p class=\"has-nv-dark-bg-color has-text-color has-medium-font-size\">Soit 70 pr\u00e9sent\u00e9s et 69 re\u00e7us<\/p>\n\n\n\n<p class=\"has-medium-font-size\"><strong>BEPa&nbsp; 96  %<\/strong><\/p>\n\n\n\n<p class=\"has-nv-dark-bg-color has-text-color has-medium-font-size\">Soit 71 pr\u00e9sent\u00e9s et 68 re\u00e7us<\/p>\n\n\n\n<p class=\"has-medium-font-size\"><strong>BAC PRO 85 %<\/strong><\/p>\n\n\n\n<p class=\"has-nv-dark-bg-color has-text-color has-medium-font-size\">Soit 48 pr\u00e9sent\u00e9s et 41 re\u00e7us<\/p>\n\n\n\n<p class=\"has-medium-font-size\"><strong>Dipl\u00f4me National du Brevet 86%<\/strong><\/p>\n\n\n\n<p class=\"has-nv-dark-bg-color has-text-color has-medium-font-size\">Soit 98 pr\u00e9sent\u00e9s et 84 re\u00e7us<\/p>\n\n\n\n<p><\/p>\n<\/div>\n\n\n\n<div class=\"wp-block-column is-layout-flow wp-block-column-is-layout-flow\">\n<figure class=\"wp-block-gallery has-nested-images columns-default is-cropped wp-block-gallery-1 is-layout-flex wp-block-gallery-is-layout-flex\">\n<figure class=\"wp-block-image size-large\"><img loading=\"lazy\" decoding=\"async\" width=\"1024\" height=\"1024\" data-id=\"236\" src=\"http:\/\/rfcakqo.cluster031.hosting.ovh.net\/admin\/wp-content\/uploads\/2022\/03\/bravo-3-1024x1024.png\" alt=\"\" class=\"wp-image-236\" srcset=\"https:\/\/mfr-reunion.re\/wp-content\/uploads\/2022\/03\/bravo-3-1024x1024.png 1024w, https:\/\/mfr-reunion.re\/wp-content\/uploads\/2022\/03\/bravo-3-300x300.png 300w, https:\/\/mfr-reunion.re\/wp-content\/uploads\/2022\/03\/bravo-3-150x150.png 150w, https:\/\/mfr-reunion.re\/wp-content\/uploads\/2022\/03\/bravo-3-768x768.png 768w, https:\/\/mfr-reunion.re\/wp-content\/uploads\/2022\/03\/bravo-3.png 1080w\" sizes=\"auto, (max-width: 1024px) 100vw, 1024px\" \/><\/figure>\n<\/figure>\n<\/div>\n<\/div>\n\n\n\n<h2 class=\"wp-block-heading has-x-large-font-size\">en FORMATION CONTINUE 2021<\/h2>\n\n\n\n<div class=\"wp-block-columns is-layout-flex wp-container-core-columns-is-layout-9d6595d7 wp-block-columns-is-layout-flex\">\n<div class=\"wp-block-column is-layout-flow wp-block-column-is-layout-flow\">\n<ul class=\"wp-block-list has-nv-dark-bg-color has-text-color has-medium-font-size\">\n<li><strong>en TP Animateur en G\u00e9rontologie\u00a0<\/strong><\/li>\n<\/ul>\n<\/div>\n\n\n\n<div class=\"wp-block-column is-layout-flow wp-block-column-is-layout-flow\">\n<figure class=\"wp-block-image size-large\"><img loading=\"lazy\" decoding=\"async\" width=\"1024\" height=\"1024\" src=\"http:\/\/rfcakqo.cluster031.hosting.ovh.net\/admin\/wp-content\/uploads\/2022\/03\/100-1-1024x1024.jpg\" alt=\"\" class=\"wp-image-243\" srcset=\"https:\/\/mfr-reunion.re\/wp-content\/uploads\/2022\/03\/100-1-1024x1024.jpg 1024w, https:\/\/mfr-reunion.re\/wp-content\/uploads\/2022\/03\/100-1-300x300.jpg 300w, https:\/\/mfr-reunion.re\/wp-content\/uploads\/2022\/03\/100-1-150x150.jpg 150w, https:\/\/mfr-reunion.re\/wp-content\/uploads\/2022\/03\/100-1-768x768.jpg 768w, https:\/\/mfr-reunion.re\/wp-content\/uploads\/2022\/03\/100-1-1536x1536.jpg 1536w, https:\/\/mfr-reunion.re\/wp-content\/uploads\/2022\/03\/100-1.jpg 1600w\" sizes=\"auto, (max-width: 1024px) 100vw, 1024px\" \/><\/figure>\n<\/div>\n<\/div>\n\n\n\n<h2 class=\"wp-block-heading has-x-large-font-size\">en apprentissage 2021<\/h2>\n\n\n\n<div class=\"wp-block-columns is-layout-flex wp-container-core-columns-is-layout-9d6595d7 wp-block-columns-is-layout-flex\">\n<div class=\"wp-block-column is-layout-flow wp-block-column-is-layout-flow\">\n<ul class=\"wp-block-list has-nv-dark-bg-color has-text-color has-medium-font-size\">\n<li><strong>CAPa Agriculture de R\u00e9gions chaudes\u00a0<\/strong><\/li>\n<\/ul>\n\n\n\n<ul class=\"wp-block-list has-nv-dark-bg-color has-text-color has-medium-font-size\">\n<li><strong>BP JEPS<\/strong><\/li>\n<\/ul>\n\n\n\n<ul class=\"wp-block-list has-nv-dark-bg-color has-text-color has-medium-font-size\">\n<li><strong>\u00a0en BAC PRO Vente<\/strong><\/li>\n<\/ul>\n<\/div>\n\n\n\n<div class=\"wp-block-column is-layout-flow wp-block-column-is-layout-flow\">\n<figure class=\"wp-block-image size-large is-resized\"><img loading=\"lazy\" decoding=\"async\" width=\"1024\" height=\"1024\" src=\"http:\/\/rfcakqo.cluster031.hosting.ovh.net\/admin\/wp-content\/uploads\/2022\/03\/app-75-1024x1024.jpg\" alt=\"\" class=\"wp-image-244\" style=\"width:269px;height:269px\" srcset=\"https:\/\/mfr-reunion.re\/wp-content\/uploads\/2022\/03\/app-75-1024x1024.jpg 1024w, https:\/\/mfr-reunion.re\/wp-content\/uploads\/2022\/03\/app-75-300x300.jpg 300w, https:\/\/mfr-reunion.re\/wp-content\/uploads\/2022\/03\/app-75-150x150.jpg 150w, https:\/\/mfr-reunion.re\/wp-content\/uploads\/2022\/03\/app-75-768x768.jpg 768w, https:\/\/mfr-reunion.re\/wp-content\/uploads\/2022\/03\/app-75-1536x1536.jpg 1536w, https:\/\/mfr-reunion.re\/wp-content\/uploads\/2022\/03\/app-75.jpg 1600w\" sizes=\"auto, (max-width: 1024px) 100vw, 1024px\" \/><\/figure>\n<\/div>\n\n\n\n<div class=\"wp-block-column is-layout-flow wp-block-column-is-layout-flow\">\n<ul class=\"wp-block-list has-nv-dark-bg-color has-text-color has-medium-font-size\">\n<li><strong>Titre Pro Technicien Jardins Espaces Verts<\/strong><\/li>\n\n\n\n<li><strong>Titre Pro Technicien Agricole<\/strong><\/li>\n<\/ul>\n<\/div>\n<\/div>\n","protected":false},"excerpt":{"rendered":"<p>Les r\u00e9sultats aux examens NOS CHIFFRES 2023: en FORMATION INITIALE 2021 CAPa 99 % Soit 70 pr\u00e9sent\u00e9s et 69 re\u00e7us BEPa&nbsp; 96 % Soit 71 pr\u00e9sent\u00e9s et 68 re\u00e7us BAC PRO 85 % Soit 48 pr\u00e9sent\u00e9s et 41 re\u00e7us Dipl\u00f4me National du Brevet 86% Soit 98 pr\u00e9sent\u00e9s et 84 re\u00e7us en FORMATION CONTINUE 2021 en &hellip; <\/p>\n","protected":false},"author":1,"featured_media":0,"parent":0,"menu_order":3,"comment_status":"closed","ping_status":"closed","template":"","meta":{"footnotes":""},"class_list":["post-15","page","type-page","status-publish","hentry"],"yoast_head":"<!-- This site is optimized with the Yoast SEO plugin v18.1 - https:\/\/yoast.com\/wordpress\/plugins\/seo\/ -->\n<title>Nos r\u00e9ussites - Les MFR DE LA REUNION<\/title>\n<meta name=\"robots\" content=\"index, follow, max-snippet:-1, max-image-preview:large, max-video-preview:-1\" \/>\n<link rel=\"canonical\" href=\"https:\/\/mfr-reunion.re\/index.php\/nos-reussites\/\" \/>\n<meta property=\"og:locale\" content=\"fr_FR\" \/>\n<meta property=\"og:type\" content=\"article\" \/>\n<meta property=\"og:title\" content=\"Nos r\u00e9ussites - Les MFR DE LA REUNION\" \/>\n<meta property=\"og:description\" content=\"Les r\u00e9sultats aux examens NOS CHIFFRES 2023: en FORMATION INITIALE 2021 CAPa 99 % Soit 70 pr\u00e9sent\u00e9s et 69 re\u00e7us BEPa&nbsp; 96 % Soit 71 pr\u00e9sent\u00e9s et 68 re\u00e7us BAC PRO 85 % Soit 48 pr\u00e9sent\u00e9s et 41 re\u00e7us Dipl\u00f4me National du Brevet 86% Soit 98 pr\u00e9sent\u00e9s et 84 re\u00e7us en FORMATION CONTINUE 2021 en &hellip;\" \/>\n<meta property=\"og:url\" content=\"https:\/\/mfr-reunion.re\/index.php\/nos-reussites\/\" \/>\n<meta property=\"og:site_name\" content=\"Les MFR DE LA REUNION\" \/>\n<meta property=\"article:modified_time\" content=\"2024-10-28T11:52:03+00:00\" \/>\n<meta property=\"og:image\" content=\"http:\/\/rfcakqo.cluster031.hosting.ovh.net\/admin\/wp-content\/uploads\/2022\/03\/bravo-tape-1-1024x1024.png\" \/>\n<meta name=\"twitter:card\" content=\"summary_large_image\" \/>\n<meta name=\"twitter:label1\" content=\"Dur\u00e9e de lecture estim\u00e9e\" \/>\n\t<meta name=\"twitter:data1\" content=\"2 minutes\" \/>\n<script type=\"application\/ld+json\" class=\"yoast-schema-graph\">{\"@context\":\"https:\/\/schema.org\",\"@graph\":[{\"@type\":\"WebSite\",\"@id\":\"https:\/\/mfr-reunion.re\/#website\",\"url\":\"https:\/\/mfr-reunion.re\/\",\"name\":\"Les MFR DE LA REUNION\",\"description\":\"\",\"potentialAction\":[{\"@type\":\"SearchAction\",\"target\":{\"@type\":\"EntryPoint\",\"urlTemplate\":\"https:\/\/mfr-reunion.re\/?s={search_term_string}\"},\"query-input\":\"required name=search_term_string\"}],\"inLanguage\":\"fr-FR\"},{\"@type\":\"ImageObject\",\"@id\":\"https:\/\/mfr-reunion.re\/index.php\/nos-reussites\/#primaryimage\",\"inLanguage\":\"fr-FR\",\"url\":\"http:\/\/rfcakqo.cluster031.hosting.ovh.net\/admin\/wp-content\/uploads\/2022\/03\/bravo-tape-1-1024x1024.png\",\"contentUrl\":\"http:\/\/rfcakqo.cluster031.hosting.ovh.net\/admin\/wp-content\/uploads\/2022\/03\/bravo-tape-1-1024x1024.png\"},{\"@type\":\"WebPage\",\"@id\":\"https:\/\/mfr-reunion.re\/index.php\/nos-reussites\/#webpage\",\"url\":\"https:\/\/mfr-reunion.re\/index.php\/nos-reussites\/\",\"name\":\"Nos r\u00e9ussites - Les MFR DE LA REUNION\",\"isPartOf\":{\"@id\":\"https:\/\/mfr-reunion.re\/#website\"},\"primaryImageOfPage\":{\"@id\":\"https:\/\/mfr-reunion.re\/index.php\/nos-reussites\/#primaryimage\"},\"datePublished\":\"2022-02-12T05:15:02+00:00\",\"dateModified\":\"2024-10-28T11:52:03+00:00\",\"breadcrumb\":{\"@id\":\"https:\/\/mfr-reunion.re\/index.php\/nos-reussites\/#breadcrumb\"},\"inLanguage\":\"fr-FR\",\"potentialAction\":[{\"@type\":\"ReadAction\",\"target\":[\"https:\/\/mfr-reunion.re\/index.php\/nos-reussites\/\"]}]},{\"@type\":\"BreadcrumbList\",\"@id\":\"https:\/\/mfr-reunion.re\/index.php\/nos-reussites\/#breadcrumb\",\"itemListElement\":[{\"@type\":\"ListItem\",\"position\":1,\"name\":\"Accueil\",\"item\":\"https:\/\/mfr-reunion.re\/\"},{\"@type\":\"ListItem\",\"position\":2,\"name\":\"Nos r\u00e9ussites\"}]}]}<\/script>\n<!-- \/ Yoast SEO plugin. -->","yoast_head_json":{"title":"Nos r\u00e9ussites - Les MFR DE LA REUNION","robots":{"index":"index","follow":"follow","max-snippet":"max-snippet:-1","max-image-preview":"max-image-preview:large","max-video-preview":"max-video-preview:-1"},"canonical":"https:\/\/mfr-reunion.re\/index.php\/nos-reussites\/","og_locale":"fr_FR","og_type":"article","og_title":"Nos r\u00e9ussites - Les MFR DE LA REUNION","og_description":"Les r\u00e9sultats aux examens NOS CHIFFRES 2023: en FORMATION INITIALE 2021 CAPa 99 % Soit 70 pr\u00e9sent\u00e9s et 69 re\u00e7us BEPa&nbsp; 96 % Soit 71 pr\u00e9sent\u00e9s et 68 re\u00e7us BAC PRO 85 % Soit 48 pr\u00e9sent\u00e9s et 41 re\u00e7us Dipl\u00f4me National du Brevet 86% Soit 98 pr\u00e9sent\u00e9s et 84 re\u00e7us en FORMATION CONTINUE 2021 en &hellip;","og_url":"https:\/\/mfr-reunion.re\/index.php\/nos-reussites\/","og_site_name":"Les MFR DE LA REUNION","article_modified_time":"2024-10-28T11:52:03+00:00","og_image":[{"url":"http:\/\/rfcakqo.cluster031.hosting.ovh.net\/admin\/wp-content\/uploads\/2022\/03\/bravo-tape-1-1024x1024.png"}],"twitter_card":"summary_large_image","twitter_misc":{"Dur\u00e9e de lecture estim\u00e9e":"2 minutes"},"schema":{"@context":"https:\/\/schema.org","@graph":[{"@type":"WebSite","@id":"https:\/\/mfr-reunion.re\/#website","url":"https:\/\/mfr-reunion.re\/","name":"Les MFR DE LA REUNION","description":"","potentialAction":[{"@type":"SearchAction","target":{"@type":"EntryPoint","urlTemplate":"https:\/\/mfr-reunion.re\/?s={search_term_string}"},"query-input":"required name=search_term_string"}],"inLanguage":"fr-FR"},{"@type":"ImageObject","@id":"https:\/\/mfr-reunion.re\/index.php\/nos-reussites\/#primaryimage","inLanguage":"fr-FR","url":"http:\/\/rfcakqo.cluster031.hosting.ovh.net\/admin\/wp-content\/uploads\/2022\/03\/bravo-tape-1-1024x1024.png","contentUrl":"http:\/\/rfcakqo.cluster031.hosting.ovh.net\/admin\/wp-content\/uploads\/2022\/03\/bravo-tape-1-1024x1024.png"},{"@type":"WebPage","@id":"https:\/\/mfr-reunion.re\/index.php\/nos-reussites\/#webpage","url":"https:\/\/mfr-reunion.re\/index.php\/nos-reussites\/","name":"Nos r\u00e9ussites - Les MFR DE LA REUNION","isPartOf":{"@id":"https:\/\/mfr-reunion.re\/#website"},"primaryImageOfPage":{"@id":"https:\/\/mfr-reunion.re\/index.php\/nos-reussites\/#primaryimage"},"datePublished":"2022-02-12T05:15:02+00:00","dateModified":"2024-10-28T11:52:03+00:00","breadcrumb":{"@id":"https:\/\/mfr-reunion.re\/index.php\/nos-reussites\/#breadcrumb"},"inLanguage":"fr-FR","potentialAction":[{"@type":"ReadAction","target":["https:\/\/mfr-reunion.re\/index.php\/nos-reussites\/"]}]},{"@type":"BreadcrumbList","@id":"https:\/\/mfr-reunion.re\/index.php\/nos-reussites\/#breadcrumb","itemListElement":[{"@type":"ListItem","position":1,"name":"Accueil","item":"https:\/\/mfr-reunion.re\/"},{"@type":"ListItem","position":2,"name":"Nos r\u00e9ussites"}]}]}},"_links":{"self":[{"href":"https:\/\/mfr-reunion.re\/index.php\/wp-json\/wp\/v2\/pages\/15","targetHints":{"allow":["GET"]}}],"collection":[{"href":"https:\/\/mfr-reunion.re\/index.php\/wp-json\/wp\/v2\/pages"}],"about":[{"href":"https:\/\/mfr-reunion.re\/index.php\/wp-json\/wp\/v2\/types\/page"}],"author":[{"embeddable":true,"href":"https:\/\/mfr-reunion.re\/index.php\/wp-json\/wp\/v2\/users\/1"}],"replies":[{"embeddable":true,"href":"https:\/\/mfr-reunion.re\/index.php\/wp-json\/wp\/v2\/comments?post=15"}],"version-history":[{"count":4,"href":"https:\/\/mfr-reunion.re\/index.php\/wp-json\/wp\/v2\/pages\/15\/revisions"}],"predecessor-version":[{"id":657,"href":"https:\/\/mfr-reunion.re\/index.php\/wp-json\/wp\/v2\/pages\/15\/revisions\/657"}],"wp:attachment":[{"href":"https:\/\/mfr-reunion.re\/index.php\/wp-json\/wp\/v2\/media?parent=15"}],"curies":[{"name":"wp","href":"https:\/\/api.w.org\/{rel}","templated":true}]}}