{"id":17,"date":"2022-02-14T14:46:48","date_gmt":"2022-02-14T13:46:48","guid":{"rendered":"http:\/\/rfcakqo.cluster031.hosting.ovh.net\/admin\/?page_id=17"},"modified":"2024-02-12T11:41:22","modified_gmt":"2024-02-12T10:41:22","slug":"la-saline","status":"publish","type":"page","link":"https:\/\/mfr-reunion.re\/index.php\/la-saline\/","title":{"rendered":"LA SALINE"},"content":{"rendered":"<div class=\"wp-block-image\">\n<figure class=\"aligncenter size-large\"><img loading=\"lazy\" decoding=\"async\" width=\"1024\" height=\"373\" src=\"http:\/\/rfcakqo.cluster031.hosting.ovh.net\/admin\/wp-content\/uploads\/2022\/02\/saline-1-1024x373.jpg\" alt=\"\" class=\"wp-image-158\" srcset=\"https:\/\/mfr-reunion.re\/wp-content\/uploads\/2022\/02\/saline-1-1024x373.jpg 1024w, https:\/\/mfr-reunion.re\/wp-content\/uploads\/2022\/02\/saline-1-300x109.jpg 300w, https:\/\/mfr-reunion.re\/wp-content\/uploads\/2022\/02\/saline-1-768x279.jpg 768w, https:\/\/mfr-reunion.re\/wp-content\/uploads\/2022\/02\/saline-1.jpg 1135w\" sizes=\"auto, (max-width: 1024px) 100vw, 1024px\" \/><\/figure>\n<\/div>\n\n\n<div class=\"wp-block-group alignfull has-background\" style=\"background-color:#f8f4e4\"><div class=\"wp-block-group__inner-container is-layout-flow wp-block-group-is-layout-flow\">\n<div class=\"wp-block-columns alignwide is-layout-flex wp-container-core-columns-is-layout-9d6595d7 wp-block-columns-is-layout-flex\">\n<div class=\"wp-block-column is-vertically-aligned-top is-layout-flow wp-block-column-is-layout-flow\" style=\"flex-basis:33.38%\">\n<p><\/p>\n\n\n\n<h3 class=\"wp-block-heading has-x-large-font-size\" style=\"text-transform:uppercase\">Historique de la Maison Familiale Rurale<\/h3>\n\n\n\n<p class=\"has-nv-dark-bg-color has-text-color has-medium-font-size\"><em>Le 26 septembre 1984, s\u2019est constitu\u00e9e \u00e0 Bois de N\u00e8fles Saint-Paul une assembl\u00e9e avec 13 parents qui avaient comme objectif de cr\u00e9er une Maison Familiale qui accueillerait leurs enfants pour les former dans le domaine agricole <\/em>La MFR de l\u2019Ouest a \u00e9t\u00e9 cr\u00e9\u00e9e en 1984.<\/p>\n\n\n\n<p class=\"has-nv-dark-bg-color has-text-color has-medium-font-size\">&nbsp;La Maison Familiale Rurale est une association de familles. Chaque parent adh\u00e8re \u00e0 l\u2019Association qui assure la responsabilit\u00e9 de l\u2019ensemble des missions : formation, \u00e9ducation, gestion et d\u00e9veloppement de la MFR.<\/p>\n<\/div>\n\n\n\n<div class=\"wp-block-column is-layout-flow wp-block-column-is-layout-flow\" style=\"flex-basis:33%\">\n<div style=\"height:100px\" aria-hidden=\"true\" class=\"wp-block-spacer\"><\/div>\n\n\n\n<figure class=\"wp-block-image size-full is-resized\"><img loading=\"lazy\" decoding=\"async\" width=\"286\" height=\"214\" src=\"http:\/\/rfcakqo.cluster031.hosting.ovh.net\/admin\/wp-content\/uploads\/2022\/02\/entree-ouest.png\" alt=\"\" class=\"wp-image-131\" style=\"width:554px;height:415px\"\/><\/figure>\n<\/div>\n<\/div>\n\n\n\n<p class=\"has-text-align-center has-nv-dark-bg-color has-text-color has-medium-font-size\">&nbsp;Il est compos\u00e9 de 17 administrateurs dont le pr\u00e9sident est Mr Jean Max ZITTE.&nbsp;<\/p>\n\n\n\n<p class=\"has-text-align-center has-nv-dark-bg-color has-text-color has-medium-font-size\">Ces membres du CA sont compos\u00e9s majoritairement des familles et ma\u00eetres de stage qui assure la responsabilit\u00e9 de la gestion et de l\u2019orientation p\u00e9dagogique et \u00e9ducative de l\u2019\u00e9tablissement.<\/p>\n\n\n\n<p class=\"has-text-align-center has-nv-dark-bg-color has-text-color has-medium-font-size\">Son but est de donner les moyens aux familles d&rsquo;exercer leurs responsabilit\u00e9s dans la formation, l&rsquo;\u00e9ducation et l&rsquo;orientation de leur jeune.<\/p>\n\n\n\n<div class=\"wp-block-columns alignwide is-layout-flex wp-container-core-columns-is-layout-9d6595d7 wp-block-columns-is-layout-flex\">\n<div class=\"wp-block-column is-layout-flow wp-block-column-is-layout-flow\">\n<figure class=\"wp-block-image size-large is-resized\"><img loading=\"lazy\" decoding=\"async\" width=\"1024\" height=\"1024\" src=\"http:\/\/rfcakqo.cluster031.hosting.ovh.net\/admin\/wp-content\/uploads\/2022\/02\/4-eme-3-1024x1024.jpg\" alt=\"\" class=\"wp-image-151\" style=\"width:530px;height:530px\" srcset=\"https:\/\/mfr-reunion.re\/wp-content\/uploads\/2022\/02\/4-eme-3-1024x1024.jpg 1024w, https:\/\/mfr-reunion.re\/wp-content\/uploads\/2022\/02\/4-eme-3-300x300.jpg 300w, https:\/\/mfr-reunion.re\/wp-content\/uploads\/2022\/02\/4-eme-3-150x150.jpg 150w, https:\/\/mfr-reunion.re\/wp-content\/uploads\/2022\/02\/4-eme-3-768x768.jpg 768w, https:\/\/mfr-reunion.re\/wp-content\/uploads\/2022\/02\/4-eme-3-1536x1536.jpg 1536w, https:\/\/mfr-reunion.re\/wp-content\/uploads\/2022\/02\/4-eme-3.jpg 1600w\" sizes=\"auto, (max-width: 1024px) 100vw, 1024px\" \/><\/figure>\n<\/div>\n\n\n\n<div class=\"wp-block-column is-layout-flow wp-block-column-is-layout-flow\">\n<figure class=\"wp-block-image size-large is-resized\"><img loading=\"lazy\" decoding=\"async\" width=\"1024\" height=\"1024\" src=\"http:\/\/rfcakqo.cluster031.hosting.ovh.net\/admin\/wp-content\/uploads\/2022\/02\/sapver-1024x1024.jpg\" alt=\"\" class=\"wp-image-150\" style=\"width:526px;height:526px\" srcset=\"https:\/\/mfr-reunion.re\/wp-content\/uploads\/2022\/02\/sapver-1024x1024.jpg 1024w, https:\/\/mfr-reunion.re\/wp-content\/uploads\/2022\/02\/sapver-300x300.jpg 300w, https:\/\/mfr-reunion.re\/wp-content\/uploads\/2022\/02\/sapver-150x150.jpg 150w, https:\/\/mfr-reunion.re\/wp-content\/uploads\/2022\/02\/sapver-768x768.jpg 768w, https:\/\/mfr-reunion.re\/wp-content\/uploads\/2022\/02\/sapver-1536x1536.jpg 1536w, https:\/\/mfr-reunion.re\/wp-content\/uploads\/2022\/02\/sapver.jpg 1600w\" sizes=\"auto, (max-width: 1024px) 100vw, 1024px\" \/><\/figure>\n<\/div>\n\n\n\n<div class=\"wp-block-column is-layout-flow wp-block-column-is-layout-flow\">\n<figure class=\"wp-block-image size-large is-resized\"><img loading=\"lazy\" decoding=\"async\" width=\"1024\" height=\"1024\" src=\"http:\/\/rfcakqo.cluster031.hosting.ovh.net\/admin\/wp-content\/uploads\/2022\/02\/bac-pro-am-p-1024x1024.jpg\" alt=\"\" class=\"wp-image-149\" style=\"width:524px;height:524px\" srcset=\"https:\/\/mfr-reunion.re\/wp-content\/uploads\/2022\/02\/bac-pro-am-p-1024x1024.jpg 1024w, https:\/\/mfr-reunion.re\/wp-content\/uploads\/2022\/02\/bac-pro-am-p-300x300.jpg 300w, https:\/\/mfr-reunion.re\/wp-content\/uploads\/2022\/02\/bac-pro-am-p-150x150.jpg 150w, https:\/\/mfr-reunion.re\/wp-content\/uploads\/2022\/02\/bac-pro-am-p-768x768.jpg 768w, https:\/\/mfr-reunion.re\/wp-content\/uploads\/2022\/02\/bac-pro-am-p-1536x1536.jpg 1536w, https:\/\/mfr-reunion.re\/wp-content\/uploads\/2022\/02\/bac-pro-am-p.jpg 1600w\" sizes=\"auto, (max-width: 1024px) 100vw, 1024px\" \/><\/figure>\n<\/div>\n<\/div>\n\n\n\n<div class=\"wp-block-columns alignwide is-layout-flex wp-container-core-columns-is-layout-9d6595d7 wp-block-columns-is-layout-flex\">\n<div class=\"wp-block-column is-layout-flow wp-block-column-is-layout-flow\" style=\"flex-basis:67%\">\n<div class=\"wp-block-group\"><div class=\"wp-block-group__inner-container is-layout-flow wp-block-group-is-layout-flow\">\n<figure class=\"wp-block-video aligncenter\"><video height=\"1080\" style=\"aspect-ratio: 1080 \/ 1080;\" width=\"1080\" controls src=\"http:\/\/rfcakqo.cluster031.hosting.ovh.net\/admin\/wp-content\/uploads\/2022\/02\/REUNION-GIF-JPO-2021.mp4\"><\/video><\/figure>\n<\/div><\/div>\n\n\n\n<p class=\"has-nv-dark-bg-color has-text-color has-medium-font-size\">La MFR dispose de 14 salari\u00e9s pour accueillir, du lundi matin au vendredi apr\u00e8s-midi, environ 70 jeunes par semaine. Tous les jeunes \u00e9tant internes, la MFR dispose de 2 internats (filles et gar\u00e7ons), une cuisine avec une salle de restauration, 6 salles de formations, un foyer d&rsquo;animation et une serre p\u00e9dagogique.<\/p>\n<\/div>\n\n\n\n<div class=\"wp-block-column is-vertically-aligned-center is-layout-flow wp-block-column-is-layout-flow\" style=\"flex-basis:33%\">\n<p class=\"has-nv-dark-bg-color has-text-color has-medium-font-size\">A la rentr\u00e9e 2020, la MFR de l&rsquo;Ouest accueille 142 \u00e9l\u00e8ves r\u00e9partis de la fa\u00e7on suivante :<\/p>\n\n\n\n<ul class=\"has-nv-dark-bg-color has-text-color has-medium-font-size wp-block-list\">\n<li>23 jeunes de 4\u00e8me (Stage tous secteurs)<\/li>\n\n\n\n<li>30 jeunes de 3\u00e8me (Stage tous secteurs)<\/li>\n\n\n\n<li>27 jeunes de CAPA 1\u00e8re ann\u00e9e Services \u00e0 la Personne Vente en Espace Rural (Stage Petite Enfance, Personnes \u00c2g\u00e9es, Accueil &#8211; Vente, Restauration)<\/li>\n\n\n\n<li>22 jeunes de CAPA 2\u00e8me ann\u00e9e S.A.P.V.E.R,<\/li>\n\n\n\n<li>19 jeunes de Seconde Professionnelle Nature Jardin Paysage For\u00eat (Stage dans l&rsquo;ensemble des m\u00e9tiers du vert),<\/li>\n\n\n\n<li>14 jeunes en 1\u00e8re Bac Pro Am\u00e9nagements Paysagers (Stage en Cr\u00e9ation ou Am\u00e9nagement d&rsquo;Espaces Verts),<\/li>\n\n\n\n<li>17 jeunes en Terminale Bac Pro Am\u00e9nagements Paysagers.<\/li>\n<\/ul>\n\n\n\n<p>&nbsp;<\/p>\n<\/div>\n<\/div>\n<\/div><\/div>\n\n\n\n<div class=\"wp-block-buttons is-content-justification-center is-layout-flex wp-container-core-buttons-is-layout-16018d1d wp-block-buttons-is-layout-flex\">\n<div class=\"wp-block-button has-custom-font-size has-large-font-size\"><a class=\"wp-block-button__link wp-element-button\" href=\"https:\/\/forms.office.com\/Pages\/ResponsePage.aspx?id=DYRf5BtVrUeqsCQKkMRah3taEDKttipCoJSqwnp-EVxUOEUzMjZOR1hYMUgwSUNRQlBZTTM5OVVHOC4u\"><mark style=\"background-color:rgba(0, 0, 0, 0)\" class=\"has-inline-color has-white-color\">Cliquez-ici pour nous contacter<\/mark><\/a><\/div>\n<\/div>\n\n\n\n<div class=\"wp-block-columns alignfull is-layout-flex wp-container-core-columns-is-layout-9d6595d7 wp-block-columns-is-layout-flex\">\n<div class=\"wp-block-column is-layout-flow wp-block-column-is-layout-flow\">\n<figure class=\"wp-block-image size-large is-resized\"><img loading=\"lazy\" decoding=\"async\" width=\"1024\" height=\"1024\" src=\"http:\/\/rfcakqo.cluster031.hosting.ovh.net\/admin\/wp-content\/uploads\/2022\/02\/ouest-num-5-1024x1024.png\" alt=\"\" class=\"wp-image-146\" style=\"width:421px;height:421px\" srcset=\"https:\/\/mfr-reunion.re\/wp-content\/uploads\/2022\/02\/ouest-num-5-1024x1024.png 1024w, https:\/\/mfr-reunion.re\/wp-content\/uploads\/2022\/02\/ouest-num-5-300x300.png 300w, https:\/\/mfr-reunion.re\/wp-content\/uploads\/2022\/02\/ouest-num-5-150x150.png 150w, https:\/\/mfr-reunion.re\/wp-content\/uploads\/2022\/02\/ouest-num-5-768x768.png 768w, https:\/\/mfr-reunion.re\/wp-content\/uploads\/2022\/02\/ouest-num-5.png 1080w\" sizes=\"auto, (max-width: 1024px) 100vw, 1024px\" \/><\/figure>\n<\/div>\n\n\n\n<div class=\"wp-block-column is-layout-flow wp-block-column-is-layout-flow\">\n<figure class=\"wp-block-image size-large is-resized\"><img loading=\"lazy\" decoding=\"async\" width=\"1024\" height=\"1024\" src=\"http:\/\/rfcakqo.cluster031.hosting.ovh.net\/admin\/wp-content\/uploads\/2022\/02\/mail-saline-4-1024x1024.jpg\" alt=\"\" class=\"wp-image-147\" style=\"width:429px;height:429px\" srcset=\"https:\/\/mfr-reunion.re\/wp-content\/uploads\/2022\/02\/mail-saline-4-1024x1024.jpg 1024w, https:\/\/mfr-reunion.re\/wp-content\/uploads\/2022\/02\/mail-saline-4-300x300.jpg 300w, https:\/\/mfr-reunion.re\/wp-content\/uploads\/2022\/02\/mail-saline-4-150x150.jpg 150w, https:\/\/mfr-reunion.re\/wp-content\/uploads\/2022\/02\/mail-saline-4-768x768.jpg 768w, https:\/\/mfr-reunion.re\/wp-content\/uploads\/2022\/02\/mail-saline-4-1536x1536.jpg 1536w, https:\/\/mfr-reunion.re\/wp-content\/uploads\/2022\/02\/mail-saline-4.jpg 1600w\" sizes=\"auto, (max-width: 1024px) 100vw, 1024px\" \/><\/figure>\n<\/div>\n\n\n\n<div class=\"wp-block-column is-layout-flow wp-block-column-is-layout-flow\">\n<figure class=\"wp-block-image size-large is-resized\"><img loading=\"lazy\" decoding=\"async\" width=\"1024\" height=\"1024\" src=\"http:\/\/rfcakqo.cluster031.hosting.ovh.net\/admin\/wp-content\/uploads\/2022\/02\/AD-OUEST-1024x1024.jpg\" alt=\"\" class=\"wp-image-148\" style=\"width:424px;height:424px\" srcset=\"https:\/\/mfr-reunion.re\/wp-content\/uploads\/2022\/02\/AD-OUEST-1024x1024.jpg 1024w, https:\/\/mfr-reunion.re\/wp-content\/uploads\/2022\/02\/AD-OUEST-300x300.jpg 300w, https:\/\/mfr-reunion.re\/wp-content\/uploads\/2022\/02\/AD-OUEST-150x150.jpg 150w, https:\/\/mfr-reunion.re\/wp-content\/uploads\/2022\/02\/AD-OUEST-768x768.jpg 768w, https:\/\/mfr-reunion.re\/wp-content\/uploads\/2022\/02\/AD-OUEST-1536x1536.jpg 1536w, https:\/\/mfr-reunion.re\/wp-content\/uploads\/2022\/02\/AD-OUEST.jpg 1600w\" sizes=\"auto, (max-width: 1024px) 100vw, 1024px\" \/><\/figure>\n<\/div>\n<\/div>\n\n\n\n<p>\/<\/p>\n","protected":false},"excerpt":{"rendered":"<p>Historique de la Maison Familiale Rurale Le 26 septembre 1984, s\u2019est constitu\u00e9e \u00e0 Bois de N\u00e8fles Saint-Paul une assembl\u00e9e avec 13 parents qui avaient comme objectif de cr\u00e9er une Maison Familiale qui accueillerait leurs enfants pour les former dans le domaine agricole La MFR de l\u2019Ouest a \u00e9t\u00e9 cr\u00e9\u00e9e en 1984. &nbsp;La Maison Familiale Rurale &hellip; <\/p>\n","protected":false},"author":1,"featured_media":0,"parent":0,"menu_order":0,"comment_status":"closed","ping_status":"closed","template":"","meta":{"footnotes":""},"class_list":["post-17","page","type-page","status-publish","hentry"],"yoast_head":"<!-- This site is optimized with the Yoast SEO plugin v18.1 - https:\/\/yoast.com\/wordpress\/plugins\/seo\/ -->\n<title>LA SALINE - Les MFR DE LA REUNION<\/title>\n<meta name=\"robots\" content=\"index, follow, max-snippet:-1, max-image-preview:large, max-video-preview:-1\" \/>\n<link rel=\"canonical\" href=\"https:\/\/mfr-reunion.re\/index.php\/la-saline\/\" \/>\n<meta property=\"og:locale\" content=\"fr_FR\" \/>\n<meta property=\"og:type\" content=\"article\" \/>\n<meta property=\"og:title\" content=\"LA SALINE - Les MFR DE LA REUNION\" \/>\n<meta property=\"og:description\" content=\"Historique de la Maison Familiale Rurale Le 26 septembre 1984, s\u2019est constitu\u00e9e \u00e0 Bois de N\u00e8fles Saint-Paul une assembl\u00e9e avec 13 parents qui avaient comme objectif de cr\u00e9er une Maison Familiale qui accueillerait leurs enfants pour les former dans le domaine agricole La MFR de l\u2019Ouest a \u00e9t\u00e9 cr\u00e9\u00e9e en 1984. &nbsp;La Maison Familiale Rurale &hellip;\" \/>\n<meta property=\"og:url\" content=\"https:\/\/mfr-reunion.re\/index.php\/la-saline\/\" \/>\n<meta property=\"og:site_name\" content=\"Les MFR DE LA REUNION\" \/>\n<meta property=\"article:modified_time\" content=\"2024-02-12T10:41:22+00:00\" \/>\n<meta property=\"og:image\" content=\"http:\/\/rfcakqo.cluster031.hosting.ovh.net\/admin\/wp-content\/uploads\/2022\/02\/saline-1-1024x373.jpg\" \/>\n<meta name=\"twitter:card\" content=\"summary_large_image\" \/>\n<meta name=\"twitter:label1\" content=\"Dur\u00e9e de lecture estim\u00e9e\" \/>\n\t<meta name=\"twitter:data1\" content=\"4 minutes\" \/>\n<script type=\"application\/ld+json\" class=\"yoast-schema-graph\">{\"@context\":\"https:\/\/schema.org\",\"@graph\":[{\"@type\":\"WebSite\",\"@id\":\"https:\/\/mfr-reunion.re\/#website\",\"url\":\"https:\/\/mfr-reunion.re\/\",\"name\":\"Les MFR DE LA REUNION\",\"description\":\"\",\"potentialAction\":[{\"@type\":\"SearchAction\",\"target\":{\"@type\":\"EntryPoint\",\"urlTemplate\":\"https:\/\/mfr-reunion.re\/?s={search_term_string}\"},\"query-input\":\"required name=search_term_string\"}],\"inLanguage\":\"fr-FR\"},{\"@type\":\"ImageObject\",\"@id\":\"https:\/\/mfr-reunion.re\/index.php\/la-saline\/#primaryimage\",\"inLanguage\":\"fr-FR\",\"url\":\"http:\/\/rfcakqo.cluster031.hosting.ovh.net\/admin\/wp-content\/uploads\/2022\/02\/saline-1-1024x373.jpg\",\"contentUrl\":\"http:\/\/rfcakqo.cluster031.hosting.ovh.net\/admin\/wp-content\/uploads\/2022\/02\/saline-1-1024x373.jpg\"},{\"@type\":\"WebPage\",\"@id\":\"https:\/\/mfr-reunion.re\/index.php\/la-saline\/#webpage\",\"url\":\"https:\/\/mfr-reunion.re\/index.php\/la-saline\/\",\"name\":\"LA SALINE - Les MFR DE LA REUNION\",\"isPartOf\":{\"@id\":\"https:\/\/mfr-reunion.re\/#website\"},\"primaryImageOfPage\":{\"@id\":\"https:\/\/mfr-reunion.re\/index.php\/la-saline\/#primaryimage\"},\"datePublished\":\"2022-02-14T13:46:48+00:00\",\"dateModified\":\"2024-02-12T10:41:22+00:00\",\"breadcrumb\":{\"@id\":\"https:\/\/mfr-reunion.re\/index.php\/la-saline\/#breadcrumb\"},\"inLanguage\":\"fr-FR\",\"potentialAction\":[{\"@type\":\"ReadAction\",\"target\":[\"https:\/\/mfr-reunion.re\/index.php\/la-saline\/\"]}]},{\"@type\":\"BreadcrumbList\",\"@id\":\"https:\/\/mfr-reunion.re\/index.php\/la-saline\/#breadcrumb\",\"itemListElement\":[{\"@type\":\"ListItem\",\"position\":1,\"name\":\"Accueil\",\"item\":\"https:\/\/mfr-reunion.re\/\"},{\"@type\":\"ListItem\",\"position\":2,\"name\":\"LA SALINE\"}]}]}<\/script>\n<!-- \/ Yoast SEO plugin. -->","yoast_head_json":{"title":"LA SALINE - Les MFR DE LA REUNION","robots":{"index":"index","follow":"follow","max-snippet":"max-snippet:-1","max-image-preview":"max-image-preview:large","max-video-preview":"max-video-preview:-1"},"canonical":"https:\/\/mfr-reunion.re\/index.php\/la-saline\/","og_locale":"fr_FR","og_type":"article","og_title":"LA SALINE - Les MFR DE LA REUNION","og_description":"Historique de la Maison Familiale Rurale Le 26 septembre 1984, s\u2019est constitu\u00e9e \u00e0 Bois de N\u00e8fles Saint-Paul une assembl\u00e9e avec 13 parents qui avaient comme objectif de cr\u00e9er une Maison Familiale qui accueillerait leurs enfants pour les former dans le domaine agricole La MFR de l\u2019Ouest a \u00e9t\u00e9 cr\u00e9\u00e9e en 1984. &nbsp;La Maison Familiale Rurale &hellip;","og_url":"https:\/\/mfr-reunion.re\/index.php\/la-saline\/","og_site_name":"Les MFR DE LA REUNION","article_modified_time":"2024-02-12T10:41:22+00:00","og_image":[{"url":"http:\/\/rfcakqo.cluster031.hosting.ovh.net\/admin\/wp-content\/uploads\/2022\/02\/saline-1-1024x373.jpg"}],"twitter_card":"summary_large_image","twitter_misc":{"Dur\u00e9e de lecture estim\u00e9e":"4 minutes"},"schema":{"@context":"https:\/\/schema.org","@graph":[{"@type":"WebSite","@id":"https:\/\/mfr-reunion.re\/#website","url":"https:\/\/mfr-reunion.re\/","name":"Les MFR DE LA REUNION","description":"","potentialAction":[{"@type":"SearchAction","target":{"@type":"EntryPoint","urlTemplate":"https:\/\/mfr-reunion.re\/?s={search_term_string}"},"query-input":"required name=search_term_string"}],"inLanguage":"fr-FR"},{"@type":"ImageObject","@id":"https:\/\/mfr-reunion.re\/index.php\/la-saline\/#primaryimage","inLanguage":"fr-FR","url":"http:\/\/rfcakqo.cluster031.hosting.ovh.net\/admin\/wp-content\/uploads\/2022\/02\/saline-1-1024x373.jpg","contentUrl":"http:\/\/rfcakqo.cluster031.hosting.ovh.net\/admin\/wp-content\/uploads\/2022\/02\/saline-1-1024x373.jpg"},{"@type":"WebPage","@id":"https:\/\/mfr-reunion.re\/index.php\/la-saline\/#webpage","url":"https:\/\/mfr-reunion.re\/index.php\/la-saline\/","name":"LA SALINE - Les MFR DE LA REUNION","isPartOf":{"@id":"https:\/\/mfr-reunion.re\/#website"},"primaryImageOfPage":{"@id":"https:\/\/mfr-reunion.re\/index.php\/la-saline\/#primaryimage"},"datePublished":"2022-02-14T13:46:48+00:00","dateModified":"2024-02-12T10:41:22+00:00","breadcrumb":{"@id":"https:\/\/mfr-reunion.re\/index.php\/la-saline\/#breadcrumb"},"inLanguage":"fr-FR","potentialAction":[{"@type":"ReadAction","target":["https:\/\/mfr-reunion.re\/index.php\/la-saline\/"]}]},{"@type":"BreadcrumbList","@id":"https:\/\/mfr-reunion.re\/index.php\/la-saline\/#breadcrumb","itemListElement":[{"@type":"ListItem","position":1,"name":"Accueil","item":"https:\/\/mfr-reunion.re\/"},{"@type":"ListItem","position":2,"name":"LA SALINE"}]}]}},"_links":{"self":[{"href":"https:\/\/mfr-reunion.re\/index.php\/wp-json\/wp\/v2\/pages\/17","targetHints":{"allow":["GET"]}}],"collection":[{"href":"https:\/\/mfr-reunion.re\/index.php\/wp-json\/wp\/v2\/pages"}],"about":[{"href":"https:\/\/mfr-reunion.re\/index.php\/wp-json\/wp\/v2\/types\/page"}],"author":[{"embeddable":true,"href":"https:\/\/mfr-reunion.re\/index.php\/wp-json\/wp\/v2\/users\/1"}],"replies":[{"embeddable":true,"href":"https:\/\/mfr-reunion.re\/index.php\/wp-json\/wp\/v2\/comments?post=17"}],"version-history":[{"count":16,"href":"https:\/\/mfr-reunion.re\/index.php\/wp-json\/wp\/v2\/pages\/17\/revisions"}],"predecessor-version":[{"id":567,"href":"https:\/\/mfr-reunion.re\/index.php\/wp-json\/wp\/v2\/pages\/17\/revisions\/567"}],"wp:attachment":[{"href":"https:\/\/mfr-reunion.re\/index.php\/wp-json\/wp\/v2\/media?parent=17"}],"curies":[{"name":"wp","href":"https:\/\/api.w.org\/{rel}","templated":true}]}}