{"id":2,"date":"2022-02-11T12:04:33","date_gmt":"2022-02-11T11:04:33","guid":{"rendered":"http:\/\/rfcakqo.cluster031.hosting.ovh.net\/admin\/?page_id=2"},"modified":"2024-02-05T15:03:34","modified_gmt":"2024-02-05T14:03:34","slug":"page-d-exemple","status":"publish","type":"page","link":"https:\/\/mfr-reunion.re\/index.php\/page-d-exemple\/","title":{"rendered":"Nos formations scolaires"},"content":{"rendered":"\n<h2 class=\"wp-block-heading\">Les chiffres des MFR de LA REUNION sous contrat avec le minist\u00e8re de l\u2019Agriculture :<\/h2>\n\n\n\n<p class=\"has-nv-dark-bg-color has-text-color has-medium-font-size\">C\u2019est<strong> <\/strong>725 jeunes en formation r\u00e9partie de la mani\u00e8re suivante&nbsp;:<\/p>\n\n\n\n<ul class=\"has-nv-dark-bg-color has-text-color has-medium-font-size wp-block-list\" style=\"font-style:normal;font-weight:200\"><li>180 jeunes \u00e0 la MFR du tampon<\/li><\/ul>\n\n\n\n<ul class=\"has-nv-dark-bg-color has-text-color has-medium-font-size wp-block-list\" style=\"font-style:normal;font-weight:200\"><li>160 jeunes \u00e0 la MFR de l\u2019OUEST<\/li><\/ul>\n\n\n\n<ul class=\"has-nv-dark-bg-color has-text-color has-medium-font-size wp-block-list\" style=\"font-style:normal;font-weight:200\"><li>100 jeunes \u00e0 la MFR de la plaine des palmistes<\/li><\/ul>\n\n\n\n<ul class=\"has-nv-dark-bg-color has-text-color has-medium-font-size wp-block-list\" style=\"font-style:normal;font-weight:200\"><li>125 \u00e0 la MFR de ST PIERRE<\/li><\/ul>\n\n\n\n<ul class=\"has-nv-dark-bg-color has-text-color has-medium-font-size wp-block-list\" style=\"font-style:normal;font-weight:200\"><li>160 \u00e0 la MFR de l\u2019EST<\/li><\/ul>\n\n\n\n<h2 class=\"wp-block-heading\">Notre carte de Formations\u00a0:<\/h2>\n\n\n\n<div class=\"wp-block-columns is-layout-flex wp-container-core-columns-is-layout-9d6595d7 wp-block-columns-is-layout-flex\">\n<div class=\"wp-block-column is-layout-flow wp-block-column-is-layout-flow\">\n<figure class=\"wp-block-image size-full is-resized\"><img loading=\"lazy\" decoding=\"async\" src=\"http:\/\/rfcakqo.cluster031.hosting.ovh.net\/admin\/wp-content\/uploads\/2022\/03\/parcours.png\" alt=\"\" class=\"wp-image-223\" width=\"406\" height=\"945\" srcset=\"https:\/\/mfr-reunion.re\/wp-content\/uploads\/2022\/03\/parcours.png 379w, https:\/\/mfr-reunion.re\/wp-content\/uploads\/2022\/03\/parcours-129x300.png 129w\" sizes=\"auto, (max-width: 406px) 100vw, 406px\" \/><\/figure>\n<\/div>\n\n\n\n<div class=\"wp-block-column is-layout-flow wp-block-column-is-layout-flow\">\n<p class=\"has-nv-dark-bg-color has-text-color has-medium-font-size\"><strong>4 fili\u00e8res 4<sup>\u00e8me<\/sup> 3\u00e8me<\/strong><\/p>\n\n\n\n<p class=\"has-nv-dark-bg-color has-text-color has-medium-font-size\"><strong>6 fili\u00e8res CAPA 2 ans&nbsp;:<\/strong><\/p>\n\n\n\n<ul class=\"has-nv-dark-bg-color has-text-color has-medium-font-size wp-block-list\"><li>2 formations CAPA SAPVER<\/li><\/ul>\n\n\n\n<ul class=\"has-nv-dark-bg-color has-text-color has-medium-font-size wp-block-list\"><li> 2 formations CAPA M\u00e9tier de l\u2019Agriculture<\/li><\/ul>\n\n\n\n<ul class=\"has-nv-dark-bg-color has-text-color has-medium-font-size wp-block-list\"><li>1 formation CAPA Agriculture des R\u00e9gions Chaudes<\/li><\/ul>\n\n\n\n<ul class=\"has-nv-dark-bg-color has-text-color has-medium-font-size wp-block-list\"><li>1 formation CAPA Jardiner Paysagiste<\/li><\/ul>\n\n\n\n<p class=\"has-nv-dark-bg-color has-text-color has-medium-font-size\"><strong>5 fili\u00e8res BAC PRO 3 ans&nbsp;:<\/strong><\/p>\n\n\n\n<ul class=\"has-nv-dark-bg-color has-text-color has-medium-font-size wp-block-list\"><li> BAC PRO Service \u00e0 la personne et aux territoires (SAPAT)<\/li><\/ul>\n\n\n\n<ul class=\"has-nv-dark-bg-color has-text-color has-medium-font-size wp-block-list\"><li> BAC PRO Conduite gestion exploitation agricole (CGEA)<\/li><\/ul>\n\n\n\n<ul class=\"has-nv-dark-bg-color has-text-color has-medium-font-size wp-block-list\"><li> BAC PRO travaux paysagers<\/li><\/ul>\n\n\n\n<ul class=\"has-nv-dark-bg-color has-text-color has-medium-font-size wp-block-list\"><li>BAC PRO Commerce de produits de jardin (TVCQPJ)<\/li><\/ul>\n\n\n\n<ul class=\"has-nv-dark-bg-color has-text-color has-medium-font-size wp-block-list\"><li>BAC PRO Commerce de produits alimentaire (TVCQPA)<\/li><\/ul>\n<\/div>\n<\/div>\n\n\n\n<p class=\"has-nv-dark-bg-color has-text-color has-medium-font-size\"><em>EN 2023\u00a0: ouverture d\u2019un BTS Analyse et Conduite des Syst\u00e8mes d\u2019exploitation<\/em><\/p>\n\n\n\n<h2 class=\"wp-block-heading\">Les m\u00e9tiers pr\u00e9par\u00e9s\u00a0:<\/h2>\n\n\n\n<ul class=\"has-nv-dark-bg-color has-text-color has-medium-font-size wp-block-list\"><li>L\u2019agriculture et l\u2019\u00e9levage<\/li><li>L\u2019horticulture et l\u2019arboriculture<\/li><li>L\u2019am\u00e9nagement paysager, les jardins et les espaces verts<\/li><li>La protection de l\u2019environnement, la faune et l\u2019entretien de l\u2019espace rural<\/li><li>\u00a0Le tourisme, l\u2019accueil et l\u2019animation<\/li><li>Le commerce, la vente et le magasinage<\/li><li>Les services aux personnes, la sant\u00e9 et le social<\/li><\/ul>\n\n\n\n<figure class=\"wp-block-image size-full\"><img loading=\"lazy\" decoding=\"async\" width=\"960\" height=\"720\" src=\"http:\/\/rfcakqo.cluster031.hosting.ovh.net\/admin\/wp-content\/uploads\/2022\/03\/CONTACTEZ-NOUS.jpg\" alt=\"\" class=\"wp-image-224\" srcset=\"https:\/\/mfr-reunion.re\/wp-content\/uploads\/2022\/03\/CONTACTEZ-NOUS.jpg 960w, https:\/\/mfr-reunion.re\/wp-content\/uploads\/2022\/03\/CONTACTEZ-NOUS-300x225.jpg 300w, https:\/\/mfr-reunion.re\/wp-content\/uploads\/2022\/03\/CONTACTEZ-NOUS-768x576.jpg 768w\" sizes=\"auto, (max-width: 960px) 100vw, 960px\" \/><\/figure>\n","protected":false},"excerpt":{"rendered":"<p>Les chiffres des MFR de LA REUNION sous contrat avec le minist\u00e8re de l\u2019Agriculture : C\u2019est 725 jeunes en formation r\u00e9partie de la mani\u00e8re suivante&nbsp;: 180 jeunes \u00e0 la MFR du tampon 160 jeunes \u00e0 la MFR de l\u2019OUEST 100 jeunes \u00e0 la MFR de la plaine des palmistes 125 \u00e0 la MFR de ST &hellip; <\/p>\n","protected":false},"author":1,"featured_media":0,"parent":0,"menu_order":0,"comment_status":"closed","ping_status":"open","template":"","meta":{"footnotes":""},"class_list":["post-2","page","type-page","status-publish","hentry"],"yoast_head":"<!-- This site is optimized with the Yoast SEO plugin v18.1 - https:\/\/yoast.com\/wordpress\/plugins\/seo\/ -->\n<title>Nos formations scolaires - Les MFR DE LA REUNION<\/title>\n<meta name=\"robots\" content=\"index, follow, max-snippet:-1, max-image-preview:large, max-video-preview:-1\" \/>\n<link rel=\"canonical\" href=\"https:\/\/mfr-reunion.re\/index.php\/page-d-exemple\/\" \/>\n<meta property=\"og:locale\" content=\"fr_FR\" \/>\n<meta property=\"og:type\" content=\"article\" \/>\n<meta property=\"og:title\" content=\"Nos formations scolaires - Les MFR DE LA REUNION\" \/>\n<meta property=\"og:description\" content=\"Les chiffres des MFR de LA REUNION sous contrat avec le minist\u00e8re de l\u2019Agriculture : C\u2019est 725 jeunes en formation r\u00e9partie de la mani\u00e8re suivante&nbsp;: 180 jeunes \u00e0 la MFR du tampon 160 jeunes \u00e0 la MFR de l\u2019OUEST 100 jeunes \u00e0 la MFR de la plaine des palmistes 125 \u00e0 la MFR de ST &hellip;\" \/>\n<meta property=\"og:url\" content=\"https:\/\/mfr-reunion.re\/index.php\/page-d-exemple\/\" \/>\n<meta property=\"og:site_name\" content=\"Les MFR DE LA REUNION\" \/>\n<meta property=\"article:modified_time\" content=\"2024-02-05T14:03:34+00:00\" \/>\n<meta property=\"og:image\" content=\"http:\/\/rfcakqo.cluster031.hosting.ovh.net\/admin\/wp-content\/uploads\/2022\/03\/parcours.png\" \/>\n<meta name=\"twitter:card\" content=\"summary_large_image\" \/>\n<meta name=\"twitter:label1\" content=\"Dur\u00e9e de lecture estim\u00e9e\" \/>\n\t<meta name=\"twitter:data1\" content=\"2 minutes\" \/>\n<script type=\"application\/ld+json\" class=\"yoast-schema-graph\">{\"@context\":\"https:\/\/schema.org\",\"@graph\":[{\"@type\":\"WebSite\",\"@id\":\"https:\/\/mfr-reunion.re\/#website\",\"url\":\"https:\/\/mfr-reunion.re\/\",\"name\":\"Les MFR DE LA REUNION\",\"description\":\"\",\"potentialAction\":[{\"@type\":\"SearchAction\",\"target\":{\"@type\":\"EntryPoint\",\"urlTemplate\":\"https:\/\/mfr-reunion.re\/?s={search_term_string}\"},\"query-input\":\"required name=search_term_string\"}],\"inLanguage\":\"fr-FR\"},{\"@type\":\"ImageObject\",\"@id\":\"https:\/\/mfr-reunion.re\/index.php\/page-d-exemple\/#primaryimage\",\"inLanguage\":\"fr-FR\",\"url\":\"http:\/\/rfcakqo.cluster031.hosting.ovh.net\/admin\/wp-content\/uploads\/2022\/03\/parcours.png\",\"contentUrl\":\"http:\/\/rfcakqo.cluster031.hosting.ovh.net\/admin\/wp-content\/uploads\/2022\/03\/parcours.png\"},{\"@type\":\"WebPage\",\"@id\":\"https:\/\/mfr-reunion.re\/index.php\/page-d-exemple\/#webpage\",\"url\":\"https:\/\/mfr-reunion.re\/index.php\/page-d-exemple\/\",\"name\":\"Nos formations scolaires - Les MFR DE LA REUNION\",\"isPartOf\":{\"@id\":\"https:\/\/mfr-reunion.re\/#website\"},\"primaryImageOfPage\":{\"@id\":\"https:\/\/mfr-reunion.re\/index.php\/page-d-exemple\/#primaryimage\"},\"datePublished\":\"2022-02-11T11:04:33+00:00\",\"dateModified\":\"2024-02-05T14:03:34+00:00\",\"breadcrumb\":{\"@id\":\"https:\/\/mfr-reunion.re\/index.php\/page-d-exemple\/#breadcrumb\"},\"inLanguage\":\"fr-FR\",\"potentialAction\":[{\"@type\":\"ReadAction\",\"target\":[\"https:\/\/mfr-reunion.re\/index.php\/page-d-exemple\/\"]}]},{\"@type\":\"BreadcrumbList\",\"@id\":\"https:\/\/mfr-reunion.re\/index.php\/page-d-exemple\/#breadcrumb\",\"itemListElement\":[{\"@type\":\"ListItem\",\"position\":1,\"name\":\"Accueil\",\"item\":\"https:\/\/mfr-reunion.re\/\"},{\"@type\":\"ListItem\",\"position\":2,\"name\":\"Nos formations scolaires\"}]}]}<\/script>\n<!-- \/ Yoast SEO plugin. -->","yoast_head_json":{"title":"Nos formations scolaires - Les MFR DE LA REUNION","robots":{"index":"index","follow":"follow","max-snippet":"max-snippet:-1","max-image-preview":"max-image-preview:large","max-video-preview":"max-video-preview:-1"},"canonical":"https:\/\/mfr-reunion.re\/index.php\/page-d-exemple\/","og_locale":"fr_FR","og_type":"article","og_title":"Nos formations scolaires - Les MFR DE LA REUNION","og_description":"Les chiffres des MFR de LA REUNION sous contrat avec le minist\u00e8re de l\u2019Agriculture : C\u2019est 725 jeunes en formation r\u00e9partie de la mani\u00e8re suivante&nbsp;: 180 jeunes \u00e0 la MFR du tampon 160 jeunes \u00e0 la MFR de l\u2019OUEST 100 jeunes \u00e0 la MFR de la plaine des palmistes 125 \u00e0 la MFR de ST &hellip;","og_url":"https:\/\/mfr-reunion.re\/index.php\/page-d-exemple\/","og_site_name":"Les MFR DE LA REUNION","article_modified_time":"2024-02-05T14:03:34+00:00","og_image":[{"url":"http:\/\/rfcakqo.cluster031.hosting.ovh.net\/admin\/wp-content\/uploads\/2022\/03\/parcours.png"}],"twitter_card":"summary_large_image","twitter_misc":{"Dur\u00e9e de lecture estim\u00e9e":"2 minutes"},"schema":{"@context":"https:\/\/schema.org","@graph":[{"@type":"WebSite","@id":"https:\/\/mfr-reunion.re\/#website","url":"https:\/\/mfr-reunion.re\/","name":"Les MFR DE LA REUNION","description":"","potentialAction":[{"@type":"SearchAction","target":{"@type":"EntryPoint","urlTemplate":"https:\/\/mfr-reunion.re\/?s={search_term_string}"},"query-input":"required name=search_term_string"}],"inLanguage":"fr-FR"},{"@type":"ImageObject","@id":"https:\/\/mfr-reunion.re\/index.php\/page-d-exemple\/#primaryimage","inLanguage":"fr-FR","url":"http:\/\/rfcakqo.cluster031.hosting.ovh.net\/admin\/wp-content\/uploads\/2022\/03\/parcours.png","contentUrl":"http:\/\/rfcakqo.cluster031.hosting.ovh.net\/admin\/wp-content\/uploads\/2022\/03\/parcours.png"},{"@type":"WebPage","@id":"https:\/\/mfr-reunion.re\/index.php\/page-d-exemple\/#webpage","url":"https:\/\/mfr-reunion.re\/index.php\/page-d-exemple\/","name":"Nos formations scolaires - Les MFR DE LA REUNION","isPartOf":{"@id":"https:\/\/mfr-reunion.re\/#website"},"primaryImageOfPage":{"@id":"https:\/\/mfr-reunion.re\/index.php\/page-d-exemple\/#primaryimage"},"datePublished":"2022-02-11T11:04:33+00:00","dateModified":"2024-02-05T14:03:34+00:00","breadcrumb":{"@id":"https:\/\/mfr-reunion.re\/index.php\/page-d-exemple\/#breadcrumb"},"inLanguage":"fr-FR","potentialAction":[{"@type":"ReadAction","target":["https:\/\/mfr-reunion.re\/index.php\/page-d-exemple\/"]}]},{"@type":"BreadcrumbList","@id":"https:\/\/mfr-reunion.re\/index.php\/page-d-exemple\/#breadcrumb","itemListElement":[{"@type":"ListItem","position":1,"name":"Accueil","item":"https:\/\/mfr-reunion.re\/"},{"@type":"ListItem","position":2,"name":"Nos formations scolaires"}]}]}},"_links":{"self":[{"href":"https:\/\/mfr-reunion.re\/index.php\/wp-json\/wp\/v2\/pages\/2","targetHints":{"allow":["GET"]}}],"collection":[{"href":"https:\/\/mfr-reunion.re\/index.php\/wp-json\/wp\/v2\/pages"}],"about":[{"href":"https:\/\/mfr-reunion.re\/index.php\/wp-json\/wp\/v2\/types\/page"}],"author":[{"embeddable":true,"href":"https:\/\/mfr-reunion.re\/index.php\/wp-json\/wp\/v2\/users\/1"}],"replies":[{"embeddable":true,"href":"https:\/\/mfr-reunion.re\/index.php\/wp-json\/wp\/v2\/comments?post=2"}],"version-history":[{"count":5,"href":"https:\/\/mfr-reunion.re\/index.php\/wp-json\/wp\/v2\/pages\/2\/revisions"}],"predecessor-version":[{"id":553,"href":"https:\/\/mfr-reunion.re\/index.php\/wp-json\/wp\/v2\/pages\/2\/revisions\/553"}],"wp:attachment":[{"href":"https:\/\/mfr-reunion.re\/index.php\/wp-json\/wp\/v2\/media?parent=2"}],"curies":[{"name":"wp","href":"https:\/\/api.w.org\/{rel}","templated":true}]}}