{"id":246,"date":"2022-03-18T13:17:34","date_gmt":"2022-03-18T12:17:34","guid":{"rendered":"http:\/\/rfcakqo.cluster031.hosting.ovh.net\/admin\/?page_id=246"},"modified":"2022-08-26T08:53:23","modified_gmt":"2022-08-26T06:53:23","slug":"4eme-3eme","status":"publish","type":"page","link":"https:\/\/mfr-reunion.re\/index.php\/4eme-3eme\/","title":{"rendered":"4\u00e8me-3\u00e8me"},"content":{"rendered":"\n<h2 class=\"has-x-large-font-size wp-block-heading\">CONDITIONS D&rsquo;INSCRIPTION<\/h2>\n\n\n\n<ul class=\"has-nv-dark-bg-color has-text-color has-medium-font-size wp-block-list\"><li>En 4\u00e8me : \u00eatre issu d&rsquo;une classe de 5\u00e8me ou de 4\u00e8me et \u00eatre \u00e2g\u00e9 de 14 ans \u00e0 la rentr\u00e9e scolaire.<\/li><li>En 3\u00e8me : \u00eatre issu d&rsquo;une classe de 4\u00e8me ou de 3\u00e8me..<\/li><\/ul>\n\n\n\n<div class=\"wp-block-columns is-layout-flex wp-container-core-columns-is-layout-9d6595d7 wp-block-columns-is-layout-flex\">\n<div class=\"wp-block-column is-layout-flow wp-block-column-is-layout-flow\">\n<figure class=\"wp-block-image size-full\"><img loading=\"lazy\" decoding=\"async\" width=\"800\" height=\"533\" src=\"http:\/\/rfcakqo.cluster031.hosting.ovh.net\/admin\/wp-content\/uploads\/2022\/03\/garcon-main.jpg\" alt=\"\" class=\"wp-image-247\" srcset=\"https:\/\/mfr-reunion.re\/wp-content\/uploads\/2022\/03\/garcon-main.jpg 800w, https:\/\/mfr-reunion.re\/wp-content\/uploads\/2022\/03\/garcon-main-300x200.jpg 300w, https:\/\/mfr-reunion.re\/wp-content\/uploads\/2022\/03\/garcon-main-768x512.jpg 768w\" sizes=\"auto, (max-width: 800px) 100vw, 800px\" \/><\/figure>\n<\/div>\n\n\n\n<div class=\"wp-block-column is-layout-flow wp-block-column-is-layout-flow\">\n<h2 class=\"wp-block-heading\">OBJECTIFS<\/h2>\n\n\n\n<ul class=\"has-nv-dark-bg-color has-text-color has-medium-font-size wp-block-list\"><li>Redonner confiance et go\u00fbt aux \u00e9tudes.<\/li><li>Pr\u00e9parer son orientation professionnelle.<\/li><li>D\u00e9velopper son autonomie et la confiance en soi.<\/li><li>Pr\u00e9parer le D.N.B (Dipl\u00f4me National du Brevet).<\/li><\/ul>\n<\/div>\n<\/div>\n\n\n\n<h2 class=\"wp-block-heading\">RYTHME D\u00b4ALTERNANCE<\/h2>\n\n\n\n<p class=\"has-nv-dark-bg-color has-text-color has-medium-font-size\">15 jours de stage et 15 jours de formation tout au long de l&rsquo;ann\u00e9e.<br>D\u00e9couverte de trois milieux professionnels (un \u00e0 chaque trimestre).<\/p>\n\n\n\n<div class=\"wp-block-columns is-layout-flex wp-container-core-columns-is-layout-9d6595d7 wp-block-columns-is-layout-flex\">\n<div class=\"wp-block-column is-layout-flow wp-block-column-is-layout-flow\" style=\"flex-basis:33.33%\">\n<h2 class=\"wp-block-heading\">ACTIVITES PEDAGOGIQUES<\/h2>\n\n\n\n<p class=\"has-nv-dark-bg-color has-text-color has-medium-font-size\">Chaque ann\u00e9e, en classe d&rsquo;orientation un projet p\u00e9dagogique est \u00e9labor\u00e9 sur un th\u00e8me mettant en relief certains contenus de formation.<\/p>\n\n\n\n<p class=\"has-nv-dark-bg-color has-text-color has-medium-font-size\">Les projets dynamisent le rythme de formation tout \u00ab en apprenant autrement \u00bb : visites, interventions, r\u00e9alisations diverses, voyages d&rsquo;\u00e9tude\u2026<\/p>\n<\/div>\n\n\n\n<div class=\"wp-block-column is-layout-flow wp-block-column-is-layout-flow\" style=\"flex-basis:66.66%\">\n<figure class=\"wp-block-image size-full\"><img loading=\"lazy\" decoding=\"async\" width=\"800\" height=\"545\" src=\"http:\/\/rfcakqo.cluster031.hosting.ovh.net\/admin\/wp-content\/uploads\/2022\/03\/copine-herbe.jpg\" alt=\"\" class=\"wp-image-248\" srcset=\"https:\/\/mfr-reunion.re\/wp-content\/uploads\/2022\/03\/copine-herbe.jpg 800w, https:\/\/mfr-reunion.re\/wp-content\/uploads\/2022\/03\/copine-herbe-300x204.jpg 300w, https:\/\/mfr-reunion.re\/wp-content\/uploads\/2022\/03\/copine-herbe-768x523.jpg 768w\" sizes=\"auto, (max-width: 800px) 100vw, 800px\" \/><\/figure>\n\n\n\n<p class=\"has-nv-dark-bg-color has-text-color has-medium-font-size\">Ils facilitent l&rsquo;adaptation et l&rsquo;int\u00e9gration de chaque jeune, renforce la coh\u00e9sion de groupe et les relations entre les formateurs et les jeunes.<\/p>\n<\/div>\n<\/div>\n\n\n\n<h2 class=\"wp-block-heading\">ORGANISATION DE LA FORMATION<\/h2>\n\n\n\n<p class=\"has-nv-dark-bg-color has-text-color has-medium-font-size\">\u2022 17 semaines de formation par avec internat.<br>\u2022 La p\u00e9dagogie de l&rsquo;alternance s&rsquo;appuie sur les connaissances.<br>et les exp\u00e9riences du jeune acquises en stage.<br>\u2022 Les enseignements g\u00e9n\u00e9raux et professionnels sont issus des activit\u00e9s.<br>observ\u00e9es en stage \u00e0 partir des aspects concrets, le stagiaire appr\u00e9hende les aspects th\u00e9oriques.<\/p>\n\n\n\n<h2 class=\"wp-block-heading\">CONTENU P\u00c9DAGOGIQUE<\/h2>\n\n\n\n<h4 class=\"wp-block-heading\">Enseignement g\u00e9n\u00e9ral<\/h4>\n\n\n\n<ul class=\"has-nv-dark-bg-color has-text-color has-medium-font-size wp-block-list\"><li>Fran\u00e7ais<\/li><li>Math\u00e9matiques<\/li><li>Langue : anglais<\/li><li>Histoire \u2013 G\u00e9ographie \u2013 Instruction civique<\/li><\/ul>\n\n\n\n<h4 class=\"wp-block-heading\">Vie sociale et culturelle<\/h4>\n\n\n\n<ul class=\"has-nv-dark-bg-color has-text-color has-medium-font-size wp-block-list\"><li>Education Physique et Sportive<\/li><li>Education \u00e0 la sant\u00e9 et \u00e0 la sexualit\u00e9<\/li><li>Education du consommateur<\/li><li>Education socioculturelle<\/li><\/ul>\n\n\n\n<h4 class=\"wp-block-heading\">D\u00e9couverte professionnelle<\/h4>\n\n\n\n<ul class=\"has-nv-dark-bg-color has-text-color has-medium-font-size wp-block-list\"><li>Technologie : Vente &#8211; Accueil, Loisirs, Cadre de vie, am\u00e9nagement de l&rsquo;espace<\/li><li>Informatique<\/li><li>Biologie humaine<\/li><li>Physique \u2013 Chimie<\/li><li>Biologie \u2013 Ecologie<\/li><\/ul>\n\n\n\n<div class=\"wp-block-columns is-layout-flex wp-container-core-columns-is-layout-9d6595d7 wp-block-columns-is-layout-flex\">\n<div class=\"wp-block-column is-layout-flow wp-block-column-is-layout-flow\" style=\"flex-basis:100%\">\n<div class=\"wp-block-columns is-layout-flex wp-container-core-columns-is-layout-9d6595d7 wp-block-columns-is-layout-flex\">\n<div class=\"wp-block-column is-layout-flow wp-block-column-is-layout-flow\" style=\"flex-basis:100%\">\n<h2 class=\"wp-block-heading\">PRINCIPES DE L\u00b4ALTERNANCE<\/h2>\n<\/div>\n<\/div>\n\n\n\n<p class=\"has-nv-dark-bg-color has-text-color has-medium-font-size\"><strong>ORGANISATION DES STAGES :&nbsp;<\/strong>20 semaines de stage r\u00e9parties sur l&rsquo;ann\u00e9e scolaire (15 jours en stage, 15 jours \u00e0 la Maison Familiale).<\/p>\n<\/div>\n<\/div>\n\n\n\n<div class=\"wp-block-columns is-layout-flex wp-container-core-columns-is-layout-9d6595d7 wp-block-columns-is-layout-flex\">\n<div class=\"wp-block-column is-layout-flow wp-block-column-is-layout-flow\">\n<h2 class=\"wp-block-heading\">ORIENTATION ET DEBOUCHES<\/h2>\n\n\n\n<p class=\"has-nv-dark-bg-color has-text-color has-medium-font-size\">Les diverses exp\u00e9riences li\u00e9es aux v\u00e9cus de stage permettent de d\u00e9couvrir et de confirmer le projet professionnel de chaque jeune.<\/p>\n\n\n\n<p class=\"has-nv-dark-bg-color has-text-color has-medium-font-size\">Ainsi, apr\u00e8s la classe de 3\u00e8me , les jeunes s&rsquo;orientent dans des domaines professionnels vari\u00e9s selon des parcours de formation adapt\u00e9s \u00e0 leur projet (voir sch\u00e9ma).<\/p>\n<\/div>\n\n\n\n<div class=\"wp-block-column is-layout-flow wp-block-column-is-layout-flow\">\n<figure class=\"wp-block-image size-full\"><img loading=\"lazy\" decoding=\"async\" width=\"800\" height=\"533\" src=\"http:\/\/rfcakqo.cluster031.hosting.ovh.net\/admin\/wp-content\/uploads\/2022\/03\/4-3-post-it.jpg\" alt=\"\" class=\"wp-image-249\" srcset=\"https:\/\/mfr-reunion.re\/wp-content\/uploads\/2022\/03\/4-3-post-it.jpg 800w, https:\/\/mfr-reunion.re\/wp-content\/uploads\/2022\/03\/4-3-post-it-300x200.jpg 300w, https:\/\/mfr-reunion.re\/wp-content\/uploads\/2022\/03\/4-3-post-it-768x512.jpg 768w\" sizes=\"auto, (max-width: 800px) 100vw, 800px\" \/><\/figure>\n\n\n\n<p class=\"has-nv-dark-bg-color has-text-color has-medium-font-size\">En fonction des choix des \u00e9l\u00e8ves, les formations post-3\u00e8me se d\u00e9roulent dans des \u00e9tablissements priv\u00e9s ou publics, en temps plein ou en alternance (statut de stagiaire, en apprentissage&#8230;).<\/p>\n<\/div>\n<\/div>\n\n\n\n<h2 class=\"wp-block-heading\">DISPONIBLE DANS 5 MFR :<\/h2>\n\n\n\n<div class=\"wp-block-buttons is-layout-flex wp-block-buttons-is-layout-flex\"><\/div>\n\n\n\n<div class=\"wp-block-columns is-layout-flex wp-container-core-columns-is-layout-9d6595d7 wp-block-columns-is-layout-flex\">\n<div class=\"wp-block-column is-layout-flow wp-block-column-is-layout-flow\">\n<div class=\"wp-block-columns is-layout-flex wp-container-core-columns-is-layout-9d6595d7 wp-block-columns-is-layout-flex\">\n<div class=\"wp-block-column is-layout-flow wp-block-column-is-layout-flow\">\n<figure class=\"wp-block-image size-full\"><img loading=\"lazy\" decoding=\"async\" width=\"294\" height=\"288\" src=\"http:\/\/rfcakqo.cluster031.hosting.ovh.net\/admin\/wp-content\/uploads\/2022\/03\/est-1.jpg\" alt=\"\" class=\"wp-image-252\"\/><\/figure>\n\n\n\n<p class=\"has-text-align-center has-nv-dark-bg-color has-text-color has-medium-font-size\">4\u00e8me\/3\u00e8me<\/p>\n\n\n\n<div class=\"wp-block-buttons is-layout-flex wp-block-buttons-is-layout-flex\">\n<div class=\"wp-block-button is-style-primary\"><a class=\"wp-block-button__link\" href=\"https:\/\/forms.office.com\/Pages\/ResponsePage.aspx?id=DYRf5BtVrUeqsCQKkMRah1fL64GPKARCm_Sz8V_gO31UMjVCQTJQNlZLMjc3VDJZNTM5M1VQNlJaNC4u\">REMPLIR LE FORMULAIRE DE CONTACT<\/a><\/div>\n<\/div>\n<\/div>\n\n\n\n<div class=\"wp-block-column is-layout-flow wp-block-column-is-layout-flow\">\n<figure class=\"wp-block-image size-full\"><img loading=\"lazy\" decoding=\"async\" width=\"310\" height=\"285\" src=\"http:\/\/rfcakqo.cluster031.hosting.ovh.net\/admin\/wp-content\/uploads\/2022\/03\/saline.jpg\" alt=\"\" class=\"wp-image-253\" srcset=\"https:\/\/mfr-reunion.re\/wp-content\/uploads\/2022\/03\/saline.jpg 310w, https:\/\/mfr-reunion.re\/wp-content\/uploads\/2022\/03\/saline-300x276.jpg 300w\" sizes=\"auto, (max-width: 310px) 100vw, 310px\" \/><\/figure>\n\n\n\n<p class=\"has-text-align-center has-nv-dark-bg-color has-text-color has-medium-font-size\">4\u00e8me\/3\u00e8me<\/p>\n\n\n\n<div class=\"wp-block-buttons is-layout-flex wp-block-buttons-is-layout-flex\">\n<div class=\"wp-block-button is-style-primary\"><a class=\"wp-block-button__link\">REMPLIR LE FORMULAIRE DE CONTACT<\/a><\/div>\n<\/div>\n<\/div>\n<\/div>\n<\/div>\n<\/div>\n\n\n\n<div class=\"wp-block-columns is-layout-flex wp-container-core-columns-is-layout-9d6595d7 wp-block-columns-is-layout-flex\">\n<div class=\"wp-block-column is-layout-flow wp-block-column-is-layout-flow\">\n<div class=\"wp-block-columns is-layout-flex wp-container-core-columns-is-layout-9d6595d7 wp-block-columns-is-layout-flex\">\n<div class=\"wp-block-column is-layout-flow wp-block-column-is-layout-flow\">\n<figure class=\"wp-block-image size-full\"><img loading=\"lazy\" decoding=\"async\" width=\"300\" height=\"281\" src=\"http:\/\/rfcakqo.cluster031.hosting.ovh.net\/admin\/wp-content\/uploads\/2022\/03\/stp.jpg\" alt=\"\" class=\"wp-image-255\"\/><\/figure>\n\n\n\n<p class=\"has-text-align-center has-nv-dark-bg-color has-text-color has-medium-font-size\"> 4\u00e8me\/3\u00e8me<\/p>\n\n\n\n<div class=\"wp-block-buttons is-layout-flex wp-block-buttons-is-layout-flex\">\n<div class=\"wp-block-button is-style-primary\"><a class=\"wp-block-button__link\" href=\"https:\/\/forms.office.com\/Pages\/ResponsePage.aspx?id=DYRf5BtVrUeqsCQKkMRahwYido5JvXBMkNfn3LHo369UQ0czSDVZR0RDSlUwUlkxUlpOVlYzUkw0Ny4u\">REMPLIR LE FORMULAIRE DE CONTACT<\/a><\/div>\n<\/div>\n<\/div>\n\n\n\n<div class=\"wp-block-column is-layout-flow wp-block-column-is-layout-flow\">\n<figure class=\"wp-block-image size-full\"><img loading=\"lazy\" decoding=\"async\" width=\"310\" height=\"289\" src=\"http:\/\/rfcakqo.cluster031.hosting.ovh.net\/admin\/wp-content\/uploads\/2022\/03\/tampon-1.jpg\" alt=\"\" class=\"wp-image-256\" srcset=\"https:\/\/mfr-reunion.re\/wp-content\/uploads\/2022\/03\/tampon-1.jpg 310w, https:\/\/mfr-reunion.re\/wp-content\/uploads\/2022\/03\/tampon-1-300x280.jpg 300w\" sizes=\"auto, (max-width: 310px) 100vw, 310px\" \/><\/figure>\n\n\n\n<p class=\"has-text-align-center has-nv-dark-bg-color has-text-color has-medium-font-size\">4\u00e8me\/3\u00e8me<\/p>\n\n\n\n<div class=\"wp-block-buttons is-layout-flex wp-block-buttons-is-layout-flex\">\n<div class=\"wp-block-button is-style-primary\"><a class=\"wp-block-button__link\">REMPLIR LE FORMULAIRE DE CONTACT<\/a><\/div>\n<\/div>\n<\/div>\n<\/div>\n<\/div>\n<\/div>\n\n\n\n<div class=\"wp-block-columns is-layout-flex wp-container-core-columns-is-layout-9d6595d7 wp-block-columns-is-layout-flex\">\n<div class=\"wp-block-column is-layout-flow wp-block-column-is-layout-flow\">\n<figure class=\"wp-block-image size-large is-resized\"><img loading=\"lazy\" decoding=\"async\" src=\"http:\/\/rfcakqo.cluster031.hosting.ovh.net\/admin\/wp-content\/uploads\/2022\/03\/PDP-1024x833.jpg\" alt=\"\" class=\"wp-image-257\" width=\"315\" height=\"255\" srcset=\"https:\/\/mfr-reunion.re\/wp-content\/uploads\/2022\/03\/PDP-1024x833.jpg 1024w, https:\/\/mfr-reunion.re\/wp-content\/uploads\/2022\/03\/PDP-300x244.jpg 300w, https:\/\/mfr-reunion.re\/wp-content\/uploads\/2022\/03\/PDP-768x625.jpg 768w, https:\/\/mfr-reunion.re\/wp-content\/uploads\/2022\/03\/PDP-1536x1250.jpg 1536w, https:\/\/mfr-reunion.re\/wp-content\/uploads\/2022\/03\/PDP.jpg 1573w\" sizes=\"auto, (max-width: 315px) 100vw, 315px\" \/><\/figure>\n\n\n\n<p class=\"has-text-align-center has-nv-dark-bg-color has-text-color has-medium-font-size\">uniquement la 3\u00e8me<\/p>\n\n\n\n<div class=\"wp-block-buttons is-layout-flex wp-block-buttons-is-layout-flex\">\n<div class=\"wp-block-button is-style-primary\"><a class=\"wp-block-button__link\">REMPLIR LE FORMULAIRE DE CONTACT<\/a><\/div>\n<\/div>\n<\/div>\n\n\n\n<div class=\"wp-block-column is-layout-flow wp-block-column-is-layout-flow\"><\/div>\n<\/div>\n\n\n\n<div class=\"wp-block-columns is-layout-flex wp-container-core-columns-is-layout-9d6595d7 wp-block-columns-is-layout-flex\">\n<div class=\"wp-block-column is-layout-flow wp-block-column-is-layout-flow\"><\/div>\n<\/div>\n\n\n\n<p><\/p>\n","protected":false},"excerpt":{"rendered":"<p>CONDITIONS D&rsquo;INSCRIPTION En 4\u00e8me : \u00eatre issu d&rsquo;une classe de 5\u00e8me ou de 4\u00e8me et \u00eatre \u00e2g\u00e9 de 14 ans \u00e0 la rentr\u00e9e scolaire. En 3\u00e8me : \u00eatre issu d&rsquo;une classe de 4\u00e8me ou de 3\u00e8me.. OBJECTIFS Redonner confiance et go\u00fbt aux \u00e9tudes. Pr\u00e9parer son orientation professionnelle. D\u00e9velopper son autonomie et la confiance en soi. &hellip; <\/p>\n","protected":false},"author":1,"featured_media":0,"parent":0,"menu_order":0,"comment_status":"closed","ping_status":"closed","template":"","meta":{"footnotes":""},"class_list":["post-246","page","type-page","status-publish","hentry"],"yoast_head":"<!-- This site is optimized with the Yoast SEO plugin v18.1 - https:\/\/yoast.com\/wordpress\/plugins\/seo\/ -->\n<title>4\u00e8me-3\u00e8me - Les MFR DE LA REUNION<\/title>\n<meta name=\"robots\" content=\"index, follow, max-snippet:-1, max-image-preview:large, max-video-preview:-1\" \/>\n<link rel=\"canonical\" href=\"https:\/\/mfr-reunion.re\/index.php\/4eme-3eme\/\" \/>\n<meta property=\"og:locale\" content=\"fr_FR\" \/>\n<meta property=\"og:type\" content=\"article\" \/>\n<meta property=\"og:title\" content=\"4\u00e8me-3\u00e8me - Les MFR DE LA REUNION\" \/>\n<meta property=\"og:description\" content=\"CONDITIONS D&rsquo;INSCRIPTION En 4\u00e8me : \u00eatre issu d&rsquo;une classe de 5\u00e8me ou de 4\u00e8me et \u00eatre \u00e2g\u00e9 de 14 ans \u00e0 la rentr\u00e9e scolaire. En 3\u00e8me : \u00eatre issu d&rsquo;une classe de 4\u00e8me ou de 3\u00e8me.. OBJECTIFS Redonner confiance et go\u00fbt aux \u00e9tudes. Pr\u00e9parer son orientation professionnelle. D\u00e9velopper son autonomie et la confiance en soi. &hellip;\" \/>\n<meta property=\"og:url\" content=\"https:\/\/mfr-reunion.re\/index.php\/4eme-3eme\/\" \/>\n<meta property=\"og:site_name\" content=\"Les MFR DE LA REUNION\" \/>\n<meta property=\"article:modified_time\" content=\"2022-08-26T06:53:23+00:00\" \/>\n<meta property=\"og:image\" content=\"http:\/\/rfcakqo.cluster031.hosting.ovh.net\/admin\/wp-content\/uploads\/2022\/03\/garcon-main.jpg\" \/>\n<meta name=\"twitter:card\" content=\"summary_large_image\" \/>\n<meta name=\"twitter:label1\" content=\"Dur\u00e9e de lecture estim\u00e9e\" \/>\n\t<meta name=\"twitter:data1\" content=\"4 minutes\" \/>\n<script type=\"application\/ld+json\" class=\"yoast-schema-graph\">{\"@context\":\"https:\/\/schema.org\",\"@graph\":[{\"@type\":\"WebSite\",\"@id\":\"https:\/\/mfr-reunion.re\/#website\",\"url\":\"https:\/\/mfr-reunion.re\/\",\"name\":\"Les MFR DE LA REUNION\",\"description\":\"\",\"potentialAction\":[{\"@type\":\"SearchAction\",\"target\":{\"@type\":\"EntryPoint\",\"urlTemplate\":\"https:\/\/mfr-reunion.re\/?s={search_term_string}\"},\"query-input\":\"required name=search_term_string\"}],\"inLanguage\":\"fr-FR\"},{\"@type\":\"ImageObject\",\"@id\":\"https:\/\/mfr-reunion.re\/index.php\/4eme-3eme\/#primaryimage\",\"inLanguage\":\"fr-FR\",\"url\":\"http:\/\/rfcakqo.cluster031.hosting.ovh.net\/admin\/wp-content\/uploads\/2022\/03\/garcon-main.jpg\",\"contentUrl\":\"http:\/\/rfcakqo.cluster031.hosting.ovh.net\/admin\/wp-content\/uploads\/2022\/03\/garcon-main.jpg\"},{\"@type\":\"WebPage\",\"@id\":\"https:\/\/mfr-reunion.re\/index.php\/4eme-3eme\/#webpage\",\"url\":\"https:\/\/mfr-reunion.re\/index.php\/4eme-3eme\/\",\"name\":\"4\u00e8me-3\u00e8me - Les MFR DE LA REUNION\",\"isPartOf\":{\"@id\":\"https:\/\/mfr-reunion.re\/#website\"},\"primaryImageOfPage\":{\"@id\":\"https:\/\/mfr-reunion.re\/index.php\/4eme-3eme\/#primaryimage\"},\"datePublished\":\"2022-03-18T12:17:34+00:00\",\"dateModified\":\"2022-08-26T06:53:23+00:00\",\"breadcrumb\":{\"@id\":\"https:\/\/mfr-reunion.re\/index.php\/4eme-3eme\/#breadcrumb\"},\"inLanguage\":\"fr-FR\",\"potentialAction\":[{\"@type\":\"ReadAction\",\"target\":[\"https:\/\/mfr-reunion.re\/index.php\/4eme-3eme\/\"]}]},{\"@type\":\"BreadcrumbList\",\"@id\":\"https:\/\/mfr-reunion.re\/index.php\/4eme-3eme\/#breadcrumb\",\"itemListElement\":[{\"@type\":\"ListItem\",\"position\":1,\"name\":\"Accueil\",\"item\":\"https:\/\/mfr-reunion.re\/\"},{\"@type\":\"ListItem\",\"position\":2,\"name\":\"4\u00e8me-3\u00e8me\"}]}]}<\/script>\n<!-- \/ Yoast SEO plugin. -->","yoast_head_json":{"title":"4\u00e8me-3\u00e8me - Les MFR DE LA REUNION","robots":{"index":"index","follow":"follow","max-snippet":"max-snippet:-1","max-image-preview":"max-image-preview:large","max-video-preview":"max-video-preview:-1"},"canonical":"https:\/\/mfr-reunion.re\/index.php\/4eme-3eme\/","og_locale":"fr_FR","og_type":"article","og_title":"4\u00e8me-3\u00e8me - Les MFR DE LA REUNION","og_description":"CONDITIONS D&rsquo;INSCRIPTION En 4\u00e8me : \u00eatre issu d&rsquo;une classe de 5\u00e8me ou de 4\u00e8me et \u00eatre \u00e2g\u00e9 de 14 ans \u00e0 la rentr\u00e9e scolaire. En 3\u00e8me : \u00eatre issu d&rsquo;une classe de 4\u00e8me ou de 3\u00e8me.. OBJECTIFS Redonner confiance et go\u00fbt aux \u00e9tudes. Pr\u00e9parer son orientation professionnelle. D\u00e9velopper son autonomie et la confiance en soi. &hellip;","og_url":"https:\/\/mfr-reunion.re\/index.php\/4eme-3eme\/","og_site_name":"Les MFR DE LA REUNION","article_modified_time":"2022-08-26T06:53:23+00:00","og_image":[{"url":"http:\/\/rfcakqo.cluster031.hosting.ovh.net\/admin\/wp-content\/uploads\/2022\/03\/garcon-main.jpg"}],"twitter_card":"summary_large_image","twitter_misc":{"Dur\u00e9e de lecture estim\u00e9e":"4 minutes"},"schema":{"@context":"https:\/\/schema.org","@graph":[{"@type":"WebSite","@id":"https:\/\/mfr-reunion.re\/#website","url":"https:\/\/mfr-reunion.re\/","name":"Les MFR DE LA REUNION","description":"","potentialAction":[{"@type":"SearchAction","target":{"@type":"EntryPoint","urlTemplate":"https:\/\/mfr-reunion.re\/?s={search_term_string}"},"query-input":"required name=search_term_string"}],"inLanguage":"fr-FR"},{"@type":"ImageObject","@id":"https:\/\/mfr-reunion.re\/index.php\/4eme-3eme\/#primaryimage","inLanguage":"fr-FR","url":"http:\/\/rfcakqo.cluster031.hosting.ovh.net\/admin\/wp-content\/uploads\/2022\/03\/garcon-main.jpg","contentUrl":"http:\/\/rfcakqo.cluster031.hosting.ovh.net\/admin\/wp-content\/uploads\/2022\/03\/garcon-main.jpg"},{"@type":"WebPage","@id":"https:\/\/mfr-reunion.re\/index.php\/4eme-3eme\/#webpage","url":"https:\/\/mfr-reunion.re\/index.php\/4eme-3eme\/","name":"4\u00e8me-3\u00e8me - Les MFR DE LA REUNION","isPartOf":{"@id":"https:\/\/mfr-reunion.re\/#website"},"primaryImageOfPage":{"@id":"https:\/\/mfr-reunion.re\/index.php\/4eme-3eme\/#primaryimage"},"datePublished":"2022-03-18T12:17:34+00:00","dateModified":"2022-08-26T06:53:23+00:00","breadcrumb":{"@id":"https:\/\/mfr-reunion.re\/index.php\/4eme-3eme\/#breadcrumb"},"inLanguage":"fr-FR","potentialAction":[{"@type":"ReadAction","target":["https:\/\/mfr-reunion.re\/index.php\/4eme-3eme\/"]}]},{"@type":"BreadcrumbList","@id":"https:\/\/mfr-reunion.re\/index.php\/4eme-3eme\/#breadcrumb","itemListElement":[{"@type":"ListItem","position":1,"name":"Accueil","item":"https:\/\/mfr-reunion.re\/"},{"@type":"ListItem","position":2,"name":"4\u00e8me-3\u00e8me"}]}]}},"_links":{"self":[{"href":"https:\/\/mfr-reunion.re\/index.php\/wp-json\/wp\/v2\/pages\/246","targetHints":{"allow":["GET"]}}],"collection":[{"href":"https:\/\/mfr-reunion.re\/index.php\/wp-json\/wp\/v2\/pages"}],"about":[{"href":"https:\/\/mfr-reunion.re\/index.php\/wp-json\/wp\/v2\/types\/page"}],"author":[{"embeddable":true,"href":"https:\/\/mfr-reunion.re\/index.php\/wp-json\/wp\/v2\/users\/1"}],"replies":[{"embeddable":true,"href":"https:\/\/mfr-reunion.re\/index.php\/wp-json\/wp\/v2\/comments?post=246"}],"version-history":[{"count":4,"href":"https:\/\/mfr-reunion.re\/index.php\/wp-json\/wp\/v2\/pages\/246\/revisions"}],"predecessor-version":[{"id":504,"href":"https:\/\/mfr-reunion.re\/index.php\/wp-json\/wp\/v2\/pages\/246\/revisions\/504"}],"wp:attachment":[{"href":"https:\/\/mfr-reunion.re\/index.php\/wp-json\/wp\/v2\/media?parent=246"}],"curies":[{"name":"wp","href":"https:\/\/api.w.org\/{rel}","templated":true}]}}