{"id":276,"date":"2022-03-25T12:22:49","date_gmt":"2022-03-25T11:22:49","guid":{"rendered":"http:\/\/rfcakqo.cluster031.hosting.ovh.net\/admin\/?page_id=276"},"modified":"2024-02-08T11:49:37","modified_gmt":"2024-02-08T10:49:37","slug":"bac-pro-sapat","status":"publish","type":"page","link":"https:\/\/mfr-reunion.re\/index.php\/bac-pro-sapat\/","title":{"rendered":"BAC PRO Services Aux Personnes et Aux Territoires"},"content":{"rendered":"\n<h2 class=\"wp-block-heading\">P\u00e9dagogie<\/h2>\n\n\n\n<p class=\"has-nv-dark-bg-color has-text-color has-medium-font-size\">Une p\u00e9dagogie bas\u00e9e sur L\u2019ALTERNANCE, succession de s\u00e9jours entre p\u00e9riodes en \u00e9tablissement<br>de formation, exp\u00e9riences en entreprises ou organismes de services, enqu\u00eates sur le    <\/p>\n\n\n\n<p class=\"has-nv-dark-bg-color has-text-color has-medium-font-size\">  \u00ab terrain \u00bb et temps forts sp\u00e9cialis\u00e9s.<\/p>\n\n\n\n<h2 class=\"wp-block-heading\">Conditions d\u2019admission<\/h2>\n\n\n\n<p class=\"has-nv-dark-bg-color has-text-color has-medium-font-size\">2 nde Professionnelle Services aux Personnes et aux Territoires : Apr\u00e8s la classe de 3\u00e8me<br>\uf0d8 1\u00e8re Services aux Personnes et aux Territoires : Apr\u00e8s une classe de BEPA \u2013 BEP &#8211; CAPA \u2013<br>CAP du secteur professionnel \u2013 Seconde g\u00e9n\u00e9rale et technologique (apr\u00e8s positionnement et<br>avis de l\u2019autorit\u00e9 acad\u00e9mique)<\/p>\n\n\n\n<h2 class=\"wp-block-heading\">Dur\u00e9e<\/h2>\n\n\n\n<p class=\"has-nv-dark-bg-color has-text-color has-medium-font-size\">3 ans :<\/p>\n\n\n\n<p class=\"has-nv-dark-bg-color has-text-color has-medium-font-size\">\uf0b7 Seconde Professionnelle Services aux Personnes et aux Territoires<br>\uf0b7 1\u00e8re Services aux Personnes et aux Territoires<br>\uf0b7 Terminale Services aux Personnes et aux Territoires<\/p>\n\n\n\n<div class=\"wp-block-columns is-layout-flex wp-container-core-columns-is-layout-9d6595d7 wp-block-columns-is-layout-flex\">\n<div class=\"wp-block-column is-layout-flow wp-block-column-is-layout-flow\" style=\"flex-basis:100%\">\n<div class=\"wp-block-columns is-layout-flex wp-container-core-columns-is-layout-9d6595d7 wp-block-columns-is-layout-flex\">\n<div class=\"wp-block-column is-layout-flow wp-block-column-is-layout-flow\">\n<h2 class=\"wp-block-heading\">Objectifs<\/h2>\n\n\n\n<p class=\"has-nv-dark-bg-color has-text-color has-medium-font-size\">*Acqu\u00e9rir des connaissances g\u00e9n\u00e9rales, *Valider des comp\u00e9tences professionnelles au service des personnes,<br>* Appr\u00e9hender son territoire ,<br>* D\u00e9velopper ses qualit\u00e9s personnelles,<br>* Construire son projet professionnel,<br>* Se pr\u00e9parer \u00e0 l\u2019insertion professionnelle<br>* Permettre la poursuite d\u2019\u00e9tudes sup\u00e9rieures ( BTS, Institut sp\u00e9cialis\u00e9\u2026)<\/p>\n<\/div>\n\n\n\n<div class=\"wp-block-column is-layout-flow wp-block-column-is-layout-flow\">\n<figure class=\"wp-block-image size-full\"><img loading=\"lazy\" decoding=\"async\" width=\"800\" height=\"533\" src=\"http:\/\/rfcakqo.cluster031.hosting.ovh.net\/admin\/wp-content\/uploads\/2022\/03\/pa.jpg\" alt=\"\" class=\"wp-image-271\" srcset=\"https:\/\/mfr-reunion.re\/wp-content\/uploads\/2022\/03\/pa.jpg 800w, https:\/\/mfr-reunion.re\/wp-content\/uploads\/2022\/03\/pa-300x200.jpg 300w, https:\/\/mfr-reunion.re\/wp-content\/uploads\/2022\/03\/pa-768x512.jpg 768w\" sizes=\"auto, (max-width: 800px) 100vw, 800px\" \/><\/figure>\n<\/div>\n<\/div>\n<\/div>\n<\/div>\n\n\n\n<h2 class=\"wp-block-heading\">Stages<\/h2>\n\n\n\n<p class=\"has-nv-dark-bg-color has-text-color has-medium-font-size\"><strong>BUTS :<\/strong><br>\uf0b7 -Connaissance de l\u2019entreprise ou du service<br>\uf0b7- Acquisition de techniques professionnelles<br>\uf0b7 -Evaluations des capacit\u00e9s relationnelles et des aptitudes professionnelles du stagiaire.<\/p>\n\n\n\n<p class=\"has-nv-dark-bg-color has-text-color has-medium-font-size\"><strong>MODALITES :<\/strong><\/p>\n\n\n\n<p class=\"has-nv-dark-bg-color has-text-color has-medium-font-size\">La recherche des stages est effectu\u00e9e par l\u2019\u00e9tablissement, en collaboration avec les familles en classe de seconde, par l\u2019\u00e9l\u00e8ve en 1\u00e8re et terminale<br>Les stages constituent le support de la formation.<br>En fonction du projet du jeune et des publics et structures \u00e9tudi\u00e9s, ils se d\u00e9roulent dans les secteurs suivants : Ecoles \u2013 Cr\u00e8ches \u2013 Maternit\u00e9s \u2013 Maisons de retraite \u2013 Aide \u00e0 domicile \u2013 H\u00f4pitaux\u2013 Cliniques \u2013 Classe de d\u00e9couverte \u2013 Centres de loisirs \u2013 Entreprises de restauration \u2013 Etablissements sp\u00e9cialis\u00e9s \u2013 Collectivit\u00e9s &#8211; Administrations et entreprises<br>Un s\u00e9jour en lien avec le tourisme ou les loisirs , hors r\u00e9gion ou \u00e0 l\u2019\u00e9tranger, se fait en classe de premi\u00e8re ou de terminale<\/p>\n\n\n\n<h2 class=\"wp-block-heading\">Contenu de formation<\/h2>\n\n\n\n<p class=\"has-nv-dark-bg-color has-text-color has-medium-font-size\">La formation en \u00e9tablissement inclut des activit\u00e9s inh\u00e9rentes \u00e0 la p\u00e9dagogie de l\u2019alternance :<br>Pr\u00e9paration des s\u00e9quences professionnelles : enqu\u00eates de stage, visites d\u2019\u00e9tude, intervenants,<br>suivi individuel, mise en commun.<\/p>\n\n\n\n<p class=\"has-nv-dark-bg-color has-text-color has-medium-font-size\"><strong>Les modules d\u2019enseignement g\u00e9n\u00e9raux<\/strong><br>\uf0b7 Langue fran\u00e7aise \u2013 Education socioculturelle &#8211; Connaissance du monde contemporain<br>\uf0b7 Langue et culture \u00e9trang\u00e8re (anglais)<br>\uf0b7 Motricit\u00e9, sant\u00e9 et socialisation par la pratique des activit\u00e9s physiques,<br>sportives, artistiques et d\u2019entretien de soi.<br>\uf0b7 Culture scientifique et technologique (Math\u00e9matiques, Informatique et<br>Communication \u2013 Physique Chimie \u2013 Connaissance du monde vivant)<\/p>\n\n\n\n<p class=\"has-nv-dark-bg-color has-text-color has-medium-font-size\"><strong>Les modules d\u2019enseignement professionnel en Seconde<\/strong><\/p>\n\n\n\n<p class=\"has-nv-dark-bg-color has-text-color has-medium-font-size\">*Les besoins de la personne,<br>*Les structures et les organisations des services aux personnes,<br>*Le confort des personnes<br><\/p>\n\n\n\n<p class=\"has-nv-dark-bg-color has-text-color has-medium-font-size\"><strong>Les modules d&rsquo;enseignement professionnels en Premi\u00e8re et Terminale<\/strong><\/p>\n\n\n\n<p class=\"has-nv-dark-bg-color has-text-color has-medium-font-size\">-Caract\u00e9ristiques et besoins des populations des territoires ruraux,<br>-contexte des activit\u00e9s de service,<\/p>\n\n\n\n<p class=\"has-nv-dark-bg-color has-text-color has-medium-font-size\">-organisation du travail d&rsquo;une \u00e9quipe,<br>-communication en situation professionnelle,<br>-accompagnement de la personne dans sa vie quotidienne,<br>-conception d&rsquo;une offre de services<\/p>\n\n\n\n<p><\/p>\n\n\n\n<p class=\"has-nv-dark-bg-color has-text-color has-medium-font-size\"><strong>Les modules sp\u00e9cifiques \u00e0 l\u2019\u00e9tablissement<\/strong><\/p>\n\n\n\n<p class=\"has-nv-dark-bg-color has-text-color has-medium-font-size\"> Un module d\u2019approfondissement professionnel (MAP) permet d\u2019aborder<br>une sp\u00e9cificit\u00e9 professionnelle li\u00e9e au territoire<br>\uf0b7 Deux modules d\u2019Enseignement \u00e0 l\u2019Initiative de l\u2019Etablissement (EIE) permettent de proposer des projets p\u00e9dagogiques d\u2019ordre social, culturel, professionnel ( ex 2nde 2012 Voyage \u00e9tudes \u00e0 Paris ; Terminale : orientation \u2026)<\/p>\n\n\n\n<h2 class=\"wp-block-heading\">Examen<\/h2>\n\n\n\n<p class=\"has-nv-dark-bg-color has-text-color has-medium-font-size\">La qualification du Bac Pro Services aux personnes et aux territoires est obtenue par le contr\u00f4le<br>continu en cours de formation et des \u00e9preuves terminales en fin de formation.<\/p>\n\n\n\n<h2 class=\"wp-block-heading\">Orientation\/ D\u00e9bouch\u00e9s<\/h2>\n\n\n\n<p class=\"has-nv-dark-bg-color has-text-color has-medium-font-size\">Acc\u00e8s \u00e0 l\u2019emploi dans les structures de services et les m\u00e9tiers du domicile : r\u00e9sidences pour personnes \u00e2g\u00e9es, handicap\u00e9es, enfants, centres sociaux, collectivit\u00e9s territoriales, structures touristiques<br>Entr\u00e9e dans la fonction publique : concours de cat\u00e9gorie B et C<\/p>\n\n\n\n<div class=\"wp-block-columns is-layout-flex wp-container-core-columns-is-layout-9d6595d7 wp-block-columns-is-layout-flex\">\n<div class=\"wp-block-column is-layout-flow wp-block-column-is-layout-flow\">\n<h2 class=\"wp-block-heading\">Poursuite d&rsquo;\u00e9tudes<\/h2>\n\n\n\n<p class=\"has-nv-dark-bg-color has-text-color has-medium-font-size\">Entr\u00e9e en ann\u00e9e de pr\u00e9paration ou \u00e9coles professionnelles : Aide soignant, auxiliaire de pu\u00e9riculture, aide m\u00e9dico-psychologique, ambulancier<br>Instituts de formation en soins infirmiers, moniteurs-\u00e9ducateurs et autres concours du param\u00e9dical et social<br>Etudes sup\u00e9rieures : BTSA Services en Espace Rural, BTS Economie Sociale et Familiale,<br>BTS Animation et Gestion touristiques locales<\/p>\n<\/div>\n\n\n\n<div class=\"wp-block-column is-layout-flow wp-block-column-is-layout-flow\">\n<figure class=\"wp-block-image size-full\"><img loading=\"lazy\" decoding=\"async\" width=\"800\" height=\"533\" src=\"http:\/\/rfcakqo.cluster031.hosting.ovh.net\/admin\/wp-content\/uploads\/2022\/03\/pa-2.jpg\" alt=\"\" class=\"wp-image-272\" srcset=\"https:\/\/mfr-reunion.re\/wp-content\/uploads\/2022\/03\/pa-2.jpg 800w, https:\/\/mfr-reunion.re\/wp-content\/uploads\/2022\/03\/pa-2-300x200.jpg 300w, https:\/\/mfr-reunion.re\/wp-content\/uploads\/2022\/03\/pa-2-768x512.jpg 768w\" sizes=\"auto, (max-width: 800px) 100vw, 800px\" \/><\/figure>\n<\/div>\n<\/div>\n\n\n\n<div class=\"wp-block-columns is-layout-flex wp-container-core-columns-is-layout-9d6595d7 wp-block-columns-is-layout-flex\">\n<div class=\"wp-block-column is-layout-flow wp-block-column-is-layout-flow\">\n<h2 class=\"wp-block-heading\">DISPONIBLE A LA MFR :<\/h2>\n\n\n\n<figure class=\"wp-block-image size-full\"><img loading=\"lazy\" decoding=\"async\" width=\"310\" height=\"289\" src=\"http:\/\/rfcakqo.cluster031.hosting.ovh.net\/admin\/wp-content\/uploads\/2022\/03\/tampon-1.jpg\" alt=\"\" class=\"wp-image-256\" srcset=\"https:\/\/mfr-reunion.re\/wp-content\/uploads\/2022\/03\/tampon-1.jpg 310w, https:\/\/mfr-reunion.re\/wp-content\/uploads\/2022\/03\/tampon-1-300x280.jpg 300w\" sizes=\"auto, (max-width: 310px) 100vw, 310px\" \/><\/figure>\n<\/div>\n\n\n\n<div class=\"wp-block-column is-layout-flow wp-block-column-is-layout-flow\">\n<div class=\"wp-block-buttons is-layout-flex wp-block-buttons-is-layout-flex\">\n<div class=\"wp-block-button is-style-primary is-style-fill\"><a class=\"wp-block-button__link has-white-color has-text-color has-link-color wp-element-button\" href=\"https:\/\/forms.office.com\/Pages\/ResponsePage.aspx?id=DYRf5BtVrUeqsCQKkMRah10O7RIpmB9Lp2C8OrSO1atUQjlTWlJYVlhBTjhXUU02VDE1WkQwRTMyMS4u\"><mark style=\"background-color:#00d084\" class=\"has-inline-color has-white-color\">REMPLIR LE FORMULAIRE DE CONTACT<\/mark><\/a><\/div>\n<\/div>\n<\/div>\n<\/div>\n","protected":false},"excerpt":{"rendered":"<p>P\u00e9dagogie Une p\u00e9dagogie bas\u00e9e sur L\u2019ALTERNANCE, succession de s\u00e9jours entre p\u00e9riodes en \u00e9tablissementde formation, exp\u00e9riences en entreprises ou organismes de services, enqu\u00eates sur le \u00ab terrain \u00bb et temps forts sp\u00e9cialis\u00e9s. Conditions d\u2019admission 2 nde Professionnelle Services aux Personnes et aux Territoires : Apr\u00e8s la classe de 3\u00e8me\uf0d8 1\u00e8re Services aux Personnes et aux Territoires &hellip; <\/p>\n","protected":false},"author":1,"featured_media":0,"parent":0,"menu_order":0,"comment_status":"closed","ping_status":"closed","template":"","meta":{"footnotes":""},"class_list":["post-276","page","type-page","status-publish","hentry"],"yoast_head":"<!-- This site is optimized with the Yoast SEO plugin v18.1 - https:\/\/yoast.com\/wordpress\/plugins\/seo\/ -->\n<title>BAC PRO Services Aux Personnes et Aux Territoires - Les MFR DE LA REUNION<\/title>\n<meta name=\"robots\" content=\"index, follow, max-snippet:-1, max-image-preview:large, max-video-preview:-1\" \/>\n<link rel=\"canonical\" href=\"https:\/\/mfr-reunion.re\/index.php\/bac-pro-sapat\/\" \/>\n<meta property=\"og:locale\" content=\"fr_FR\" \/>\n<meta property=\"og:type\" content=\"article\" \/>\n<meta property=\"og:title\" content=\"BAC PRO Services Aux Personnes et Aux Territoires - Les MFR DE LA REUNION\" \/>\n<meta property=\"og:description\" content=\"P\u00e9dagogie Une p\u00e9dagogie bas\u00e9e sur L\u2019ALTERNANCE, succession de s\u00e9jours entre p\u00e9riodes en \u00e9tablissementde formation, exp\u00e9riences en entreprises ou organismes de services, enqu\u00eates sur le \u00ab terrain \u00bb et temps forts sp\u00e9cialis\u00e9s. Conditions d\u2019admission 2 nde Professionnelle Services aux Personnes et aux Territoires : Apr\u00e8s la classe de 3\u00e8me\uf0d8 1\u00e8re Services aux Personnes et aux Territoires &hellip;\" \/>\n<meta property=\"og:url\" content=\"https:\/\/mfr-reunion.re\/index.php\/bac-pro-sapat\/\" \/>\n<meta property=\"og:site_name\" content=\"Les MFR DE LA REUNION\" \/>\n<meta property=\"article:modified_time\" content=\"2024-02-08T10:49:37+00:00\" \/>\n<meta property=\"og:image\" content=\"http:\/\/rfcakqo.cluster031.hosting.ovh.net\/admin\/wp-content\/uploads\/2022\/03\/pa.jpg\" \/>\n<meta name=\"twitter:card\" content=\"summary_large_image\" \/>\n<meta name=\"twitter:label1\" content=\"Dur\u00e9e de lecture estim\u00e9e\" \/>\n\t<meta name=\"twitter:data1\" content=\"5 minutes\" \/>\n<script type=\"application\/ld+json\" class=\"yoast-schema-graph\">{\"@context\":\"https:\/\/schema.org\",\"@graph\":[{\"@type\":\"WebSite\",\"@id\":\"https:\/\/mfr-reunion.re\/#website\",\"url\":\"https:\/\/mfr-reunion.re\/\",\"name\":\"Les MFR DE LA REUNION\",\"description\":\"\",\"potentialAction\":[{\"@type\":\"SearchAction\",\"target\":{\"@type\":\"EntryPoint\",\"urlTemplate\":\"https:\/\/mfr-reunion.re\/?s={search_term_string}\"},\"query-input\":\"required name=search_term_string\"}],\"inLanguage\":\"fr-FR\"},{\"@type\":\"ImageObject\",\"@id\":\"https:\/\/mfr-reunion.re\/index.php\/bac-pro-sapat\/#primaryimage\",\"inLanguage\":\"fr-FR\",\"url\":\"http:\/\/rfcakqo.cluster031.hosting.ovh.net\/admin\/wp-content\/uploads\/2022\/03\/pa.jpg\",\"contentUrl\":\"http:\/\/rfcakqo.cluster031.hosting.ovh.net\/admin\/wp-content\/uploads\/2022\/03\/pa.jpg\"},{\"@type\":\"WebPage\",\"@id\":\"https:\/\/mfr-reunion.re\/index.php\/bac-pro-sapat\/#webpage\",\"url\":\"https:\/\/mfr-reunion.re\/index.php\/bac-pro-sapat\/\",\"name\":\"BAC PRO Services Aux Personnes et Aux Territoires - Les MFR DE LA REUNION\",\"isPartOf\":{\"@id\":\"https:\/\/mfr-reunion.re\/#website\"},\"primaryImageOfPage\":{\"@id\":\"https:\/\/mfr-reunion.re\/index.php\/bac-pro-sapat\/#primaryimage\"},\"datePublished\":\"2022-03-25T11:22:49+00:00\",\"dateModified\":\"2024-02-08T10:49:37+00:00\",\"breadcrumb\":{\"@id\":\"https:\/\/mfr-reunion.re\/index.php\/bac-pro-sapat\/#breadcrumb\"},\"inLanguage\":\"fr-FR\",\"potentialAction\":[{\"@type\":\"ReadAction\",\"target\":[\"https:\/\/mfr-reunion.re\/index.php\/bac-pro-sapat\/\"]}]},{\"@type\":\"BreadcrumbList\",\"@id\":\"https:\/\/mfr-reunion.re\/index.php\/bac-pro-sapat\/#breadcrumb\",\"itemListElement\":[{\"@type\":\"ListItem\",\"position\":1,\"name\":\"Accueil\",\"item\":\"https:\/\/mfr-reunion.re\/\"},{\"@type\":\"ListItem\",\"position\":2,\"name\":\"BAC PRO Services Aux Personnes et Aux Territoires\"}]}]}<\/script>\n<!-- \/ Yoast SEO plugin. -->","yoast_head_json":{"title":"BAC PRO Services Aux Personnes et Aux Territoires - Les MFR DE LA REUNION","robots":{"index":"index","follow":"follow","max-snippet":"max-snippet:-1","max-image-preview":"max-image-preview:large","max-video-preview":"max-video-preview:-1"},"canonical":"https:\/\/mfr-reunion.re\/index.php\/bac-pro-sapat\/","og_locale":"fr_FR","og_type":"article","og_title":"BAC PRO Services Aux Personnes et Aux Territoires - Les MFR DE LA REUNION","og_description":"P\u00e9dagogie Une p\u00e9dagogie bas\u00e9e sur L\u2019ALTERNANCE, succession de s\u00e9jours entre p\u00e9riodes en \u00e9tablissementde formation, exp\u00e9riences en entreprises ou organismes de services, enqu\u00eates sur le \u00ab terrain \u00bb et temps forts sp\u00e9cialis\u00e9s. Conditions d\u2019admission 2 nde Professionnelle Services aux Personnes et aux Territoires : Apr\u00e8s la classe de 3\u00e8me\uf0d8 1\u00e8re Services aux Personnes et aux Territoires &hellip;","og_url":"https:\/\/mfr-reunion.re\/index.php\/bac-pro-sapat\/","og_site_name":"Les MFR DE LA REUNION","article_modified_time":"2024-02-08T10:49:37+00:00","og_image":[{"url":"http:\/\/rfcakqo.cluster031.hosting.ovh.net\/admin\/wp-content\/uploads\/2022\/03\/pa.jpg"}],"twitter_card":"summary_large_image","twitter_misc":{"Dur\u00e9e de lecture estim\u00e9e":"5 minutes"},"schema":{"@context":"https:\/\/schema.org","@graph":[{"@type":"WebSite","@id":"https:\/\/mfr-reunion.re\/#website","url":"https:\/\/mfr-reunion.re\/","name":"Les MFR DE LA REUNION","description":"","potentialAction":[{"@type":"SearchAction","target":{"@type":"EntryPoint","urlTemplate":"https:\/\/mfr-reunion.re\/?s={search_term_string}"},"query-input":"required name=search_term_string"}],"inLanguage":"fr-FR"},{"@type":"ImageObject","@id":"https:\/\/mfr-reunion.re\/index.php\/bac-pro-sapat\/#primaryimage","inLanguage":"fr-FR","url":"http:\/\/rfcakqo.cluster031.hosting.ovh.net\/admin\/wp-content\/uploads\/2022\/03\/pa.jpg","contentUrl":"http:\/\/rfcakqo.cluster031.hosting.ovh.net\/admin\/wp-content\/uploads\/2022\/03\/pa.jpg"},{"@type":"WebPage","@id":"https:\/\/mfr-reunion.re\/index.php\/bac-pro-sapat\/#webpage","url":"https:\/\/mfr-reunion.re\/index.php\/bac-pro-sapat\/","name":"BAC PRO Services Aux Personnes et Aux Territoires - Les MFR DE LA REUNION","isPartOf":{"@id":"https:\/\/mfr-reunion.re\/#website"},"primaryImageOfPage":{"@id":"https:\/\/mfr-reunion.re\/index.php\/bac-pro-sapat\/#primaryimage"},"datePublished":"2022-03-25T11:22:49+00:00","dateModified":"2024-02-08T10:49:37+00:00","breadcrumb":{"@id":"https:\/\/mfr-reunion.re\/index.php\/bac-pro-sapat\/#breadcrumb"},"inLanguage":"fr-FR","potentialAction":[{"@type":"ReadAction","target":["https:\/\/mfr-reunion.re\/index.php\/bac-pro-sapat\/"]}]},{"@type":"BreadcrumbList","@id":"https:\/\/mfr-reunion.re\/index.php\/bac-pro-sapat\/#breadcrumb","itemListElement":[{"@type":"ListItem","position":1,"name":"Accueil","item":"https:\/\/mfr-reunion.re\/"},{"@type":"ListItem","position":2,"name":"BAC PRO Services Aux Personnes et Aux Territoires"}]}]}},"_links":{"self":[{"href":"https:\/\/mfr-reunion.re\/index.php\/wp-json\/wp\/v2\/pages\/276","targetHints":{"allow":["GET"]}}],"collection":[{"href":"https:\/\/mfr-reunion.re\/index.php\/wp-json\/wp\/v2\/pages"}],"about":[{"href":"https:\/\/mfr-reunion.re\/index.php\/wp-json\/wp\/v2\/types\/page"}],"author":[{"embeddable":true,"href":"https:\/\/mfr-reunion.re\/index.php\/wp-json\/wp\/v2\/users\/1"}],"replies":[{"embeddable":true,"href":"https:\/\/mfr-reunion.re\/index.php\/wp-json\/wp\/v2\/comments?post=276"}],"version-history":[{"count":11,"href":"https:\/\/mfr-reunion.re\/index.php\/wp-json\/wp\/v2\/pages\/276\/revisions"}],"predecessor-version":[{"id":563,"href":"https:\/\/mfr-reunion.re\/index.php\/wp-json\/wp\/v2\/pages\/276\/revisions\/563"}],"wp:attachment":[{"href":"https:\/\/mfr-reunion.re\/index.php\/wp-json\/wp\/v2\/media?parent=276"}],"curies":[{"name":"wp","href":"https:\/\/api.w.org\/{rel}","templated":true}]}}