{"id":287,"date":"2022-04-21T13:40:43","date_gmt":"2022-04-21T11:40:43","guid":{"rendered":"http:\/\/rfcakqo.cluster031.hosting.ovh.net\/admin\/?page_id=287"},"modified":"2024-01-25T12:53:19","modified_gmt":"2024-01-25T11:53:19","slug":"capa-agriculture-des-regions-chaudes","status":"publish","type":"page","link":"https:\/\/mfr-reunion.re\/index.php\/capa-agriculture-des-regions-chaudes\/","title":{"rendered":"CAPa Agriculture des R\u00e9gions Chaudes"},"content":{"rendered":"\n<p class=\"has-nv-dark-bg-color has-text-color has-large-font-size\">Une formation qui permet de construire un projet agricole en s&rsquo;appuyant sur des exp\u00e9riences de stages ou d&rsquo;apprentissage.<\/p>\n\n\n\n<div class=\"wp-block-columns is-layout-flex wp-container-core-columns-is-layout-9d6595d7 wp-block-columns-is-layout-flex\">\n<div class=\"wp-block-column is-layout-flow wp-block-column-is-layout-flow\">\n<h2 class=\"wp-block-heading\">Admission:<\/h2>\n\n\n\n<p class=\"has-nv-dark-bg-color has-text-color has-medium-font-size\">*Apr\u00e8s une 3\u00e8me de coll\u00e8ge<\/p>\n\n\n\n<p class=\"has-nv-dark-bg-color has-text-color has-medium-font-size\">*Apr\u00e8s une 3\u00e8me d&rsquo;alternance<\/p>\n\n\n\n<h2 class=\"wp-block-heading\">Rythme:<\/h2>\n\n\n\n<p class=\"has-nv-dark-bg-color has-text-color has-medium-font-size\">*2 ans de formation en alternance dont 13 semaines\/an de cours et d&rsquo;ateliers<\/p>\n\n\n\n<p><\/p>\n\n\n\n<p><\/p>\n<\/div>\n\n\n\n<div class=\"wp-block-column is-layout-flow wp-block-column-is-layout-flow\">\n<figure class=\"wp-block-image size-full is-resized\"><img loading=\"lazy\" decoding=\"async\" width=\"800\" height=\"533\" src=\"http:\/\/rfcakqo.cluster031.hosting.ovh.net\/admin\/wp-content\/uploads\/2022\/04\/tracteur.jpg\" alt=\"\" class=\"wp-image-292\" style=\"width:587px;height:390px\" srcset=\"https:\/\/mfr-reunion.re\/wp-content\/uploads\/2022\/04\/tracteur.jpg 800w, https:\/\/mfr-reunion.re\/wp-content\/uploads\/2022\/04\/tracteur-300x200.jpg 300w, https:\/\/mfr-reunion.re\/wp-content\/uploads\/2022\/04\/tracteur-768x512.jpg 768w\" sizes=\"auto, (max-width: 800px) 100vw, 800px\" \/><\/figure>\n<\/div>\n<\/div>\n\n\n\n<h2 class=\"wp-block-heading\">Les objectifs:<\/h2>\n\n\n\n<p class=\"has-nv-dark-bg-color has-text-color has-medium-font-size\">*confirmer ses premi\u00e8res connaissances et comp\u00e9tences par le CAPa , c&rsquo;est s&rsquo;ouvrir \u00e0 la poursuite de formation et \u00e0 des emplois divers et vari\u00e9s; <\/p>\n\n\n\n<p class=\"has-nv-dark-bg-color has-text-color has-medium-font-size\">*salari\u00e9 d&rsquo;exploitations agricoles en production v\u00e9g\u00e9tales et\/ou animales (poulet de chair)<\/p>\n\n\n\n<p class=\"has-nv-dark-bg-color has-text-color has-medium-font-size\">*salari\u00e9 vente, accueil et services en milieu rural<\/p>\n\n\n\n<figure class=\"wp-block-image size-full\"><img loading=\"lazy\" decoding=\"async\" width=\"800\" height=\"534\" src=\"http:\/\/rfcakqo.cluster031.hosting.ovh.net\/admin\/wp-content\/uploads\/2022\/04\/champs.jpg\" alt=\"\" class=\"wp-image-293\" srcset=\"https:\/\/mfr-reunion.re\/wp-content\/uploads\/2022\/04\/champs.jpg 800w, https:\/\/mfr-reunion.re\/wp-content\/uploads\/2022\/04\/champs-300x200.jpg 300w, https:\/\/mfr-reunion.re\/wp-content\/uploads\/2022\/04\/champs-768x513.jpg 768w\" sizes=\"auto, (max-width: 800px) 100vw, 800px\" \/><\/figure>\n\n\n\n<h2 class=\"wp-block-heading\">Les modules professionnels<\/h2>\n\n\n\n<p class=\"has-nv-dark-bg-color has-text-color has-medium-font-size\">Sciences et techniques agricoles et agronomiques<\/p>\n\n\n\n<p class=\"has-nv-dark-bg-color has-text-color has-medium-font-size\">Productions v\u00e9g\u00e9tales; mara\u00eech\u00e8res et grandes cultures<\/p>\n\n\n\n<p class=\"has-nv-dark-bg-color has-text-color has-medium-font-size\">Production animale (poulet de chair)<\/p>\n\n\n\n<p class=\"has-nv-dark-bg-color has-text-color has-medium-font-size\">Accueil, vente, services<\/p>\n\n\n\n<h2 class=\"wp-block-heading\">Les modules g\u00e9n\u00e9raux:<\/h2>\n\n\n\n<p class=\"has-nv-dark-bg-color has-text-color has-medium-font-size\">Fran\u00e7ais, math\u00e9matiques, Histoire- G\u00e9ographie, Anglais E.P.S, Informatique<\/p>\n\n\n\n<h2 class=\"wp-block-heading\">Stages professionnels ou apprentissage<\/h2>\n\n\n\n<p class=\"has-nv-dark-bg-color has-text-color has-medium-font-size\">Exploitations agricoles, E.T.A, C.U.M.A, stage pr\u00e9paratoire \u00e0 l&rsquo;orientation<\/p>\n\n\n\n<h2 class=\"wp-block-heading\">Poursuite de formation:<\/h2>\n\n\n\n<p class=\"has-nv-dark-bg-color has-text-color has-medium-font-size\">BAC PRO, CQP, CACES, &#8230;<\/p>\n\n\n\n<h2 class=\"wp-block-heading\">Disponible \u00e0 la MFR :<\/h2>\n\n\n\n<div class=\"wp-block-columns is-layout-flex wp-container-core-columns-is-layout-9d6595d7 wp-block-columns-is-layout-flex\">\n<div class=\"wp-block-column is-layout-flow wp-block-column-is-layout-flow\">\n<figure class=\"wp-block-image size-full\"><img loading=\"lazy\" decoding=\"async\" width=\"294\" height=\"288\" src=\"http:\/\/rfcakqo.cluster031.hosting.ovh.net\/admin\/wp-content\/uploads\/2022\/03\/est-1.jpg\" alt=\"\" class=\"wp-image-252\"\/><\/figure>\n<\/div>\n\n\n\n<div class=\"wp-block-column is-layout-flow wp-block-column-is-layout-flow\">\n<div class=\"wp-block-buttons is-layout-flex wp-block-buttons-is-layout-flex\">\n<div class=\"wp-block-button is-style-primary\"><a class=\"wp-block-button__link wp-element-button\" href=\"https:\/\/forms.office.com\/Pages\/ResponsePage.aspx?id=DYRf5BtVrUeqsCQKkMRah1fL64GPKARCm_Sz8V_gO31UMjVCQTJQNlZLMjc3VDJZNTM5M1VQNlJaNC4u\">CONTACTEZ-NOUS<\/a><\/div>\n<\/div>\n<\/div>\n<\/div>\n\n\n\n\n\n\n\n\n\n<div class=\"wp-block-columns is-layout-flex wp-container-core-columns-is-layout-9d6595d7 wp-block-columns-is-layout-flex\"><\/div>\n\n\n\n<div class=\"wp-block-columns is-layout-flex wp-container-core-columns-is-layout-9d6595d7 wp-block-columns-is-layout-flex\"><\/div>\n","protected":false},"excerpt":{"rendered":"<p>Une formation qui permet de construire un projet agricole en s&rsquo;appuyant sur des exp\u00e9riences de stages ou d&rsquo;apprentissage. Admission: *Apr\u00e8s une 3\u00e8me de coll\u00e8ge *Apr\u00e8s une 3\u00e8me d&rsquo;alternance Rythme: *2 ans de formation en alternance dont 13 semaines\/an de cours et d&rsquo;ateliers Les objectifs: *confirmer ses premi\u00e8res connaissances et comp\u00e9tences par le CAPa , c&rsquo;est &hellip; <\/p>\n","protected":false},"author":1,"featured_media":0,"parent":0,"menu_order":0,"comment_status":"closed","ping_status":"closed","template":"","meta":{"footnotes":""},"class_list":["post-287","page","type-page","status-publish","hentry"],"yoast_head":"<!-- This site is optimized with the Yoast SEO plugin v18.1 - https:\/\/yoast.com\/wordpress\/plugins\/seo\/ -->\n<title>CAPa Agriculture des R\u00e9gions Chaudes - Les MFR DE LA REUNION<\/title>\n<meta name=\"robots\" content=\"index, follow, max-snippet:-1, max-image-preview:large, max-video-preview:-1\" \/>\n<link rel=\"canonical\" href=\"https:\/\/mfr-reunion.re\/index.php\/capa-agriculture-des-regions-chaudes\/\" \/>\n<meta property=\"og:locale\" content=\"fr_FR\" \/>\n<meta property=\"og:type\" content=\"article\" \/>\n<meta property=\"og:title\" content=\"CAPa Agriculture des R\u00e9gions Chaudes - Les MFR DE LA REUNION\" \/>\n<meta property=\"og:description\" content=\"Une formation qui permet de construire un projet agricole en s&rsquo;appuyant sur des exp\u00e9riences de stages ou d&rsquo;apprentissage. Admission: *Apr\u00e8s une 3\u00e8me de coll\u00e8ge *Apr\u00e8s une 3\u00e8me d&rsquo;alternance Rythme: *2 ans de formation en alternance dont 13 semaines\/an de cours et d&rsquo;ateliers Les objectifs: *confirmer ses premi\u00e8res connaissances et comp\u00e9tences par le CAPa , c&rsquo;est &hellip;\" \/>\n<meta property=\"og:url\" content=\"https:\/\/mfr-reunion.re\/index.php\/capa-agriculture-des-regions-chaudes\/\" \/>\n<meta property=\"og:site_name\" content=\"Les MFR DE LA REUNION\" \/>\n<meta property=\"article:modified_time\" content=\"2024-01-25T11:53:19+00:00\" \/>\n<meta property=\"og:image\" content=\"http:\/\/rfcakqo.cluster031.hosting.ovh.net\/admin\/wp-content\/uploads\/2022\/04\/tracteur.jpg\" \/>\n<meta name=\"twitter:card\" content=\"summary_large_image\" \/>\n<meta name=\"twitter:label1\" content=\"Dur\u00e9e de lecture estim\u00e9e\" \/>\n\t<meta name=\"twitter:data1\" content=\"2 minutes\" \/>\n<script type=\"application\/ld+json\" class=\"yoast-schema-graph\">{\"@context\":\"https:\/\/schema.org\",\"@graph\":[{\"@type\":\"WebSite\",\"@id\":\"https:\/\/mfr-reunion.re\/#website\",\"url\":\"https:\/\/mfr-reunion.re\/\",\"name\":\"Les MFR DE LA REUNION\",\"description\":\"\",\"potentialAction\":[{\"@type\":\"SearchAction\",\"target\":{\"@type\":\"EntryPoint\",\"urlTemplate\":\"https:\/\/mfr-reunion.re\/?s={search_term_string}\"},\"query-input\":\"required name=search_term_string\"}],\"inLanguage\":\"fr-FR\"},{\"@type\":\"ImageObject\",\"@id\":\"https:\/\/mfr-reunion.re\/index.php\/capa-agriculture-des-regions-chaudes\/#primaryimage\",\"inLanguage\":\"fr-FR\",\"url\":\"http:\/\/rfcakqo.cluster031.hosting.ovh.net\/admin\/wp-content\/uploads\/2022\/04\/tracteur.jpg\",\"contentUrl\":\"http:\/\/rfcakqo.cluster031.hosting.ovh.net\/admin\/wp-content\/uploads\/2022\/04\/tracteur.jpg\"},{\"@type\":\"WebPage\",\"@id\":\"https:\/\/mfr-reunion.re\/index.php\/capa-agriculture-des-regions-chaudes\/#webpage\",\"url\":\"https:\/\/mfr-reunion.re\/index.php\/capa-agriculture-des-regions-chaudes\/\",\"name\":\"CAPa Agriculture des R\u00e9gions Chaudes - Les MFR DE LA REUNION\",\"isPartOf\":{\"@id\":\"https:\/\/mfr-reunion.re\/#website\"},\"primaryImageOfPage\":{\"@id\":\"https:\/\/mfr-reunion.re\/index.php\/capa-agriculture-des-regions-chaudes\/#primaryimage\"},\"datePublished\":\"2022-04-21T11:40:43+00:00\",\"dateModified\":\"2024-01-25T11:53:19+00:00\",\"breadcrumb\":{\"@id\":\"https:\/\/mfr-reunion.re\/index.php\/capa-agriculture-des-regions-chaudes\/#breadcrumb\"},\"inLanguage\":\"fr-FR\",\"potentialAction\":[{\"@type\":\"ReadAction\",\"target\":[\"https:\/\/mfr-reunion.re\/index.php\/capa-agriculture-des-regions-chaudes\/\"]}]},{\"@type\":\"BreadcrumbList\",\"@id\":\"https:\/\/mfr-reunion.re\/index.php\/capa-agriculture-des-regions-chaudes\/#breadcrumb\",\"itemListElement\":[{\"@type\":\"ListItem\",\"position\":1,\"name\":\"Accueil\",\"item\":\"https:\/\/mfr-reunion.re\/\"},{\"@type\":\"ListItem\",\"position\":2,\"name\":\"CAPa Agriculture des R\u00e9gions Chaudes\"}]}]}<\/script>\n<!-- \/ Yoast SEO plugin. -->","yoast_head_json":{"title":"CAPa Agriculture des R\u00e9gions Chaudes - Les MFR DE LA REUNION","robots":{"index":"index","follow":"follow","max-snippet":"max-snippet:-1","max-image-preview":"max-image-preview:large","max-video-preview":"max-video-preview:-1"},"canonical":"https:\/\/mfr-reunion.re\/index.php\/capa-agriculture-des-regions-chaudes\/","og_locale":"fr_FR","og_type":"article","og_title":"CAPa Agriculture des R\u00e9gions Chaudes - Les MFR DE LA REUNION","og_description":"Une formation qui permet de construire un projet agricole en s&rsquo;appuyant sur des exp\u00e9riences de stages ou d&rsquo;apprentissage. Admission: *Apr\u00e8s une 3\u00e8me de coll\u00e8ge *Apr\u00e8s une 3\u00e8me d&rsquo;alternance Rythme: *2 ans de formation en alternance dont 13 semaines\/an de cours et d&rsquo;ateliers Les objectifs: *confirmer ses premi\u00e8res connaissances et comp\u00e9tences par le CAPa , c&rsquo;est &hellip;","og_url":"https:\/\/mfr-reunion.re\/index.php\/capa-agriculture-des-regions-chaudes\/","og_site_name":"Les MFR DE LA REUNION","article_modified_time":"2024-01-25T11:53:19+00:00","og_image":[{"url":"http:\/\/rfcakqo.cluster031.hosting.ovh.net\/admin\/wp-content\/uploads\/2022\/04\/tracteur.jpg"}],"twitter_card":"summary_large_image","twitter_misc":{"Dur\u00e9e de lecture estim\u00e9e":"2 minutes"},"schema":{"@context":"https:\/\/schema.org","@graph":[{"@type":"WebSite","@id":"https:\/\/mfr-reunion.re\/#website","url":"https:\/\/mfr-reunion.re\/","name":"Les MFR DE LA REUNION","description":"","potentialAction":[{"@type":"SearchAction","target":{"@type":"EntryPoint","urlTemplate":"https:\/\/mfr-reunion.re\/?s={search_term_string}"},"query-input":"required name=search_term_string"}],"inLanguage":"fr-FR"},{"@type":"ImageObject","@id":"https:\/\/mfr-reunion.re\/index.php\/capa-agriculture-des-regions-chaudes\/#primaryimage","inLanguage":"fr-FR","url":"http:\/\/rfcakqo.cluster031.hosting.ovh.net\/admin\/wp-content\/uploads\/2022\/04\/tracteur.jpg","contentUrl":"http:\/\/rfcakqo.cluster031.hosting.ovh.net\/admin\/wp-content\/uploads\/2022\/04\/tracteur.jpg"},{"@type":"WebPage","@id":"https:\/\/mfr-reunion.re\/index.php\/capa-agriculture-des-regions-chaudes\/#webpage","url":"https:\/\/mfr-reunion.re\/index.php\/capa-agriculture-des-regions-chaudes\/","name":"CAPa Agriculture des R\u00e9gions Chaudes - Les MFR DE LA REUNION","isPartOf":{"@id":"https:\/\/mfr-reunion.re\/#website"},"primaryImageOfPage":{"@id":"https:\/\/mfr-reunion.re\/index.php\/capa-agriculture-des-regions-chaudes\/#primaryimage"},"datePublished":"2022-04-21T11:40:43+00:00","dateModified":"2024-01-25T11:53:19+00:00","breadcrumb":{"@id":"https:\/\/mfr-reunion.re\/index.php\/capa-agriculture-des-regions-chaudes\/#breadcrumb"},"inLanguage":"fr-FR","potentialAction":[{"@type":"ReadAction","target":["https:\/\/mfr-reunion.re\/index.php\/capa-agriculture-des-regions-chaudes\/"]}]},{"@type":"BreadcrumbList","@id":"https:\/\/mfr-reunion.re\/index.php\/capa-agriculture-des-regions-chaudes\/#breadcrumb","itemListElement":[{"@type":"ListItem","position":1,"name":"Accueil","item":"https:\/\/mfr-reunion.re\/"},{"@type":"ListItem","position":2,"name":"CAPa Agriculture des R\u00e9gions Chaudes"}]}]}},"_links":{"self":[{"href":"https:\/\/mfr-reunion.re\/index.php\/wp-json\/wp\/v2\/pages\/287","targetHints":{"allow":["GET"]}}],"collection":[{"href":"https:\/\/mfr-reunion.re\/index.php\/wp-json\/wp\/v2\/pages"}],"about":[{"href":"https:\/\/mfr-reunion.re\/index.php\/wp-json\/wp\/v2\/types\/page"}],"author":[{"embeddable":true,"href":"https:\/\/mfr-reunion.re\/index.php\/wp-json\/wp\/v2\/users\/1"}],"replies":[{"embeddable":true,"href":"https:\/\/mfr-reunion.re\/index.php\/wp-json\/wp\/v2\/comments?post=287"}],"version-history":[{"count":10,"href":"https:\/\/mfr-reunion.re\/index.php\/wp-json\/wp\/v2\/pages\/287\/revisions"}],"predecessor-version":[{"id":547,"href":"https:\/\/mfr-reunion.re\/index.php\/wp-json\/wp\/v2\/pages\/287\/revisions\/547"}],"wp:attachment":[{"href":"https:\/\/mfr-reunion.re\/index.php\/wp-json\/wp\/v2\/media?parent=287"}],"curies":[{"name":"wp","href":"https:\/\/api.w.org\/{rel}","templated":true}]}}