{"id":301,"date":"2022-04-21T14:18:47","date_gmt":"2022-04-21T12:18:47","guid":{"rendered":"http:\/\/rfcakqo.cluster031.hosting.ovh.net\/admin\/?page_id=301"},"modified":"2024-01-25T12:55:42","modified_gmt":"2024-01-25T11:55:42","slug":"bac-pro-technicien-conseil-vente-univers-jardinerie","status":"publish","type":"page","link":"https:\/\/mfr-reunion.re\/index.php\/bac-pro-technicien-conseil-vente-univers-jardinerie\/","title":{"rendered":"BAC PRO Technicien Conseil vente Univers Jardinerie"},"content":{"rendered":"\n<p class=\"has-nv-dark-bg-color has-text-color has-large-font-size\">Une formation qui permet de construire un plan de carri\u00e8re en s&rsquo;appuyant sur des exp\u00e9riences de stage.<\/p>\n\n\n\n<div class=\"wp-block-columns is-layout-flex wp-container-core-columns-is-layout-9d6595d7 wp-block-columns-is-layout-flex\">\n<div class=\"wp-block-column is-layout-flow wp-block-column-is-layout-flow\">\n<figure class=\"wp-block-image size-large\"><img loading=\"lazy\" decoding=\"async\" width=\"686\" height=\"1024\" src=\"http:\/\/rfcakqo.cluster031.hosting.ovh.net\/admin\/wp-content\/uploads\/2022\/04\/fleche-686x1024.jpg\" alt=\"\" class=\"wp-image-302\" srcset=\"https:\/\/mfr-reunion.re\/wp-content\/uploads\/2022\/04\/fleche-686x1024.jpg 686w, https:\/\/mfr-reunion.re\/wp-content\/uploads\/2022\/04\/fleche-201x300.jpg 201w, https:\/\/mfr-reunion.re\/wp-content\/uploads\/2022\/04\/fleche-768x1147.jpg 768w, https:\/\/mfr-reunion.re\/wp-content\/uploads\/2022\/04\/fleche.jpg 800w\" sizes=\"auto, (max-width: 686px) 100vw, 686px\" \/><\/figure>\n<\/div>\n\n\n\n<div class=\"wp-block-column is-layout-flow wp-block-column-is-layout-flow\">\n<h2 class=\"wp-block-heading\">Admission :<\/h2>\n\n\n\n<ul class=\"has-nv-dark-bg-color has-text-color has-medium-font-size wp-block-list\">\n<li>Entr\u00e9e en seconde apr\u00e8s une 3 \u00e8me<\/li>\n<\/ul>\n\n\n\n<ul class=\"has-nv-dark-bg-color has-text-color has-medium-font-size wp-block-list\">\n<li>Entr\u00e9e en premi\u00e8re apr\u00e8s un CAP, un CAPa, une seconde, une premi\u00e8re ou une terminale<\/li>\n<\/ul>\n\n\n\n<h2 class=\"wp-block-heading\">Rythme :<\/h2>\n\n\n\n<p class=\"has-nv-dark-bg-color has-text-color has-medium-font-size\">Sur une dur\u00e9e de 3 ans :<\/p>\n\n\n\n<p class=\"has-nv-dark-bg-color has-text-color has-medium-font-size\">*seconde : 23 semaines en structure\/17 semaines \u00e0 la MFR<\/p>\n\n\n\n<ul class=\"has-nv-dark-bg-color has-text-color has-medium-font-size wp-block-list\">\n<li>Premi\u00e8re: 22 semaines en structure\/18 semaines \u00e0 la MFR<\/li>\n\n\n\n<li>Terminale 20 semaines en structure\/ 20 semaines \u00e0 la MFR<\/li>\n<\/ul>\n\n\n\n<p class=\"has-nv-dark-bg-color has-text-color has-medium-font-size\">Avec le rythme d&rsquo;alternance suivant: 1 semaine \u00e0 la MFR et 1 semaine en entreprise<\/p>\n<\/div>\n<\/div>\n\n\n\n<h2 class=\"wp-block-heading\">Les modules professionnels :<\/h2>\n\n\n\n<ul class=\"has-nv-dark-bg-color has-text-color has-medium-font-size wp-block-list\">\n<li>Economie gestion d&rsquo;entreprise<\/li>\n\n\n\n<li>Techniques de vente et marchandisage<\/li>\n\n\n\n<li>mercatique<\/li>\n\n\n\n<li>Gestion commerciale<\/li>\n\n\n\n<li>Ecologie\/ biologie<\/li>\n\n\n\n<li>Techniques horticoles<\/li>\n\n\n\n<li>Connaissance des v\u00e9g\u00e9taux<\/li>\n<\/ul>\n\n\n\n<h2 class=\"wp-block-heading\">Les modules g\u00e9n\u00e9raux:<\/h2>\n\n\n\n<p class=\"has-nv-dark-bg-color has-text-color has-medium-font-size\">Fran\u00e7ais, anglais, monde contemporain, Education socioculturelle, E.P.S, informatique<\/p>\n\n\n\n<div class=\"wp-block-columns is-layout-flex wp-container-core-columns-is-layout-9d6595d7 wp-block-columns-is-layout-flex\">\n<div class=\"wp-block-column is-layout-flow wp-block-column-is-layout-flow\">\n<figure class=\"wp-block-image size-full\"><img loading=\"lazy\" decoding=\"async\" width=\"800\" height=\"533\" src=\"http:\/\/rfcakqo.cluster031.hosting.ovh.net\/admin\/wp-content\/uploads\/2022\/04\/jardin.jpg\" alt=\"\" class=\"wp-image-303\" srcset=\"https:\/\/mfr-reunion.re\/wp-content\/uploads\/2022\/04\/jardin.jpg 800w, https:\/\/mfr-reunion.re\/wp-content\/uploads\/2022\/04\/jardin-300x200.jpg 300w, https:\/\/mfr-reunion.re\/wp-content\/uploads\/2022\/04\/jardin-768x512.jpg 768w\" sizes=\"auto, (max-width: 800px) 100vw, 800px\" \/><\/figure>\n<\/div>\n\n\n\n<div class=\"wp-block-column is-layout-flow wp-block-column-is-layout-flow\">\n<h2 class=\"wp-block-heading\">Poursuite de formation:<\/h2>\n\n\n\n<p class=\"has-nv-dark-bg-color has-text-color has-medium-font-size\">BTSA Technico- commercial Jardins V\u00e9g\u00e9taux d&rsquo;Ornements<\/p>\n<\/div>\n<\/div>\n\n\n\n<h2 class=\"wp-block-heading\">Disponible \u00e0 la MFR:<\/h2>\n\n\n\n<div class=\"wp-block-columns is-layout-flex wp-container-core-columns-is-layout-9d6595d7 wp-block-columns-is-layout-flex\">\n<div class=\"wp-block-column is-layout-flow wp-block-column-is-layout-flow\">\n<figure class=\"wp-block-image size-full\"><img loading=\"lazy\" decoding=\"async\" width=\"294\" height=\"288\" src=\"http:\/\/rfcakqo.cluster031.hosting.ovh.net\/admin\/wp-content\/uploads\/2022\/03\/est.jpg\" alt=\"\" class=\"wp-image-251\"\/><\/figure>\n<\/div>\n\n\n\n<div class=\"wp-block-column is-layout-flow wp-block-column-is-layout-flow\">\n<figure class=\"wp-block-image size-large\"><img loading=\"lazy\" decoding=\"async\" width=\"726\" height=\"1024\" src=\"http:\/\/rfcakqo.cluster031.hosting.ovh.net\/admin\/wp-content\/uploads\/2022\/04\/capa-arc-726x1024.jpg\" alt=\"\" class=\"wp-image-288\" srcset=\"https:\/\/mfr-reunion.re\/wp-content\/uploads\/2022\/04\/capa-arc-726x1024.jpg 726w, https:\/\/mfr-reunion.re\/wp-content\/uploads\/2022\/04\/capa-arc-213x300.jpg 213w, https:\/\/mfr-reunion.re\/wp-content\/uploads\/2022\/04\/capa-arc-768x1083.jpg 768w, https:\/\/mfr-reunion.re\/wp-content\/uploads\/2022\/04\/capa-arc.jpg 843w\" sizes=\"auto, (max-width: 726px) 100vw, 726px\" \/><\/figure>\n\n\n\n<div class=\"wp-block-buttons is-layout-flex wp-block-buttons-is-layout-flex\">\n<div class=\"wp-block-button is-style-primary\"><a class=\"wp-block-button__link wp-element-button\" href=\"https:\/\/forms.office.com\/Pages\/ResponsePage.aspx?id=DYRf5BtVrUeqsCQKkMRah1fL64GPKARCm_Sz8V_gO31UMjVCQTJQNlZLMjc3VDJZNTM5M1VQNlJaNC4u\">CONTACTEZ -NOUS<\/a><\/div>\n<\/div>\n<\/div>\n<\/div>\n","protected":false},"excerpt":{"rendered":"<p>Une formation qui permet de construire un plan de carri\u00e8re en s&rsquo;appuyant sur des exp\u00e9riences de stage. Admission : Rythme : Sur une dur\u00e9e de 3 ans : *seconde : 23 semaines en structure\/17 semaines \u00e0 la MFR Avec le rythme d&rsquo;alternance suivant: 1 semaine \u00e0 la MFR et 1 semaine en entreprise Les modules &hellip; <\/p>\n","protected":false},"author":1,"featured_media":0,"parent":0,"menu_order":0,"comment_status":"closed","ping_status":"closed","template":"","meta":{"footnotes":""},"class_list":["post-301","page","type-page","status-publish","hentry"],"yoast_head":"<!-- This site is optimized with the Yoast SEO plugin v18.1 - https:\/\/yoast.com\/wordpress\/plugins\/seo\/ -->\n<title>BAC PRO Technicien Conseil vente Univers Jardinerie - Les MFR DE LA REUNION<\/title>\n<meta name=\"robots\" content=\"index, follow, max-snippet:-1, max-image-preview:large, max-video-preview:-1\" \/>\n<link rel=\"canonical\" href=\"https:\/\/mfr-reunion.re\/index.php\/bac-pro-technicien-conseil-vente-univers-jardinerie\/\" \/>\n<meta property=\"og:locale\" content=\"fr_FR\" \/>\n<meta property=\"og:type\" content=\"article\" \/>\n<meta property=\"og:title\" content=\"BAC PRO Technicien Conseil vente Univers Jardinerie - Les MFR DE LA REUNION\" \/>\n<meta property=\"og:description\" content=\"Une formation qui permet de construire un plan de carri\u00e8re en s&rsquo;appuyant sur des exp\u00e9riences de stage. Admission : Rythme : Sur une dur\u00e9e de 3 ans : *seconde : 23 semaines en structure\/17 semaines \u00e0 la MFR Avec le rythme d&rsquo;alternance suivant: 1 semaine \u00e0 la MFR et 1 semaine en entreprise Les modules &hellip;\" \/>\n<meta property=\"og:url\" content=\"https:\/\/mfr-reunion.re\/index.php\/bac-pro-technicien-conseil-vente-univers-jardinerie\/\" \/>\n<meta property=\"og:site_name\" content=\"Les MFR DE LA REUNION\" \/>\n<meta property=\"article:modified_time\" content=\"2024-01-25T11:55:42+00:00\" \/>\n<meta property=\"og:image\" content=\"http:\/\/rfcakqo.cluster031.hosting.ovh.net\/admin\/wp-content\/uploads\/2022\/04\/fleche-686x1024.jpg\" \/>\n<meta name=\"twitter:card\" content=\"summary_large_image\" \/>\n<meta name=\"twitter:label1\" content=\"Dur\u00e9e de lecture estim\u00e9e\" \/>\n\t<meta name=\"twitter:data1\" content=\"2 minutes\" \/>\n<script type=\"application\/ld+json\" class=\"yoast-schema-graph\">{\"@context\":\"https:\/\/schema.org\",\"@graph\":[{\"@type\":\"WebSite\",\"@id\":\"https:\/\/mfr-reunion.re\/#website\",\"url\":\"https:\/\/mfr-reunion.re\/\",\"name\":\"Les MFR DE LA REUNION\",\"description\":\"\",\"potentialAction\":[{\"@type\":\"SearchAction\",\"target\":{\"@type\":\"EntryPoint\",\"urlTemplate\":\"https:\/\/mfr-reunion.re\/?s={search_term_string}\"},\"query-input\":\"required name=search_term_string\"}],\"inLanguage\":\"fr-FR\"},{\"@type\":\"ImageObject\",\"@id\":\"https:\/\/mfr-reunion.re\/index.php\/bac-pro-technicien-conseil-vente-univers-jardinerie\/#primaryimage\",\"inLanguage\":\"fr-FR\",\"url\":\"http:\/\/rfcakqo.cluster031.hosting.ovh.net\/admin\/wp-content\/uploads\/2022\/04\/fleche-686x1024.jpg\",\"contentUrl\":\"http:\/\/rfcakqo.cluster031.hosting.ovh.net\/admin\/wp-content\/uploads\/2022\/04\/fleche-686x1024.jpg\"},{\"@type\":\"WebPage\",\"@id\":\"https:\/\/mfr-reunion.re\/index.php\/bac-pro-technicien-conseil-vente-univers-jardinerie\/#webpage\",\"url\":\"https:\/\/mfr-reunion.re\/index.php\/bac-pro-technicien-conseil-vente-univers-jardinerie\/\",\"name\":\"BAC PRO Technicien Conseil vente Univers Jardinerie - Les MFR DE LA REUNION\",\"isPartOf\":{\"@id\":\"https:\/\/mfr-reunion.re\/#website\"},\"primaryImageOfPage\":{\"@id\":\"https:\/\/mfr-reunion.re\/index.php\/bac-pro-technicien-conseil-vente-univers-jardinerie\/#primaryimage\"},\"datePublished\":\"2022-04-21T12:18:47+00:00\",\"dateModified\":\"2024-01-25T11:55:42+00:00\",\"breadcrumb\":{\"@id\":\"https:\/\/mfr-reunion.re\/index.php\/bac-pro-technicien-conseil-vente-univers-jardinerie\/#breadcrumb\"},\"inLanguage\":\"fr-FR\",\"potentialAction\":[{\"@type\":\"ReadAction\",\"target\":[\"https:\/\/mfr-reunion.re\/index.php\/bac-pro-technicien-conseil-vente-univers-jardinerie\/\"]}]},{\"@type\":\"BreadcrumbList\",\"@id\":\"https:\/\/mfr-reunion.re\/index.php\/bac-pro-technicien-conseil-vente-univers-jardinerie\/#breadcrumb\",\"itemListElement\":[{\"@type\":\"ListItem\",\"position\":1,\"name\":\"Accueil\",\"item\":\"https:\/\/mfr-reunion.re\/\"},{\"@type\":\"ListItem\",\"position\":2,\"name\":\"BAC PRO Technicien Conseil vente Univers Jardinerie\"}]}]}<\/script>\n<!-- \/ Yoast SEO plugin. -->","yoast_head_json":{"title":"BAC PRO Technicien Conseil vente Univers Jardinerie - Les MFR DE LA REUNION","robots":{"index":"index","follow":"follow","max-snippet":"max-snippet:-1","max-image-preview":"max-image-preview:large","max-video-preview":"max-video-preview:-1"},"canonical":"https:\/\/mfr-reunion.re\/index.php\/bac-pro-technicien-conseil-vente-univers-jardinerie\/","og_locale":"fr_FR","og_type":"article","og_title":"BAC PRO Technicien Conseil vente Univers Jardinerie - Les MFR DE LA REUNION","og_description":"Une formation qui permet de construire un plan de carri\u00e8re en s&rsquo;appuyant sur des exp\u00e9riences de stage. Admission : Rythme : Sur une dur\u00e9e de 3 ans : *seconde : 23 semaines en structure\/17 semaines \u00e0 la MFR Avec le rythme d&rsquo;alternance suivant: 1 semaine \u00e0 la MFR et 1 semaine en entreprise Les modules &hellip;","og_url":"https:\/\/mfr-reunion.re\/index.php\/bac-pro-technicien-conseil-vente-univers-jardinerie\/","og_site_name":"Les MFR DE LA REUNION","article_modified_time":"2024-01-25T11:55:42+00:00","og_image":[{"url":"http:\/\/rfcakqo.cluster031.hosting.ovh.net\/admin\/wp-content\/uploads\/2022\/04\/fleche-686x1024.jpg"}],"twitter_card":"summary_large_image","twitter_misc":{"Dur\u00e9e de lecture estim\u00e9e":"2 minutes"},"schema":{"@context":"https:\/\/schema.org","@graph":[{"@type":"WebSite","@id":"https:\/\/mfr-reunion.re\/#website","url":"https:\/\/mfr-reunion.re\/","name":"Les MFR DE LA REUNION","description":"","potentialAction":[{"@type":"SearchAction","target":{"@type":"EntryPoint","urlTemplate":"https:\/\/mfr-reunion.re\/?s={search_term_string}"},"query-input":"required name=search_term_string"}],"inLanguage":"fr-FR"},{"@type":"ImageObject","@id":"https:\/\/mfr-reunion.re\/index.php\/bac-pro-technicien-conseil-vente-univers-jardinerie\/#primaryimage","inLanguage":"fr-FR","url":"http:\/\/rfcakqo.cluster031.hosting.ovh.net\/admin\/wp-content\/uploads\/2022\/04\/fleche-686x1024.jpg","contentUrl":"http:\/\/rfcakqo.cluster031.hosting.ovh.net\/admin\/wp-content\/uploads\/2022\/04\/fleche-686x1024.jpg"},{"@type":"WebPage","@id":"https:\/\/mfr-reunion.re\/index.php\/bac-pro-technicien-conseil-vente-univers-jardinerie\/#webpage","url":"https:\/\/mfr-reunion.re\/index.php\/bac-pro-technicien-conseil-vente-univers-jardinerie\/","name":"BAC PRO Technicien Conseil vente Univers Jardinerie - Les MFR DE LA REUNION","isPartOf":{"@id":"https:\/\/mfr-reunion.re\/#website"},"primaryImageOfPage":{"@id":"https:\/\/mfr-reunion.re\/index.php\/bac-pro-technicien-conseil-vente-univers-jardinerie\/#primaryimage"},"datePublished":"2022-04-21T12:18:47+00:00","dateModified":"2024-01-25T11:55:42+00:00","breadcrumb":{"@id":"https:\/\/mfr-reunion.re\/index.php\/bac-pro-technicien-conseil-vente-univers-jardinerie\/#breadcrumb"},"inLanguage":"fr-FR","potentialAction":[{"@type":"ReadAction","target":["https:\/\/mfr-reunion.re\/index.php\/bac-pro-technicien-conseil-vente-univers-jardinerie\/"]}]},{"@type":"BreadcrumbList","@id":"https:\/\/mfr-reunion.re\/index.php\/bac-pro-technicien-conseil-vente-univers-jardinerie\/#breadcrumb","itemListElement":[{"@type":"ListItem","position":1,"name":"Accueil","item":"https:\/\/mfr-reunion.re\/"},{"@type":"ListItem","position":2,"name":"BAC PRO Technicien Conseil vente Univers Jardinerie"}]}]}},"_links":{"self":[{"href":"https:\/\/mfr-reunion.re\/index.php\/wp-json\/wp\/v2\/pages\/301","targetHints":{"allow":["GET"]}}],"collection":[{"href":"https:\/\/mfr-reunion.re\/index.php\/wp-json\/wp\/v2\/pages"}],"about":[{"href":"https:\/\/mfr-reunion.re\/index.php\/wp-json\/wp\/v2\/types\/page"}],"author":[{"embeddable":true,"href":"https:\/\/mfr-reunion.re\/index.php\/wp-json\/wp\/v2\/users\/1"}],"replies":[{"embeddable":true,"href":"https:\/\/mfr-reunion.re\/index.php\/wp-json\/wp\/v2\/comments?post=301"}],"version-history":[{"count":5,"href":"https:\/\/mfr-reunion.re\/index.php\/wp-json\/wp\/v2\/pages\/301\/revisions"}],"predecessor-version":[{"id":551,"href":"https:\/\/mfr-reunion.re\/index.php\/wp-json\/wp\/v2\/pages\/301\/revisions\/551"}],"wp:attachment":[{"href":"https:\/\/mfr-reunion.re\/index.php\/wp-json\/wp\/v2\/media?parent=301"}],"curies":[{"name":"wp","href":"https:\/\/api.w.org\/{rel}","templated":true}]}}