{"id":307,"date":"2022-04-21T14:34:51","date_gmt":"2022-04-21T12:34:51","guid":{"rendered":"http:\/\/rfcakqo.cluster031.hosting.ovh.net\/admin\/?page_id=307"},"modified":"2023-04-20T12:43:07","modified_gmt":"2023-04-20T10:43:07","slug":"capa-metiers-de-lagriculture","status":"publish","type":"page","link":"https:\/\/mfr-reunion.re\/index.php\/capa-metiers-de-lagriculture\/","title":{"rendered":"CAPa M\u00e9tiers de l&rsquo;Agriculture"},"content":{"rendered":"\n<div class=\"wp-block-columns is-layout-flex wp-container-core-columns-is-layout-9d6595d7 wp-block-columns-is-layout-flex\">\n<div class=\"wp-block-column is-layout-flow wp-block-column-is-layout-flow\">\n<figure class=\"wp-block-image size-large is-resized\"><img loading=\"lazy\" decoding=\"async\" src=\"http:\/\/rfcakqo.cluster031.hosting.ovh.net\/admin\/wp-content\/uploads\/2022\/07\/fse-run-1-1024x717.png\" alt=\"\" class=\"wp-image-426\" width=\"199\" height=\"139\" srcset=\"https:\/\/mfr-reunion.re\/wp-content\/uploads\/2022\/07\/fse-run-1-1024x717.png 1024w, https:\/\/mfr-reunion.re\/wp-content\/uploads\/2022\/07\/fse-run-1-300x210.png 300w, https:\/\/mfr-reunion.re\/wp-content\/uploads\/2022\/07\/fse-run-1-768x538.png 768w, https:\/\/mfr-reunion.re\/wp-content\/uploads\/2022\/07\/fse-run-1-86x60.png 86w, https:\/\/mfr-reunion.re\/wp-content\/uploads\/2022\/07\/fse-run-1.png 1182w\" sizes=\"auto, (max-width: 199px) 100vw, 199px\" \/><\/figure>\n<\/div>\n\n\n\n<div class=\"wp-block-column is-layout-flow wp-block-column-is-layout-flow\">\n<figure class=\"wp-block-image size-full is-resized\"><img loading=\"lazy\" decoding=\"async\" src=\"http:\/\/rfcakqo.cluster031.hosting.ovh.net\/admin\/wp-content\/uploads\/2022\/07\/ue-1.jpg\" alt=\"\" class=\"wp-image-427\" width=\"166\" height=\"129\" srcset=\"https:\/\/mfr-reunion.re\/wp-content\/uploads\/2022\/07\/ue-1.jpg 160w, https:\/\/mfr-reunion.re\/wp-content\/uploads\/2022\/07\/ue-1-77x60.jpg 77w\" sizes=\"auto, (max-width: 166px) 100vw, 166px\" \/><\/figure>\n<\/div>\n\n\n\n<div class=\"wp-block-column is-layout-flow wp-block-column-is-layout-flow\">\n<p>Ce projet est cofinanc\u00e9 par le Fonds social europ\u00e9en <\/p>\n\n\n\n<p>dans le cadre du PO FSE <\/p>\n\n\n\n<p>La R\u00e9union 2014-2020<\/p>\n<\/div>\n<\/div>\n\n\n\n<p class=\"has-nv-dark-bg-color has-text-color has-medium-font-size\">Une formation qui permet de construire un projet agricole en s&rsquo;appuyant sur des exp\u00e9riences de stage.<\/p>\n\n\n\n<div class=\"wp-block-columns is-layout-flex wp-container-core-columns-is-layout-9d6595d7 wp-block-columns-is-layout-flex\">\n<div class=\"wp-block-column is-layout-flow wp-block-column-is-layout-flow\">\n<figure class=\"wp-block-image size-full\"><img loading=\"lazy\" decoding=\"async\" width=\"800\" height=\"532\" src=\"http:\/\/rfcakqo.cluster031.hosting.ovh.net\/admin\/wp-content\/uploads\/2022\/04\/paysage.jpg\" alt=\"\" class=\"wp-image-308\" srcset=\"https:\/\/mfr-reunion.re\/wp-content\/uploads\/2022\/04\/paysage.jpg 800w, https:\/\/mfr-reunion.re\/wp-content\/uploads\/2022\/04\/paysage-300x200.jpg 300w, https:\/\/mfr-reunion.re\/wp-content\/uploads\/2022\/04\/paysage-768x511.jpg 768w\" sizes=\"auto, (max-width: 800px) 100vw, 800px\" \/><\/figure>\n<\/div>\n\n\n\n<div class=\"wp-block-column is-layout-flow wp-block-column-is-layout-flow\">\n<h2 class=\"wp-block-heading\">Admission:<\/h2>\n\n\n\n<ul class=\"has-nv-dark-bg-color has-text-color has-medium-font-size wp-block-list\">\n<li>Apr\u00e8s une 3\u00e8me de coll\u00e8ge<\/li>\n\n\n\n<li>Apr\u00e8s une 3\u00e8me d&rsquo;alternance<\/li>\n<\/ul>\n<\/div>\n<\/div>\n\n\n\n<h2 class=\"wp-block-heading\">Les objectifs:<\/h2>\n\n\n\n<ul class=\"has-nv-dark-bg-color has-text-color has-medium-font-size wp-block-list\">\n<li>Confirmer ses premi\u00e8res connaissances et comp\u00e9tences par le CAPa, c&rsquo;est s&rsquo;ouvrir \u00e0 la poursuite de formation et \u00e0 des emplois divers et vari\u00e9s: salari\u00e9s d&rsquo;exploitations agricoles en productions v\u00e9g\u00e9tales: mara\u00eechage, productions v\u00e9g\u00e9tales, p\u00e9pini\u00e8res<\/li>\n<\/ul>\n\n\n\n<h2 class=\"wp-block-heading\">Rythme: <\/h2>\n\n\n\n<p class=\"has-nv-dark-bg-color has-text-color has-medium-font-size\">2 ans de formation en alternance  dont 13 semaines\/an de cours et d&rsquo;ateliers<\/p>\n\n\n\n<h2 class=\"wp-block-heading\">les modules professionnels<\/h2>\n\n\n\n<ul class=\"has-nv-dark-bg-color has-text-color has-medium-font-size wp-block-list\">\n<li>Sciences et techniques agricoles<\/li>\n\n\n\n<li>Productions v\u00e9g\u00e9tales: mara\u00eech\u00e8res, p\u00e9pini\u00e8res et productions florales<\/li>\n\n\n\n<li>Sciences et techniques agronomiques<\/li>\n\n\n\n<li>Entretien des espaces<\/li>\n<\/ul>\n\n\n\n<h2 class=\"wp-block-heading\">Les modules g\u00e9n\u00e9raux<\/h2>\n\n\n\n<p class=\"has-nv-dark-bg-color has-text-color has-medium-font-size\">Fran\u00e7ais, Math\u00e9matiques, histoire-G\u00e9ographie, anglais, E.P.S, informatique<\/p>\n\n\n\n<div class=\"wp-block-columns is-layout-flex wp-container-core-columns-is-layout-9d6595d7 wp-block-columns-is-layout-flex\">\n<div class=\"wp-block-column is-layout-flow wp-block-column-is-layout-flow\">\n<figure class=\"wp-block-image size-full\"><img loading=\"lazy\" decoding=\"async\" width=\"800\" height=\"533\" src=\"http:\/\/rfcakqo.cluster031.hosting.ovh.net\/admin\/wp-content\/uploads\/2022\/04\/tracteur-1.jpg\" alt=\"\" class=\"wp-image-309\" srcset=\"https:\/\/mfr-reunion.re\/wp-content\/uploads\/2022\/04\/tracteur-1.jpg 800w, https:\/\/mfr-reunion.re\/wp-content\/uploads\/2022\/04\/tracteur-1-300x200.jpg 300w, https:\/\/mfr-reunion.re\/wp-content\/uploads\/2022\/04\/tracteur-1-768x512.jpg 768w\" sizes=\"auto, (max-width: 800px) 100vw, 800px\" \/><\/figure>\n<\/div>\n\n\n\n<div class=\"wp-block-column is-layout-flow wp-block-column-is-layout-flow\">\n<h2 class=\"wp-block-heading\">Stages professionnels<\/h2>\n\n\n\n<ul class=\"has-nv-dark-bg-color has-text-color has-medium-font-size wp-block-list\">\n<li>Exploitations agricoles<\/li>\n\n\n\n<li>E.T.A<\/li>\n\n\n\n<li>C.U.M.A<\/li>\n\n\n\n<li>Stage pr\u00e9paratoire \u00e0 l&rsquo;orientation<\/li>\n<\/ul>\n\n\n\n<p><\/p>\n<\/div>\n<\/div>\n\n\n\n<h2 class=\"wp-block-heading\">Poursuite de formation:<\/h2>\n\n\n\n<p class=\"has-nv-dark-bg-color has-text-color has-medium-font-size\">BAC PRO, CQP, CACES,&#8230;<\/p>\n\n\n\n<h2 class=\"wp-block-heading\">Disponible \u00e0 :<\/h2>\n\n\n\n<div class=\"wp-block-columns is-layout-flex wp-container-core-columns-is-layout-9d6595d7 wp-block-columns-is-layout-flex\">\n<div class=\"wp-block-column is-layout-flow wp-block-column-is-layout-flow\">\n<figure class=\"wp-block-image size-full\"><img loading=\"lazy\" decoding=\"async\" width=\"294\" height=\"288\" src=\"http:\/\/rfcakqo.cluster031.hosting.ovh.net\/admin\/wp-content\/uploads\/2022\/03\/est.jpg\" alt=\"\" class=\"wp-image-251\"\/><\/figure>\n<\/div>\n\n\n\n<div class=\"wp-block-column is-layout-flow wp-block-column-is-layout-flow\">\n<figure class=\"wp-block-image size-full\"><img loading=\"lazy\" decoding=\"async\" width=\"300\" height=\"281\" src=\"http:\/\/rfcakqo.cluster031.hosting.ovh.net\/admin\/wp-content\/uploads\/2022\/03\/stp.jpg\" alt=\"\" class=\"wp-image-255\"\/><\/figure>\n<\/div>\n<\/div>\n\n\n\n<div class=\"wp-block-columns is-layout-flex wp-container-core-columns-is-layout-9d6595d7 wp-block-columns-is-layout-flex\">\n<div class=\"wp-block-column is-layout-flow wp-block-column-is-layout-flow\">\n<div class=\"wp-block-buttons is-layout-flex wp-block-buttons-is-layout-flex\">\n<div class=\"wp-block-button is-style-primary\"><a class=\"wp-block-button__link wp-element-button\">CONTACTEZ- NOUS<\/a><\/div>\n<\/div>\n<\/div>\n\n\n\n<div class=\"wp-block-column is-layout-flow wp-block-column-is-layout-flow\">\n<div class=\"wp-block-buttons is-layout-flex wp-block-buttons-is-layout-flex\">\n<div class=\"wp-block-button is-style-primary\"><a class=\"wp-block-button__link wp-element-button\" href=\"https:\/\/forms.office.com\/Pages\/ResponsePage.aspx?id=DYRf5BtVrUeqsCQKkMRahwYido5JvXBMkNfn3LHo369UQ0czSDVZR0RDSlUwUlkxUlpOVlYzUkw0Ny4u\">CONTACTEZ-NOUS<\/a><\/div>\n<\/div>\n<\/div>\n<\/div>\n","protected":false},"excerpt":{"rendered":"<p>Ce projet est cofinanc\u00e9 par le Fonds social europ\u00e9en dans le cadre du PO FSE La R\u00e9union 2014-2020 Une formation qui permet de construire un projet agricole en s&rsquo;appuyant sur des exp\u00e9riences de stage. Admission: Les objectifs: Rythme: 2 ans de formation en alternance dont 13 semaines\/an de cours et d&rsquo;ateliers les modules professionnels Les &hellip; <\/p>\n","protected":false},"author":1,"featured_media":0,"parent":0,"menu_order":0,"comment_status":"closed","ping_status":"closed","template":"","meta":{"footnotes":""},"class_list":["post-307","page","type-page","status-publish","hentry"],"yoast_head":"<!-- This site is optimized with the Yoast SEO plugin v18.1 - https:\/\/yoast.com\/wordpress\/plugins\/seo\/ -->\n<title>CAPa M\u00e9tiers de l&#039;Agriculture - Les MFR DE LA REUNION<\/title>\n<meta name=\"robots\" content=\"index, follow, max-snippet:-1, max-image-preview:large, max-video-preview:-1\" \/>\n<link rel=\"canonical\" href=\"https:\/\/mfr-reunion.re\/index.php\/capa-metiers-de-lagriculture\/\" \/>\n<meta property=\"og:locale\" content=\"fr_FR\" \/>\n<meta property=\"og:type\" content=\"article\" \/>\n<meta property=\"og:title\" content=\"CAPa M\u00e9tiers de l&#039;Agriculture - Les MFR DE LA REUNION\" \/>\n<meta property=\"og:description\" content=\"Ce projet est cofinanc\u00e9 par le Fonds social europ\u00e9en dans le cadre du PO FSE La R\u00e9union 2014-2020 Une formation qui permet de construire un projet agricole en s&rsquo;appuyant sur des exp\u00e9riences de stage. Admission: Les objectifs: Rythme: 2 ans de formation en alternance dont 13 semaines\/an de cours et d&rsquo;ateliers les modules professionnels Les &hellip;\" \/>\n<meta property=\"og:url\" content=\"https:\/\/mfr-reunion.re\/index.php\/capa-metiers-de-lagriculture\/\" \/>\n<meta property=\"og:site_name\" content=\"Les MFR DE LA REUNION\" \/>\n<meta property=\"article:modified_time\" content=\"2023-04-20T10:43:07+00:00\" \/>\n<meta property=\"og:image\" content=\"http:\/\/rfcakqo.cluster031.hosting.ovh.net\/admin\/wp-content\/uploads\/2022\/07\/fse-run-1-1024x717.png\" \/>\n<meta name=\"twitter:card\" content=\"summary_large_image\" \/>\n<meta name=\"twitter:label1\" content=\"Dur\u00e9e de lecture estim\u00e9e\" \/>\n\t<meta name=\"twitter:data1\" content=\"2 minutes\" \/>\n<script type=\"application\/ld+json\" class=\"yoast-schema-graph\">{\"@context\":\"https:\/\/schema.org\",\"@graph\":[{\"@type\":\"WebSite\",\"@id\":\"https:\/\/mfr-reunion.re\/#website\",\"url\":\"https:\/\/mfr-reunion.re\/\",\"name\":\"Les MFR DE LA REUNION\",\"description\":\"\",\"potentialAction\":[{\"@type\":\"SearchAction\",\"target\":{\"@type\":\"EntryPoint\",\"urlTemplate\":\"https:\/\/mfr-reunion.re\/?s={search_term_string}\"},\"query-input\":\"required name=search_term_string\"}],\"inLanguage\":\"fr-FR\"},{\"@type\":\"ImageObject\",\"@id\":\"https:\/\/mfr-reunion.re\/index.php\/capa-metiers-de-lagriculture\/#primaryimage\",\"inLanguage\":\"fr-FR\",\"url\":\"http:\/\/rfcakqo.cluster031.hosting.ovh.net\/admin\/wp-content\/uploads\/2022\/07\/fse-run-1-1024x717.png\",\"contentUrl\":\"http:\/\/rfcakqo.cluster031.hosting.ovh.net\/admin\/wp-content\/uploads\/2022\/07\/fse-run-1-1024x717.png\"},{\"@type\":\"WebPage\",\"@id\":\"https:\/\/mfr-reunion.re\/index.php\/capa-metiers-de-lagriculture\/#webpage\",\"url\":\"https:\/\/mfr-reunion.re\/index.php\/capa-metiers-de-lagriculture\/\",\"name\":\"CAPa M\u00e9tiers de l'Agriculture - Les MFR DE LA REUNION\",\"isPartOf\":{\"@id\":\"https:\/\/mfr-reunion.re\/#website\"},\"primaryImageOfPage\":{\"@id\":\"https:\/\/mfr-reunion.re\/index.php\/capa-metiers-de-lagriculture\/#primaryimage\"},\"datePublished\":\"2022-04-21T12:34:51+00:00\",\"dateModified\":\"2023-04-20T10:43:07+00:00\",\"breadcrumb\":{\"@id\":\"https:\/\/mfr-reunion.re\/index.php\/capa-metiers-de-lagriculture\/#breadcrumb\"},\"inLanguage\":\"fr-FR\",\"potentialAction\":[{\"@type\":\"ReadAction\",\"target\":[\"https:\/\/mfr-reunion.re\/index.php\/capa-metiers-de-lagriculture\/\"]}]},{\"@type\":\"BreadcrumbList\",\"@id\":\"https:\/\/mfr-reunion.re\/index.php\/capa-metiers-de-lagriculture\/#breadcrumb\",\"itemListElement\":[{\"@type\":\"ListItem\",\"position\":1,\"name\":\"Accueil\",\"item\":\"https:\/\/mfr-reunion.re\/\"},{\"@type\":\"ListItem\",\"position\":2,\"name\":\"CAPa M\u00e9tiers de l&rsquo;Agriculture\"}]}]}<\/script>\n<!-- \/ Yoast SEO plugin. -->","yoast_head_json":{"title":"CAPa M\u00e9tiers de l'Agriculture - Les MFR DE LA REUNION","robots":{"index":"index","follow":"follow","max-snippet":"max-snippet:-1","max-image-preview":"max-image-preview:large","max-video-preview":"max-video-preview:-1"},"canonical":"https:\/\/mfr-reunion.re\/index.php\/capa-metiers-de-lagriculture\/","og_locale":"fr_FR","og_type":"article","og_title":"CAPa M\u00e9tiers de l'Agriculture - Les MFR DE LA REUNION","og_description":"Ce projet est cofinanc\u00e9 par le Fonds social europ\u00e9en dans le cadre du PO FSE La R\u00e9union 2014-2020 Une formation qui permet de construire un projet agricole en s&rsquo;appuyant sur des exp\u00e9riences de stage. Admission: Les objectifs: Rythme: 2 ans de formation en alternance dont 13 semaines\/an de cours et d&rsquo;ateliers les modules professionnels Les &hellip;","og_url":"https:\/\/mfr-reunion.re\/index.php\/capa-metiers-de-lagriculture\/","og_site_name":"Les MFR DE LA REUNION","article_modified_time":"2023-04-20T10:43:07+00:00","og_image":[{"url":"http:\/\/rfcakqo.cluster031.hosting.ovh.net\/admin\/wp-content\/uploads\/2022\/07\/fse-run-1-1024x717.png"}],"twitter_card":"summary_large_image","twitter_misc":{"Dur\u00e9e de lecture estim\u00e9e":"2 minutes"},"schema":{"@context":"https:\/\/schema.org","@graph":[{"@type":"WebSite","@id":"https:\/\/mfr-reunion.re\/#website","url":"https:\/\/mfr-reunion.re\/","name":"Les MFR DE LA REUNION","description":"","potentialAction":[{"@type":"SearchAction","target":{"@type":"EntryPoint","urlTemplate":"https:\/\/mfr-reunion.re\/?s={search_term_string}"},"query-input":"required name=search_term_string"}],"inLanguage":"fr-FR"},{"@type":"ImageObject","@id":"https:\/\/mfr-reunion.re\/index.php\/capa-metiers-de-lagriculture\/#primaryimage","inLanguage":"fr-FR","url":"http:\/\/rfcakqo.cluster031.hosting.ovh.net\/admin\/wp-content\/uploads\/2022\/07\/fse-run-1-1024x717.png","contentUrl":"http:\/\/rfcakqo.cluster031.hosting.ovh.net\/admin\/wp-content\/uploads\/2022\/07\/fse-run-1-1024x717.png"},{"@type":"WebPage","@id":"https:\/\/mfr-reunion.re\/index.php\/capa-metiers-de-lagriculture\/#webpage","url":"https:\/\/mfr-reunion.re\/index.php\/capa-metiers-de-lagriculture\/","name":"CAPa M\u00e9tiers de l'Agriculture - Les MFR DE LA REUNION","isPartOf":{"@id":"https:\/\/mfr-reunion.re\/#website"},"primaryImageOfPage":{"@id":"https:\/\/mfr-reunion.re\/index.php\/capa-metiers-de-lagriculture\/#primaryimage"},"datePublished":"2022-04-21T12:34:51+00:00","dateModified":"2023-04-20T10:43:07+00:00","breadcrumb":{"@id":"https:\/\/mfr-reunion.re\/index.php\/capa-metiers-de-lagriculture\/#breadcrumb"},"inLanguage":"fr-FR","potentialAction":[{"@type":"ReadAction","target":["https:\/\/mfr-reunion.re\/index.php\/capa-metiers-de-lagriculture\/"]}]},{"@type":"BreadcrumbList","@id":"https:\/\/mfr-reunion.re\/index.php\/capa-metiers-de-lagriculture\/#breadcrumb","itemListElement":[{"@type":"ListItem","position":1,"name":"Accueil","item":"https:\/\/mfr-reunion.re\/"},{"@type":"ListItem","position":2,"name":"CAPa M\u00e9tiers de l&rsquo;Agriculture"}]}]}},"_links":{"self":[{"href":"https:\/\/mfr-reunion.re\/index.php\/wp-json\/wp\/v2\/pages\/307","targetHints":{"allow":["GET"]}}],"collection":[{"href":"https:\/\/mfr-reunion.re\/index.php\/wp-json\/wp\/v2\/pages"}],"about":[{"href":"https:\/\/mfr-reunion.re\/index.php\/wp-json\/wp\/v2\/types\/page"}],"author":[{"embeddable":true,"href":"https:\/\/mfr-reunion.re\/index.php\/wp-json\/wp\/v2\/users\/1"}],"replies":[{"embeddable":true,"href":"https:\/\/mfr-reunion.re\/index.php\/wp-json\/wp\/v2\/comments?post=307"}],"version-history":[{"count":4,"href":"https:\/\/mfr-reunion.re\/index.php\/wp-json\/wp\/v2\/pages\/307\/revisions"}],"predecessor-version":[{"id":517,"href":"https:\/\/mfr-reunion.re\/index.php\/wp-json\/wp\/v2\/pages\/307\/revisions\/517"}],"wp:attachment":[{"href":"https:\/\/mfr-reunion.re\/index.php\/wp-json\/wp\/v2\/media?parent=307"}],"curies":[{"name":"wp","href":"https:\/\/api.w.org\/{rel}","templated":true}]}}