{"id":314,"date":"2022-04-29T11:59:05","date_gmt":"2022-04-29T09:59:05","guid":{"rendered":"http:\/\/rfcakqo.cluster031.hosting.ovh.net\/admin\/?page_id=314"},"modified":"2024-02-12T11:39:02","modified_gmt":"2024-02-12T10:39:02","slug":"capa-service-aux-personnes-et-vente-en-espace-rural","status":"publish","type":"page","link":"https:\/\/mfr-reunion.re\/index.php\/capa-service-aux-personnes-et-vente-en-espace-rural\/","title":{"rendered":"CAPa Service Aux Personnes et Vente en Espace Rural"},"content":{"rendered":"\n<h2 class=\"wp-block-heading\">Objectifs de la formation<\/h2>\n\n\n\n<p class=\"has-nv-dark-bg-color has-text-color has-medium-font-size\">Acc\u00e9der \u00e0 une qualification professionnelle dans les domaines :<\/p>\n\n\n\n<h4 class=\"wp-block-heading\">Du service aux personnes :<\/h4>\n\n\n\n<p class=\"has-nv-dark-bg-color has-text-color has-medium-font-size\">Seconder des personnes (enfants, personnes \u00e2g\u00e9es, malades, personnes d\u00e9pendantes\u2026) dans leurs t\u00e2ches quotidiennes : alimentation, habillage, hygi\u00e8ne des personnes et des locaux, accueil\u2026<\/p>\n\n\n\n<h4 class=\"wp-block-heading\">De l\u2019accueil et\/ou de la vente :<\/h4>\n\n\n\n<p class=\"has-nv-dark-bg-color has-text-color has-medium-font-size\">Assurer des activit\u00e9s d\u2019accueil et\/ou de vente dans des commerces.<br>De la restauration et du tourisme rural : assurer des activit\u00e9s d\u2019accueil dans des h\u00f4tels des restaurants, des exploitations agricoles (chambres\/tables d\u2019h\u00f4tes)\u2026<\/p>\n\n\n\n<h2 class=\"wp-block-heading\">Organisation<\/h2>\n\n\n\n<p class=\"has-nv-dark-bg-color has-text-color has-medium-font-size\">Formation par alternance sous statut scolaire avec :<\/p>\n\n\n\n<h4 class=\"wp-block-heading\">27 semaines \u00e0 la Maison Familiale<\/h4>\n\n\n\n<p class=\"has-nv-dark-bg-color has-text-color has-medium-font-size\">Les cours prendront appui sur le v\u00e9cu des jeunes en stage, les visites de structures, les interventions de professionnels et les voyages d\u2019\u00e9tude<\/p>\n\n\n\n<h4 class=\"wp-block-heading\">36 semaines de stage en milieu professionnel<\/h4>\n\n\n\n<p class=\"has-nv-dark-bg-color has-text-color has-medium-font-size\">Dans les secteurs de la petite enfance (Assistante maternelle, cr\u00e8che, \u00e9cole maternelle), le secteur de la personne \u00e2g\u00e9e (foyer logement, maison de retraite, association d\u2019aide \u00e0 domicile), les commerces, les structures de type touristique pour :<\/p>\n\n\n\n<ul class=\"has-nv-dark-bg-color has-text-color has-medium-font-size wp-block-list\">\n<li>D\u00e9couvrir diff\u00e9rents milieux professionnels<\/li>\n\n\n\n<li>Acqu\u00e9rir des techniques professionnelles<\/li>\n\n\n\n<li>D\u00e9couvrir les besoins des personnes, des consommateurs<\/li>\n<\/ul>\n\n\n\n<div class=\"wp-block-columns is-layout-flex wp-container-core-columns-is-layout-9d6595d7 wp-block-columns-is-layout-flex\">\n<div class=\"wp-block-column is-layout-flow wp-block-column-is-layout-flow\">\n<h2 class=\"wp-block-heading\">Orientation<\/h2>\n\n\n\n<p class=\"has-nv-dark-bg-color has-text-color has-medium-font-size\">A la Maison familiale par alternance et sous statut scolaire<\/p>\n\n\n\n<ul class=\"has-nv-dark-bg-color has-text-color has-medium-font-size wp-block-list\">\n<li>Premi\u00e8re Bac Pro Services Aux Personnes et Aux Territoires<\/li>\n\n\n\n<li>Pr\u00e9paration concours<\/li>\n\n\n\n<li>Insertion Professionnelle<\/li>\n<\/ul>\n<\/div>\n\n\n\n<div class=\"wp-block-column is-layout-flow wp-block-column-is-layout-flow\">\n<figure class=\"wp-block-image size-full\"><img loading=\"lazy\" decoding=\"async\" width=\"800\" height=\"533\" src=\"http:\/\/rfcakqo.cluster031.hosting.ovh.net\/admin\/wp-content\/uploads\/2022\/04\/pa.jpg\" alt=\"\" class=\"wp-image-315\" srcset=\"https:\/\/mfr-reunion.re\/wp-content\/uploads\/2022\/04\/pa.jpg 800w, https:\/\/mfr-reunion.re\/wp-content\/uploads\/2022\/04\/pa-300x200.jpg 300w, https:\/\/mfr-reunion.re\/wp-content\/uploads\/2022\/04\/pa-768x512.jpg 768w\" sizes=\"auto, (max-width: 800px) 100vw, 800px\" \/><\/figure>\n<\/div>\n<\/div>\n\n\n\n<h2 class=\"wp-block-heading\">Contenu<\/h2>\n\n\n\n<p class=\"has-nv-dark-bg-color has-text-color has-medium-font-size\">L\u2019enseignement dispens\u00e9 \u00e0 la Maison familiale est divis\u00e9 en modules.<\/p>\n\n\n\n<h4 class=\"wp-block-heading\">Des modules d\u2019enseignements g\u00e9n\u00e9raux :<\/h4>\n\n\n\n<p class=\"has-nv-dark-bg-color has-text-color has-medium-font-size\">Fran\u00e7ais, Math\u00e9matiques, Monde actuel, Anglais, Sport \u2013 Sant\u00e9 \u2013 S\u00e9curit\u00e9 ;<\/p>\n\n\n\n<h4 class=\"wp-block-heading\">Des modules professionnels :<\/h4>\n\n\n\n<p class=\"has-nv-dark-bg-color has-text-color has-medium-font-size\">Entreprise, Vie professionnelle, Biologie, Economie Sociale, Pu\u00e9riculture, Cuisine, Sant\u00e9 et d\u00e9coration<\/p>\n\n\n\n<p class=\"has-nv-dark-bg-color has-text-color has-medium-font-size\">Obtention du dipl\u00f4me par des \u00e9valuations en cours de formation (CCF). L\u2019attribution d\u00e9finitive du dipl\u00f4me d\u00e9pend pour 60% du contr\u00f4le continu et pour 40% de l\u2019examen final.<\/p>\n\n\n\n<div class=\"wp-block-columns is-layout-flex wp-container-core-columns-is-layout-9d6595d7 wp-block-columns-is-layout-flex\">\n<div class=\"wp-block-column is-layout-flow wp-block-column-is-layout-flow\">\n<figure class=\"wp-block-image size-full\"><img loading=\"lazy\" decoding=\"async\" width=\"800\" height=\"533\" src=\"http:\/\/rfcakqo.cluster031.hosting.ovh.net\/admin\/wp-content\/uploads\/2022\/04\/vente-rurale.jpg\" alt=\"\" class=\"wp-image-316\" srcset=\"https:\/\/mfr-reunion.re\/wp-content\/uploads\/2022\/04\/vente-rurale.jpg 800w, https:\/\/mfr-reunion.re\/wp-content\/uploads\/2022\/04\/vente-rurale-300x200.jpg 300w, https:\/\/mfr-reunion.re\/wp-content\/uploads\/2022\/04\/vente-rurale-768x512.jpg 768w\" sizes=\"auto, (max-width: 800px) 100vw, 800px\" \/><\/figure>\n<\/div>\n\n\n\n<div class=\"wp-block-column is-layout-flow wp-block-column-is-layout-flow\">\n<h2 class=\"wp-block-heading\">Condition d&rsquo;admission<\/h2>\n\n\n\n<p class=\"has-nv-dark-bg-color has-text-color has-medium-font-size\">El\u00e8ves de 3\u00e8me ,CAP ou Seconde Pro<\/p>\n<\/div>\n<\/div>\n\n\n\n<h2 class=\"wp-block-heading\">Disponible \u00e0 :<\/h2>\n\n\n\n<div class=\"wp-block-columns is-layout-flex wp-container-core-columns-is-layout-9d6595d7 wp-block-columns-is-layout-flex\">\n<div class=\"wp-block-column is-layout-flow wp-block-column-is-layout-flow\">\n<figure class=\"wp-block-image size-full\"><img loading=\"lazy\" decoding=\"async\" width=\"310\" height=\"285\" src=\"http:\/\/rfcakqo.cluster031.hosting.ovh.net\/admin\/wp-content\/uploads\/2022\/04\/saline.jpg\" alt=\"\" class=\"wp-image-321\" srcset=\"https:\/\/mfr-reunion.re\/wp-content\/uploads\/2022\/04\/saline.jpg 310w, https:\/\/mfr-reunion.re\/wp-content\/uploads\/2022\/04\/saline-300x276.jpg 300w\" sizes=\"auto, (max-width: 310px) 100vw, 310px\" \/><\/figure>\n<\/div>\n\n\n\n<div class=\"wp-block-column is-layout-flow wp-block-column-is-layout-flow\">\n<figure class=\"wp-block-image size-large is-resized\"><img loading=\"lazy\" decoding=\"async\" width=\"1024\" height=\"833\" src=\"http:\/\/rfcakqo.cluster031.hosting.ovh.net\/admin\/wp-content\/uploads\/2022\/04\/PDP-1024x833.jpg\" alt=\"\" class=\"wp-image-322\" style=\"width:355px;height:288px\" srcset=\"https:\/\/mfr-reunion.re\/wp-content\/uploads\/2022\/04\/PDP-1024x833.jpg 1024w, https:\/\/mfr-reunion.re\/wp-content\/uploads\/2022\/04\/PDP-300x244.jpg 300w, https:\/\/mfr-reunion.re\/wp-content\/uploads\/2022\/04\/PDP-768x625.jpg 768w, https:\/\/mfr-reunion.re\/wp-content\/uploads\/2022\/04\/PDP-1536x1250.jpg 1536w, https:\/\/mfr-reunion.re\/wp-content\/uploads\/2022\/04\/PDP.jpg 1573w\" sizes=\"auto, (max-width: 1024px) 100vw, 1024px\" \/><\/figure>\n<\/div>\n<\/div>\n\n\n\n<div class=\"wp-block-columns is-layout-flex wp-container-core-columns-is-layout-9d6595d7 wp-block-columns-is-layout-flex\">\n<div class=\"wp-block-column is-layout-flow wp-block-column-is-layout-flow\">\n<div class=\"wp-block-buttons is-layout-flex wp-block-buttons-is-layout-flex\">\n<div class=\"wp-block-button is-style-primary\"><a class=\"wp-block-button__link wp-element-button\" href=\"https:\/\/forms.office.com\/Pages\/ResponsePage.aspx?id=DYRf5BtVrUeqsCQKkMRah3taEDKttipCoJSqwnp-EVxUOEUzMjZOR1hYMUgwSUNRQlBZTTM5OVVHOC4u\"><mark style=\"background-color:rgba(0, 0, 0, 0)\" class=\"has-inline-color has-white-color\">CONTACTEZ &#8211; NOUS<\/mark><\/a><\/div>\n<\/div>\n<\/div>\n\n\n\n<div class=\"wp-block-column is-layout-flow wp-block-column-is-layout-flow\">\n<div class=\"wp-block-buttons is-layout-flex wp-block-buttons-is-layout-flex\">\n<div class=\"wp-block-button is-style-primary\"><a class=\"wp-block-button__link wp-element-button\">CONTACTEZ  &#8211; NOUS<\/a><\/div>\n<\/div>\n<\/div>\n<\/div>\n","protected":false},"excerpt":{"rendered":"<p>Objectifs de la formation Acc\u00e9der \u00e0 une qualification professionnelle dans les domaines : Du service aux personnes : Seconder des personnes (enfants, personnes \u00e2g\u00e9es, malades, personnes d\u00e9pendantes\u2026) dans leurs t\u00e2ches quotidiennes : alimentation, habillage, hygi\u00e8ne des personnes et des locaux, accueil\u2026 De l\u2019accueil et\/ou de la vente : Assurer des activit\u00e9s d\u2019accueil et\/ou de vente &hellip; <\/p>\n","protected":false},"author":1,"featured_media":0,"parent":0,"menu_order":0,"comment_status":"closed","ping_status":"closed","template":"","meta":{"footnotes":""},"class_list":["post-314","page","type-page","status-publish","hentry"],"yoast_head":"<!-- This site is optimized with the Yoast SEO plugin v18.1 - https:\/\/yoast.com\/wordpress\/plugins\/seo\/ -->\n<title>CAPa Service Aux Personnes et Vente en Espace Rural - Les MFR DE LA REUNION<\/title>\n<meta name=\"robots\" content=\"index, follow, max-snippet:-1, max-image-preview:large, max-video-preview:-1\" \/>\n<link rel=\"canonical\" href=\"https:\/\/mfr-reunion.re\/index.php\/capa-service-aux-personnes-et-vente-en-espace-rural\/\" \/>\n<meta property=\"og:locale\" content=\"fr_FR\" \/>\n<meta property=\"og:type\" content=\"article\" \/>\n<meta property=\"og:title\" content=\"CAPa Service Aux Personnes et Vente en Espace Rural - Les MFR DE LA REUNION\" \/>\n<meta property=\"og:description\" content=\"Objectifs de la formation Acc\u00e9der \u00e0 une qualification professionnelle dans les domaines : Du service aux personnes : Seconder des personnes (enfants, personnes \u00e2g\u00e9es, malades, personnes d\u00e9pendantes\u2026) dans leurs t\u00e2ches quotidiennes : alimentation, habillage, hygi\u00e8ne des personnes et des locaux, accueil\u2026 De l\u2019accueil et\/ou de la vente : Assurer des activit\u00e9s d\u2019accueil et\/ou de vente &hellip;\" \/>\n<meta property=\"og:url\" content=\"https:\/\/mfr-reunion.re\/index.php\/capa-service-aux-personnes-et-vente-en-espace-rural\/\" \/>\n<meta property=\"og:site_name\" content=\"Les MFR DE LA REUNION\" \/>\n<meta property=\"article:modified_time\" content=\"2024-02-12T10:39:02+00:00\" \/>\n<meta property=\"og:image\" content=\"http:\/\/rfcakqo.cluster031.hosting.ovh.net\/admin\/wp-content\/uploads\/2022\/04\/pa.jpg\" \/>\n<meta name=\"twitter:card\" content=\"summary_large_image\" \/>\n<meta name=\"twitter:label1\" content=\"Dur\u00e9e de lecture estim\u00e9e\" \/>\n\t<meta name=\"twitter:data1\" content=\"3 minutes\" \/>\n<script type=\"application\/ld+json\" class=\"yoast-schema-graph\">{\"@context\":\"https:\/\/schema.org\",\"@graph\":[{\"@type\":\"WebSite\",\"@id\":\"https:\/\/mfr-reunion.re\/#website\",\"url\":\"https:\/\/mfr-reunion.re\/\",\"name\":\"Les MFR DE LA REUNION\",\"description\":\"\",\"potentialAction\":[{\"@type\":\"SearchAction\",\"target\":{\"@type\":\"EntryPoint\",\"urlTemplate\":\"https:\/\/mfr-reunion.re\/?s={search_term_string}\"},\"query-input\":\"required name=search_term_string\"}],\"inLanguage\":\"fr-FR\"},{\"@type\":\"ImageObject\",\"@id\":\"https:\/\/mfr-reunion.re\/index.php\/capa-service-aux-personnes-et-vente-en-espace-rural\/#primaryimage\",\"inLanguage\":\"fr-FR\",\"url\":\"http:\/\/rfcakqo.cluster031.hosting.ovh.net\/admin\/wp-content\/uploads\/2022\/04\/pa.jpg\",\"contentUrl\":\"http:\/\/rfcakqo.cluster031.hosting.ovh.net\/admin\/wp-content\/uploads\/2022\/04\/pa.jpg\"},{\"@type\":\"WebPage\",\"@id\":\"https:\/\/mfr-reunion.re\/index.php\/capa-service-aux-personnes-et-vente-en-espace-rural\/#webpage\",\"url\":\"https:\/\/mfr-reunion.re\/index.php\/capa-service-aux-personnes-et-vente-en-espace-rural\/\",\"name\":\"CAPa Service Aux Personnes et Vente en Espace Rural - Les MFR DE LA REUNION\",\"isPartOf\":{\"@id\":\"https:\/\/mfr-reunion.re\/#website\"},\"primaryImageOfPage\":{\"@id\":\"https:\/\/mfr-reunion.re\/index.php\/capa-service-aux-personnes-et-vente-en-espace-rural\/#primaryimage\"},\"datePublished\":\"2022-04-29T09:59:05+00:00\",\"dateModified\":\"2024-02-12T10:39:02+00:00\",\"breadcrumb\":{\"@id\":\"https:\/\/mfr-reunion.re\/index.php\/capa-service-aux-personnes-et-vente-en-espace-rural\/#breadcrumb\"},\"inLanguage\":\"fr-FR\",\"potentialAction\":[{\"@type\":\"ReadAction\",\"target\":[\"https:\/\/mfr-reunion.re\/index.php\/capa-service-aux-personnes-et-vente-en-espace-rural\/\"]}]},{\"@type\":\"BreadcrumbList\",\"@id\":\"https:\/\/mfr-reunion.re\/index.php\/capa-service-aux-personnes-et-vente-en-espace-rural\/#breadcrumb\",\"itemListElement\":[{\"@type\":\"ListItem\",\"position\":1,\"name\":\"Accueil\",\"item\":\"https:\/\/mfr-reunion.re\/\"},{\"@type\":\"ListItem\",\"position\":2,\"name\":\"CAPa Service Aux Personnes et Vente en Espace Rural\"}]}]}<\/script>\n<!-- \/ Yoast SEO plugin. -->","yoast_head_json":{"title":"CAPa Service Aux Personnes et Vente en Espace Rural - Les MFR DE LA REUNION","robots":{"index":"index","follow":"follow","max-snippet":"max-snippet:-1","max-image-preview":"max-image-preview:large","max-video-preview":"max-video-preview:-1"},"canonical":"https:\/\/mfr-reunion.re\/index.php\/capa-service-aux-personnes-et-vente-en-espace-rural\/","og_locale":"fr_FR","og_type":"article","og_title":"CAPa Service Aux Personnes et Vente en Espace Rural - Les MFR DE LA REUNION","og_description":"Objectifs de la formation Acc\u00e9der \u00e0 une qualification professionnelle dans les domaines : Du service aux personnes : Seconder des personnes (enfants, personnes \u00e2g\u00e9es, malades, personnes d\u00e9pendantes\u2026) dans leurs t\u00e2ches quotidiennes : alimentation, habillage, hygi\u00e8ne des personnes et des locaux, accueil\u2026 De l\u2019accueil et\/ou de la vente : Assurer des activit\u00e9s d\u2019accueil et\/ou de vente &hellip;","og_url":"https:\/\/mfr-reunion.re\/index.php\/capa-service-aux-personnes-et-vente-en-espace-rural\/","og_site_name":"Les MFR DE LA REUNION","article_modified_time":"2024-02-12T10:39:02+00:00","og_image":[{"url":"http:\/\/rfcakqo.cluster031.hosting.ovh.net\/admin\/wp-content\/uploads\/2022\/04\/pa.jpg"}],"twitter_card":"summary_large_image","twitter_misc":{"Dur\u00e9e de lecture estim\u00e9e":"3 minutes"},"schema":{"@context":"https:\/\/schema.org","@graph":[{"@type":"WebSite","@id":"https:\/\/mfr-reunion.re\/#website","url":"https:\/\/mfr-reunion.re\/","name":"Les MFR DE LA REUNION","description":"","potentialAction":[{"@type":"SearchAction","target":{"@type":"EntryPoint","urlTemplate":"https:\/\/mfr-reunion.re\/?s={search_term_string}"},"query-input":"required name=search_term_string"}],"inLanguage":"fr-FR"},{"@type":"ImageObject","@id":"https:\/\/mfr-reunion.re\/index.php\/capa-service-aux-personnes-et-vente-en-espace-rural\/#primaryimage","inLanguage":"fr-FR","url":"http:\/\/rfcakqo.cluster031.hosting.ovh.net\/admin\/wp-content\/uploads\/2022\/04\/pa.jpg","contentUrl":"http:\/\/rfcakqo.cluster031.hosting.ovh.net\/admin\/wp-content\/uploads\/2022\/04\/pa.jpg"},{"@type":"WebPage","@id":"https:\/\/mfr-reunion.re\/index.php\/capa-service-aux-personnes-et-vente-en-espace-rural\/#webpage","url":"https:\/\/mfr-reunion.re\/index.php\/capa-service-aux-personnes-et-vente-en-espace-rural\/","name":"CAPa Service Aux Personnes et Vente en Espace Rural - Les MFR DE LA REUNION","isPartOf":{"@id":"https:\/\/mfr-reunion.re\/#website"},"primaryImageOfPage":{"@id":"https:\/\/mfr-reunion.re\/index.php\/capa-service-aux-personnes-et-vente-en-espace-rural\/#primaryimage"},"datePublished":"2022-04-29T09:59:05+00:00","dateModified":"2024-02-12T10:39:02+00:00","breadcrumb":{"@id":"https:\/\/mfr-reunion.re\/index.php\/capa-service-aux-personnes-et-vente-en-espace-rural\/#breadcrumb"},"inLanguage":"fr-FR","potentialAction":[{"@type":"ReadAction","target":["https:\/\/mfr-reunion.re\/index.php\/capa-service-aux-personnes-et-vente-en-espace-rural\/"]}]},{"@type":"BreadcrumbList","@id":"https:\/\/mfr-reunion.re\/index.php\/capa-service-aux-personnes-et-vente-en-espace-rural\/#breadcrumb","itemListElement":[{"@type":"ListItem","position":1,"name":"Accueil","item":"https:\/\/mfr-reunion.re\/"},{"@type":"ListItem","position":2,"name":"CAPa Service Aux Personnes et Vente en Espace Rural"}]}]}},"_links":{"self":[{"href":"https:\/\/mfr-reunion.re\/index.php\/wp-json\/wp\/v2\/pages\/314","targetHints":{"allow":["GET"]}}],"collection":[{"href":"https:\/\/mfr-reunion.re\/index.php\/wp-json\/wp\/v2\/pages"}],"about":[{"href":"https:\/\/mfr-reunion.re\/index.php\/wp-json\/wp\/v2\/types\/page"}],"author":[{"embeddable":true,"href":"https:\/\/mfr-reunion.re\/index.php\/wp-json\/wp\/v2\/users\/1"}],"replies":[{"embeddable":true,"href":"https:\/\/mfr-reunion.re\/index.php\/wp-json\/wp\/v2\/comments?post=314"}],"version-history":[{"count":8,"href":"https:\/\/mfr-reunion.re\/index.php\/wp-json\/wp\/v2\/pages\/314\/revisions"}],"predecessor-version":[{"id":565,"href":"https:\/\/mfr-reunion.re\/index.php\/wp-json\/wp\/v2\/pages\/314\/revisions\/565"}],"wp:attachment":[{"href":"https:\/\/mfr-reunion.re\/index.php\/wp-json\/wp\/v2\/media?parent=314"}],"curies":[{"name":"wp","href":"https:\/\/api.w.org\/{rel}","templated":true}]}}