{"id":324,"date":"2022-04-29T12:18:07","date_gmt":"2022-04-29T10:18:07","guid":{"rendered":"http:\/\/rfcakqo.cluster031.hosting.ovh.net\/admin\/?page_id=324"},"modified":"2024-01-25T12:54:27","modified_gmt":"2024-01-25T11:54:27","slug":"bac-pro-conduite-et-gestion-de-lexploitation-agricole","status":"publish","type":"page","link":"https:\/\/mfr-reunion.re\/index.php\/bac-pro-conduite-et-gestion-de-lexploitation-agricole\/","title":{"rendered":"BAC PRO Conduite et Gestion de l&rsquo;Entreprise Agricole"},"content":{"rendered":"\n<h2 class=\"wp-block-heading\">Option Syst\u00e8mes \u00e0 dominante \u00e9levage<\/h2>\n\n\n\n<figure class=\"wp-block-image size-full\"><img loading=\"lazy\" decoding=\"async\" width=\"800\" height=\"533\" src=\"http:\/\/rfcakqo.cluster031.hosting.ovh.net\/admin\/wp-content\/uploads\/2022\/04\/elevage.jpg\" alt=\"\" class=\"wp-image-325\" srcset=\"https:\/\/mfr-reunion.re\/wp-content\/uploads\/2022\/04\/elevage.jpg 800w, https:\/\/mfr-reunion.re\/wp-content\/uploads\/2022\/04\/elevage-300x200.jpg 300w, https:\/\/mfr-reunion.re\/wp-content\/uploads\/2022\/04\/elevage-768x512.jpg 768w\" sizes=\"auto, (max-width: 800px) 100vw, 800px\" \/><\/figure>\n\n\n\n<p class=\"has-nv-dark-bg-color has-text-color has-medium-font-size\">Les \u00e9volutions de l&rsquo;agriculture dans le contexte europ\u00e9en et mondial modifient les conditions de l&rsquo;exercice du m\u00e9tier de responsable d&rsquo;exploitation agricole. &nbsp;<\/p>\n\n\n\n<p class=\"has-nv-dark-bg-color has-text-color has-medium-font-size\">&nbsp;Le Bac Pro CGEA a \u00e9t\u00e9 r\u00e9nov\u00e9 pour tenir compte des attentes de la soci\u00e9t\u00e9. Ce&nbsp; dipl\u00f4me pr\u00e9pare \u00e0 l&rsquo;exercice de ce m\u00e9tier et permet d&rsquo;obtenir la capacit\u00e9 professionnelle. &nbsp; &nbsp; &nbsp; &nbsp; <\/p>\n\n\n\n<p class=\"has-nv-dark-bg-color has-text-color has-medium-font-size\">Le r\u00e9f\u00e9rentiel de formation du Bac Pro CGEA ouvre aux syst\u00e8mes d&rsquo;exploitations diversifi\u00e9s \u00e0 partir de 4 options&nbsp;: dominante \u00e9levage,&nbsp;dominante culture,&nbsp;\u00e9levage et valorisation du cheval,&nbsp;vigne et vin.&nbsp;<\/p>\n\n\n\n<p class=\"has-nv-dark-bg-color has-text-color has-medium-font-size\">Il valorise particuli\u00e8rement:<\/p>\n\n\n\n<ul class=\"has-nv-dark-bg-color has-text-color has-medium-font-size wp-block-list\">\n<li>La prise de d\u00e9cision et les capacit\u00e9s d&rsquo;ajustement permanent&nbsp;<\/li>\n\n\n\n<li>La notion de pilotage de l&rsquo;entreprise qui remplace la notion de gestion<\/li>\n\n\n\n<li>L&rsquo;adaptation de l&rsquo;enseignement au contexte local par le Module d&rsquo;Adaptation Professionnelle&nbsp;<\/li>\n\n\n\n<li>La formation en milieu professionnel en pr\u00e9voyant des stages individuels ou collectifs pendant ou hors p\u00e9riodes scolaires,&nbsp;<\/li>\n\n\n\n<li>La prise en compte de l&rsquo;environnement et de la sant\u00e9 dans le cadre du d\u00e9veloppement durable, en particulier pour l&rsquo;usage des produits phytosanitaires.&nbsp;<\/li>\n\n\n\n<li>Le d\u00e9veloppement des techniques innovantes comme l&rsquo;agro\u00e9cologie en lien&nbsp;avec la transition \u00e9nerg\u00e9tique.&nbsp;<\/li>\n<\/ul>\n\n\n\n<h2 class=\"wp-block-heading\">Construire son projet<\/h2>\n\n\n\n<p class=\"has-nv-dark-bg-color has-text-color has-medium-font-size\">Pendant 3 ans, les jeunes sont sollicit\u00e9s pour devenir acteurs de leur formation et \u00e9laborer progressivement leur projet. Mais aussi prendre confiance et assurer des responsabilit\u00e9s<\/p>\n\n\n\n<p class=\"has-nv-dark-bg-color has-text-color has-medium-font-size\">A travers la d\u00e9marche p\u00e9dagogique de l\u2019alternance, les jeunes vont&nbsp;:<\/p>\n\n\n\n<ul class=\"has-nv-dark-bg-color has-text-color has-medium-font-size wp-block-list\">\n<li>acqu\u00e9rir des connaissances g\u00e9n\u00e9rales et professionnelles<\/li>\n\n\n\n<li>participer \u00e0 des activit\u00e9s concr\u00e8tes<\/li>\n\n\n\n<li>d\u00e9couvrir le monde du travail (21 semaines \/ an)<\/li>\n\n\n\n<li>faire l\u2019apprentissage de la vie sociale<\/li>\n\n\n\n<li>constituer un portefeuille de comp\u00e9tences<\/li>\n\n\n\n<li>d\u00e9velopper le sens de l\u2019observation et de la recherche<\/li>\n<\/ul>\n\n\n\n<div class=\"wp-block-columns is-layout-flex wp-container-core-columns-is-layout-9d6595d7 wp-block-columns-is-layout-flex\">\n<div class=\"wp-block-column is-layout-flow wp-block-column-is-layout-flow\">\n<h2 class=\"wp-block-heading\">Les conditions d&rsquo;entr\u00e9e<\/h2>\n\n\n\n<ul class=\"has-nv-dark-bg-color has-text-color has-medium-font-size wp-block-list\">\n<li>Apr\u00e8s la 3\u00e8me de Coll\u00e8ge ou 3\u00e8me E.A., les \u00e9l\u00e8ves entrent en Seconde Professionnelle.<\/li>\n\n\n\n<li>Apr\u00e8s un CAP&nbsp;: les \u00e9l\u00e8ves entrent directement en 1\u00e8re pour pr\u00e9parer le Bac Pro en 2 ans.<\/li>\n\n\n\n<li>Apr\u00e8s une Seconde G\u00e9n\u00e9rale et Technologique, les \u00e9l\u00e8ves peuvent entrer directement en 1\u00e8re Professionnelle.<\/li>\n<\/ul>\n<\/div>\n\n\n\n<div class=\"wp-block-column is-layout-flow wp-block-column-is-layout-flow\">\n<figure class=\"wp-block-image size-full\"><img loading=\"lazy\" decoding=\"async\" width=\"800\" height=\"533\" src=\"http:\/\/rfcakqo.cluster031.hosting.ovh.net\/admin\/wp-content\/uploads\/2022\/04\/elevage-2.jpg\" alt=\"\" class=\"wp-image-326\" srcset=\"https:\/\/mfr-reunion.re\/wp-content\/uploads\/2022\/04\/elevage-2.jpg 800w, https:\/\/mfr-reunion.re\/wp-content\/uploads\/2022\/04\/elevage-2-300x200.jpg 300w, https:\/\/mfr-reunion.re\/wp-content\/uploads\/2022\/04\/elevage-2-768x512.jpg 768w\" sizes=\"auto, (max-width: 800px) 100vw, 800px\" \/><\/figure>\n<\/div>\n<\/div>\n\n\n\n<h2 class=\"wp-block-heading\">Organisation de l&rsquo;enseignement<\/h2>\n\n\n\n<p class=\"has-nv-dark-bg-color has-text-color has-medium-font-size\">Le contenu p\u00e9dagogique&nbsp; :<\/p>\n\n\n\n<div class=\"wp-block-columns is-layout-flex wp-container-core-columns-is-layout-9d6595d7 wp-block-columns-is-layout-flex\">\n<div class=\"wp-block-column is-layout-flow wp-block-column-is-layout-flow\">\n<p class=\"has-nv-dark-bg-color has-neve-text-color-background-color has-text-color has-background has-medium-font-size\"><strong>MODULES D\u2019ENSEIGNEMENT G\u00c9N\u00c9RAL<\/strong><\/p>\n\n\n\n<p class=\"has-nv-dark-bg-color has-text-color has-medium-font-size\">\u25ca&nbsp; M1 &#8211; Fran\u00e7ais<br>\u25ca&nbsp; M2 &#8211; Math\u00e9matiques<br>\u25ca&nbsp; M3 &#8211; Histoire g\u00e9ographie et instruction civique<br>\u25ca&nbsp; M4 &#8211; Anglais<br>\u25ca&nbsp; M5&nbsp;&#8211; Biologie<br>\u25ca&nbsp; M6&nbsp;&#8211; Physique-Chimie<br>\u25ca &nbsp;M7&nbsp;&#8211;&nbsp;Enseignement Moral et Civique<\/p>\n<\/div>\n\n\n\n<div class=\"wp-block-column is-layout-flow wp-block-column-is-layout-flow\">\n<p class=\"has-nv-dark-bg-color has-neve-text-color-background-color has-text-color has-background has-medium-font-size\"><strong>&nbsp; MODULES D\u2019ENSEIGNEMENT PROFESSIONNEL<\/strong><\/p>\n\n\n\n<p class=\"has-nv-dark-bg-color has-text-color has-medium-font-size\">\u25ca &nbsp;M8&nbsp;&#8211; Zootechnie G\u00e9n\u00e9rale<br>\u25ca &nbsp;M9&nbsp;&#8211; Zootechnie sp\u00e9cifique (Equin, agri)&nbsp; &nbsp; &nbsp; <br>\u25ca &nbsp;M10&nbsp;&#8211; Facteur de production<br>\u25ca &nbsp;M11&nbsp;&#8211; \u00c9conomie&nbsp; &nbsp; &nbsp; &nbsp; &nbsp; &nbsp; &nbsp; &nbsp; &nbsp; &nbsp; &nbsp;<br>\u25ca &nbsp;M12&nbsp;&#8211; Biologie &#8211; \u00c9cologie<br>\u25ca &nbsp;M13&nbsp;&#8211; Agronomie&nbsp; &nbsp; &nbsp; <br>\u25ca &nbsp;M14&nbsp;&#8211; Phyto<br>\u25ca &nbsp;M15&nbsp;&#8211; Machinisme &nbsp; &nbsp; &nbsp; &nbsp; &nbsp; &nbsp; &nbsp;<\/p>\n<\/div>\n<\/div>\n\n\n\n<h2 class=\"wp-block-heading\">Formation par alternance<\/h2>\n\n\n\n<p class=\"has-nv-dark-bg-color has-text-color has-medium-font-size\">\u25ca&nbsp; 18&nbsp;semaines \/ an \u00e0 la MFR<br>\u25ca &nbsp;18&nbsp;semaines \/ an en stage<br>\u25ca&nbsp; Stage obligatoire de 2 semaines dans le \u00ab\u00a0FOURRAGE\u00a0\u00bb<\/p>\n\n\n\n<h2 class=\"wp-block-heading\">Disponible \u00e0 :<\/h2>\n\n\n\n<div class=\"wp-block-columns is-layout-flex wp-container-core-columns-is-layout-9d6595d7 wp-block-columns-is-layout-flex\">\n<div class=\"wp-block-column is-layout-flow wp-block-column-is-layout-flow\">\n<figure class=\"wp-block-image size-large\"><img loading=\"lazy\" decoding=\"async\" width=\"1024\" height=\"833\" src=\"http:\/\/rfcakqo.cluster031.hosting.ovh.net\/admin\/wp-content\/uploads\/2022\/03\/PDP-1024x833.jpg\" alt=\"\" class=\"wp-image-257\" srcset=\"https:\/\/mfr-reunion.re\/wp-content\/uploads\/2022\/03\/PDP-1024x833.jpg 1024w, https:\/\/mfr-reunion.re\/wp-content\/uploads\/2022\/03\/PDP-300x244.jpg 300w, https:\/\/mfr-reunion.re\/wp-content\/uploads\/2022\/03\/PDP-768x625.jpg 768w, https:\/\/mfr-reunion.re\/wp-content\/uploads\/2022\/03\/PDP-1536x1250.jpg 1536w, https:\/\/mfr-reunion.re\/wp-content\/uploads\/2022\/03\/PDP.jpg 1573w\" sizes=\"auto, (max-width: 1024px) 100vw, 1024px\" \/><\/figure>\n<\/div>\n\n\n\n<div class=\"wp-block-column is-layout-flow wp-block-column-is-layout-flow\">\n<div class=\"wp-block-buttons is-layout-flex wp-block-buttons-is-layout-flex\">\n<div class=\"wp-block-button is-style-primary\"><a class=\"wp-block-button__link wp-element-button\">CONTACTEZ &#8211; NOUS<\/a><\/div>\n<\/div>\n<\/div>\n<\/div>\n","protected":false},"excerpt":{"rendered":"<p>Option Syst\u00e8mes \u00e0 dominante \u00e9levage Les \u00e9volutions de l&rsquo;agriculture dans le contexte europ\u00e9en et mondial modifient les conditions de l&rsquo;exercice du m\u00e9tier de responsable d&rsquo;exploitation agricole. &nbsp; &nbsp;Le Bac Pro CGEA a \u00e9t\u00e9 r\u00e9nov\u00e9 pour tenir compte des attentes de la soci\u00e9t\u00e9. Ce&nbsp; dipl\u00f4me pr\u00e9pare \u00e0 l&rsquo;exercice de ce m\u00e9tier et permet d&rsquo;obtenir la capacit\u00e9 &hellip; <\/p>\n","protected":false},"author":1,"featured_media":0,"parent":0,"menu_order":0,"comment_status":"closed","ping_status":"closed","template":"templates\/portfolio.php","meta":{"footnotes":""},"class_list":["post-324","page","type-page","status-publish","hentry"],"yoast_head":"<!-- This site is optimized with the Yoast SEO plugin v18.1 - https:\/\/yoast.com\/wordpress\/plugins\/seo\/ -->\n<title>BAC PRO Conduite et Gestion de l&#039;Entreprise Agricole - Les MFR DE LA REUNION<\/title>\n<meta name=\"robots\" content=\"index, follow, max-snippet:-1, max-image-preview:large, max-video-preview:-1\" \/>\n<link rel=\"canonical\" href=\"https:\/\/mfr-reunion.re\/index.php\/bac-pro-conduite-et-gestion-de-lexploitation-agricole\/\" \/>\n<meta property=\"og:locale\" content=\"fr_FR\" \/>\n<meta property=\"og:type\" content=\"article\" \/>\n<meta property=\"og:title\" content=\"BAC PRO Conduite et Gestion de l&#039;Entreprise Agricole - Les MFR DE LA REUNION\" \/>\n<meta property=\"og:description\" content=\"Option Syst\u00e8mes \u00e0 dominante \u00e9levage Les \u00e9volutions de l&rsquo;agriculture dans le contexte europ\u00e9en et mondial modifient les conditions de l&rsquo;exercice du m\u00e9tier de responsable d&rsquo;exploitation agricole. &nbsp; &nbsp;Le Bac Pro CGEA a \u00e9t\u00e9 r\u00e9nov\u00e9 pour tenir compte des attentes de la soci\u00e9t\u00e9. Ce&nbsp; dipl\u00f4me pr\u00e9pare \u00e0 l&rsquo;exercice de ce m\u00e9tier et permet d&rsquo;obtenir la capacit\u00e9 &hellip;\" \/>\n<meta property=\"og:url\" content=\"https:\/\/mfr-reunion.re\/index.php\/bac-pro-conduite-et-gestion-de-lexploitation-agricole\/\" \/>\n<meta property=\"og:site_name\" content=\"Les MFR DE LA REUNION\" \/>\n<meta property=\"article:modified_time\" content=\"2024-01-25T11:54:27+00:00\" \/>\n<meta property=\"og:image\" content=\"http:\/\/rfcakqo.cluster031.hosting.ovh.net\/admin\/wp-content\/uploads\/2022\/04\/elevage.jpg\" \/>\n<meta name=\"twitter:card\" content=\"summary_large_image\" \/>\n<meta name=\"twitter:label1\" content=\"Dur\u00e9e de lecture estim\u00e9e\" \/>\n\t<meta name=\"twitter:data1\" content=\"4 minutes\" \/>\n<script type=\"application\/ld+json\" class=\"yoast-schema-graph\">{\"@context\":\"https:\/\/schema.org\",\"@graph\":[{\"@type\":\"WebSite\",\"@id\":\"https:\/\/mfr-reunion.re\/#website\",\"url\":\"https:\/\/mfr-reunion.re\/\",\"name\":\"Les MFR DE LA REUNION\",\"description\":\"\",\"potentialAction\":[{\"@type\":\"SearchAction\",\"target\":{\"@type\":\"EntryPoint\",\"urlTemplate\":\"https:\/\/mfr-reunion.re\/?s={search_term_string}\"},\"query-input\":\"required name=search_term_string\"}],\"inLanguage\":\"fr-FR\"},{\"@type\":\"ImageObject\",\"@id\":\"https:\/\/mfr-reunion.re\/index.php\/bac-pro-conduite-et-gestion-de-lexploitation-agricole\/#primaryimage\",\"inLanguage\":\"fr-FR\",\"url\":\"http:\/\/rfcakqo.cluster031.hosting.ovh.net\/admin\/wp-content\/uploads\/2022\/04\/elevage.jpg\",\"contentUrl\":\"http:\/\/rfcakqo.cluster031.hosting.ovh.net\/admin\/wp-content\/uploads\/2022\/04\/elevage.jpg\"},{\"@type\":\"WebPage\",\"@id\":\"https:\/\/mfr-reunion.re\/index.php\/bac-pro-conduite-et-gestion-de-lexploitation-agricole\/#webpage\",\"url\":\"https:\/\/mfr-reunion.re\/index.php\/bac-pro-conduite-et-gestion-de-lexploitation-agricole\/\",\"name\":\"BAC PRO Conduite et Gestion de l'Entreprise Agricole - Les MFR DE LA REUNION\",\"isPartOf\":{\"@id\":\"https:\/\/mfr-reunion.re\/#website\"},\"primaryImageOfPage\":{\"@id\":\"https:\/\/mfr-reunion.re\/index.php\/bac-pro-conduite-et-gestion-de-lexploitation-agricole\/#primaryimage\"},\"datePublished\":\"2022-04-29T10:18:07+00:00\",\"dateModified\":\"2024-01-25T11:54:27+00:00\",\"breadcrumb\":{\"@id\":\"https:\/\/mfr-reunion.re\/index.php\/bac-pro-conduite-et-gestion-de-lexploitation-agricole\/#breadcrumb\"},\"inLanguage\":\"fr-FR\",\"potentialAction\":[{\"@type\":\"ReadAction\",\"target\":[\"https:\/\/mfr-reunion.re\/index.php\/bac-pro-conduite-et-gestion-de-lexploitation-agricole\/\"]}]},{\"@type\":\"BreadcrumbList\",\"@id\":\"https:\/\/mfr-reunion.re\/index.php\/bac-pro-conduite-et-gestion-de-lexploitation-agricole\/#breadcrumb\",\"itemListElement\":[{\"@type\":\"ListItem\",\"position\":1,\"name\":\"Accueil\",\"item\":\"https:\/\/mfr-reunion.re\/\"},{\"@type\":\"ListItem\",\"position\":2,\"name\":\"BAC PRO Conduite et Gestion de l&rsquo;Entreprise Agricole\"}]}]}<\/script>\n<!-- \/ Yoast SEO plugin. -->","yoast_head_json":{"title":"BAC PRO Conduite et Gestion de l'Entreprise Agricole - Les MFR DE LA REUNION","robots":{"index":"index","follow":"follow","max-snippet":"max-snippet:-1","max-image-preview":"max-image-preview:large","max-video-preview":"max-video-preview:-1"},"canonical":"https:\/\/mfr-reunion.re\/index.php\/bac-pro-conduite-et-gestion-de-lexploitation-agricole\/","og_locale":"fr_FR","og_type":"article","og_title":"BAC PRO Conduite et Gestion de l'Entreprise Agricole - Les MFR DE LA REUNION","og_description":"Option Syst\u00e8mes \u00e0 dominante \u00e9levage Les \u00e9volutions de l&rsquo;agriculture dans le contexte europ\u00e9en et mondial modifient les conditions de l&rsquo;exercice du m\u00e9tier de responsable d&rsquo;exploitation agricole. &nbsp; &nbsp;Le Bac Pro CGEA a \u00e9t\u00e9 r\u00e9nov\u00e9 pour tenir compte des attentes de la soci\u00e9t\u00e9. Ce&nbsp; dipl\u00f4me pr\u00e9pare \u00e0 l&rsquo;exercice de ce m\u00e9tier et permet d&rsquo;obtenir la capacit\u00e9 &hellip;","og_url":"https:\/\/mfr-reunion.re\/index.php\/bac-pro-conduite-et-gestion-de-lexploitation-agricole\/","og_site_name":"Les MFR DE LA REUNION","article_modified_time":"2024-01-25T11:54:27+00:00","og_image":[{"url":"http:\/\/rfcakqo.cluster031.hosting.ovh.net\/admin\/wp-content\/uploads\/2022\/04\/elevage.jpg"}],"twitter_card":"summary_large_image","twitter_misc":{"Dur\u00e9e de lecture estim\u00e9e":"4 minutes"},"schema":{"@context":"https:\/\/schema.org","@graph":[{"@type":"WebSite","@id":"https:\/\/mfr-reunion.re\/#website","url":"https:\/\/mfr-reunion.re\/","name":"Les MFR DE LA REUNION","description":"","potentialAction":[{"@type":"SearchAction","target":{"@type":"EntryPoint","urlTemplate":"https:\/\/mfr-reunion.re\/?s={search_term_string}"},"query-input":"required name=search_term_string"}],"inLanguage":"fr-FR"},{"@type":"ImageObject","@id":"https:\/\/mfr-reunion.re\/index.php\/bac-pro-conduite-et-gestion-de-lexploitation-agricole\/#primaryimage","inLanguage":"fr-FR","url":"http:\/\/rfcakqo.cluster031.hosting.ovh.net\/admin\/wp-content\/uploads\/2022\/04\/elevage.jpg","contentUrl":"http:\/\/rfcakqo.cluster031.hosting.ovh.net\/admin\/wp-content\/uploads\/2022\/04\/elevage.jpg"},{"@type":"WebPage","@id":"https:\/\/mfr-reunion.re\/index.php\/bac-pro-conduite-et-gestion-de-lexploitation-agricole\/#webpage","url":"https:\/\/mfr-reunion.re\/index.php\/bac-pro-conduite-et-gestion-de-lexploitation-agricole\/","name":"BAC PRO Conduite et Gestion de l'Entreprise Agricole - Les MFR DE LA REUNION","isPartOf":{"@id":"https:\/\/mfr-reunion.re\/#website"},"primaryImageOfPage":{"@id":"https:\/\/mfr-reunion.re\/index.php\/bac-pro-conduite-et-gestion-de-lexploitation-agricole\/#primaryimage"},"datePublished":"2022-04-29T10:18:07+00:00","dateModified":"2024-01-25T11:54:27+00:00","breadcrumb":{"@id":"https:\/\/mfr-reunion.re\/index.php\/bac-pro-conduite-et-gestion-de-lexploitation-agricole\/#breadcrumb"},"inLanguage":"fr-FR","potentialAction":[{"@type":"ReadAction","target":["https:\/\/mfr-reunion.re\/index.php\/bac-pro-conduite-et-gestion-de-lexploitation-agricole\/"]}]},{"@type":"BreadcrumbList","@id":"https:\/\/mfr-reunion.re\/index.php\/bac-pro-conduite-et-gestion-de-lexploitation-agricole\/#breadcrumb","itemListElement":[{"@type":"ListItem","position":1,"name":"Accueil","item":"https:\/\/mfr-reunion.re\/"},{"@type":"ListItem","position":2,"name":"BAC PRO Conduite et Gestion de l&rsquo;Entreprise Agricole"}]}]}},"_links":{"self":[{"href":"https:\/\/mfr-reunion.re\/index.php\/wp-json\/wp\/v2\/pages\/324","targetHints":{"allow":["GET"]}}],"collection":[{"href":"https:\/\/mfr-reunion.re\/index.php\/wp-json\/wp\/v2\/pages"}],"about":[{"href":"https:\/\/mfr-reunion.re\/index.php\/wp-json\/wp\/v2\/types\/page"}],"author":[{"embeddable":true,"href":"https:\/\/mfr-reunion.re\/index.php\/wp-json\/wp\/v2\/users\/1"}],"replies":[{"embeddable":true,"href":"https:\/\/mfr-reunion.re\/index.php\/wp-json\/wp\/v2\/comments?post=324"}],"version-history":[{"count":6,"href":"https:\/\/mfr-reunion.re\/index.php\/wp-json\/wp\/v2\/pages\/324\/revisions"}],"predecessor-version":[{"id":548,"href":"https:\/\/mfr-reunion.re\/index.php\/wp-json\/wp\/v2\/pages\/324\/revisions\/548"}],"wp:attachment":[{"href":"https:\/\/mfr-reunion.re\/index.php\/wp-json\/wp\/v2\/media?parent=324"}],"curies":[{"name":"wp","href":"https:\/\/api.w.org\/{rel}","templated":true}]}}