{"id":340,"date":"2022-05-06T13:19:22","date_gmt":"2022-05-06T11:19:22","guid":{"rendered":"http:\/\/rfcakqo.cluster031.hosting.ovh.net\/admin\/?page_id=340"},"modified":"2024-02-12T11:40:34","modified_gmt":"2024-02-12T10:40:34","slug":"bac-pro-amenagements-paysagers","status":"publish","type":"page","link":"https:\/\/mfr-reunion.re\/index.php\/bac-pro-amenagements-paysagers\/","title":{"rendered":"BAC PRO Am\u00e9nagements Paysagers"},"content":{"rendered":"\n<h4 class=\"wp-block-heading\">Ce cursus offre un haut niveau de qualification dans le secteur des jardins et du paysage<\/h4>\n\n\n\n<p class=\"has-nv-dark-bg-color has-text-color has-medium-font-size\">Il favorise une \u00e9volution de carri\u00e8re vers des postes \u00e0 responsabilit\u00e9s.<\/p>\n\n\n\n<h2 class=\"wp-block-heading\">OBJECTIFS <\/h2>\n\n\n\n<figure class=\"wp-block-image size-full is-resized\"><img loading=\"lazy\" decoding=\"async\" width=\"800\" height=\"558\" src=\"http:\/\/rfcakqo.cluster031.hosting.ovh.net\/admin\/wp-content\/uploads\/2022\/05\/JARDI.png\" alt=\"\" class=\"wp-image-343\" style=\"width:813px;height:auto\" srcset=\"https:\/\/mfr-reunion.re\/wp-content\/uploads\/2022\/05\/JARDI.png 800w, https:\/\/mfr-reunion.re\/wp-content\/uploads\/2022\/05\/JARDI-300x209.png 300w, https:\/\/mfr-reunion.re\/wp-content\/uploads\/2022\/05\/JARDI-768x536.png 768w\" sizes=\"auto, (max-width: 800px) 100vw, 800px\" \/><\/figure>\n\n\n\n<ul class=\"has-nv-dark-bg-color has-text-color has-medium-font-size wp-block-list\">\n<li>Permettre la d\u00e9couverte du monde du travail chez un ma\u00eetre de stage ou d\u2019apprentissage (Paysagistes, collectivit\u00e9s territoriales, espaces verts\u2026) pour avoir des capacit\u00e9s professionnelles dans le domaine de l\u2019am\u00e9nagement paysager.<\/li>\n\n\n\n<li>Permettre aux jeunes de mobiliser leurs connaissances g\u00e9n\u00e9rales en vue de l\u2019obtention du dipl\u00f4me du Bac Pro.<\/li>\n\n\n\n<li>Permettre l\u2019insertion professionnelle et travailler en respectant les r\u00e8gles de s\u00e9curit\u00e9.<\/li>\n<\/ul>\n\n\n\n<div class=\"wp-block-columns is-layout-flex wp-container-core-columns-is-layout-9d6595d7 wp-block-columns-is-layout-flex\">\n<div class=\"wp-block-column is-layout-flow wp-block-column-is-layout-flow\">\n<h4 class=\"wp-block-heading\">La formation dure 3 ans et peut \u00eatre suivie en Apprentissage (contrat de travail) ou en Alternance scolaire (convention&nbsp; de stage)<\/h4>\n\n\n\n<p class=\"has-nv-dark-bg-color has-text-color has-medium-font-size\">Quel que soit le statut choisi, elle se d\u00e9roule en Alternance :<\/p>\n\n\n\n<p><strong>50% du temps en entreprise et 50% \u00e0 la MFR<\/strong><\/p>\n<\/div>\n\n\n\n<div class=\"wp-block-column is-layout-flow wp-block-column-is-layout-flow\">\n<h4 class=\"wp-block-heading\"><strong>Un dipl\u00f4me est \u00e0 la fin de la formation :<\/strong><\/h4>\n\n\n\n<ul class=\"has-nv-dark-bg-color has-text-color has-medium-font-size wp-block-list\">\n<li>Baccalaur\u00e9at Professionnel Am\u00e9nagements Paysagers en Terminale<\/li>\n<\/ul>\n<\/div>\n<\/div>\n\n\n\n<div class=\"wp-block-columns is-layout-flex wp-container-core-columns-is-layout-9d6595d7 wp-block-columns-is-layout-flex\">\n<div class=\"wp-block-column is-layout-flow wp-block-column-is-layout-flow\">\n<p class=\"has-nv-dark-bg-color has-neve-text-color-background-color has-text-color has-background has-medium-font-size\"><strong>PUBLIC CONCERNES, CONDITIONS D&rsquo;ACCES<\/strong><\/p>\n<\/div>\n\n\n\n<div class=\"wp-block-column is-layout-flow wp-block-column-is-layout-flow\">\n<p class=\"has-nv-dark-bg-color has-neve-text-color-background-color has-text-color has-background has-medium-font-size\"><strong>COMPETENCES DEVELOPPEES<\/strong><\/p>\n<\/div>\n<\/div>\n\n\n\n<div class=\"wp-block-columns is-layout-flex wp-container-core-columns-is-layout-9d6595d7 wp-block-columns-is-layout-flex\">\n<div class=\"wp-block-column is-layout-flow wp-block-column-is-layout-flow\">\n<ul class=\"has-nv-dark-bg-color has-text-color has-medium-font-size wp-block-list\">\n<li>Admission en sortie de troisi\u00e8me (pour une entr\u00e9e en Seconde)<\/li>\n\n\n\n<li>Admission en sortie de CAP (Pour une entr\u00e9e directe en 1\u00e8re, d\u00e9rogation possible si changement de fili\u00e8re)<\/li>\n\n\n\n<li>Admission en sortie de classe de Seconde G\u00e9n\u00e9rale ou Technologique (Pour une entr\u00e9e en Seconde ou 1\u00e8re suivant le niveau)<\/li>\n\n\n\n<li>Admission en sortie de 1\u00e8re ou Terminale (Pour une entr\u00e9e en 1\u00e8re avec d\u00e9rogation)<\/li>\n<\/ul>\n<\/div>\n\n\n\n<div class=\"wp-block-column is-layout-flow wp-block-column-is-layout-flow\">\n<ul class=\"has-nv-dark-bg-color has-text-color has-medium-font-size wp-block-list\">\n<li>Am\u00e9nagements et gestion de chantiers<\/li>\n\n\n\n<li>Cr\u00e9ations et entretien<\/li>\n\n\n\n<li>Topographie, dessin<\/li>\n\n\n\n<li>Utilisation des mat\u00e9riels parcs et jardins<\/li>\n\n\n\n<li>Cr\u00e9ation et entretien de murs et toitures v\u00e9g\u00e9talis\u00e9s<\/li>\n\n\n\n<li>Lecture de paysage \/ dimensions \u00e9cologiques \/ Histoire des jardins\u2026<\/li>\n<\/ul>\n<\/div>\n<\/div>\n\n\n\n<h2 class=\"wp-block-heading\">CONTENU DE LA FORMATION<\/h2>\n\n\n\n<h4 class=\"wp-block-heading\">STAGES ou EMPLOI 50%<\/h4>\n\n\n\n<p class=\"has-nv-dark-bg-color has-text-color has-medium-font-size\">En stage, les jeunes sont suivis individuellement par leur ma\u00eetre de stage ou d\u2019apprentissage, ce qui leur permet de d\u00e9couvrir les r\u00e9alit\u00e9s du monde professionnel dans tous les secteurs de&nbsp;l\u2019am\u00e9nagement paysager&nbsp;(Paysagistes, services techniques des espaces verts\u2026).<\/p>\n\n\n\n<p class=\"has-nv-dark-bg-color has-text-color has-medium-font-size\">Les \u00e9l\u00e8ves participent aux activit\u00e9s de l\u2019entreprise mais aussi \u00e0 la r\u00e9alisation d\u2019enqu\u00eates (discussion avec le ma\u00eetre de stage ou d\u2019apprentissage, recherche de documents, r\u00e9daction\u2026).<\/p>\n\n\n\n<h4 class=\"wp-block-heading\">COURS 50%<\/h4>\n\n\n\n<ul class=\"has-nv-dark-bg-color has-text-color has-medium-font-size wp-block-list\">\n<li><strong>Modules d\u2019enseignement g\u00e9n\u00e9raux (20 h) :<\/strong>&nbsp;fran\u00e7ais, math\u00e9matiques, anglais, histoire, g\u00e9ographie, biologie, sciences physiques, informatique, \u00e9ducation socioculturelle, sport.<\/li>\n\n\n\n<li><strong>Modules professionnels :<\/strong>&nbsp;cet enseignement est directement en lien avec le secteur de l\u2019am\u00e9nagement paysager (Economie et gestion, Biologie v\u00e9g\u00e9tale,&nbsp; technologie paysag\u00e8re, Machinisme,\u2026) et permet \u00e0 l\u2019\u00e9l\u00e8ve de mettre en oeuvre les diff\u00e9rents processus de production.<\/li>\n\n\n\n<li><strong>L\u2019enseignement de l\u2019am\u00e9nagement paysager<\/strong>&nbsp;permet d\u2019aborder la conduite et la gestion de chantiers, comprendre le fonctionnement de l\u2019entreprise paysag\u00e8re, \u00e9laborer des croquis, r\u00e9aliser des devis d\u2019am\u00e9nagement\u2026<\/li>\n\n\n\n<li><strong>Un enseignement sp\u00e9cifique<\/strong>&nbsp;\u00e0 l\u2019initiative de notre \u00e9tablissement (EIE) permet de se perfectionner dans la conception paysag\u00e8re.<\/li>\n\n\n\n<li><strong>Un Module d\u2019Adaptation Professionnel<\/strong>&nbsp;(MAP) permet d\u2019\u00e9tudier la cr\u00e9ation de murs et de toitures v\u00e9g\u00e9talis\u00e9s.<\/li>\n\n\n\n<li>Durant l\u2019ann\u00e9e de Seconde, les \u00e9l\u00e8ves passeront le SSTA (Sant\u00e9, Secourisme, Travail en Agriculture) permettant ainsi de ma\u00eetriser les gestes de premier secours.<\/li>\n\n\n\n<li>Travail en petits groupes \u2013 Intervention de professionnels \u2013 Visites d\u2019\u00e9tude.<\/li>\n<\/ul>\n\n\n\n<div class=\"wp-block-columns is-layout-flex wp-container-core-columns-is-layout-9d6595d7 wp-block-columns-is-layout-flex\">\n<div class=\"wp-block-column is-layout-flow wp-block-column-is-layout-flow\">\n<h2 class=\"wp-block-heading\">APRES LA FORMATION<\/h2>\n\n\n\n<h4 class=\"wp-block-heading\">Poursuite des \u00e9tudes :<\/h4>\n\n\n\n<ul class=\"has-nv-dark-bg-color has-text-color has-medium-font-size wp-block-list\">\n<li>BTS Am\u00e9nagements Paysagers<\/li>\n\n\n\n<li>Certificats de sp\u00e9cialisation : Arrosage int\u00e9gr\u00e9, ma\u00e7onneries paysag\u00e8res, \u00e9lagueurs grimpeurs\u2026<\/li>\n<\/ul>\n<\/div>\n\n\n\n<div class=\"wp-block-column is-layout-flow wp-block-column-is-layout-flow\">\n<figure class=\"wp-block-image size-full\"><img loading=\"lazy\" decoding=\"async\" width=\"800\" height=\"533\" src=\"http:\/\/rfcakqo.cluster031.hosting.ovh.net\/admin\/wp-content\/uploads\/2022\/05\/AMP.jpg\" alt=\"\" class=\"wp-image-341\" srcset=\"https:\/\/mfr-reunion.re\/wp-content\/uploads\/2022\/05\/AMP.jpg 800w, https:\/\/mfr-reunion.re\/wp-content\/uploads\/2022\/05\/AMP-300x200.jpg 300w, https:\/\/mfr-reunion.re\/wp-content\/uploads\/2022\/05\/AMP-768x512.jpg 768w\" sizes=\"auto, (max-width: 800px) 100vw, 800px\" \/><\/figure>\n<\/div>\n<\/div>\n\n\n\n<div class=\"wp-block-columns is-layout-flex wp-container-core-columns-is-layout-9d6595d7 wp-block-columns-is-layout-flex\">\n<div class=\"wp-block-column is-layout-flow wp-block-column-is-layout-flow\">\n<figure class=\"wp-block-image size-large is-resized\"><img loading=\"lazy\" decoding=\"async\" width=\"686\" height=\"1024\" src=\"http:\/\/rfcakqo.cluster031.hosting.ovh.net\/admin\/wp-content\/uploads\/2022\/04\/fleche-686x1024.jpg\" alt=\"\" class=\"wp-image-302\" style=\"width:342px;height:510px\" srcset=\"https:\/\/mfr-reunion.re\/wp-content\/uploads\/2022\/04\/fleche-686x1024.jpg 686w, https:\/\/mfr-reunion.re\/wp-content\/uploads\/2022\/04\/fleche-201x300.jpg 201w, https:\/\/mfr-reunion.re\/wp-content\/uploads\/2022\/04\/fleche-768x1147.jpg 768w, https:\/\/mfr-reunion.re\/wp-content\/uploads\/2022\/04\/fleche.jpg 800w\" sizes=\"auto, (max-width: 686px) 100vw, 686px\" \/><\/figure>\n<\/div>\n\n\n\n<div class=\"wp-block-column is-layout-flow wp-block-column-is-layout-flow\">\n<h4 class=\"wp-block-heading\">Vie active, les m\u00e9tiers :<\/h4>\n\n\n\n<ul class=\"has-nv-dark-bg-color has-text-color has-medium-font-size wp-block-list\">\n<li>Insertion professionnelle en entreprise paysag\u00e8re ou en collectivit\u00e9 locale<\/li>\n\n\n\n<li>Technicien paysagiste<\/li>\n\n\n\n<li>Ouvrier sp\u00e9cialis\u00e9<\/li>\n\n\n\n<li>Chef d\u2019entreprise paysag\u00e8re<\/li>\n<\/ul>\n<\/div>\n<\/div>\n\n\n\n<h2 class=\"wp-block-heading\">Disponible \u00e0 :<\/h2>\n\n\n\n<div class=\"wp-block-columns is-layout-flex wp-container-core-columns-is-layout-9d6595d7 wp-block-columns-is-layout-flex\">\n<div class=\"wp-block-column is-layout-flow wp-block-column-is-layout-flow\">\n<figure class=\"wp-block-image size-full\"><img loading=\"lazy\" decoding=\"async\" width=\"310\" height=\"285\" src=\"http:\/\/rfcakqo.cluster031.hosting.ovh.net\/admin\/wp-content\/uploads\/2022\/05\/saline.jpg\" alt=\"\" class=\"wp-image-344\" srcset=\"https:\/\/mfr-reunion.re\/wp-content\/uploads\/2022\/05\/saline.jpg 310w, https:\/\/mfr-reunion.re\/wp-content\/uploads\/2022\/05\/saline-300x276.jpg 300w\" sizes=\"auto, (max-width: 310px) 100vw, 310px\" \/><\/figure>\n<\/div>\n\n\n\n<div class=\"wp-block-column is-layout-flow wp-block-column-is-layout-flow\">\n<div class=\"wp-block-buttons is-layout-flex wp-block-buttons-is-layout-flex\">\n<div class=\"wp-block-button is-style-primary\"><a class=\"wp-block-button__link wp-element-button\" href=\"https:\/\/forms.office.com\/Pages\/ResponsePage.aspx?id=DYRf5BtVrUeqsCQKkMRah3taEDKttipCoJSqwnp-EVxURENOUzkyR1IwTlM0RlU2RUJWSlNBREtGUi4u&amp;origin=Invitation&amp;channel=0\"><mark style=\"background-color:rgba(0, 0, 0, 0)\" class=\"has-inline-color has-white-color\">CLIQUEZ &#8211; ICI POUR VOUS INSCRIRE<\/mark><\/a><\/div>\n<\/div>\n<\/div>\n<\/div>\n","protected":false},"excerpt":{"rendered":"<p>Ce cursus offre un haut niveau de qualification dans le secteur des jardins et du paysage Il favorise une \u00e9volution de carri\u00e8re vers des postes \u00e0 responsabilit\u00e9s. OBJECTIFS La formation dure 3 ans et peut \u00eatre suivie en Apprentissage (contrat de travail) ou en Alternance scolaire (convention&nbsp; de stage) Quel que soit le statut choisi, &hellip; <\/p>\n","protected":false},"author":1,"featured_media":0,"parent":0,"menu_order":0,"comment_status":"closed","ping_status":"closed","template":"","meta":{"footnotes":""},"class_list":["post-340","page","type-page","status-publish","hentry"],"yoast_head":"<!-- This site is optimized with the Yoast SEO plugin v18.1 - https:\/\/yoast.com\/wordpress\/plugins\/seo\/ -->\n<title>BAC PRO Am\u00e9nagements Paysagers - Les MFR DE LA REUNION<\/title>\n<meta name=\"robots\" content=\"index, follow, max-snippet:-1, max-image-preview:large, max-video-preview:-1\" \/>\n<link rel=\"canonical\" href=\"https:\/\/mfr-reunion.re\/index.php\/bac-pro-amenagements-paysagers\/\" \/>\n<meta property=\"og:locale\" content=\"fr_FR\" \/>\n<meta property=\"og:type\" content=\"article\" \/>\n<meta property=\"og:title\" content=\"BAC PRO Am\u00e9nagements Paysagers - Les MFR DE LA REUNION\" \/>\n<meta property=\"og:description\" content=\"Ce cursus offre un haut niveau de qualification dans le secteur des jardins et du paysage Il favorise une \u00e9volution de carri\u00e8re vers des postes \u00e0 responsabilit\u00e9s. OBJECTIFS La formation dure 3 ans et peut \u00eatre suivie en Apprentissage (contrat de travail) ou en Alternance scolaire (convention&nbsp; de stage) Quel que soit le statut choisi, &hellip;\" \/>\n<meta property=\"og:url\" content=\"https:\/\/mfr-reunion.re\/index.php\/bac-pro-amenagements-paysagers\/\" \/>\n<meta property=\"og:site_name\" content=\"Les MFR DE LA REUNION\" \/>\n<meta property=\"article:modified_time\" content=\"2024-02-12T10:40:34+00:00\" \/>\n<meta property=\"og:image\" content=\"http:\/\/rfcakqo.cluster031.hosting.ovh.net\/admin\/wp-content\/uploads\/2022\/05\/JARDI.png\" \/>\n<meta name=\"twitter:card\" content=\"summary_large_image\" \/>\n<meta name=\"twitter:label1\" content=\"Dur\u00e9e de lecture estim\u00e9e\" \/>\n\t<meta name=\"twitter:data1\" content=\"4 minutes\" \/>\n<script type=\"application\/ld+json\" class=\"yoast-schema-graph\">{\"@context\":\"https:\/\/schema.org\",\"@graph\":[{\"@type\":\"WebSite\",\"@id\":\"https:\/\/mfr-reunion.re\/#website\",\"url\":\"https:\/\/mfr-reunion.re\/\",\"name\":\"Les MFR DE LA REUNION\",\"description\":\"\",\"potentialAction\":[{\"@type\":\"SearchAction\",\"target\":{\"@type\":\"EntryPoint\",\"urlTemplate\":\"https:\/\/mfr-reunion.re\/?s={search_term_string}\"},\"query-input\":\"required name=search_term_string\"}],\"inLanguage\":\"fr-FR\"},{\"@type\":\"ImageObject\",\"@id\":\"https:\/\/mfr-reunion.re\/index.php\/bac-pro-amenagements-paysagers\/#primaryimage\",\"inLanguage\":\"fr-FR\",\"url\":\"http:\/\/rfcakqo.cluster031.hosting.ovh.net\/admin\/wp-content\/uploads\/2022\/05\/JARDI.png\",\"contentUrl\":\"http:\/\/rfcakqo.cluster031.hosting.ovh.net\/admin\/wp-content\/uploads\/2022\/05\/JARDI.png\"},{\"@type\":\"WebPage\",\"@id\":\"https:\/\/mfr-reunion.re\/index.php\/bac-pro-amenagements-paysagers\/#webpage\",\"url\":\"https:\/\/mfr-reunion.re\/index.php\/bac-pro-amenagements-paysagers\/\",\"name\":\"BAC PRO Am\u00e9nagements Paysagers - Les MFR DE LA REUNION\",\"isPartOf\":{\"@id\":\"https:\/\/mfr-reunion.re\/#website\"},\"primaryImageOfPage\":{\"@id\":\"https:\/\/mfr-reunion.re\/index.php\/bac-pro-amenagements-paysagers\/#primaryimage\"},\"datePublished\":\"2022-05-06T11:19:22+00:00\",\"dateModified\":\"2024-02-12T10:40:34+00:00\",\"breadcrumb\":{\"@id\":\"https:\/\/mfr-reunion.re\/index.php\/bac-pro-amenagements-paysagers\/#breadcrumb\"},\"inLanguage\":\"fr-FR\",\"potentialAction\":[{\"@type\":\"ReadAction\",\"target\":[\"https:\/\/mfr-reunion.re\/index.php\/bac-pro-amenagements-paysagers\/\"]}]},{\"@type\":\"BreadcrumbList\",\"@id\":\"https:\/\/mfr-reunion.re\/index.php\/bac-pro-amenagements-paysagers\/#breadcrumb\",\"itemListElement\":[{\"@type\":\"ListItem\",\"position\":1,\"name\":\"Accueil\",\"item\":\"https:\/\/mfr-reunion.re\/\"},{\"@type\":\"ListItem\",\"position\":2,\"name\":\"BAC PRO Am\u00e9nagements Paysagers\"}]}]}<\/script>\n<!-- \/ Yoast SEO plugin. -->","yoast_head_json":{"title":"BAC PRO Am\u00e9nagements Paysagers - Les MFR DE LA REUNION","robots":{"index":"index","follow":"follow","max-snippet":"max-snippet:-1","max-image-preview":"max-image-preview:large","max-video-preview":"max-video-preview:-1"},"canonical":"https:\/\/mfr-reunion.re\/index.php\/bac-pro-amenagements-paysagers\/","og_locale":"fr_FR","og_type":"article","og_title":"BAC PRO Am\u00e9nagements Paysagers - Les MFR DE LA REUNION","og_description":"Ce cursus offre un haut niveau de qualification dans le secteur des jardins et du paysage Il favorise une \u00e9volution de carri\u00e8re vers des postes \u00e0 responsabilit\u00e9s. OBJECTIFS La formation dure 3 ans et peut \u00eatre suivie en Apprentissage (contrat de travail) ou en Alternance scolaire (convention&nbsp; de stage) Quel que soit le statut choisi, &hellip;","og_url":"https:\/\/mfr-reunion.re\/index.php\/bac-pro-amenagements-paysagers\/","og_site_name":"Les MFR DE LA REUNION","article_modified_time":"2024-02-12T10:40:34+00:00","og_image":[{"url":"http:\/\/rfcakqo.cluster031.hosting.ovh.net\/admin\/wp-content\/uploads\/2022\/05\/JARDI.png"}],"twitter_card":"summary_large_image","twitter_misc":{"Dur\u00e9e de lecture estim\u00e9e":"4 minutes"},"schema":{"@context":"https:\/\/schema.org","@graph":[{"@type":"WebSite","@id":"https:\/\/mfr-reunion.re\/#website","url":"https:\/\/mfr-reunion.re\/","name":"Les MFR DE LA REUNION","description":"","potentialAction":[{"@type":"SearchAction","target":{"@type":"EntryPoint","urlTemplate":"https:\/\/mfr-reunion.re\/?s={search_term_string}"},"query-input":"required name=search_term_string"}],"inLanguage":"fr-FR"},{"@type":"ImageObject","@id":"https:\/\/mfr-reunion.re\/index.php\/bac-pro-amenagements-paysagers\/#primaryimage","inLanguage":"fr-FR","url":"http:\/\/rfcakqo.cluster031.hosting.ovh.net\/admin\/wp-content\/uploads\/2022\/05\/JARDI.png","contentUrl":"http:\/\/rfcakqo.cluster031.hosting.ovh.net\/admin\/wp-content\/uploads\/2022\/05\/JARDI.png"},{"@type":"WebPage","@id":"https:\/\/mfr-reunion.re\/index.php\/bac-pro-amenagements-paysagers\/#webpage","url":"https:\/\/mfr-reunion.re\/index.php\/bac-pro-amenagements-paysagers\/","name":"BAC PRO Am\u00e9nagements Paysagers - Les MFR DE LA REUNION","isPartOf":{"@id":"https:\/\/mfr-reunion.re\/#website"},"primaryImageOfPage":{"@id":"https:\/\/mfr-reunion.re\/index.php\/bac-pro-amenagements-paysagers\/#primaryimage"},"datePublished":"2022-05-06T11:19:22+00:00","dateModified":"2024-02-12T10:40:34+00:00","breadcrumb":{"@id":"https:\/\/mfr-reunion.re\/index.php\/bac-pro-amenagements-paysagers\/#breadcrumb"},"inLanguage":"fr-FR","potentialAction":[{"@type":"ReadAction","target":["https:\/\/mfr-reunion.re\/index.php\/bac-pro-amenagements-paysagers\/"]}]},{"@type":"BreadcrumbList","@id":"https:\/\/mfr-reunion.re\/index.php\/bac-pro-amenagements-paysagers\/#breadcrumb","itemListElement":[{"@type":"ListItem","position":1,"name":"Accueil","item":"https:\/\/mfr-reunion.re\/"},{"@type":"ListItem","position":2,"name":"BAC PRO Am\u00e9nagements Paysagers"}]}]}},"_links":{"self":[{"href":"https:\/\/mfr-reunion.re\/index.php\/wp-json\/wp\/v2\/pages\/340","targetHints":{"allow":["GET"]}}],"collection":[{"href":"https:\/\/mfr-reunion.re\/index.php\/wp-json\/wp\/v2\/pages"}],"about":[{"href":"https:\/\/mfr-reunion.re\/index.php\/wp-json\/wp\/v2\/types\/page"}],"author":[{"embeddable":true,"href":"https:\/\/mfr-reunion.re\/index.php\/wp-json\/wp\/v2\/users\/1"}],"replies":[{"embeddable":true,"href":"https:\/\/mfr-reunion.re\/index.php\/wp-json\/wp\/v2\/comments?post=340"}],"version-history":[{"count":6,"href":"https:\/\/mfr-reunion.re\/index.php\/wp-json\/wp\/v2\/pages\/340\/revisions"}],"predecessor-version":[{"id":566,"href":"https:\/\/mfr-reunion.re\/index.php\/wp-json\/wp\/v2\/pages\/340\/revisions\/566"}],"wp:attachment":[{"href":"https:\/\/mfr-reunion.re\/index.php\/wp-json\/wp\/v2\/media?parent=340"}],"curies":[{"name":"wp","href":"https:\/\/api.w.org\/{rel}","templated":true}]}}