{"id":355,"date":"2022-07-26T11:35:18","date_gmt":"2022-07-26T09:35:18","guid":{"rendered":"http:\/\/rfcakqo.cluster031.hosting.ovh.net\/admin\/?page_id=355"},"modified":"2022-07-26T11:43:21","modified_gmt":"2022-07-26T09:43:21","slug":"le-mouvement-associatif","status":"publish","type":"page","link":"https:\/\/mfr-reunion.re\/index.php\/le-mouvement-associatif\/","title":{"rendered":"UN MOUVEMENT ASSOCIATIF"},"content":{"rendered":"\n<p>La caract\u00e9ristique principale des Maisons familiales rurales est d\u2019\u00eatre \u00e0 la fois un mouvement associatif familial ancr\u00e9 dans les territoires et dans le tissu social, \u00e9conomique et culturel et \u00e0 la fois un mouvement \u00e9ducatif.<br>Dans un contexte diff\u00e9rent, le mouvement poursuit les m\u00eames orientations des parents qui se sont associ\u00e9s pour cr\u00e9er la premi\u00e8re Maison familiale : impliquer les familles dans l\u2019\u00e9ducation de leurs fils ou de leurs filles, travailler en partenariat avec des professionnels pour r\u00e9pondre \u00e0 l\u2019\u00e9volution des m\u00e9tiers, donner une formation \u00e0 chaque jeune, favoriser son insertion sociale et professionnelle, participer au d\u00e9veloppement des territoires.<\/p>\n\n\n\n<p><br>Juridiquement, chaque Maison familiale rurale repose sur une association familiale qui pourrait s\u2019apparenter \u00e0 \u00ab une coop\u00e9rative familiale \u00bb. Les membres sont majoritairement les parents qui ont inscrits leurs enfants dans une formation mais aussi des professionnels, des responsables ou des \u00e9lus qui souhaitent militer pour le b\u00e9n\u00e9fice du plus grand nombre. Cet engagement associatif local est la pierre angulaire du mouvement.<\/p>\n\n\n\n<p>Ces adh\u00e9rents \u00e9lisent, en assembl\u00e9e g\u00e9n\u00e9rale, un conseil d\u2019administration, v\u00e9ritable organe ex\u00e9cutif de l\u2019association. Les Maisons familiales sont de fait un parfait exemple de d\u00e9mocratie participative et d\u2019engagement collectif au travers desquels les initiatives de terrain s\u2019expriment et peuvent remplir des missions d\u2019int\u00e9r\u00eat g\u00e9n\u00e9ral et de service public.<\/p>\n\n\n\n<div class=\"wp-block-columns is-layout-flex wp-container-core-columns-is-layout-9d6595d7 wp-block-columns-is-layout-flex\">\n<div class=\"wp-block-column is-layout-flow wp-block-column-is-layout-flow\"><\/div>\n\n\n\n<div class=\"wp-block-column is-layout-flow wp-block-column-is-layout-flow\"><\/div>\n<\/div>\n","protected":false},"excerpt":{"rendered":"<p>La caract\u00e9ristique principale des Maisons familiales rurales est d\u2019\u00eatre \u00e0 la fois un mouvement associatif familial ancr\u00e9 dans les territoires et dans le tissu social, \u00e9conomique et culturel et \u00e0 la fois un mouvement \u00e9ducatif.Dans un contexte diff\u00e9rent, le mouvement poursuit les m\u00eames orientations des parents qui se sont associ\u00e9s pour cr\u00e9er la premi\u00e8re Maison &hellip; <\/p>\n","protected":false},"author":1,"featured_media":0,"parent":0,"menu_order":0,"comment_status":"closed","ping_status":"closed","template":"","meta":{"footnotes":""},"class_list":["post-355","page","type-page","status-publish","hentry"],"yoast_head":"<!-- This site is optimized with the Yoast SEO plugin v18.1 - https:\/\/yoast.com\/wordpress\/plugins\/seo\/ -->\n<title>UN MOUVEMENT ASSOCIATIF - Les MFR DE LA REUNION<\/title>\n<meta name=\"robots\" content=\"index, follow, max-snippet:-1, max-image-preview:large, max-video-preview:-1\" \/>\n<link rel=\"canonical\" href=\"https:\/\/mfr-reunion.re\/index.php\/le-mouvement-associatif\/\" \/>\n<meta property=\"og:locale\" content=\"fr_FR\" \/>\n<meta property=\"og:type\" content=\"article\" \/>\n<meta property=\"og:title\" content=\"UN MOUVEMENT ASSOCIATIF - Les MFR DE LA REUNION\" \/>\n<meta property=\"og:description\" content=\"La caract\u00e9ristique principale des Maisons familiales rurales est d\u2019\u00eatre \u00e0 la fois un mouvement associatif familial ancr\u00e9 dans les territoires et dans le tissu social, \u00e9conomique et culturel et \u00e0 la fois un mouvement \u00e9ducatif.Dans un contexte diff\u00e9rent, le mouvement poursuit les m\u00eames orientations des parents qui se sont associ\u00e9s pour cr\u00e9er la premi\u00e8re Maison &hellip;\" \/>\n<meta property=\"og:url\" content=\"https:\/\/mfr-reunion.re\/index.php\/le-mouvement-associatif\/\" \/>\n<meta property=\"og:site_name\" content=\"Les MFR DE LA REUNION\" \/>\n<meta property=\"article:modified_time\" content=\"2022-07-26T09:43:21+00:00\" \/>\n<meta name=\"twitter:card\" content=\"summary_large_image\" \/>\n<meta name=\"twitter:label1\" content=\"Dur\u00e9e de lecture estim\u00e9e\" \/>\n\t<meta name=\"twitter:data1\" content=\"2 minutes\" \/>\n<script type=\"application\/ld+json\" class=\"yoast-schema-graph\">{\"@context\":\"https:\/\/schema.org\",\"@graph\":[{\"@type\":\"WebSite\",\"@id\":\"https:\/\/mfr-reunion.re\/#website\",\"url\":\"https:\/\/mfr-reunion.re\/\",\"name\":\"Les MFR DE LA REUNION\",\"description\":\"\",\"potentialAction\":[{\"@type\":\"SearchAction\",\"target\":{\"@type\":\"EntryPoint\",\"urlTemplate\":\"https:\/\/mfr-reunion.re\/?s={search_term_string}\"},\"query-input\":\"required name=search_term_string\"}],\"inLanguage\":\"fr-FR\"},{\"@type\":\"WebPage\",\"@id\":\"https:\/\/mfr-reunion.re\/index.php\/le-mouvement-associatif\/#webpage\",\"url\":\"https:\/\/mfr-reunion.re\/index.php\/le-mouvement-associatif\/\",\"name\":\"UN MOUVEMENT ASSOCIATIF - Les MFR DE LA REUNION\",\"isPartOf\":{\"@id\":\"https:\/\/mfr-reunion.re\/#website\"},\"datePublished\":\"2022-07-26T09:35:18+00:00\",\"dateModified\":\"2022-07-26T09:43:21+00:00\",\"breadcrumb\":{\"@id\":\"https:\/\/mfr-reunion.re\/index.php\/le-mouvement-associatif\/#breadcrumb\"},\"inLanguage\":\"fr-FR\",\"potentialAction\":[{\"@type\":\"ReadAction\",\"target\":[\"https:\/\/mfr-reunion.re\/index.php\/le-mouvement-associatif\/\"]}]},{\"@type\":\"BreadcrumbList\",\"@id\":\"https:\/\/mfr-reunion.re\/index.php\/le-mouvement-associatif\/#breadcrumb\",\"itemListElement\":[{\"@type\":\"ListItem\",\"position\":1,\"name\":\"Accueil\",\"item\":\"https:\/\/mfr-reunion.re\/\"},{\"@type\":\"ListItem\",\"position\":2,\"name\":\"UN MOUVEMENT ASSOCIATIF\"}]}]}<\/script>\n<!-- \/ Yoast SEO plugin. -->","yoast_head_json":{"title":"UN MOUVEMENT ASSOCIATIF - Les MFR DE LA REUNION","robots":{"index":"index","follow":"follow","max-snippet":"max-snippet:-1","max-image-preview":"max-image-preview:large","max-video-preview":"max-video-preview:-1"},"canonical":"https:\/\/mfr-reunion.re\/index.php\/le-mouvement-associatif\/","og_locale":"fr_FR","og_type":"article","og_title":"UN MOUVEMENT ASSOCIATIF - Les MFR DE LA REUNION","og_description":"La caract\u00e9ristique principale des Maisons familiales rurales est d\u2019\u00eatre \u00e0 la fois un mouvement associatif familial ancr\u00e9 dans les territoires et dans le tissu social, \u00e9conomique et culturel et \u00e0 la fois un mouvement \u00e9ducatif.Dans un contexte diff\u00e9rent, le mouvement poursuit les m\u00eames orientations des parents qui se sont associ\u00e9s pour cr\u00e9er la premi\u00e8re Maison &hellip;","og_url":"https:\/\/mfr-reunion.re\/index.php\/le-mouvement-associatif\/","og_site_name":"Les MFR DE LA REUNION","article_modified_time":"2022-07-26T09:43:21+00:00","twitter_card":"summary_large_image","twitter_misc":{"Dur\u00e9e de lecture estim\u00e9e":"2 minutes"},"schema":{"@context":"https:\/\/schema.org","@graph":[{"@type":"WebSite","@id":"https:\/\/mfr-reunion.re\/#website","url":"https:\/\/mfr-reunion.re\/","name":"Les MFR DE LA REUNION","description":"","potentialAction":[{"@type":"SearchAction","target":{"@type":"EntryPoint","urlTemplate":"https:\/\/mfr-reunion.re\/?s={search_term_string}"},"query-input":"required name=search_term_string"}],"inLanguage":"fr-FR"},{"@type":"WebPage","@id":"https:\/\/mfr-reunion.re\/index.php\/le-mouvement-associatif\/#webpage","url":"https:\/\/mfr-reunion.re\/index.php\/le-mouvement-associatif\/","name":"UN MOUVEMENT ASSOCIATIF - Les MFR DE LA REUNION","isPartOf":{"@id":"https:\/\/mfr-reunion.re\/#website"},"datePublished":"2022-07-26T09:35:18+00:00","dateModified":"2022-07-26T09:43:21+00:00","breadcrumb":{"@id":"https:\/\/mfr-reunion.re\/index.php\/le-mouvement-associatif\/#breadcrumb"},"inLanguage":"fr-FR","potentialAction":[{"@type":"ReadAction","target":["https:\/\/mfr-reunion.re\/index.php\/le-mouvement-associatif\/"]}]},{"@type":"BreadcrumbList","@id":"https:\/\/mfr-reunion.re\/index.php\/le-mouvement-associatif\/#breadcrumb","itemListElement":[{"@type":"ListItem","position":1,"name":"Accueil","item":"https:\/\/mfr-reunion.re\/"},{"@type":"ListItem","position":2,"name":"UN MOUVEMENT ASSOCIATIF"}]}]}},"_links":{"self":[{"href":"https:\/\/mfr-reunion.re\/index.php\/wp-json\/wp\/v2\/pages\/355","targetHints":{"allow":["GET"]}}],"collection":[{"href":"https:\/\/mfr-reunion.re\/index.php\/wp-json\/wp\/v2\/pages"}],"about":[{"href":"https:\/\/mfr-reunion.re\/index.php\/wp-json\/wp\/v2\/types\/page"}],"author":[{"embeddable":true,"href":"https:\/\/mfr-reunion.re\/index.php\/wp-json\/wp\/v2\/users\/1"}],"replies":[{"embeddable":true,"href":"https:\/\/mfr-reunion.re\/index.php\/wp-json\/wp\/v2\/comments?post=355"}],"version-history":[{"count":4,"href":"https:\/\/mfr-reunion.re\/index.php\/wp-json\/wp\/v2\/pages\/355\/revisions"}],"predecessor-version":[{"id":368,"href":"https:\/\/mfr-reunion.re\/index.php\/wp-json\/wp\/v2\/pages\/355\/revisions\/368"}],"wp:attachment":[{"href":"https:\/\/mfr-reunion.re\/index.php\/wp-json\/wp\/v2\/media?parent=355"}],"curies":[{"name":"wp","href":"https:\/\/api.w.org\/{rel}","templated":true}]}}