{"id":369,"date":"2022-07-26T11:43:53","date_gmt":"2022-07-26T09:43:53","guid":{"rendered":"http:\/\/rfcakqo.cluster031.hosting.ovh.net\/admin\/?page_id=369"},"modified":"2022-07-26T11:43:53","modified_gmt":"2022-07-26T09:43:53","slug":"une-histoire-nee-dune-initiative-locale","status":"publish","type":"page","link":"https:\/\/mfr-reunion.re\/index.php\/une-histoire-nee-dune-initiative-locale\/","title":{"rendered":"UNE HISTOIRE N\u00c9E D\u2019UNE INITIATIVE LOCALE"},"content":{"rendered":"\n<p>Les&nbsp;<strong>Maisons Familiales Rurales<\/strong>&nbsp;du XXIe si\u00e8cle sont l\u2019aboutissement d\u2019une exp\u00e9rience originale conduite dans un village du Lot-et-Garonne dans le Sud-Ouest de la France en 1935. Cette ann\u00e9e-l\u00e0, quelques agriculteurs syndicalistes inventent une formation adapt\u00e9e pour compenser un syst\u00e8me scolaire classique qui ne r\u00e9pond pas aux besoins de leurs enfants et de leur m\u00e9tier.<br>L\u2019initiative est un succ\u00e8s et engendre rapidement de nombreuses demandes.<\/p>\n\n\n\n<p>Deux ans apr\u00e8s, en 1937, plusieurs familles int\u00e9ress\u00e9es et motiv\u00e9es se r\u00e9unissent en assembl\u00e9e g\u00e9n\u00e9rale et d\u00e9cident d\u2019acheter un b\u00e2timent pour y installer leur \u00ab \u00e9cole \u00bb. Ils se groupent en association, en prennent la responsabilit\u00e9, embauche un formateur :&nbsp;<strong>la premi\u00e8re MFR<\/strong>&nbsp;est ainsi n\u00e9e.<\/p>\n\n\n\n<p>A la Lib\u00e9ration, l\u2019institution b\u00e9n\u00e9ficie d\u2019une reconnaissance et d\u2019une subvention du minist\u00e8re de l\u2019Agriculture.<\/p>\n\n\n\n<p>En 1945 \u00e9galement, les Maisons familiales affirment leur ind\u00e9pendance vis-\u00e0-vis de l\u2019\u00c9tat et de l\u2019\u00c9glise : les familles, seules, en derni\u00e8re analyse, constituent le socle du mouvement.<br>Dans les ann\u00e9es 1950, elles formalisent une p\u00e9dagogie novatrice autour de l\u2019alternance scolaire, largement ignor\u00e9e et d\u00e9cri\u00e9e \u00e0 cette \u00e9poque. Elles se d\u00e9veloppent rapidement dans le monde paysan d\u2019abord. Les lois de 1984 sur l\u2019enseignement agricole reconnaissent, apr\u00e8s bien des combats, leurs choix associatifs et p\u00e9dagogiques.<br>Puis elles appliquent les m\u00eames principes au secteur de l\u2019artisanat, du commerce, des services \u00e0 la personne et dans de nombreux m\u00e9tiers en ouvrant des centres de formation d\u2019apprentis en relation avec les conseils r\u00e9gionaux.<\/p>\n","protected":false},"excerpt":{"rendered":"<p>Les&nbsp;Maisons Familiales Rurales&nbsp;du XXIe si\u00e8cle sont l\u2019aboutissement d\u2019une exp\u00e9rience originale conduite dans un village du Lot-et-Garonne dans le Sud-Ouest de la France en 1935. Cette ann\u00e9e-l\u00e0, quelques agriculteurs syndicalistes inventent une formation adapt\u00e9e pour compenser un syst\u00e8me scolaire classique qui ne r\u00e9pond pas aux besoins de leurs enfants et de leur m\u00e9tier.L\u2019initiative est un succ\u00e8s &hellip; <\/p>\n","protected":false},"author":1,"featured_media":0,"parent":0,"menu_order":0,"comment_status":"closed","ping_status":"closed","template":"","meta":{"footnotes":""},"class_list":["post-369","page","type-page","status-publish","hentry"],"yoast_head":"<!-- This site is optimized with the Yoast SEO plugin v18.1 - https:\/\/yoast.com\/wordpress\/plugins\/seo\/ -->\n<title>UNE HISTOIRE N\u00c9E D\u2019UNE INITIATIVE LOCALE - Les MFR DE LA REUNION<\/title>\n<meta name=\"robots\" content=\"index, follow, max-snippet:-1, max-image-preview:large, max-video-preview:-1\" \/>\n<link rel=\"canonical\" href=\"https:\/\/mfr-reunion.re\/index.php\/une-histoire-nee-dune-initiative-locale\/\" \/>\n<meta property=\"og:locale\" content=\"fr_FR\" \/>\n<meta property=\"og:type\" content=\"article\" \/>\n<meta property=\"og:title\" content=\"UNE HISTOIRE N\u00c9E D\u2019UNE INITIATIVE LOCALE - Les MFR DE LA REUNION\" \/>\n<meta property=\"og:description\" content=\"Les&nbsp;Maisons Familiales Rurales&nbsp;du XXIe si\u00e8cle sont l\u2019aboutissement d\u2019une exp\u00e9rience originale conduite dans un village du Lot-et-Garonne dans le Sud-Ouest de la France en 1935. Cette ann\u00e9e-l\u00e0, quelques agriculteurs syndicalistes inventent une formation adapt\u00e9e pour compenser un syst\u00e8me scolaire classique qui ne r\u00e9pond pas aux besoins de leurs enfants et de leur m\u00e9tier.L\u2019initiative est un succ\u00e8s &hellip;\" \/>\n<meta property=\"og:url\" content=\"https:\/\/mfr-reunion.re\/index.php\/une-histoire-nee-dune-initiative-locale\/\" \/>\n<meta property=\"og:site_name\" content=\"Les MFR DE LA REUNION\" \/>\n<meta name=\"twitter:card\" content=\"summary_large_image\" \/>\n<meta name=\"twitter:label1\" content=\"Dur\u00e9e de lecture estim\u00e9e\" \/>\n\t<meta name=\"twitter:data1\" content=\"2 minutes\" \/>\n<script type=\"application\/ld+json\" class=\"yoast-schema-graph\">{\"@context\":\"https:\/\/schema.org\",\"@graph\":[{\"@type\":\"WebSite\",\"@id\":\"https:\/\/mfr-reunion.re\/#website\",\"url\":\"https:\/\/mfr-reunion.re\/\",\"name\":\"Les MFR DE LA REUNION\",\"description\":\"\",\"potentialAction\":[{\"@type\":\"SearchAction\",\"target\":{\"@type\":\"EntryPoint\",\"urlTemplate\":\"https:\/\/mfr-reunion.re\/?s={search_term_string}\"},\"query-input\":\"required name=search_term_string\"}],\"inLanguage\":\"fr-FR\"},{\"@type\":\"WebPage\",\"@id\":\"https:\/\/mfr-reunion.re\/index.php\/une-histoire-nee-dune-initiative-locale\/#webpage\",\"url\":\"https:\/\/mfr-reunion.re\/index.php\/une-histoire-nee-dune-initiative-locale\/\",\"name\":\"UNE HISTOIRE N\u00c9E D\u2019UNE INITIATIVE LOCALE - Les MFR DE LA REUNION\",\"isPartOf\":{\"@id\":\"https:\/\/mfr-reunion.re\/#website\"},\"datePublished\":\"2022-07-26T09:43:53+00:00\",\"dateModified\":\"2022-07-26T09:43:53+00:00\",\"breadcrumb\":{\"@id\":\"https:\/\/mfr-reunion.re\/index.php\/une-histoire-nee-dune-initiative-locale\/#breadcrumb\"},\"inLanguage\":\"fr-FR\",\"potentialAction\":[{\"@type\":\"ReadAction\",\"target\":[\"https:\/\/mfr-reunion.re\/index.php\/une-histoire-nee-dune-initiative-locale\/\"]}]},{\"@type\":\"BreadcrumbList\",\"@id\":\"https:\/\/mfr-reunion.re\/index.php\/une-histoire-nee-dune-initiative-locale\/#breadcrumb\",\"itemListElement\":[{\"@type\":\"ListItem\",\"position\":1,\"name\":\"Accueil\",\"item\":\"https:\/\/mfr-reunion.re\/\"},{\"@type\":\"ListItem\",\"position\":2,\"name\":\"UNE HISTOIRE N\u00c9E D\u2019UNE INITIATIVE LOCALE\"}]}]}<\/script>\n<!-- \/ Yoast SEO plugin. -->","yoast_head_json":{"title":"UNE HISTOIRE N\u00c9E D\u2019UNE INITIATIVE LOCALE - Les MFR DE LA REUNION","robots":{"index":"index","follow":"follow","max-snippet":"max-snippet:-1","max-image-preview":"max-image-preview:large","max-video-preview":"max-video-preview:-1"},"canonical":"https:\/\/mfr-reunion.re\/index.php\/une-histoire-nee-dune-initiative-locale\/","og_locale":"fr_FR","og_type":"article","og_title":"UNE HISTOIRE N\u00c9E D\u2019UNE INITIATIVE LOCALE - Les MFR DE LA REUNION","og_description":"Les&nbsp;Maisons Familiales Rurales&nbsp;du XXIe si\u00e8cle sont l\u2019aboutissement d\u2019une exp\u00e9rience originale conduite dans un village du Lot-et-Garonne dans le Sud-Ouest de la France en 1935. Cette ann\u00e9e-l\u00e0, quelques agriculteurs syndicalistes inventent une formation adapt\u00e9e pour compenser un syst\u00e8me scolaire classique qui ne r\u00e9pond pas aux besoins de leurs enfants et de leur m\u00e9tier.L\u2019initiative est un succ\u00e8s &hellip;","og_url":"https:\/\/mfr-reunion.re\/index.php\/une-histoire-nee-dune-initiative-locale\/","og_site_name":"Les MFR DE LA REUNION","twitter_card":"summary_large_image","twitter_misc":{"Dur\u00e9e de lecture estim\u00e9e":"2 minutes"},"schema":{"@context":"https:\/\/schema.org","@graph":[{"@type":"WebSite","@id":"https:\/\/mfr-reunion.re\/#website","url":"https:\/\/mfr-reunion.re\/","name":"Les MFR DE LA REUNION","description":"","potentialAction":[{"@type":"SearchAction","target":{"@type":"EntryPoint","urlTemplate":"https:\/\/mfr-reunion.re\/?s={search_term_string}"},"query-input":"required name=search_term_string"}],"inLanguage":"fr-FR"},{"@type":"WebPage","@id":"https:\/\/mfr-reunion.re\/index.php\/une-histoire-nee-dune-initiative-locale\/#webpage","url":"https:\/\/mfr-reunion.re\/index.php\/une-histoire-nee-dune-initiative-locale\/","name":"UNE HISTOIRE N\u00c9E D\u2019UNE INITIATIVE LOCALE - Les MFR DE LA REUNION","isPartOf":{"@id":"https:\/\/mfr-reunion.re\/#website"},"datePublished":"2022-07-26T09:43:53+00:00","dateModified":"2022-07-26T09:43:53+00:00","breadcrumb":{"@id":"https:\/\/mfr-reunion.re\/index.php\/une-histoire-nee-dune-initiative-locale\/#breadcrumb"},"inLanguage":"fr-FR","potentialAction":[{"@type":"ReadAction","target":["https:\/\/mfr-reunion.re\/index.php\/une-histoire-nee-dune-initiative-locale\/"]}]},{"@type":"BreadcrumbList","@id":"https:\/\/mfr-reunion.re\/index.php\/une-histoire-nee-dune-initiative-locale\/#breadcrumb","itemListElement":[{"@type":"ListItem","position":1,"name":"Accueil","item":"https:\/\/mfr-reunion.re\/"},{"@type":"ListItem","position":2,"name":"UNE HISTOIRE N\u00c9E D\u2019UNE INITIATIVE LOCALE"}]}]}},"_links":{"self":[{"href":"https:\/\/mfr-reunion.re\/index.php\/wp-json\/wp\/v2\/pages\/369","targetHints":{"allow":["GET"]}}],"collection":[{"href":"https:\/\/mfr-reunion.re\/index.php\/wp-json\/wp\/v2\/pages"}],"about":[{"href":"https:\/\/mfr-reunion.re\/index.php\/wp-json\/wp\/v2\/types\/page"}],"author":[{"embeddable":true,"href":"https:\/\/mfr-reunion.re\/index.php\/wp-json\/wp\/v2\/users\/1"}],"replies":[{"embeddable":true,"href":"https:\/\/mfr-reunion.re\/index.php\/wp-json\/wp\/v2\/comments?post=369"}],"version-history":[{"count":1,"href":"https:\/\/mfr-reunion.re\/index.php\/wp-json\/wp\/v2\/pages\/369\/revisions"}],"predecessor-version":[{"id":371,"href":"https:\/\/mfr-reunion.re\/index.php\/wp-json\/wp\/v2\/pages\/369\/revisions\/371"}],"wp:attachment":[{"href":"https:\/\/mfr-reunion.re\/index.php\/wp-json\/wp\/v2\/media?parent=369"}],"curies":[{"name":"wp","href":"https:\/\/api.w.org\/{rel}","templated":true}]}}