{"id":37,"date":"2022-02-12T11:17:25","date_gmt":"2022-02-12T10:17:25","guid":{"rendered":"http:\/\/rfcakqo.cluster031.hosting.ovh.net\/admin\/?page_id=37"},"modified":"2022-03-11T11:55:53","modified_gmt":"2022-03-11T10:55:53","slug":"les-mfr-a-la-reunion","status":"publish","type":"page","link":"https:\/\/mfr-reunion.re\/index.php\/les-mfr-a-la-reunion\/","title":{"rendered":"Les MFR sur le territoire"},"content":{"rendered":"\n<div class=\"wp-block-image\"><figure class=\"aligncenter size-full\"><img loading=\"lazy\" decoding=\"async\" width=\"381\" height=\"521\" src=\"http:\/\/rfcakqo.cluster031.hosting.ovh.net\/admin\/wp-content\/uploads\/2022\/03\/carte-1.png\" alt=\"\" class=\"wp-image-228\" srcset=\"https:\/\/mfr-reunion.re\/wp-content\/uploads\/2022\/03\/carte-1.png 381w, https:\/\/mfr-reunion.re\/wp-content\/uploads\/2022\/03\/carte-1-219x300.png 219w\" sizes=\"auto, (max-width: 381px) 100vw, 381px\" \/><\/figure><\/div>\n\n\n\n<h2 class=\"wp-block-heading\">Les m\u00e9tiers pr\u00e9par\u00e9s\u00a0:<\/h2>\n\n\n\n<ul class=\"has-nv-dark-bg-color has-text-color has-medium-font-size wp-block-list\"><li>L\u2019agriculture et l\u2019\u00e9levage<\/li><li>L\u2019horticulture et l\u2019arboriculture<\/li><li>L\u2019am\u00e9nagement paysager, les jardins et les espaces verts<\/li><li>La protection de l\u2019environnement, la faune et l\u2019entretien de l\u2019espace rural<\/li><li>&nbsp;Le tourisme, l\u2019accueil et l\u2019animation<\/li><li>Le commerce, la vente et le magasinage<\/li><li>Les services aux personnes, la sant\u00e9 et le social<\/li><\/ul>\n","protected":false},"excerpt":{"rendered":"<p>Les m\u00e9tiers pr\u00e9par\u00e9s\u00a0: L\u2019agriculture et l\u2019\u00e9levage L\u2019horticulture et l\u2019arboriculture L\u2019am\u00e9nagement paysager, les jardins et les espaces verts La protection de l\u2019environnement, la faune et l\u2019entretien de l\u2019espace rural &nbsp;Le tourisme, l\u2019accueil et l\u2019animation Le commerce, la vente et le magasinage Les services aux personnes, la sant\u00e9 et le social<\/p>\n","protected":false},"author":1,"featured_media":0,"parent":0,"menu_order":0,"comment_status":"closed","ping_status":"closed","template":"","meta":{"footnotes":""},"class_list":["post-37","page","type-page","status-publish","hentry"],"yoast_head":"<!-- This site is optimized with the Yoast SEO plugin v18.1 - https:\/\/yoast.com\/wordpress\/plugins\/seo\/ -->\n<title>Les MFR sur le territoire - Les MFR DE LA REUNION<\/title>\n<meta name=\"robots\" content=\"index, follow, max-snippet:-1, max-image-preview:large, max-video-preview:-1\" \/>\n<link rel=\"canonical\" href=\"https:\/\/mfr-reunion.re\/index.php\/les-mfr-a-la-reunion\/\" \/>\n<meta property=\"og:locale\" content=\"fr_FR\" \/>\n<meta property=\"og:type\" content=\"article\" \/>\n<meta property=\"og:title\" content=\"Les MFR sur le territoire - Les MFR DE LA REUNION\" \/>\n<meta property=\"og:description\" content=\"Les m\u00e9tiers pr\u00e9par\u00e9s\u00a0: L\u2019agriculture et l\u2019\u00e9levage L\u2019horticulture et l\u2019arboriculture L\u2019am\u00e9nagement paysager, les jardins et les espaces verts La protection de l\u2019environnement, la faune et l\u2019entretien de l\u2019espace rural &nbsp;Le tourisme, l\u2019accueil et l\u2019animation Le commerce, la vente et le magasinage Les services aux personnes, la sant\u00e9 et le social\" \/>\n<meta property=\"og:url\" content=\"https:\/\/mfr-reunion.re\/index.php\/les-mfr-a-la-reunion\/\" \/>\n<meta property=\"og:site_name\" content=\"Les MFR DE LA REUNION\" \/>\n<meta property=\"article:modified_time\" content=\"2022-03-11T10:55:53+00:00\" \/>\n<meta property=\"og:image\" content=\"http:\/\/rfcakqo.cluster031.hosting.ovh.net\/admin\/wp-content\/uploads\/2022\/03\/carte-1.png\" \/>\n<meta name=\"twitter:card\" content=\"summary_large_image\" \/>\n<meta name=\"twitter:label1\" content=\"Dur\u00e9e de lecture estim\u00e9e\" \/>\n\t<meta name=\"twitter:data1\" content=\"1 minute\" \/>\n<script type=\"application\/ld+json\" class=\"yoast-schema-graph\">{\"@context\":\"https:\/\/schema.org\",\"@graph\":[{\"@type\":\"WebSite\",\"@id\":\"https:\/\/mfr-reunion.re\/#website\",\"url\":\"https:\/\/mfr-reunion.re\/\",\"name\":\"Les MFR DE LA REUNION\",\"description\":\"\",\"potentialAction\":[{\"@type\":\"SearchAction\",\"target\":{\"@type\":\"EntryPoint\",\"urlTemplate\":\"https:\/\/mfr-reunion.re\/?s={search_term_string}\"},\"query-input\":\"required name=search_term_string\"}],\"inLanguage\":\"fr-FR\"},{\"@type\":\"ImageObject\",\"@id\":\"https:\/\/mfr-reunion.re\/index.php\/les-mfr-a-la-reunion\/#primaryimage\",\"inLanguage\":\"fr-FR\",\"url\":\"http:\/\/rfcakqo.cluster031.hosting.ovh.net\/admin\/wp-content\/uploads\/2022\/03\/carte-1.png\",\"contentUrl\":\"http:\/\/rfcakqo.cluster031.hosting.ovh.net\/admin\/wp-content\/uploads\/2022\/03\/carte-1.png\"},{\"@type\":\"WebPage\",\"@id\":\"https:\/\/mfr-reunion.re\/index.php\/les-mfr-a-la-reunion\/#webpage\",\"url\":\"https:\/\/mfr-reunion.re\/index.php\/les-mfr-a-la-reunion\/\",\"name\":\"Les MFR sur le territoire - Les MFR DE LA REUNION\",\"isPartOf\":{\"@id\":\"https:\/\/mfr-reunion.re\/#website\"},\"primaryImageOfPage\":{\"@id\":\"https:\/\/mfr-reunion.re\/index.php\/les-mfr-a-la-reunion\/#primaryimage\"},\"datePublished\":\"2022-02-12T10:17:25+00:00\",\"dateModified\":\"2022-03-11T10:55:53+00:00\",\"breadcrumb\":{\"@id\":\"https:\/\/mfr-reunion.re\/index.php\/les-mfr-a-la-reunion\/#breadcrumb\"},\"inLanguage\":\"fr-FR\",\"potentialAction\":[{\"@type\":\"ReadAction\",\"target\":[\"https:\/\/mfr-reunion.re\/index.php\/les-mfr-a-la-reunion\/\"]}]},{\"@type\":\"BreadcrumbList\",\"@id\":\"https:\/\/mfr-reunion.re\/index.php\/les-mfr-a-la-reunion\/#breadcrumb\",\"itemListElement\":[{\"@type\":\"ListItem\",\"position\":1,\"name\":\"Accueil\",\"item\":\"https:\/\/mfr-reunion.re\/\"},{\"@type\":\"ListItem\",\"position\":2,\"name\":\"Les MFR sur le territoire\"}]}]}<\/script>\n<!-- \/ Yoast SEO plugin. -->","yoast_head_json":{"title":"Les MFR sur le territoire - Les MFR DE LA REUNION","robots":{"index":"index","follow":"follow","max-snippet":"max-snippet:-1","max-image-preview":"max-image-preview:large","max-video-preview":"max-video-preview:-1"},"canonical":"https:\/\/mfr-reunion.re\/index.php\/les-mfr-a-la-reunion\/","og_locale":"fr_FR","og_type":"article","og_title":"Les MFR sur le territoire - Les MFR DE LA REUNION","og_description":"Les m\u00e9tiers pr\u00e9par\u00e9s\u00a0: L\u2019agriculture et l\u2019\u00e9levage L\u2019horticulture et l\u2019arboriculture L\u2019am\u00e9nagement paysager, les jardins et les espaces verts La protection de l\u2019environnement, la faune et l\u2019entretien de l\u2019espace rural &nbsp;Le tourisme, l\u2019accueil et l\u2019animation Le commerce, la vente et le magasinage Les services aux personnes, la sant\u00e9 et le social","og_url":"https:\/\/mfr-reunion.re\/index.php\/les-mfr-a-la-reunion\/","og_site_name":"Les MFR DE LA REUNION","article_modified_time":"2022-03-11T10:55:53+00:00","og_image":[{"url":"http:\/\/rfcakqo.cluster031.hosting.ovh.net\/admin\/wp-content\/uploads\/2022\/03\/carte-1.png"}],"twitter_card":"summary_large_image","twitter_misc":{"Dur\u00e9e de lecture estim\u00e9e":"1 minute"},"schema":{"@context":"https:\/\/schema.org","@graph":[{"@type":"WebSite","@id":"https:\/\/mfr-reunion.re\/#website","url":"https:\/\/mfr-reunion.re\/","name":"Les MFR DE LA REUNION","description":"","potentialAction":[{"@type":"SearchAction","target":{"@type":"EntryPoint","urlTemplate":"https:\/\/mfr-reunion.re\/?s={search_term_string}"},"query-input":"required name=search_term_string"}],"inLanguage":"fr-FR"},{"@type":"ImageObject","@id":"https:\/\/mfr-reunion.re\/index.php\/les-mfr-a-la-reunion\/#primaryimage","inLanguage":"fr-FR","url":"http:\/\/rfcakqo.cluster031.hosting.ovh.net\/admin\/wp-content\/uploads\/2022\/03\/carte-1.png","contentUrl":"http:\/\/rfcakqo.cluster031.hosting.ovh.net\/admin\/wp-content\/uploads\/2022\/03\/carte-1.png"},{"@type":"WebPage","@id":"https:\/\/mfr-reunion.re\/index.php\/les-mfr-a-la-reunion\/#webpage","url":"https:\/\/mfr-reunion.re\/index.php\/les-mfr-a-la-reunion\/","name":"Les MFR sur le territoire - Les MFR DE LA REUNION","isPartOf":{"@id":"https:\/\/mfr-reunion.re\/#website"},"primaryImageOfPage":{"@id":"https:\/\/mfr-reunion.re\/index.php\/les-mfr-a-la-reunion\/#primaryimage"},"datePublished":"2022-02-12T10:17:25+00:00","dateModified":"2022-03-11T10:55:53+00:00","breadcrumb":{"@id":"https:\/\/mfr-reunion.re\/index.php\/les-mfr-a-la-reunion\/#breadcrumb"},"inLanguage":"fr-FR","potentialAction":[{"@type":"ReadAction","target":["https:\/\/mfr-reunion.re\/index.php\/les-mfr-a-la-reunion\/"]}]},{"@type":"BreadcrumbList","@id":"https:\/\/mfr-reunion.re\/index.php\/les-mfr-a-la-reunion\/#breadcrumb","itemListElement":[{"@type":"ListItem","position":1,"name":"Accueil","item":"https:\/\/mfr-reunion.re\/"},{"@type":"ListItem","position":2,"name":"Les MFR sur le territoire"}]}]}},"_links":{"self":[{"href":"https:\/\/mfr-reunion.re\/index.php\/wp-json\/wp\/v2\/pages\/37","targetHints":{"allow":["GET"]}}],"collection":[{"href":"https:\/\/mfr-reunion.re\/index.php\/wp-json\/wp\/v2\/pages"}],"about":[{"href":"https:\/\/mfr-reunion.re\/index.php\/wp-json\/wp\/v2\/types\/page"}],"author":[{"embeddable":true,"href":"https:\/\/mfr-reunion.re\/index.php\/wp-json\/wp\/v2\/users\/1"}],"replies":[{"embeddable":true,"href":"https:\/\/mfr-reunion.re\/index.php\/wp-json\/wp\/v2\/comments?post=37"}],"version-history":[{"count":9,"href":"https:\/\/mfr-reunion.re\/index.php\/wp-json\/wp\/v2\/pages\/37\/revisions"}],"predecessor-version":[{"id":230,"href":"https:\/\/mfr-reunion.re\/index.php\/wp-json\/wp\/v2\/pages\/37\/revisions\/230"}],"wp:attachment":[{"href":"https:\/\/mfr-reunion.re\/index.php\/wp-json\/wp\/v2\/media?parent=37"}],"curies":[{"name":"wp","href":"https:\/\/api.w.org\/{rel}","templated":true}]}}