{"id":372,"date":"2022-07-26T11:44:33","date_gmt":"2022-07-26T09:44:33","guid":{"rendered":"http:\/\/rfcakqo.cluster031.hosting.ovh.net\/admin\/?page_id=372"},"modified":"2022-07-26T11:44:34","modified_gmt":"2022-07-26T09:44:34","slug":"leducation-populaire","status":"publish","type":"page","link":"https:\/\/mfr-reunion.re\/index.php\/leducation-populaire\/","title":{"rendered":"L\u2019\u00c9DUCATION POPULAIRE"},"content":{"rendered":"\n<p>Donner \u00e0 chacun, quel que soit son milieu d\u2019origine et ses aptitudes, la chance de se former et de devenir acteur de son milieu, voil\u00e0 ce qui anime le travail des responsables et des \u00e9quipes \u00e9ducatives des Maisons familiales rurales.<br>Il fallait, \u00e0 la naissance du mouvement, permettre \u00e0 de nombreux jeunes d\u2019acc\u00e9der \u00e0 la fois \u00e0 une formation professionnelle et \u00e0 la fois \u00e0 une formation humaine compl\u00e8te. Aujourd\u2019hui, les enjeux et les besoins sont un peu diff\u00e9rents mais au-del\u00e0 de l\u2019acquisition des savoirs et des savoir-faire, il revient toujours aux Maisons familiales de transmettre le sens de l\u2019engagement au service de l\u2019int\u00e9r\u00eat g\u00e9n\u00e9ral, le sens de la responsabilit\u00e9 et le go\u00fbt d\u2019entreprendre, sans lesquels la vie sociale et la vie \u00e9conomique d\u2019un territoire s\u2019\u00e9tiole.<\/p>\n\n\n\n<p>En r\u00e9v\u00e9lant aux jeunes ses capacit\u00e9s et en l\u2019aidant \u00e0 se construire avec les adultes qui l\u2019entourent, les Maisons familiales rurales ont l\u2019ambition de contribuer, modestement mais avec passion, \u00e0 la construction d\u2019un monde meilleur o\u00f9 les personnes se prennent en charge pour mettre en \u0153uvre des projets au profit du plus grand nombre.<\/p>\n","protected":false},"excerpt":{"rendered":"<p>Donner \u00e0 chacun, quel que soit son milieu d\u2019origine et ses aptitudes, la chance de se former et de devenir acteur de son milieu, voil\u00e0 ce qui anime le travail des responsables et des \u00e9quipes \u00e9ducatives des Maisons familiales rurales.Il fallait, \u00e0 la naissance du mouvement, permettre \u00e0 de nombreux jeunes d\u2019acc\u00e9der \u00e0 la fois &hellip; <\/p>\n","protected":false},"author":1,"featured_media":0,"parent":0,"menu_order":0,"comment_status":"closed","ping_status":"closed","template":"","meta":{"footnotes":""},"class_list":["post-372","page","type-page","status-publish","hentry"],"yoast_head":"<!-- This site is optimized with the Yoast SEO plugin v18.1 - https:\/\/yoast.com\/wordpress\/plugins\/seo\/ -->\n<title>L\u2019\u00c9DUCATION POPULAIRE - Les MFR DE LA REUNION<\/title>\n<meta name=\"robots\" content=\"index, follow, max-snippet:-1, max-image-preview:large, max-video-preview:-1\" \/>\n<link rel=\"canonical\" href=\"https:\/\/mfr-reunion.re\/index.php\/leducation-populaire\/\" \/>\n<meta property=\"og:locale\" content=\"fr_FR\" \/>\n<meta property=\"og:type\" content=\"article\" \/>\n<meta property=\"og:title\" content=\"L\u2019\u00c9DUCATION POPULAIRE - Les MFR DE LA REUNION\" \/>\n<meta property=\"og:description\" content=\"Donner \u00e0 chacun, quel que soit son milieu d\u2019origine et ses aptitudes, la chance de se former et de devenir acteur de son milieu, voil\u00e0 ce qui anime le travail des responsables et des \u00e9quipes \u00e9ducatives des Maisons familiales rurales.Il fallait, \u00e0 la naissance du mouvement, permettre \u00e0 de nombreux jeunes d\u2019acc\u00e9der \u00e0 la fois &hellip;\" \/>\n<meta property=\"og:url\" content=\"https:\/\/mfr-reunion.re\/index.php\/leducation-populaire\/\" \/>\n<meta property=\"og:site_name\" content=\"Les MFR DE LA REUNION\" \/>\n<meta property=\"article:modified_time\" content=\"2022-07-26T09:44:34+00:00\" \/>\n<meta name=\"twitter:card\" content=\"summary_large_image\" \/>\n<meta name=\"twitter:label1\" content=\"Dur\u00e9e de lecture estim\u00e9e\" \/>\n\t<meta name=\"twitter:data1\" content=\"1 minute\" \/>\n<script type=\"application\/ld+json\" class=\"yoast-schema-graph\">{\"@context\":\"https:\/\/schema.org\",\"@graph\":[{\"@type\":\"WebSite\",\"@id\":\"https:\/\/mfr-reunion.re\/#website\",\"url\":\"https:\/\/mfr-reunion.re\/\",\"name\":\"Les MFR DE LA REUNION\",\"description\":\"\",\"potentialAction\":[{\"@type\":\"SearchAction\",\"target\":{\"@type\":\"EntryPoint\",\"urlTemplate\":\"https:\/\/mfr-reunion.re\/?s={search_term_string}\"},\"query-input\":\"required name=search_term_string\"}],\"inLanguage\":\"fr-FR\"},{\"@type\":\"WebPage\",\"@id\":\"https:\/\/mfr-reunion.re\/index.php\/leducation-populaire\/#webpage\",\"url\":\"https:\/\/mfr-reunion.re\/index.php\/leducation-populaire\/\",\"name\":\"L\u2019\u00c9DUCATION POPULAIRE - Les MFR DE LA REUNION\",\"isPartOf\":{\"@id\":\"https:\/\/mfr-reunion.re\/#website\"},\"datePublished\":\"2022-07-26T09:44:33+00:00\",\"dateModified\":\"2022-07-26T09:44:34+00:00\",\"breadcrumb\":{\"@id\":\"https:\/\/mfr-reunion.re\/index.php\/leducation-populaire\/#breadcrumb\"},\"inLanguage\":\"fr-FR\",\"potentialAction\":[{\"@type\":\"ReadAction\",\"target\":[\"https:\/\/mfr-reunion.re\/index.php\/leducation-populaire\/\"]}]},{\"@type\":\"BreadcrumbList\",\"@id\":\"https:\/\/mfr-reunion.re\/index.php\/leducation-populaire\/#breadcrumb\",\"itemListElement\":[{\"@type\":\"ListItem\",\"position\":1,\"name\":\"Accueil\",\"item\":\"https:\/\/mfr-reunion.re\/\"},{\"@type\":\"ListItem\",\"position\":2,\"name\":\"L\u2019\u00c9DUCATION POPULAIRE\"}]}]}<\/script>\n<!-- \/ Yoast SEO plugin. -->","yoast_head_json":{"title":"L\u2019\u00c9DUCATION POPULAIRE - Les MFR DE LA REUNION","robots":{"index":"index","follow":"follow","max-snippet":"max-snippet:-1","max-image-preview":"max-image-preview:large","max-video-preview":"max-video-preview:-1"},"canonical":"https:\/\/mfr-reunion.re\/index.php\/leducation-populaire\/","og_locale":"fr_FR","og_type":"article","og_title":"L\u2019\u00c9DUCATION POPULAIRE - Les MFR DE LA REUNION","og_description":"Donner \u00e0 chacun, quel que soit son milieu d\u2019origine et ses aptitudes, la chance de se former et de devenir acteur de son milieu, voil\u00e0 ce qui anime le travail des responsables et des \u00e9quipes \u00e9ducatives des Maisons familiales rurales.Il fallait, \u00e0 la naissance du mouvement, permettre \u00e0 de nombreux jeunes d\u2019acc\u00e9der \u00e0 la fois &hellip;","og_url":"https:\/\/mfr-reunion.re\/index.php\/leducation-populaire\/","og_site_name":"Les MFR DE LA REUNION","article_modified_time":"2022-07-26T09:44:34+00:00","twitter_card":"summary_large_image","twitter_misc":{"Dur\u00e9e de lecture estim\u00e9e":"1 minute"},"schema":{"@context":"https:\/\/schema.org","@graph":[{"@type":"WebSite","@id":"https:\/\/mfr-reunion.re\/#website","url":"https:\/\/mfr-reunion.re\/","name":"Les MFR DE LA REUNION","description":"","potentialAction":[{"@type":"SearchAction","target":{"@type":"EntryPoint","urlTemplate":"https:\/\/mfr-reunion.re\/?s={search_term_string}"},"query-input":"required name=search_term_string"}],"inLanguage":"fr-FR"},{"@type":"WebPage","@id":"https:\/\/mfr-reunion.re\/index.php\/leducation-populaire\/#webpage","url":"https:\/\/mfr-reunion.re\/index.php\/leducation-populaire\/","name":"L\u2019\u00c9DUCATION POPULAIRE - Les MFR DE LA REUNION","isPartOf":{"@id":"https:\/\/mfr-reunion.re\/#website"},"datePublished":"2022-07-26T09:44:33+00:00","dateModified":"2022-07-26T09:44:34+00:00","breadcrumb":{"@id":"https:\/\/mfr-reunion.re\/index.php\/leducation-populaire\/#breadcrumb"},"inLanguage":"fr-FR","potentialAction":[{"@type":"ReadAction","target":["https:\/\/mfr-reunion.re\/index.php\/leducation-populaire\/"]}]},{"@type":"BreadcrumbList","@id":"https:\/\/mfr-reunion.re\/index.php\/leducation-populaire\/#breadcrumb","itemListElement":[{"@type":"ListItem","position":1,"name":"Accueil","item":"https:\/\/mfr-reunion.re\/"},{"@type":"ListItem","position":2,"name":"L\u2019\u00c9DUCATION POPULAIRE"}]}]}},"_links":{"self":[{"href":"https:\/\/mfr-reunion.re\/index.php\/wp-json\/wp\/v2\/pages\/372","targetHints":{"allow":["GET"]}}],"collection":[{"href":"https:\/\/mfr-reunion.re\/index.php\/wp-json\/wp\/v2\/pages"}],"about":[{"href":"https:\/\/mfr-reunion.re\/index.php\/wp-json\/wp\/v2\/types\/page"}],"author":[{"embeddable":true,"href":"https:\/\/mfr-reunion.re\/index.php\/wp-json\/wp\/v2\/users\/1"}],"replies":[{"embeddable":true,"href":"https:\/\/mfr-reunion.re\/index.php\/wp-json\/wp\/v2\/comments?post=372"}],"version-history":[{"count":1,"href":"https:\/\/mfr-reunion.re\/index.php\/wp-json\/wp\/v2\/pages\/372\/revisions"}],"predecessor-version":[{"id":374,"href":"https:\/\/mfr-reunion.re\/index.php\/wp-json\/wp\/v2\/pages\/372\/revisions\/374"}],"wp:attachment":[{"href":"https:\/\/mfr-reunion.re\/index.php\/wp-json\/wp\/v2\/media?parent=372"}],"curies":[{"name":"wp","href":"https:\/\/api.w.org\/{rel}","templated":true}]}}