{"id":375,"date":"2022-07-26T11:45:09","date_gmt":"2022-07-26T09:45:09","guid":{"rendered":"http:\/\/rfcakqo.cluster031.hosting.ovh.net\/admin\/?page_id=375"},"modified":"2022-07-26T11:45:10","modified_gmt":"2022-07-26T09:45:10","slug":"citoyennete-et-education","status":"publish","type":"page","link":"https:\/\/mfr-reunion.re\/index.php\/citoyennete-et-education\/","title":{"rendered":"CITOYENNET\u00c9 ET \u00c9DUCATION"},"content":{"rendered":"\n<p>Dans les Maisons familiales rurales, l&rsquo;apprentissage de la vie sociale est essentiel. Elles orientent en cons\u00e9quence le travail \u00e9ducatif des jeunes en leur fournissant des rep\u00e8res, en sollicitant la responsabilit\u00e9, en \u00e9veillant la curiosit\u00e9, en d\u00e9veloppant l\u2019autonomie. Elles insistent sur la dimension \u00e0 taille humaine de leurs structures qui facilitent les relations. Pour elles encore, l\u2019internat qu\u2019elles conseillent est un espace privil\u00e9gi\u00e9 d\u2019ouverture socioculturelle, de compr\u00e9hension et de respect de l\u2019autre, de prise de recul, d\u2019initiation \u00e0 la vie en collectivit\u00e9 et en groupe.<\/p>\n","protected":false},"excerpt":{"rendered":"<p>Dans les Maisons familiales rurales, l&rsquo;apprentissage de la vie sociale est essentiel. Elles orientent en cons\u00e9quence le travail \u00e9ducatif des jeunes en leur fournissant des rep\u00e8res, en sollicitant la responsabilit\u00e9, en \u00e9veillant la curiosit\u00e9, en d\u00e9veloppant l\u2019autonomie. Elles insistent sur la dimension \u00e0 taille humaine de leurs structures qui facilitent les relations. Pour elles encore, &hellip; <\/p>\n","protected":false},"author":1,"featured_media":0,"parent":0,"menu_order":0,"comment_status":"closed","ping_status":"closed","template":"","meta":{"footnotes":""},"class_list":["post-375","page","type-page","status-publish","hentry"],"yoast_head":"<!-- This site is optimized with the Yoast SEO plugin v18.1 - https:\/\/yoast.com\/wordpress\/plugins\/seo\/ -->\n<title>CITOYENNET\u00c9 ET \u00c9DUCATION - Les MFR DE LA REUNION<\/title>\n<meta name=\"robots\" content=\"index, follow, max-snippet:-1, max-image-preview:large, max-video-preview:-1\" \/>\n<link rel=\"canonical\" href=\"https:\/\/mfr-reunion.re\/index.php\/citoyennete-et-education\/\" \/>\n<meta property=\"og:locale\" content=\"fr_FR\" \/>\n<meta property=\"og:type\" content=\"article\" \/>\n<meta property=\"og:title\" content=\"CITOYENNET\u00c9 ET \u00c9DUCATION - Les MFR DE LA REUNION\" \/>\n<meta property=\"og:description\" content=\"Dans les Maisons familiales rurales, l&rsquo;apprentissage de la vie sociale est essentiel. Elles orientent en cons\u00e9quence le travail \u00e9ducatif des jeunes en leur fournissant des rep\u00e8res, en sollicitant la responsabilit\u00e9, en \u00e9veillant la curiosit\u00e9, en d\u00e9veloppant l\u2019autonomie. Elles insistent sur la dimension \u00e0 taille humaine de leurs structures qui facilitent les relations. Pour elles encore, &hellip;\" \/>\n<meta property=\"og:url\" content=\"https:\/\/mfr-reunion.re\/index.php\/citoyennete-et-education\/\" \/>\n<meta property=\"og:site_name\" content=\"Les MFR DE LA REUNION\" \/>\n<meta property=\"article:modified_time\" content=\"2022-07-26T09:45:10+00:00\" \/>\n<meta name=\"twitter:card\" content=\"summary_large_image\" \/>\n<meta name=\"twitter:label1\" content=\"Dur\u00e9e de lecture estim\u00e9e\" \/>\n\t<meta name=\"twitter:data1\" content=\"1 minute\" \/>\n<script type=\"application\/ld+json\" class=\"yoast-schema-graph\">{\"@context\":\"https:\/\/schema.org\",\"@graph\":[{\"@type\":\"WebSite\",\"@id\":\"https:\/\/mfr-reunion.re\/#website\",\"url\":\"https:\/\/mfr-reunion.re\/\",\"name\":\"Les MFR DE LA REUNION\",\"description\":\"\",\"potentialAction\":[{\"@type\":\"SearchAction\",\"target\":{\"@type\":\"EntryPoint\",\"urlTemplate\":\"https:\/\/mfr-reunion.re\/?s={search_term_string}\"},\"query-input\":\"required name=search_term_string\"}],\"inLanguage\":\"fr-FR\"},{\"@type\":\"WebPage\",\"@id\":\"https:\/\/mfr-reunion.re\/index.php\/citoyennete-et-education\/#webpage\",\"url\":\"https:\/\/mfr-reunion.re\/index.php\/citoyennete-et-education\/\",\"name\":\"CITOYENNET\u00c9 ET \u00c9DUCATION - Les MFR DE LA REUNION\",\"isPartOf\":{\"@id\":\"https:\/\/mfr-reunion.re\/#website\"},\"datePublished\":\"2022-07-26T09:45:09+00:00\",\"dateModified\":\"2022-07-26T09:45:10+00:00\",\"breadcrumb\":{\"@id\":\"https:\/\/mfr-reunion.re\/index.php\/citoyennete-et-education\/#breadcrumb\"},\"inLanguage\":\"fr-FR\",\"potentialAction\":[{\"@type\":\"ReadAction\",\"target\":[\"https:\/\/mfr-reunion.re\/index.php\/citoyennete-et-education\/\"]}]},{\"@type\":\"BreadcrumbList\",\"@id\":\"https:\/\/mfr-reunion.re\/index.php\/citoyennete-et-education\/#breadcrumb\",\"itemListElement\":[{\"@type\":\"ListItem\",\"position\":1,\"name\":\"Accueil\",\"item\":\"https:\/\/mfr-reunion.re\/\"},{\"@type\":\"ListItem\",\"position\":2,\"name\":\"CITOYENNET\u00c9 ET \u00c9DUCATION\"}]}]}<\/script>\n<!-- \/ Yoast SEO plugin. -->","yoast_head_json":{"title":"CITOYENNET\u00c9 ET \u00c9DUCATION - Les MFR DE LA REUNION","robots":{"index":"index","follow":"follow","max-snippet":"max-snippet:-1","max-image-preview":"max-image-preview:large","max-video-preview":"max-video-preview:-1"},"canonical":"https:\/\/mfr-reunion.re\/index.php\/citoyennete-et-education\/","og_locale":"fr_FR","og_type":"article","og_title":"CITOYENNET\u00c9 ET \u00c9DUCATION - Les MFR DE LA REUNION","og_description":"Dans les Maisons familiales rurales, l&rsquo;apprentissage de la vie sociale est essentiel. Elles orientent en cons\u00e9quence le travail \u00e9ducatif des jeunes en leur fournissant des rep\u00e8res, en sollicitant la responsabilit\u00e9, en \u00e9veillant la curiosit\u00e9, en d\u00e9veloppant l\u2019autonomie. Elles insistent sur la dimension \u00e0 taille humaine de leurs structures qui facilitent les relations. Pour elles encore, &hellip;","og_url":"https:\/\/mfr-reunion.re\/index.php\/citoyennete-et-education\/","og_site_name":"Les MFR DE LA REUNION","article_modified_time":"2022-07-26T09:45:10+00:00","twitter_card":"summary_large_image","twitter_misc":{"Dur\u00e9e de lecture estim\u00e9e":"1 minute"},"schema":{"@context":"https:\/\/schema.org","@graph":[{"@type":"WebSite","@id":"https:\/\/mfr-reunion.re\/#website","url":"https:\/\/mfr-reunion.re\/","name":"Les MFR DE LA REUNION","description":"","potentialAction":[{"@type":"SearchAction","target":{"@type":"EntryPoint","urlTemplate":"https:\/\/mfr-reunion.re\/?s={search_term_string}"},"query-input":"required name=search_term_string"}],"inLanguage":"fr-FR"},{"@type":"WebPage","@id":"https:\/\/mfr-reunion.re\/index.php\/citoyennete-et-education\/#webpage","url":"https:\/\/mfr-reunion.re\/index.php\/citoyennete-et-education\/","name":"CITOYENNET\u00c9 ET \u00c9DUCATION - Les MFR DE LA REUNION","isPartOf":{"@id":"https:\/\/mfr-reunion.re\/#website"},"datePublished":"2022-07-26T09:45:09+00:00","dateModified":"2022-07-26T09:45:10+00:00","breadcrumb":{"@id":"https:\/\/mfr-reunion.re\/index.php\/citoyennete-et-education\/#breadcrumb"},"inLanguage":"fr-FR","potentialAction":[{"@type":"ReadAction","target":["https:\/\/mfr-reunion.re\/index.php\/citoyennete-et-education\/"]}]},{"@type":"BreadcrumbList","@id":"https:\/\/mfr-reunion.re\/index.php\/citoyennete-et-education\/#breadcrumb","itemListElement":[{"@type":"ListItem","position":1,"name":"Accueil","item":"https:\/\/mfr-reunion.re\/"},{"@type":"ListItem","position":2,"name":"CITOYENNET\u00c9 ET \u00c9DUCATION"}]}]}},"_links":{"self":[{"href":"https:\/\/mfr-reunion.re\/index.php\/wp-json\/wp\/v2\/pages\/375","targetHints":{"allow":["GET"]}}],"collection":[{"href":"https:\/\/mfr-reunion.re\/index.php\/wp-json\/wp\/v2\/pages"}],"about":[{"href":"https:\/\/mfr-reunion.re\/index.php\/wp-json\/wp\/v2\/types\/page"}],"author":[{"embeddable":true,"href":"https:\/\/mfr-reunion.re\/index.php\/wp-json\/wp\/v2\/users\/1"}],"replies":[{"embeddable":true,"href":"https:\/\/mfr-reunion.re\/index.php\/wp-json\/wp\/v2\/comments?post=375"}],"version-history":[{"count":1,"href":"https:\/\/mfr-reunion.re\/index.php\/wp-json\/wp\/v2\/pages\/375\/revisions"}],"predecessor-version":[{"id":377,"href":"https:\/\/mfr-reunion.re\/index.php\/wp-json\/wp\/v2\/pages\/375\/revisions\/377"}],"wp:attachment":[{"href":"https:\/\/mfr-reunion.re\/index.php\/wp-json\/wp\/v2\/media?parent=375"}],"curies":[{"name":"wp","href":"https:\/\/api.w.org\/{rel}","templated":true}]}}