{"id":394,"date":"2022-07-26T12:52:13","date_gmt":"2022-07-26T10:52:13","guid":{"rendered":"http:\/\/rfcakqo.cluster031.hosting.ovh.net\/admin\/?page_id=394"},"modified":"2023-04-20T12:49:10","modified_gmt":"2023-04-20T10:49:10","slug":"bts-analyse-conduite-et-strategie-de-lentreprise-agricole","status":"publish","type":"page","link":"https:\/\/mfr-reunion.re\/index.php\/bts-analyse-conduite-et-strategie-de-lentreprise-agricole\/","title":{"rendered":"BTS Analyse Conduite et Strat\u00e9gie de l&rsquo;Entreprise Agricole"},"content":{"rendered":"\n<div class=\"wp-block-columns is-layout-flex wp-container-core-columns-is-layout-9d6595d7 wp-block-columns-is-layout-flex\">\n<div class=\"wp-block-column is-layout-flow wp-block-column-is-layout-flow\">\n<figure class=\"wp-block-image size-large\"><img loading=\"lazy\" decoding=\"async\" width=\"1024\" height=\"717\" src=\"http:\/\/rfcakqo.cluster031.hosting.ovh.net\/admin\/wp-content\/uploads\/2022\/07\/fse-run-6-1024x717.png\" alt=\"\" class=\"wp-image-442\" srcset=\"https:\/\/mfr-reunion.re\/wp-content\/uploads\/2022\/07\/fse-run-6-1024x717.png 1024w, https:\/\/mfr-reunion.re\/wp-content\/uploads\/2022\/07\/fse-run-6-300x210.png 300w, https:\/\/mfr-reunion.re\/wp-content\/uploads\/2022\/07\/fse-run-6-768x538.png 768w, https:\/\/mfr-reunion.re\/wp-content\/uploads\/2022\/07\/fse-run-6-86x60.png 86w, https:\/\/mfr-reunion.re\/wp-content\/uploads\/2022\/07\/fse-run-6.png 1182w\" sizes=\"auto, (max-width: 1024px) 100vw, 1024px\" \/><\/figure>\n<\/div>\n\n\n\n<div class=\"wp-block-column is-layout-flow wp-block-column-is-layout-flow\">\n<figure class=\"wp-block-image size-full is-resized\"><img loading=\"lazy\" decoding=\"async\" src=\"http:\/\/rfcakqo.cluster031.hosting.ovh.net\/admin\/wp-content\/uploads\/2022\/07\/ue-5.jpg\" alt=\"\" class=\"wp-image-440\" width=\"209\" height=\"162\" srcset=\"https:\/\/mfr-reunion.re\/wp-content\/uploads\/2022\/07\/ue-5.jpg 160w, https:\/\/mfr-reunion.re\/wp-content\/uploads\/2022\/07\/ue-5-77x60.jpg 77w\" sizes=\"auto, (max-width: 209px) 100vw, 209px\" \/><\/figure>\n<\/div>\n\n\n\n<div class=\"wp-block-column is-layout-flow wp-block-column-is-layout-flow\">\n<p>Ce projet est cofinanc\u00e9 par le Fonds social europ\u00e9en \u2013FSE<\/p>\n<\/div>\n<\/div>\n\n\n\n<p>CLIQUEZ-ICI pour:<\/p>\n\n\n\n<div class=\"wp-block-buttons is-layout-flex wp-block-buttons-is-layout-flex\">\n<div class=\"wp-block-button is-style-primary\"><a class=\"wp-block-button__link wp-element-button\" href=\"https:\/\/onmfr-my.sharepoint.com\/personal\/fd_la-reunion_mfr_asso_fr\/Documents\/Pi%C3%A8ces%20jointes\/4.%20FICHE%20BTS%20ACSE%20mfrpdp22.pdf\">VOIR LA FICHE DETAILLEE<\/a><\/div>\n<\/div>\n\n\n\n<figure class=\"wp-block-image size-full\"><img loading=\"lazy\" decoding=\"async\" width=\"800\" height=\"533\" src=\"http:\/\/rfcakqo.cluster031.hosting.ovh.net\/admin\/wp-content\/uploads\/2022\/04\/tracteur-1.jpg\" alt=\"\" class=\"wp-image-309\" srcset=\"https:\/\/mfr-reunion.re\/wp-content\/uploads\/2022\/04\/tracteur-1.jpg 800w, https:\/\/mfr-reunion.re\/wp-content\/uploads\/2022\/04\/tracteur-1-300x200.jpg 300w, https:\/\/mfr-reunion.re\/wp-content\/uploads\/2022\/04\/tracteur-1-768x512.jpg 768w\" sizes=\"auto, (max-width: 800px) 100vw, 800px\" \/><\/figure>\n","protected":false},"excerpt":{"rendered":"<p>Ce projet est cofinanc\u00e9 par le Fonds social europ\u00e9en \u2013FSE CLIQUEZ-ICI pour:<\/p>\n","protected":false},"author":1,"featured_media":0,"parent":0,"menu_order":0,"comment_status":"closed","ping_status":"closed","template":"","meta":{"footnotes":""},"class_list":["post-394","page","type-page","status-publish","hentry"],"yoast_head":"<!-- This site is optimized with the Yoast SEO plugin v18.1 - https:\/\/yoast.com\/wordpress\/plugins\/seo\/ -->\n<title>BTS Analyse Conduite et Strat\u00e9gie de l&#039;Entreprise Agricole - Les MFR DE LA REUNION<\/title>\n<meta name=\"robots\" content=\"index, follow, max-snippet:-1, max-image-preview:large, max-video-preview:-1\" \/>\n<link rel=\"canonical\" href=\"https:\/\/mfr-reunion.re\/index.php\/bts-analyse-conduite-et-strategie-de-lentreprise-agricole\/\" \/>\n<meta property=\"og:locale\" content=\"fr_FR\" \/>\n<meta property=\"og:type\" content=\"article\" \/>\n<meta property=\"og:title\" content=\"BTS Analyse Conduite et Strat\u00e9gie de l&#039;Entreprise Agricole - Les MFR DE LA REUNION\" \/>\n<meta property=\"og:description\" content=\"Ce projet est cofinanc\u00e9 par le Fonds social europ\u00e9en \u2013FSE CLIQUEZ-ICI pour:\" \/>\n<meta property=\"og:url\" content=\"https:\/\/mfr-reunion.re\/index.php\/bts-analyse-conduite-et-strategie-de-lentreprise-agricole\/\" \/>\n<meta property=\"og:site_name\" content=\"Les MFR DE LA REUNION\" \/>\n<meta property=\"article:modified_time\" content=\"2023-04-20T10:49:10+00:00\" \/>\n<meta property=\"og:image\" content=\"http:\/\/rfcakqo.cluster031.hosting.ovh.net\/admin\/wp-content\/uploads\/2022\/07\/fse-run-6-1024x717.png\" \/>\n<meta name=\"twitter:card\" content=\"summary_large_image\" \/>\n<meta name=\"twitter:label1\" content=\"Dur\u00e9e de lecture estim\u00e9e\" \/>\n\t<meta name=\"twitter:data1\" content=\"1 minute\" \/>\n<script type=\"application\/ld+json\" class=\"yoast-schema-graph\">{\"@context\":\"https:\/\/schema.org\",\"@graph\":[{\"@type\":\"WebSite\",\"@id\":\"https:\/\/mfr-reunion.re\/#website\",\"url\":\"https:\/\/mfr-reunion.re\/\",\"name\":\"Les MFR DE LA REUNION\",\"description\":\"\",\"potentialAction\":[{\"@type\":\"SearchAction\",\"target\":{\"@type\":\"EntryPoint\",\"urlTemplate\":\"https:\/\/mfr-reunion.re\/?s={search_term_string}\"},\"query-input\":\"required name=search_term_string\"}],\"inLanguage\":\"fr-FR\"},{\"@type\":\"ImageObject\",\"@id\":\"https:\/\/mfr-reunion.re\/index.php\/bts-analyse-conduite-et-strategie-de-lentreprise-agricole\/#primaryimage\",\"inLanguage\":\"fr-FR\",\"url\":\"http:\/\/rfcakqo.cluster031.hosting.ovh.net\/admin\/wp-content\/uploads\/2022\/07\/fse-run-6-1024x717.png\",\"contentUrl\":\"http:\/\/rfcakqo.cluster031.hosting.ovh.net\/admin\/wp-content\/uploads\/2022\/07\/fse-run-6-1024x717.png\"},{\"@type\":\"WebPage\",\"@id\":\"https:\/\/mfr-reunion.re\/index.php\/bts-analyse-conduite-et-strategie-de-lentreprise-agricole\/#webpage\",\"url\":\"https:\/\/mfr-reunion.re\/index.php\/bts-analyse-conduite-et-strategie-de-lentreprise-agricole\/\",\"name\":\"BTS Analyse Conduite et Strat\u00e9gie de l'Entreprise Agricole - Les MFR DE LA REUNION\",\"isPartOf\":{\"@id\":\"https:\/\/mfr-reunion.re\/#website\"},\"primaryImageOfPage\":{\"@id\":\"https:\/\/mfr-reunion.re\/index.php\/bts-analyse-conduite-et-strategie-de-lentreprise-agricole\/#primaryimage\"},\"datePublished\":\"2022-07-26T10:52:13+00:00\",\"dateModified\":\"2023-04-20T10:49:10+00:00\",\"breadcrumb\":{\"@id\":\"https:\/\/mfr-reunion.re\/index.php\/bts-analyse-conduite-et-strategie-de-lentreprise-agricole\/#breadcrumb\"},\"inLanguage\":\"fr-FR\",\"potentialAction\":[{\"@type\":\"ReadAction\",\"target\":[\"https:\/\/mfr-reunion.re\/index.php\/bts-analyse-conduite-et-strategie-de-lentreprise-agricole\/\"]}]},{\"@type\":\"BreadcrumbList\",\"@id\":\"https:\/\/mfr-reunion.re\/index.php\/bts-analyse-conduite-et-strategie-de-lentreprise-agricole\/#breadcrumb\",\"itemListElement\":[{\"@type\":\"ListItem\",\"position\":1,\"name\":\"Accueil\",\"item\":\"https:\/\/mfr-reunion.re\/\"},{\"@type\":\"ListItem\",\"position\":2,\"name\":\"BTS Analyse Conduite et Strat\u00e9gie de l&rsquo;Entreprise Agricole\"}]}]}<\/script>\n<!-- \/ Yoast SEO plugin. -->","yoast_head_json":{"title":"BTS Analyse Conduite et Strat\u00e9gie de l'Entreprise Agricole - Les MFR DE LA REUNION","robots":{"index":"index","follow":"follow","max-snippet":"max-snippet:-1","max-image-preview":"max-image-preview:large","max-video-preview":"max-video-preview:-1"},"canonical":"https:\/\/mfr-reunion.re\/index.php\/bts-analyse-conduite-et-strategie-de-lentreprise-agricole\/","og_locale":"fr_FR","og_type":"article","og_title":"BTS Analyse Conduite et Strat\u00e9gie de l'Entreprise Agricole - Les MFR DE LA REUNION","og_description":"Ce projet est cofinanc\u00e9 par le Fonds social europ\u00e9en \u2013FSE CLIQUEZ-ICI pour:","og_url":"https:\/\/mfr-reunion.re\/index.php\/bts-analyse-conduite-et-strategie-de-lentreprise-agricole\/","og_site_name":"Les MFR DE LA REUNION","article_modified_time":"2023-04-20T10:49:10+00:00","og_image":[{"url":"http:\/\/rfcakqo.cluster031.hosting.ovh.net\/admin\/wp-content\/uploads\/2022\/07\/fse-run-6-1024x717.png"}],"twitter_card":"summary_large_image","twitter_misc":{"Dur\u00e9e de lecture estim\u00e9e":"1 minute"},"schema":{"@context":"https:\/\/schema.org","@graph":[{"@type":"WebSite","@id":"https:\/\/mfr-reunion.re\/#website","url":"https:\/\/mfr-reunion.re\/","name":"Les MFR DE LA REUNION","description":"","potentialAction":[{"@type":"SearchAction","target":{"@type":"EntryPoint","urlTemplate":"https:\/\/mfr-reunion.re\/?s={search_term_string}"},"query-input":"required name=search_term_string"}],"inLanguage":"fr-FR"},{"@type":"ImageObject","@id":"https:\/\/mfr-reunion.re\/index.php\/bts-analyse-conduite-et-strategie-de-lentreprise-agricole\/#primaryimage","inLanguage":"fr-FR","url":"http:\/\/rfcakqo.cluster031.hosting.ovh.net\/admin\/wp-content\/uploads\/2022\/07\/fse-run-6-1024x717.png","contentUrl":"http:\/\/rfcakqo.cluster031.hosting.ovh.net\/admin\/wp-content\/uploads\/2022\/07\/fse-run-6-1024x717.png"},{"@type":"WebPage","@id":"https:\/\/mfr-reunion.re\/index.php\/bts-analyse-conduite-et-strategie-de-lentreprise-agricole\/#webpage","url":"https:\/\/mfr-reunion.re\/index.php\/bts-analyse-conduite-et-strategie-de-lentreprise-agricole\/","name":"BTS Analyse Conduite et Strat\u00e9gie de l'Entreprise Agricole - Les MFR DE LA REUNION","isPartOf":{"@id":"https:\/\/mfr-reunion.re\/#website"},"primaryImageOfPage":{"@id":"https:\/\/mfr-reunion.re\/index.php\/bts-analyse-conduite-et-strategie-de-lentreprise-agricole\/#primaryimage"},"datePublished":"2022-07-26T10:52:13+00:00","dateModified":"2023-04-20T10:49:10+00:00","breadcrumb":{"@id":"https:\/\/mfr-reunion.re\/index.php\/bts-analyse-conduite-et-strategie-de-lentreprise-agricole\/#breadcrumb"},"inLanguage":"fr-FR","potentialAction":[{"@type":"ReadAction","target":["https:\/\/mfr-reunion.re\/index.php\/bts-analyse-conduite-et-strategie-de-lentreprise-agricole\/"]}]},{"@type":"BreadcrumbList","@id":"https:\/\/mfr-reunion.re\/index.php\/bts-analyse-conduite-et-strategie-de-lentreprise-agricole\/#breadcrumb","itemListElement":[{"@type":"ListItem","position":1,"name":"Accueil","item":"https:\/\/mfr-reunion.re\/"},{"@type":"ListItem","position":2,"name":"BTS Analyse Conduite et Strat\u00e9gie de l&rsquo;Entreprise Agricole"}]}]}},"_links":{"self":[{"href":"https:\/\/mfr-reunion.re\/index.php\/wp-json\/wp\/v2\/pages\/394","targetHints":{"allow":["GET"]}}],"collection":[{"href":"https:\/\/mfr-reunion.re\/index.php\/wp-json\/wp\/v2\/pages"}],"about":[{"href":"https:\/\/mfr-reunion.re\/index.php\/wp-json\/wp\/v2\/types\/page"}],"author":[{"embeddable":true,"href":"https:\/\/mfr-reunion.re\/index.php\/wp-json\/wp\/v2\/users\/1"}],"replies":[{"embeddable":true,"href":"https:\/\/mfr-reunion.re\/index.php\/wp-json\/wp\/v2\/comments?post=394"}],"version-history":[{"count":4,"href":"https:\/\/mfr-reunion.re\/index.php\/wp-json\/wp\/v2\/pages\/394\/revisions"}],"predecessor-version":[{"id":520,"href":"https:\/\/mfr-reunion.re\/index.php\/wp-json\/wp\/v2\/pages\/394\/revisions\/520"}],"wp:attachment":[{"href":"https:\/\/mfr-reunion.re\/index.php\/wp-json\/wp\/v2\/media?parent=394"}],"curies":[{"name":"wp","href":"https:\/\/api.w.org\/{rel}","templated":true}]}}