{"id":419,"date":"2022-07-26T13:19:48","date_gmt":"2022-07-26T11:19:48","guid":{"rendered":"http:\/\/rfcakqo.cluster031.hosting.ovh.net\/admin\/?page_id=419"},"modified":"2024-10-11T09:23:45","modified_gmt":"2024-10-11T07:23:45","slug":"evenements-a-venir","status":"publish","type":"page","link":"https:\/\/mfr-reunion.re\/index.php\/evenements-a-venir\/","title":{"rendered":"Nos temps forts"},"content":{"rendered":"\n<div class=\"wp-block-buttons is-layout-flex wp-block-buttons-is-layout-flex\"><\/div>\n\n\n\n<div class=\"wp-block-media-text is-stacked-on-mobile\"><figure class=\"wp-block-media-text__media\"><video controls src=\"https:\/\/mfr-reunion.re\/wp-content\/uploads\/2024\/10\/Forileges-2024.mp4\"><\/video><\/figure><div class=\"wp-block-media-text__content\">\n<p>FLORILEGES 2024 : C&rsquo;est livr\u00e9 !<\/p>\n\n\n\n<p>B.R.A.V.O !!! Les jeunes en formation par alternance \u00e0 la MFR de Saint Pierre et leurs encadrants ont fini leur job ! Les lettre g\u00e9antes des FLORILEGES, grande manifestation qui met les horticulteurs de La R\u00e9union \u00e0 l&rsquo;honneur (et qui d\u00e9bute ce 11 octobre 2024 au Tampon), sont toutes v\u00e9g\u00e9talis\u00e9es !! Retour sur ce chantier cons\u00e9quent !<img loading=\"lazy\" decoding=\"async\" height=\"16\" width=\"16\" alt=\"\ud83c\udf3a\" src=\"https:\/\/static.xx.fbcdn.net\/images\/emoji.php\/v9\/t99\/1\/16\/1f33a.png\"><img loading=\"lazy\" decoding=\"async\" height=\"16\" width=\"16\" alt=\"\ud83c\udf38\" src=\"https:\/\/static.xx.fbcdn.net\/images\/emoji.php\/v9\/tf0\/1\/16\/1f338.png\"><img loading=\"lazy\" decoding=\"async\" height=\"16\" width=\"16\" alt=\"\ud83c\udf3c\" src=\"https:\/\/static.xx.fbcdn.net\/images\/emoji.php\/v9\/t9b\/1\/16\/1f33c.png\"><\/p>\n\n\n\n<p><\/p>\n<\/div><\/div>\n\n\n\n<figure class=\"wp-block-image size-large is-resized\"><img loading=\"lazy\" decoding=\"async\" width=\"724\" height=\"1024\" src=\"http:\/\/rfcakqo.cluster031.hosting.ovh.net\/admin\/wp-content\/uploads\/2022\/07\/RDV-2022-724x1024.png\" alt=\"\" class=\"wp-image-450\" style=\"width:400px;height:566px\" srcset=\"https:\/\/mfr-reunion.re\/wp-content\/uploads\/2022\/07\/RDV-2022-724x1024.png 724w, https:\/\/mfr-reunion.re\/wp-content\/uploads\/2022\/07\/RDV-2022-212x300.png 212w, https:\/\/mfr-reunion.re\/wp-content\/uploads\/2022\/07\/RDV-2022-768x1086.png 768w, https:\/\/mfr-reunion.re\/wp-content\/uploads\/2022\/07\/RDV-2022-1086x1536.png 1086w, https:\/\/mfr-reunion.re\/wp-content\/uploads\/2022\/07\/RDV-2022-1448x2048.png 1448w, https:\/\/mfr-reunion.re\/wp-content\/uploads\/2022\/07\/RDV-2022-42x60.png 42w, https:\/\/mfr-reunion.re\/wp-content\/uploads\/2022\/07\/RDV-2022.png 1587w\" sizes=\"auto, (max-width: 724px) 100vw, 724px\" \/><\/figure>\n","protected":false},"excerpt":{"rendered":"<p>FLORILEGES 2024 : C&rsquo;est livr\u00e9 ! B.R.A.V.O !!! Les jeunes en formation par alternance \u00e0 la MFR de Saint Pierre et leurs encadrants ont fini leur job ! Les lettre g\u00e9antes des FLORILEGES, grande manifestation qui met les horticulteurs de La R\u00e9union \u00e0 l&rsquo;honneur (et qui d\u00e9bute ce 11 octobre 2024 au Tampon), sont toutes &hellip; <\/p>\n","protected":false},"author":1,"featured_media":0,"parent":0,"menu_order":0,"comment_status":"closed","ping_status":"closed","template":"","meta":{"footnotes":""},"class_list":["post-419","page","type-page","status-publish","hentry"],"yoast_head":"<!-- This site is optimized with the Yoast SEO plugin v18.1 - https:\/\/yoast.com\/wordpress\/plugins\/seo\/ -->\n<title>Nos temps forts - Les MFR DE LA REUNION<\/title>\n<meta name=\"robots\" content=\"index, follow, max-snippet:-1, max-image-preview:large, max-video-preview:-1\" \/>\n<link rel=\"canonical\" href=\"https:\/\/mfr-reunion.re\/index.php\/evenements-a-venir\/\" \/>\n<meta property=\"og:locale\" content=\"fr_FR\" \/>\n<meta property=\"og:type\" content=\"article\" \/>\n<meta property=\"og:title\" content=\"Nos temps forts - Les MFR DE LA REUNION\" \/>\n<meta property=\"og:description\" content=\"FLORILEGES 2024 : C&rsquo;est livr\u00e9 ! B.R.A.V.O !!! Les jeunes en formation par alternance \u00e0 la MFR de Saint Pierre et leurs encadrants ont fini leur job ! Les lettre g\u00e9antes des FLORILEGES, grande manifestation qui met les horticulteurs de La R\u00e9union \u00e0 l&rsquo;honneur (et qui d\u00e9bute ce 11 octobre 2024 au Tampon), sont toutes &hellip;\" \/>\n<meta property=\"og:url\" content=\"https:\/\/mfr-reunion.re\/index.php\/evenements-a-venir\/\" \/>\n<meta property=\"og:site_name\" content=\"Les MFR DE LA REUNION\" \/>\n<meta property=\"article:modified_time\" content=\"2024-10-11T07:23:45+00:00\" \/>\n<meta property=\"og:image\" content=\"https:\/\/static.xx.fbcdn.net\/images\/emoji.php\/v9\/t99\/1\/16\/1f33a.png\" \/>\n<meta name=\"twitter:card\" content=\"summary_large_image\" \/>\n<meta name=\"twitter:label1\" content=\"Dur\u00e9e de lecture estim\u00e9e\" \/>\n\t<meta name=\"twitter:data1\" content=\"1 minute\" \/>\n<script type=\"application\/ld+json\" class=\"yoast-schema-graph\">{\"@context\":\"https:\/\/schema.org\",\"@graph\":[{\"@type\":\"WebSite\",\"@id\":\"https:\/\/mfr-reunion.re\/#website\",\"url\":\"https:\/\/mfr-reunion.re\/\",\"name\":\"Les MFR DE LA REUNION\",\"description\":\"\",\"potentialAction\":[{\"@type\":\"SearchAction\",\"target\":{\"@type\":\"EntryPoint\",\"urlTemplate\":\"https:\/\/mfr-reunion.re\/?s={search_term_string}\"},\"query-input\":\"required name=search_term_string\"}],\"inLanguage\":\"fr-FR\"},{\"@type\":\"ImageObject\",\"@id\":\"https:\/\/mfr-reunion.re\/index.php\/evenements-a-venir\/#primaryimage\",\"inLanguage\":\"fr-FR\",\"url\":\"https:\/\/static.xx.fbcdn.net\/images\/emoji.php\/v9\/t99\/1\/16\/1f33a.png\",\"contentUrl\":\"https:\/\/static.xx.fbcdn.net\/images\/emoji.php\/v9\/t99\/1\/16\/1f33a.png\"},{\"@type\":\"WebPage\",\"@id\":\"https:\/\/mfr-reunion.re\/index.php\/evenements-a-venir\/#webpage\",\"url\":\"https:\/\/mfr-reunion.re\/index.php\/evenements-a-venir\/\",\"name\":\"Nos temps forts - Les MFR DE LA REUNION\",\"isPartOf\":{\"@id\":\"https:\/\/mfr-reunion.re\/#website\"},\"primaryImageOfPage\":{\"@id\":\"https:\/\/mfr-reunion.re\/index.php\/evenements-a-venir\/#primaryimage\"},\"datePublished\":\"2022-07-26T11:19:48+00:00\",\"dateModified\":\"2024-10-11T07:23:45+00:00\",\"breadcrumb\":{\"@id\":\"https:\/\/mfr-reunion.re\/index.php\/evenements-a-venir\/#breadcrumb\"},\"inLanguage\":\"fr-FR\",\"potentialAction\":[{\"@type\":\"ReadAction\",\"target\":[\"https:\/\/mfr-reunion.re\/index.php\/evenements-a-venir\/\"]}]},{\"@type\":\"BreadcrumbList\",\"@id\":\"https:\/\/mfr-reunion.re\/index.php\/evenements-a-venir\/#breadcrumb\",\"itemListElement\":[{\"@type\":\"ListItem\",\"position\":1,\"name\":\"Accueil\",\"item\":\"https:\/\/mfr-reunion.re\/\"},{\"@type\":\"ListItem\",\"position\":2,\"name\":\"Nos temps forts\"}]}]}<\/script>\n<!-- \/ Yoast SEO plugin. -->","yoast_head_json":{"title":"Nos temps forts - Les MFR DE LA REUNION","robots":{"index":"index","follow":"follow","max-snippet":"max-snippet:-1","max-image-preview":"max-image-preview:large","max-video-preview":"max-video-preview:-1"},"canonical":"https:\/\/mfr-reunion.re\/index.php\/evenements-a-venir\/","og_locale":"fr_FR","og_type":"article","og_title":"Nos temps forts - Les MFR DE LA REUNION","og_description":"FLORILEGES 2024 : C&rsquo;est livr\u00e9 ! B.R.A.V.O !!! Les jeunes en formation par alternance \u00e0 la MFR de Saint Pierre et leurs encadrants ont fini leur job ! Les lettre g\u00e9antes des FLORILEGES, grande manifestation qui met les horticulteurs de La R\u00e9union \u00e0 l&rsquo;honneur (et qui d\u00e9bute ce 11 octobre 2024 au Tampon), sont toutes &hellip;","og_url":"https:\/\/mfr-reunion.re\/index.php\/evenements-a-venir\/","og_site_name":"Les MFR DE LA REUNION","article_modified_time":"2024-10-11T07:23:45+00:00","og_image":[{"url":"https:\/\/static.xx.fbcdn.net\/images\/emoji.php\/v9\/t99\/1\/16\/1f33a.png"}],"twitter_card":"summary_large_image","twitter_misc":{"Dur\u00e9e de lecture estim\u00e9e":"1 minute"},"schema":{"@context":"https:\/\/schema.org","@graph":[{"@type":"WebSite","@id":"https:\/\/mfr-reunion.re\/#website","url":"https:\/\/mfr-reunion.re\/","name":"Les MFR DE LA REUNION","description":"","potentialAction":[{"@type":"SearchAction","target":{"@type":"EntryPoint","urlTemplate":"https:\/\/mfr-reunion.re\/?s={search_term_string}"},"query-input":"required name=search_term_string"}],"inLanguage":"fr-FR"},{"@type":"ImageObject","@id":"https:\/\/mfr-reunion.re\/index.php\/evenements-a-venir\/#primaryimage","inLanguage":"fr-FR","url":"https:\/\/static.xx.fbcdn.net\/images\/emoji.php\/v9\/t99\/1\/16\/1f33a.png","contentUrl":"https:\/\/static.xx.fbcdn.net\/images\/emoji.php\/v9\/t99\/1\/16\/1f33a.png"},{"@type":"WebPage","@id":"https:\/\/mfr-reunion.re\/index.php\/evenements-a-venir\/#webpage","url":"https:\/\/mfr-reunion.re\/index.php\/evenements-a-venir\/","name":"Nos temps forts - Les MFR DE LA REUNION","isPartOf":{"@id":"https:\/\/mfr-reunion.re\/#website"},"primaryImageOfPage":{"@id":"https:\/\/mfr-reunion.re\/index.php\/evenements-a-venir\/#primaryimage"},"datePublished":"2022-07-26T11:19:48+00:00","dateModified":"2024-10-11T07:23:45+00:00","breadcrumb":{"@id":"https:\/\/mfr-reunion.re\/index.php\/evenements-a-venir\/#breadcrumb"},"inLanguage":"fr-FR","potentialAction":[{"@type":"ReadAction","target":["https:\/\/mfr-reunion.re\/index.php\/evenements-a-venir\/"]}]},{"@type":"BreadcrumbList","@id":"https:\/\/mfr-reunion.re\/index.php\/evenements-a-venir\/#breadcrumb","itemListElement":[{"@type":"ListItem","position":1,"name":"Accueil","item":"https:\/\/mfr-reunion.re\/"},{"@type":"ListItem","position":2,"name":"Nos temps forts"}]}]}},"_links":{"self":[{"href":"https:\/\/mfr-reunion.re\/index.php\/wp-json\/wp\/v2\/pages\/419","targetHints":{"allow":["GET"]}}],"collection":[{"href":"https:\/\/mfr-reunion.re\/index.php\/wp-json\/wp\/v2\/pages"}],"about":[{"href":"https:\/\/mfr-reunion.re\/index.php\/wp-json\/wp\/v2\/types\/page"}],"author":[{"embeddable":true,"href":"https:\/\/mfr-reunion.re\/index.php\/wp-json\/wp\/v2\/users\/1"}],"replies":[{"embeddable":true,"href":"https:\/\/mfr-reunion.re\/index.php\/wp-json\/wp\/v2\/comments?post=419"}],"version-history":[{"count":10,"href":"https:\/\/mfr-reunion.re\/index.php\/wp-json\/wp\/v2\/pages\/419\/revisions"}],"predecessor-version":[{"id":624,"href":"https:\/\/mfr-reunion.re\/index.php\/wp-json\/wp\/v2\/pages\/419\/revisions\/624"}],"wp:attachment":[{"href":"https:\/\/mfr-reunion.re\/index.php\/wp-json\/wp\/v2\/media?parent=419"}],"curies":[{"name":"wp","href":"https:\/\/api.w.org\/{rel}","templated":true}]}}