{"id":71,"date":"2022-02-14T14:47:49","date_gmt":"2022-02-14T13:47:49","guid":{"rendered":"http:\/\/rfcakqo.cluster031.hosting.ovh.net\/admin\/?page_id=71"},"modified":"2024-04-18T12:37:20","modified_gmt":"2024-04-18T10:37:20","slug":"la-federation","status":"publish","type":"page","link":"https:\/\/mfr-reunion.re\/index.php\/la-federation\/","title":{"rendered":"LA FEDERATION"},"content":{"rendered":"\n<h2 class=\"wp-block-heading\">R\u00f4le et missions de la f\u00e9d\u00e9ration des MFR de LA REUNION<\/h2>\n\n\n\n<ul class=\"has-nv-dark-bg-color has-text-color has-medium-font-size wp-block-list\">\n<li>Elle assure la repr\u00e9sentation politique et administrative des 6 Maisons Familiales Rurales au niveau du d\u00e9partement.<\/li>\n<\/ul>\n\n\n\n<ul class=\"has-nv-dark-bg-color has-text-color has-medium-font-size wp-block-list\">\n<li>Elle fait travailler ensemble et conforte les associations ; elle suscite et accompagne leurs projets.<\/li>\n<\/ul>\n\n\n\n<ul class=\"has-nv-dark-bg-color has-text-color has-medium-font-size wp-block-list\">\n<li>Elle facilite la collaboration entre les MFR pour renforcer la coh\u00e9rence et la compl\u00e9mentarit\u00e9 sur le territoire.<\/li>\n<\/ul>\n\n\n\n<ul class=\"has-nv-dark-bg-color has-text-color has-medium-font-size wp-block-list\">\n<li>Elle organise des temps collectifs \u00e0 destination des \u00e9quipes, des jeunes et des administrateurs, ainsi que des formations pour les salari\u00e9s et administrateurs des 6 MFR de LA REUNION.<\/li>\n<\/ul>\n\n\n\n<ul class=\"has-nv-dark-bg-color has-text-color has-medium-font-size wp-block-list\">\n<li>Elle assure la promotion du r\u00e9seau par des actions de communication collective.<\/li>\n<\/ul>\n\n\n\n<ul class=\"has-nv-dark-bg-color has-text-color has-medium-font-size wp-block-list\">\n<li>Elle entretient de nombreux contacts avec les partenaires professionnels, associatifs et les \u00e9lus locaux.<\/li>\n<\/ul>\n\n\n\n<p class=\"has-nv-dark-bg-color has-text-color has-medium-font-size\">En lien avec le service international de l\u2019UNION DES MFR, elle anime le partenariat avec les MFR de\u00a0 MAURICE, MAYOTTE l&rsquo;Oc\u00e9an indien et organise des missions\u00a0 dans le cadre d&rsquo;une coop\u00e9ration r\u00e9gionale.<\/p>\n\n\n\n<p class=\"has-nv-dark-bg-color has-text-color has-medium-font-size\"><b>Le conseil d\u2019administration de la f\u00e9d\u00e9ration des MFR est compos\u00e9 <\/b>des administratrices &amp; administrateurs des 6 MFR et CFP de LA REUNION.<\/p>\n\n\n\n<p class=\"has-nv-dark-bg-color has-text-color has-medium-font-size\">La f\u00e9d\u00e9ration d\u00e9partementale est \u00e9galement un organisme de formation qui propose actions de formations \u00e0 destination des salari\u00e9s et des administrateurs de LA REUNION.<\/p>\n\n\n\n<p class=\"has-nv-dark-bg-color has-text-color has-medium-font-size\">Le processus de formation est certifi\u00e9 Qualiopi par Bureau Veritas.<\/p>\n\n\n\n<p class=\"has-nv-dark-bg-color has-text-color has-medium-font-size\">Depuis 2019, la f\u00e9d\u00e9ration de LA REUNION s\u2019est engag\u00e9e dans une d\u00e9marche RSO : la responsabilit\u00e9 soci\u00e9tale des entreprises ou des organisations (RSE\/RSO) est une d\u00e9marche visant \u00e0 int\u00e9grer les enjeux du d\u00e9veloppement durable, \u00e0 moyen et long terme, dans la vision et la strat\u00e9gie d\u2019une organisation.<\/p>\n\n\n\n<p class=\"has-nv-dark-bg-color has-text-color has-medium-font-size\"><strong>&nbsp;labellisation Lucie Iso 26000 en cours.<\/strong><\/p>\n\n\n\n<div class=\"wp-block-buttons is-layout-flex wp-block-buttons-is-layout-flex\">\n<div class=\"wp-block-button\"><a class=\"wp-block-button__link wp-element-button\">CLIQUEZ-ICI et D\u00e9couvrez notre projet associatif<\/a><\/div>\n<\/div>\n\n\n\n<p><\/p>\n","protected":false},"excerpt":{"rendered":"<p>R\u00f4le et missions de la f\u00e9d\u00e9ration des MFR de LA REUNION En lien avec le service international de l\u2019UNION DES MFR, elle anime le partenariat avec les MFR de\u00a0 MAURICE, MAYOTTE l&rsquo;Oc\u00e9an indien et organise des missions\u00a0 dans le cadre d&rsquo;une coop\u00e9ration r\u00e9gionale. Le conseil d\u2019administration de la f\u00e9d\u00e9ration des MFR est compos\u00e9 des administratrices &hellip; <\/p>\n","protected":false},"author":1,"featured_media":0,"parent":0,"menu_order":0,"comment_status":"closed","ping_status":"closed","template":"","meta":{"footnotes":""},"class_list":["post-71","page","type-page","status-publish","hentry"],"yoast_head":"<!-- This site is optimized with the Yoast SEO plugin v18.1 - https:\/\/yoast.com\/wordpress\/plugins\/seo\/ -->\n<title>LA FEDERATION - Les MFR DE LA REUNION<\/title>\n<meta name=\"robots\" content=\"index, follow, max-snippet:-1, max-image-preview:large, max-video-preview:-1\" \/>\n<link rel=\"canonical\" href=\"https:\/\/mfr-reunion.re\/index.php\/la-federation\/\" \/>\n<meta property=\"og:locale\" content=\"fr_FR\" \/>\n<meta property=\"og:type\" content=\"article\" \/>\n<meta property=\"og:title\" content=\"LA FEDERATION - Les MFR DE LA REUNION\" \/>\n<meta property=\"og:description\" content=\"R\u00f4le et missions de la f\u00e9d\u00e9ration des MFR de LA REUNION En lien avec le service international de l\u2019UNION DES MFR, elle anime le partenariat avec les MFR de\u00a0 MAURICE, MAYOTTE l&rsquo;Oc\u00e9an indien et organise des missions\u00a0 dans le cadre d&rsquo;une coop\u00e9ration r\u00e9gionale. Le conseil d\u2019administration de la f\u00e9d\u00e9ration des MFR est compos\u00e9 des administratrices &hellip;\" \/>\n<meta property=\"og:url\" content=\"https:\/\/mfr-reunion.re\/index.php\/la-federation\/\" \/>\n<meta property=\"og:site_name\" content=\"Les MFR DE LA REUNION\" \/>\n<meta property=\"article:modified_time\" content=\"2024-04-18T10:37:20+00:00\" \/>\n<meta name=\"twitter:card\" content=\"summary_large_image\" \/>\n<meta name=\"twitter:label1\" content=\"Dur\u00e9e de lecture estim\u00e9e\" \/>\n\t<meta name=\"twitter:data1\" content=\"2 minutes\" \/>\n<script type=\"application\/ld+json\" class=\"yoast-schema-graph\">{\"@context\":\"https:\/\/schema.org\",\"@graph\":[{\"@type\":\"WebSite\",\"@id\":\"https:\/\/mfr-reunion.re\/#website\",\"url\":\"https:\/\/mfr-reunion.re\/\",\"name\":\"Les MFR DE LA REUNION\",\"description\":\"\",\"potentialAction\":[{\"@type\":\"SearchAction\",\"target\":{\"@type\":\"EntryPoint\",\"urlTemplate\":\"https:\/\/mfr-reunion.re\/?s={search_term_string}\"},\"query-input\":\"required name=search_term_string\"}],\"inLanguage\":\"fr-FR\"},{\"@type\":\"WebPage\",\"@id\":\"https:\/\/mfr-reunion.re\/index.php\/la-federation\/#webpage\",\"url\":\"https:\/\/mfr-reunion.re\/index.php\/la-federation\/\",\"name\":\"LA FEDERATION - Les MFR DE LA REUNION\",\"isPartOf\":{\"@id\":\"https:\/\/mfr-reunion.re\/#website\"},\"datePublished\":\"2022-02-14T13:47:49+00:00\",\"dateModified\":\"2024-04-18T10:37:20+00:00\",\"breadcrumb\":{\"@id\":\"https:\/\/mfr-reunion.re\/index.php\/la-federation\/#breadcrumb\"},\"inLanguage\":\"fr-FR\",\"potentialAction\":[{\"@type\":\"ReadAction\",\"target\":[\"https:\/\/mfr-reunion.re\/index.php\/la-federation\/\"]}]},{\"@type\":\"BreadcrumbList\",\"@id\":\"https:\/\/mfr-reunion.re\/index.php\/la-federation\/#breadcrumb\",\"itemListElement\":[{\"@type\":\"ListItem\",\"position\":1,\"name\":\"Accueil\",\"item\":\"https:\/\/mfr-reunion.re\/\"},{\"@type\":\"ListItem\",\"position\":2,\"name\":\"LA FEDERATION\"}]}]}<\/script>\n<!-- \/ Yoast SEO plugin. -->","yoast_head_json":{"title":"LA FEDERATION - Les MFR DE LA REUNION","robots":{"index":"index","follow":"follow","max-snippet":"max-snippet:-1","max-image-preview":"max-image-preview:large","max-video-preview":"max-video-preview:-1"},"canonical":"https:\/\/mfr-reunion.re\/index.php\/la-federation\/","og_locale":"fr_FR","og_type":"article","og_title":"LA FEDERATION - Les MFR DE LA REUNION","og_description":"R\u00f4le et missions de la f\u00e9d\u00e9ration des MFR de LA REUNION En lien avec le service international de l\u2019UNION DES MFR, elle anime le partenariat avec les MFR de\u00a0 MAURICE, MAYOTTE l&rsquo;Oc\u00e9an indien et organise des missions\u00a0 dans le cadre d&rsquo;une coop\u00e9ration r\u00e9gionale. Le conseil d\u2019administration de la f\u00e9d\u00e9ration des MFR est compos\u00e9 des administratrices &hellip;","og_url":"https:\/\/mfr-reunion.re\/index.php\/la-federation\/","og_site_name":"Les MFR DE LA REUNION","article_modified_time":"2024-04-18T10:37:20+00:00","twitter_card":"summary_large_image","twitter_misc":{"Dur\u00e9e de lecture estim\u00e9e":"2 minutes"},"schema":{"@context":"https:\/\/schema.org","@graph":[{"@type":"WebSite","@id":"https:\/\/mfr-reunion.re\/#website","url":"https:\/\/mfr-reunion.re\/","name":"Les MFR DE LA REUNION","description":"","potentialAction":[{"@type":"SearchAction","target":{"@type":"EntryPoint","urlTemplate":"https:\/\/mfr-reunion.re\/?s={search_term_string}"},"query-input":"required name=search_term_string"}],"inLanguage":"fr-FR"},{"@type":"WebPage","@id":"https:\/\/mfr-reunion.re\/index.php\/la-federation\/#webpage","url":"https:\/\/mfr-reunion.re\/index.php\/la-federation\/","name":"LA FEDERATION - Les MFR DE LA REUNION","isPartOf":{"@id":"https:\/\/mfr-reunion.re\/#website"},"datePublished":"2022-02-14T13:47:49+00:00","dateModified":"2024-04-18T10:37:20+00:00","breadcrumb":{"@id":"https:\/\/mfr-reunion.re\/index.php\/la-federation\/#breadcrumb"},"inLanguage":"fr-FR","potentialAction":[{"@type":"ReadAction","target":["https:\/\/mfr-reunion.re\/index.php\/la-federation\/"]}]},{"@type":"BreadcrumbList","@id":"https:\/\/mfr-reunion.re\/index.php\/la-federation\/#breadcrumb","itemListElement":[{"@type":"ListItem","position":1,"name":"Accueil","item":"https:\/\/mfr-reunion.re\/"},{"@type":"ListItem","position":2,"name":"LA FEDERATION"}]}]}},"_links":{"self":[{"href":"https:\/\/mfr-reunion.re\/index.php\/wp-json\/wp\/v2\/pages\/71","targetHints":{"allow":["GET"]}}],"collection":[{"href":"https:\/\/mfr-reunion.re\/index.php\/wp-json\/wp\/v2\/pages"}],"about":[{"href":"https:\/\/mfr-reunion.re\/index.php\/wp-json\/wp\/v2\/types\/page"}],"author":[{"embeddable":true,"href":"https:\/\/mfr-reunion.re\/index.php\/wp-json\/wp\/v2\/users\/1"}],"replies":[{"embeddable":true,"href":"https:\/\/mfr-reunion.re\/index.php\/wp-json\/wp\/v2\/comments?post=71"}],"version-history":[{"count":6,"href":"https:\/\/mfr-reunion.re\/index.php\/wp-json\/wp\/v2\/pages\/71\/revisions"}],"predecessor-version":[{"id":592,"href":"https:\/\/mfr-reunion.re\/index.php\/wp-json\/wp\/v2\/pages\/71\/revisions\/592"}],"wp:attachment":[{"href":"https:\/\/mfr-reunion.re\/index.php\/wp-json\/wp\/v2\/media?parent=71"}],"curies":[{"name":"wp","href":"https:\/\/api.w.org\/{rel}","templated":true}]}}