{"id":74,"date":"2022-02-14T14:48:05","date_gmt":"2022-02-14T13:48:05","guid":{"rendered":"http:\/\/rfcakqo.cluster031.hosting.ovh.net\/admin\/?page_id=74"},"modified":"2022-03-11T08:20:11","modified_gmt":"2022-03-11T07:20:11","slug":"saint-pierre","status":"publish","type":"page","link":"https:\/\/mfr-reunion.re\/index.php\/saint-pierre\/","title":{"rendered":"SAINT PIERRE"},"content":{"rendered":"\n<h2 class=\"wp-block-heading\">Historique de la Maison Familiale Rurale de Saint Pierre<\/h2>\n\n\n\n<div class=\"wp-block-columns is-layout-flex wp-container-core-columns-is-layout-9d6595d7 wp-block-columns-is-layout-flex\">\n<div class=\"wp-block-column is-layout-flow wp-block-column-is-layout-flow\">\n<figure class=\"wp-block-image size-full is-resized is-style-rounded\"><img loading=\"lazy\" decoding=\"async\" src=\"http:\/\/rfcakqo.cluster031.hosting.ovh.net\/admin\/wp-content\/uploads\/2022\/03\/ENTREE-1.jpg\" alt=\"\" class=\"wp-image-190\" width=\"885\" height=\"310\" srcset=\"https:\/\/mfr-reunion.re\/wp-content\/uploads\/2022\/03\/ENTREE-1.jpg 468w, https:\/\/mfr-reunion.re\/wp-content\/uploads\/2022\/03\/ENTREE-1-300x105.jpg 300w\" sizes=\"auto, (max-width: 885px) 100vw, 885px\" \/><\/figure>\n<\/div>\n<\/div>\n\n\n\n<p class=\"has-text-align-left has-nv-dark-bg-color has-text-color has-medium-font-size\">La Maison Familiale Rurale de Saint Pierre a \u00e9t\u00e9 cr\u00e9\u00e9e en 1995. Elle obtient l\u2019habilitation du Minist\u00e8re de l\u2019agriculture et ouvre successivement les classes de 4<sup>\u00e8me<\/sup>, 3<sup>\u00e8me<\/sup>, un CAPA option Production Agricole et Utilisation de Mat\u00e9riel, et le BEPA Travaux Paysagers. En 2005, le CAPA Option PAUM a \u00e9t\u00e9 transform\u00e9 en CAPA Horticole. Dans le cadre de la r\u00e9forme de la voie professionnelle, le BEPA Travaux Paysagers a \u00e9t\u00e9 transform\u00e9 en CAPA Travaux Paysagers.<\/p>\n\n\n\n<p class=\"has-nv-dark-bg-color has-text-color has-medium-font-size\">D\u2019ailleurs depuis 2008 la MFR de Saint Pierre accueille 120 jeunes r\u00e9partis dans 6 classes.<\/p>\n\n\n\n<p class=\"has-nv-dark-bg-color has-text-color has-medium-font-size\">\u00a0La MFR de St Pierre est situ\u00e9e \u00e0 ligne des Bambous \u00e0 5 km de centre ville de Saint Pierre, 5 km du centre du Tampon et \u00e0 3 km de la Ravine des cabris. Elle est situ\u00e9e en zone Rurale \u00e0 la p\u00e9riph\u00e9rie des zones urbaines de Saint Pierre centre.<\/p>\n\n\n\n<p class=\"has-nv-dark-bg-color has-text-color has-medium-font-size\">La MFR est une association de loi 1901 g\u00e9r\u00e9e par un conseil d\u2019administration.<\/p>\n\n\n\n<p class=\"has-nv-dark-bg-color has-text-color has-medium-font-size\">\u00a0Il est compos\u00e9 de 17 administrateurs dont la pr\u00e9sidente est Mme PAPY B\u00e9n\u00e9ditte. Ces membres du CA sont compos\u00e9s majoritairement des familles et ma\u00eetres de stage.<\/p>\n\n\n\n<p class=\"has-nv-dark-bg-color has-text-color has-medium-font-size\">R\u00e9partition des classes:La MFR dispose de 6 classes qui se r\u00e9partissent en 3 fili\u00e8res : 4<sup>\u00e8me<\/sup>\/3<sup>\u00e8me <\/sup>; le CAPA r\u00e9nov\u00e9 Production Horticole 1<sup>\u00e8re<\/sup> et 2<sup>\u00e8me<\/sup> et le CAPA<\/p>\n\n\n\n<div class=\"wp-block-columns is-layout-flex wp-container-core-columns-is-layout-9d6595d7 wp-block-columns-is-layout-flex\">\n<div class=\"wp-block-column is-layout-flow wp-block-column-is-layout-flow\">\n<figure class=\"wp-block-image size-large\"><img loading=\"lazy\" decoding=\"async\" width=\"1024\" height=\"1024\" src=\"http:\/\/rfcakqo.cluster031.hosting.ovh.net\/admin\/wp-content\/uploads\/2022\/03\/stp-tel-1024x1024.png\" alt=\"\" class=\"wp-image-185\" srcset=\"https:\/\/mfr-reunion.re\/wp-content\/uploads\/2022\/03\/stp-tel-1024x1024.png 1024w, https:\/\/mfr-reunion.re\/wp-content\/uploads\/2022\/03\/stp-tel-300x300.png 300w, https:\/\/mfr-reunion.re\/wp-content\/uploads\/2022\/03\/stp-tel-150x150.png 150w, https:\/\/mfr-reunion.re\/wp-content\/uploads\/2022\/03\/stp-tel-768x768.png 768w, https:\/\/mfr-reunion.re\/wp-content\/uploads\/2022\/03\/stp-tel.png 1080w\" sizes=\"auto, (max-width: 1024px) 100vw, 1024px\" \/><\/figure>\n<\/div>\n\n\n\n<div class=\"wp-block-column is-layout-flow wp-block-column-is-layout-flow\">\n<figure class=\"wp-block-image size-large\"><img loading=\"lazy\" decoding=\"async\" width=\"1024\" height=\"1024\" src=\"http:\/\/rfcakqo.cluster031.hosting.ovh.net\/admin\/wp-content\/uploads\/2022\/03\/stp-mail-1024x1024.jpg\" alt=\"\" class=\"wp-image-186\" srcset=\"https:\/\/mfr-reunion.re\/wp-content\/uploads\/2022\/03\/stp-mail-1024x1024.jpg 1024w, https:\/\/mfr-reunion.re\/wp-content\/uploads\/2022\/03\/stp-mail-300x300.jpg 300w, https:\/\/mfr-reunion.re\/wp-content\/uploads\/2022\/03\/stp-mail-150x150.jpg 150w, https:\/\/mfr-reunion.re\/wp-content\/uploads\/2022\/03\/stp-mail-768x768.jpg 768w, https:\/\/mfr-reunion.re\/wp-content\/uploads\/2022\/03\/stp-mail-1536x1536.jpg 1536w, https:\/\/mfr-reunion.re\/wp-content\/uploads\/2022\/03\/stp-mail.jpg 1600w\" sizes=\"auto, (max-width: 1024px) 100vw, 1024px\" \/><\/figure>\n<\/div>\n\n\n\n<div class=\"wp-block-column is-layout-flow wp-block-column-is-layout-flow\">\n<figure class=\"wp-block-image size-large\"><img loading=\"lazy\" decoding=\"async\" width=\"1024\" height=\"1024\" src=\"http:\/\/rfcakqo.cluster031.hosting.ovh.net\/admin\/wp-content\/uploads\/2022\/03\/AD-1-1024x1024.jpg\" alt=\"\" class=\"wp-image-187\" srcset=\"https:\/\/mfr-reunion.re\/wp-content\/uploads\/2022\/03\/AD-1-1024x1024.jpg 1024w, https:\/\/mfr-reunion.re\/wp-content\/uploads\/2022\/03\/AD-1-300x300.jpg 300w, https:\/\/mfr-reunion.re\/wp-content\/uploads\/2022\/03\/AD-1-150x150.jpg 150w, https:\/\/mfr-reunion.re\/wp-content\/uploads\/2022\/03\/AD-1-768x768.jpg 768w, https:\/\/mfr-reunion.re\/wp-content\/uploads\/2022\/03\/AD-1-1536x1536.jpg 1536w, https:\/\/mfr-reunion.re\/wp-content\/uploads\/2022\/03\/AD-1.jpg 1600w\" sizes=\"auto, (max-width: 1024px) 100vw, 1024px\" \/><\/figure>\n<\/div>\n<\/div>\n","protected":false},"excerpt":{"rendered":"<p>Historique de la Maison Familiale Rurale de Saint Pierre La Maison Familiale Rurale de Saint Pierre a \u00e9t\u00e9 cr\u00e9\u00e9e en 1995. Elle obtient l\u2019habilitation du Minist\u00e8re de l\u2019agriculture et ouvre successivement les classes de 4\u00e8me, 3\u00e8me, un CAPA option Production Agricole et Utilisation de Mat\u00e9riel, et le BEPA Travaux Paysagers. En 2005, le CAPA Option &hellip; <\/p>\n","protected":false},"author":1,"featured_media":0,"parent":0,"menu_order":0,"comment_status":"closed","ping_status":"closed","template":"","meta":{"footnotes":""},"class_list":["post-74","page","type-page","status-publish","hentry"],"yoast_head":"<!-- This site is optimized with the Yoast SEO plugin v18.1 - https:\/\/yoast.com\/wordpress\/plugins\/seo\/ -->\n<title>SAINT PIERRE - Les MFR DE LA REUNION<\/title>\n<meta name=\"robots\" content=\"index, follow, max-snippet:-1, max-image-preview:large, max-video-preview:-1\" \/>\n<link rel=\"canonical\" href=\"https:\/\/mfr-reunion.re\/index.php\/saint-pierre\/\" \/>\n<meta property=\"og:locale\" content=\"fr_FR\" \/>\n<meta property=\"og:type\" content=\"article\" \/>\n<meta property=\"og:title\" content=\"SAINT PIERRE - Les MFR DE LA REUNION\" \/>\n<meta property=\"og:description\" content=\"Historique de la Maison Familiale Rurale de Saint Pierre La Maison Familiale Rurale de Saint Pierre a \u00e9t\u00e9 cr\u00e9\u00e9e en 1995. Elle obtient l\u2019habilitation du Minist\u00e8re de l\u2019agriculture et ouvre successivement les classes de 4\u00e8me, 3\u00e8me, un CAPA option Production Agricole et Utilisation de Mat\u00e9riel, et le BEPA Travaux Paysagers. En 2005, le CAPA Option &hellip;\" \/>\n<meta property=\"og:url\" content=\"https:\/\/mfr-reunion.re\/index.php\/saint-pierre\/\" \/>\n<meta property=\"og:site_name\" content=\"Les MFR DE LA REUNION\" \/>\n<meta property=\"article:modified_time\" content=\"2022-03-11T07:20:11+00:00\" \/>\n<meta property=\"og:image\" content=\"http:\/\/rfcakqo.cluster031.hosting.ovh.net\/admin\/wp-content\/uploads\/2022\/03\/ENTREE-1.jpg\" \/>\n<meta name=\"twitter:card\" content=\"summary_large_image\" \/>\n<meta name=\"twitter:label1\" content=\"Dur\u00e9e de lecture estim\u00e9e\" \/>\n\t<meta name=\"twitter:data1\" content=\"2 minutes\" \/>\n<script type=\"application\/ld+json\" class=\"yoast-schema-graph\">{\"@context\":\"https:\/\/schema.org\",\"@graph\":[{\"@type\":\"WebSite\",\"@id\":\"https:\/\/mfr-reunion.re\/#website\",\"url\":\"https:\/\/mfr-reunion.re\/\",\"name\":\"Les MFR DE LA REUNION\",\"description\":\"\",\"potentialAction\":[{\"@type\":\"SearchAction\",\"target\":{\"@type\":\"EntryPoint\",\"urlTemplate\":\"https:\/\/mfr-reunion.re\/?s={search_term_string}\"},\"query-input\":\"required name=search_term_string\"}],\"inLanguage\":\"fr-FR\"},{\"@type\":\"ImageObject\",\"@id\":\"https:\/\/mfr-reunion.re\/index.php\/saint-pierre\/#primaryimage\",\"inLanguage\":\"fr-FR\",\"url\":\"http:\/\/rfcakqo.cluster031.hosting.ovh.net\/admin\/wp-content\/uploads\/2022\/03\/ENTREE-1.jpg\",\"contentUrl\":\"http:\/\/rfcakqo.cluster031.hosting.ovh.net\/admin\/wp-content\/uploads\/2022\/03\/ENTREE-1.jpg\"},{\"@type\":\"WebPage\",\"@id\":\"https:\/\/mfr-reunion.re\/index.php\/saint-pierre\/#webpage\",\"url\":\"https:\/\/mfr-reunion.re\/index.php\/saint-pierre\/\",\"name\":\"SAINT PIERRE - Les MFR DE LA REUNION\",\"isPartOf\":{\"@id\":\"https:\/\/mfr-reunion.re\/#website\"},\"primaryImageOfPage\":{\"@id\":\"https:\/\/mfr-reunion.re\/index.php\/saint-pierre\/#primaryimage\"},\"datePublished\":\"2022-02-14T13:48:05+00:00\",\"dateModified\":\"2022-03-11T07:20:11+00:00\",\"breadcrumb\":{\"@id\":\"https:\/\/mfr-reunion.re\/index.php\/saint-pierre\/#breadcrumb\"},\"inLanguage\":\"fr-FR\",\"potentialAction\":[{\"@type\":\"ReadAction\",\"target\":[\"https:\/\/mfr-reunion.re\/index.php\/saint-pierre\/\"]}]},{\"@type\":\"BreadcrumbList\",\"@id\":\"https:\/\/mfr-reunion.re\/index.php\/saint-pierre\/#breadcrumb\",\"itemListElement\":[{\"@type\":\"ListItem\",\"position\":1,\"name\":\"Accueil\",\"item\":\"https:\/\/mfr-reunion.re\/\"},{\"@type\":\"ListItem\",\"position\":2,\"name\":\"SAINT PIERRE\"}]}]}<\/script>\n<!-- \/ Yoast SEO plugin. -->","yoast_head_json":{"title":"SAINT PIERRE - Les MFR DE LA REUNION","robots":{"index":"index","follow":"follow","max-snippet":"max-snippet:-1","max-image-preview":"max-image-preview:large","max-video-preview":"max-video-preview:-1"},"canonical":"https:\/\/mfr-reunion.re\/index.php\/saint-pierre\/","og_locale":"fr_FR","og_type":"article","og_title":"SAINT PIERRE - Les MFR DE LA REUNION","og_description":"Historique de la Maison Familiale Rurale de Saint Pierre La Maison Familiale Rurale de Saint Pierre a \u00e9t\u00e9 cr\u00e9\u00e9e en 1995. Elle obtient l\u2019habilitation du Minist\u00e8re de l\u2019agriculture et ouvre successivement les classes de 4\u00e8me, 3\u00e8me, un CAPA option Production Agricole et Utilisation de Mat\u00e9riel, et le BEPA Travaux Paysagers. En 2005, le CAPA Option &hellip;","og_url":"https:\/\/mfr-reunion.re\/index.php\/saint-pierre\/","og_site_name":"Les MFR DE LA REUNION","article_modified_time":"2022-03-11T07:20:11+00:00","og_image":[{"url":"http:\/\/rfcakqo.cluster031.hosting.ovh.net\/admin\/wp-content\/uploads\/2022\/03\/ENTREE-1.jpg"}],"twitter_card":"summary_large_image","twitter_misc":{"Dur\u00e9e de lecture estim\u00e9e":"2 minutes"},"schema":{"@context":"https:\/\/schema.org","@graph":[{"@type":"WebSite","@id":"https:\/\/mfr-reunion.re\/#website","url":"https:\/\/mfr-reunion.re\/","name":"Les MFR DE LA REUNION","description":"","potentialAction":[{"@type":"SearchAction","target":{"@type":"EntryPoint","urlTemplate":"https:\/\/mfr-reunion.re\/?s={search_term_string}"},"query-input":"required name=search_term_string"}],"inLanguage":"fr-FR"},{"@type":"ImageObject","@id":"https:\/\/mfr-reunion.re\/index.php\/saint-pierre\/#primaryimage","inLanguage":"fr-FR","url":"http:\/\/rfcakqo.cluster031.hosting.ovh.net\/admin\/wp-content\/uploads\/2022\/03\/ENTREE-1.jpg","contentUrl":"http:\/\/rfcakqo.cluster031.hosting.ovh.net\/admin\/wp-content\/uploads\/2022\/03\/ENTREE-1.jpg"},{"@type":"WebPage","@id":"https:\/\/mfr-reunion.re\/index.php\/saint-pierre\/#webpage","url":"https:\/\/mfr-reunion.re\/index.php\/saint-pierre\/","name":"SAINT PIERRE - Les MFR DE LA REUNION","isPartOf":{"@id":"https:\/\/mfr-reunion.re\/#website"},"primaryImageOfPage":{"@id":"https:\/\/mfr-reunion.re\/index.php\/saint-pierre\/#primaryimage"},"datePublished":"2022-02-14T13:48:05+00:00","dateModified":"2022-03-11T07:20:11+00:00","breadcrumb":{"@id":"https:\/\/mfr-reunion.re\/index.php\/saint-pierre\/#breadcrumb"},"inLanguage":"fr-FR","potentialAction":[{"@type":"ReadAction","target":["https:\/\/mfr-reunion.re\/index.php\/saint-pierre\/"]}]},{"@type":"BreadcrumbList","@id":"https:\/\/mfr-reunion.re\/index.php\/saint-pierre\/#breadcrumb","itemListElement":[{"@type":"ListItem","position":1,"name":"Accueil","item":"https:\/\/mfr-reunion.re\/"},{"@type":"ListItem","position":2,"name":"SAINT PIERRE"}]}]}},"_links":{"self":[{"href":"https:\/\/mfr-reunion.re\/index.php\/wp-json\/wp\/v2\/pages\/74","targetHints":{"allow":["GET"]}}],"collection":[{"href":"https:\/\/mfr-reunion.re\/index.php\/wp-json\/wp\/v2\/pages"}],"about":[{"href":"https:\/\/mfr-reunion.re\/index.php\/wp-json\/wp\/v2\/types\/page"}],"author":[{"embeddable":true,"href":"https:\/\/mfr-reunion.re\/index.php\/wp-json\/wp\/v2\/users\/1"}],"replies":[{"embeddable":true,"href":"https:\/\/mfr-reunion.re\/index.php\/wp-json\/wp\/v2\/comments?post=74"}],"version-history":[{"count":2,"href":"https:\/\/mfr-reunion.re\/index.php\/wp-json\/wp\/v2\/pages\/74\/revisions"}],"predecessor-version":[{"id":191,"href":"https:\/\/mfr-reunion.re\/index.php\/wp-json\/wp\/v2\/pages\/74\/revisions\/191"}],"wp:attachment":[{"href":"https:\/\/mfr-reunion.re\/index.php\/wp-json\/wp\/v2\/media?parent=74"}],"curies":[{"name":"wp","href":"https:\/\/api.w.org\/{rel}","templated":true}]}}