{"id":77,"date":"2022-02-15T05:42:25","date_gmt":"2022-02-15T04:42:25","guid":{"rendered":"http:\/\/rfcakqo.cluster031.hosting.ovh.net\/admin\/?page_id=77"},"modified":"2024-12-05T13:25:16","modified_gmt":"2024-12-05T12:25:16","slug":"saint-andre","status":"publish","type":"page","link":"https:\/\/mfr-reunion.re\/index.php\/saint-andre\/","title":{"rendered":"SAINT ANDRE"},"content":{"rendered":"\n<h2 class=\"wp-block-heading\"><strong>Sa cr\u00e9ation de la MFR de l\u2019Est<\/strong><\/h2>\n\n\n\n<figure class=\"wp-block-gallery has-nested-images columns-default is-cropped wp-block-gallery-1 is-layout-flex wp-block-gallery-is-layout-flex\">\n<figure class=\"wp-block-image size-large is-style-rounded\"><img loading=\"lazy\" decoding=\"async\" width=\"487\" height=\"390\" data-id=\"196\" src=\"http:\/\/rfcakqo.cluster031.hosting.ovh.net\/admin\/wp-content\/uploads\/2022\/03\/ENTREE.png\" alt=\"\" class=\"wp-image-196\" srcset=\"https:\/\/mfr-reunion.re\/wp-content\/uploads\/2022\/03\/ENTREE.png 487w, https:\/\/mfr-reunion.re\/wp-content\/uploads\/2022\/03\/ENTREE-300x240.png 300w\" sizes=\"auto, (max-width: 487px) 100vw, 487px\" \/><\/figure>\n<\/figure>\n\n\n\n<p class=\"has-text-align-center has-nv-dark-bg-color has-text-color has-medium-font-size\">Suite \u00e0 la premi\u00e8re ouverture de la MFR du Tampon sur l\u2019\u00eele qui fut un succ\u00e8s, la f\u00e9d\u00e9ration a d\u00e9cid\u00e9 de cr\u00e9er une nouvelle MFR. Cette deuxi\u00e8me implantation r\u00e9pond aux besoins des acteurs agricoles du bassin Est. L\u2019est de l\u2019\u00eele est un territoire qui concentre encore aujourd\u2019hui une grande partie des cultures mara\u00eech\u00e8res et horticoles. Cette nouvelle p\u00e9dagogie a permis aux agriculteurs et mara\u00eechers de d\u00e9velopper leur fili\u00e8re.<\/p>\n\n\n\n<p class=\"has-text-align-center has-nv-dark-bg-color has-text-color has-medium-font-size\">&nbsp;La MFR de l\u2019Est a vu le jour le 22 d\u00e9cembre 1979. L\u2019association a \u00e9t\u00e9 d\u00e9clar\u00e9e en pr\u00e9fecture le 3 mars 1980, et a ouvert ses portes le 1er septembre 1981. C\u2019est un \u00e9tablissement priv\u00e9 sous contrat avec le Minist\u00e8re de l\u2019agriculture. Son statut associatif rel\u00e8ve de la loi 1901, g\u00e9r\u00e9 par un conseil d\u2019administration compos\u00e9 essentiellement de parents d\u2019\u00e9l\u00e8ves.<\/p>\n\n\n\n<h2 class=\"wp-block-heading\"><strong>Son offre de formation<\/strong><\/h2>\n\n\n\n<p class=\"has-nv-dark-bg-color has-text-color has-medium-font-size\">L\u2019objectif \u00e9tant de r\u00e9pondre aux attentes et exigences du territoire, les formations se sont essentiellement tourn\u00e9es vers l\u2019horticulture et l\u2019agriculture tant au niveau de la formation initiale qu\u2019au niveau de la formation continue.<\/p>\n\n\n\n<h2 class=\"wp-block-heading\"><strong>Formation initiale<\/strong><\/h2>\n\n\n\n<p class=\"has-text-align-center has-nv-dark-bg-color has-text-color has-medium-font-size\">Depuis sa cr\u00e9ation, la MFR s\u2019est sp\u00e9cialis\u00e9e dans la production mara\u00eech\u00e8re et horticole, dans l\u2019agriculture des r\u00e9gions chaudes et dans le commerce de produits horticoles et de jardin. L\u2019\u00e9tablissement est, de par sa sp\u00e9cialit\u00e9, appel\u00e9 \u00ab l\u2019\u00e9cole d\u2019horticulture \u00bb. Depuis plus de trente ans, la MFR de l\u2019est propose des formations initiales en 4<sup>\u00e8me<\/sup> et 3\u00e8le agricole, en Certificat d\u2019Aptitude Professionnelle Agricole (CAPA), en Brevet d\u2019Etude Professionnelles Agricole (BEPA), en Brevet de Technicien Agricole (BTA), remplac\u00e9 par la suite par le baccalaur\u00e9at Professionnel Technicien Conseil Vente en produits de jardin\u2026<\/p>\n\n\n\n<h2 class=\"wp-block-heading\"><strong>Formation continue<\/strong><\/h2>\n\n\n\n<p class=\"has-text-align-center has-nv-dark-bg-color has-text-color has-medium-font-size\">La MFR de l\u2019Est avait \u00e9galement une offre en formation continue. Ce service a \u00e9t\u00e9 mis en place en 1989. C\u2019\u00e9tait un prolongement de la formation initiale. Son objectif \u00e9tait de permettre l\u2019adaptation, la r\u00e9insertion et la requalification des apprenants. Ainsi, les jeunes et les adultes avaient l\u2019occasion de suivre une formation adapt\u00e9e \u00e0 leur besoin pour s\u2019ins\u00e9rer ou se r\u00e9ins\u00e9rer dans la vie active.<\/p>\n\n\n\n<h2 class=\"wp-block-heading\"><strong>Formation initiale en apprentissage<\/strong><\/h2>\n\n\n\n<p class=\"has-nv-dark-bg-color has-text-color has-medium-font-size\">La formation en apprentissage a d\u00e9marr\u00e9 avec l\u2019ouverture de la fili\u00e8re CAPA Agriculture des R\u00e9gions Chaudes (ARC), en 2012.<\/p>\n\n\n\n<p class=\"has-text-align-center has-nv-dark-bg-color has-text-color has-medium-font-size\">Le CAPA ARC regroupe les sp\u00e9cialit\u00e9s suivantes : la production animale (conduite de la production des produits pour l\u2019alimentation des animaux), la production v\u00e9g\u00e9tale (conduite de la production v\u00e9g\u00e9tale, mise en \u0153uvre des \u00e9quipements et mat\u00e9riels d\u2019irrigation, d\u2019ombrage et d\u2019a\u00e9ration), et l\u2019accueil tourisme en milieu rural.<\/p>\n\n\n\n<p class=\"has-text-align-center has-nv-dark-bg-color has-text-color has-medium-font-size\">La formation regroupe aussi bien les jeunes en contrat d\u2019apprentissage que les jeunes en formation initiale ainsi que les jeunes inscrits en CAPA horticole productions florales et l\u00e9gumi\u00e8res (devenu CAPA M\u00e9tier de l\u2019agriculture).<\/p>\n\n\n\n<h2 class=\"wp-block-heading\"><strong>La structure p\u00e9dagogique<\/strong><\/h2>\n\n\n\n<p class=\"has-nv-dark-bg-color has-text-color has-medium-font-size\">Actuellement la structure de formation de l\u2019Est accueille une<strong><em> formation initiale scolaire <\/em><\/strong>structur\u00e9e de la mani\u00e8re suivante :<\/p>\n\n\n\n<p class=\"has-nv-dark-bg-color has-text-color has-medium-font-size\">&#8211; 4\u00e8me et 3\u00e8me<\/p>\n\n\n\n<p class=\"has-nv-dark-bg-color has-text-color has-medium-font-size\">&#8211; CAP 1\u00e8re et 2\u00e8me ann\u00e9e : m\u00e9tiers de l\u2019agriculture<\/p>\n\n\n\n<p class=\"has-nv-dark-bg-color has-text-color has-medium-font-size\">&#8211;&nbsp; CAP 1\u00e8re et 2\u00e8me ann\u00e9e : ARC agriculture r\u00e9gion chaude<\/p>\n\n\n\n<p class=\"has-nv-dark-bg-color has-text-color has-medium-font-size\">&#8211; BAC PRO seconde 1\u00e8re et terminale : Vente de produits univers de jardin.<\/p>\n\n\n\n<p class=\"has-nv-dark-bg-color has-text-color has-medium-font-size\">Ces sections sont r\u00e9parties sur 9 classes, soit un total de 170 \u00e9l\u00e8ves. Seuls 80 \u00e0 90 \u00e9l\u00e8ves r\u00e9partis sur 4 classes sont pr\u00e9sents simultan\u00e9ment, les autres \u00e9tant en stage \u00e0 l\u2019ext\u00e9rieur de la structure.<\/p>\n\n\n\n<p class=\"has-nv-dark-bg-color has-text-color has-medium-font-size\">Et <strong>une formation initiale sous statut apprentissage<\/strong> : capa 1<sup>\u00e8re<\/sup> et 2eme ann\u00e9e ARC (agriculture r\u00e9gion chaude) avec un effectif de 24 apprentis<\/p>\n\n\n\n<p class=\"has-nv-dark-bg-color has-text-color has-medium-font-size\">Le personnel de la formation initiale est compos\u00e9 comme suit :<\/p>\n\n\n\n<p class=\"has-nv-dark-bg-color has-text-color has-medium-font-size\">&#8211; 1 directeur,<\/p>\n\n\n\n<p class=\"has-nv-dark-bg-color has-text-color has-medium-font-size\">&#8211; 1 secr\u00e9taire,<\/p>\n\n\n\n<p class=\"has-nv-dark-bg-color has-text-color has-medium-font-size\">&#8211; 8 moniteurs,<\/p>\n\n\n\n<p class=\"has-nv-dark-bg-color has-text-color has-medium-font-size\">&#8211; 3 agents de restauration,<\/p>\n\n\n\n<p class=\"has-nv-dark-bg-color has-text-color has-medium-font-size\">&nbsp;&nbsp;&nbsp;&nbsp;&nbsp;&nbsp;&nbsp;&nbsp;&nbsp;&nbsp;&nbsp;&nbsp;&nbsp; &#8211; 1 agent d\u2019entretien<\/p>\n\n\n\n<p class=\"has-nv-dark-bg-color has-text-color has-medium-font-size\">&nbsp;&nbsp;&nbsp;&nbsp;&nbsp;&nbsp;&nbsp;&nbsp;&nbsp;&nbsp;&nbsp;&nbsp; &#8211; 2 surveillants de nuit<\/p>\n\n\n\n<div class=\"wp-block-columns is-layout-flex wp-container-core-columns-is-layout-9d6595d7 wp-block-columns-is-layout-flex\">\n<div class=\"wp-block-column is-layout-flow wp-block-column-is-layout-flow\">\n<figure class=\"wp-block-image size-large\"><img loading=\"lazy\" decoding=\"async\" width=\"1024\" height=\"1024\" src=\"http:\/\/rfcakqo.cluster031.hosting.ovh.net\/admin\/wp-content\/uploads\/2022\/03\/est-num-1024x1024.png\" alt=\"\" class=\"wp-image-193\" srcset=\"https:\/\/mfr-reunion.re\/wp-content\/uploads\/2022\/03\/est-num-1024x1024.png 1024w, https:\/\/mfr-reunion.re\/wp-content\/uploads\/2022\/03\/est-num-300x300.png 300w, https:\/\/mfr-reunion.re\/wp-content\/uploads\/2022\/03\/est-num-150x150.png 150w, https:\/\/mfr-reunion.re\/wp-content\/uploads\/2022\/03\/est-num-768x768.png 768w, https:\/\/mfr-reunion.re\/wp-content\/uploads\/2022\/03\/est-num.png 1080w\" sizes=\"auto, (max-width: 1024px) 100vw, 1024px\" \/><\/figure>\n<\/div>\n\n\n\n<div class=\"wp-block-column is-layout-flow wp-block-column-is-layout-flow\">\n<figure class=\"wp-block-image size-large\"><img loading=\"lazy\" decoding=\"async\" width=\"1024\" height=\"1024\" src=\"http:\/\/rfcakqo.cluster031.hosting.ovh.net\/admin\/wp-content\/uploads\/2022\/03\/AD-2-1024x1024.jpg\" alt=\"\" class=\"wp-image-194\" srcset=\"https:\/\/mfr-reunion.re\/wp-content\/uploads\/2022\/03\/AD-2-1024x1024.jpg 1024w, https:\/\/mfr-reunion.re\/wp-content\/uploads\/2022\/03\/AD-2-300x300.jpg 300w, https:\/\/mfr-reunion.re\/wp-content\/uploads\/2022\/03\/AD-2-150x150.jpg 150w, https:\/\/mfr-reunion.re\/wp-content\/uploads\/2022\/03\/AD-2-768x768.jpg 768w, https:\/\/mfr-reunion.re\/wp-content\/uploads\/2022\/03\/AD-2-1536x1536.jpg 1536w, https:\/\/mfr-reunion.re\/wp-content\/uploads\/2022\/03\/AD-2.jpg 1600w\" sizes=\"auto, (max-width: 1024px) 100vw, 1024px\" \/><\/figure>\n<\/div>\n\n\n\n<div class=\"wp-block-column is-layout-flow wp-block-column-is-layout-flow\">\n<figure class=\"wp-block-image size-large\"><img loading=\"lazy\" decoding=\"async\" width=\"1024\" height=\"1024\" src=\"http:\/\/rfcakqo.cluster031.hosting.ovh.net\/admin\/wp-content\/uploads\/2022\/03\/est-mail-1024x1024.jpg\" alt=\"\" class=\"wp-image-195\" srcset=\"https:\/\/mfr-reunion.re\/wp-content\/uploads\/2022\/03\/est-mail-1024x1024.jpg 1024w, https:\/\/mfr-reunion.re\/wp-content\/uploads\/2022\/03\/est-mail-300x300.jpg 300w, https:\/\/mfr-reunion.re\/wp-content\/uploads\/2022\/03\/est-mail-150x150.jpg 150w, https:\/\/mfr-reunion.re\/wp-content\/uploads\/2022\/03\/est-mail-768x768.jpg 768w, https:\/\/mfr-reunion.re\/wp-content\/uploads\/2022\/03\/est-mail-1536x1536.jpg 1536w, https:\/\/mfr-reunion.re\/wp-content\/uploads\/2022\/03\/est-mail.jpg 1600w\" sizes=\"auto, (max-width: 1024px) 100vw, 1024px\" \/><\/figure>\n<\/div>\n<\/div>\n","protected":false},"excerpt":{"rendered":"<p>Sa cr\u00e9ation de la MFR de l\u2019Est Suite \u00e0 la premi\u00e8re ouverture de la MFR du Tampon sur l\u2019\u00eele qui fut un succ\u00e8s, la f\u00e9d\u00e9ration a d\u00e9cid\u00e9 de cr\u00e9er une nouvelle MFR. Cette deuxi\u00e8me implantation r\u00e9pond aux besoins des acteurs agricoles du bassin Est. L\u2019est de l\u2019\u00eele est un territoire qui concentre encore aujourd\u2019hui une &hellip; <\/p>\n","protected":false},"author":1,"featured_media":0,"parent":0,"menu_order":0,"comment_status":"closed","ping_status":"closed","template":"","meta":{"footnotes":""},"class_list":["post-77","page","type-page","status-publish","hentry"],"yoast_head":"<!-- This site is optimized with the Yoast SEO plugin v18.1 - https:\/\/yoast.com\/wordpress\/plugins\/seo\/ -->\n<title>SAINT ANDRE - Les MFR DE LA REUNION<\/title>\n<meta name=\"robots\" content=\"index, follow, max-snippet:-1, max-image-preview:large, max-video-preview:-1\" \/>\n<link rel=\"canonical\" href=\"https:\/\/mfr-reunion.re\/index.php\/saint-andre\/\" \/>\n<meta property=\"og:locale\" content=\"fr_FR\" \/>\n<meta property=\"og:type\" content=\"article\" \/>\n<meta property=\"og:title\" content=\"SAINT ANDRE - Les MFR DE LA REUNION\" \/>\n<meta property=\"og:description\" content=\"Sa cr\u00e9ation de la MFR de l\u2019Est Suite \u00e0 la premi\u00e8re ouverture de la MFR du Tampon sur l\u2019\u00eele qui fut un succ\u00e8s, la f\u00e9d\u00e9ration a d\u00e9cid\u00e9 de cr\u00e9er une nouvelle MFR. Cette deuxi\u00e8me implantation r\u00e9pond aux besoins des acteurs agricoles du bassin Est. L\u2019est de l\u2019\u00eele est un territoire qui concentre encore aujourd\u2019hui une &hellip;\" \/>\n<meta property=\"og:url\" content=\"https:\/\/mfr-reunion.re\/index.php\/saint-andre\/\" \/>\n<meta property=\"og:site_name\" content=\"Les MFR DE LA REUNION\" \/>\n<meta property=\"article:modified_time\" content=\"2024-12-05T12:25:16+00:00\" \/>\n<meta property=\"og:image\" content=\"http:\/\/rfcakqo.cluster031.hosting.ovh.net\/admin\/wp-content\/uploads\/2022\/03\/ENTREE.png\" \/>\n<meta name=\"twitter:card\" content=\"summary_large_image\" \/>\n<meta name=\"twitter:label1\" content=\"Dur\u00e9e de lecture estim\u00e9e\" \/>\n\t<meta name=\"twitter:data1\" content=\"4 minutes\" \/>\n<script type=\"application\/ld+json\" class=\"yoast-schema-graph\">{\"@context\":\"https:\/\/schema.org\",\"@graph\":[{\"@type\":\"WebSite\",\"@id\":\"https:\/\/mfr-reunion.re\/#website\",\"url\":\"https:\/\/mfr-reunion.re\/\",\"name\":\"Les MFR DE LA REUNION\",\"description\":\"\",\"potentialAction\":[{\"@type\":\"SearchAction\",\"target\":{\"@type\":\"EntryPoint\",\"urlTemplate\":\"https:\/\/mfr-reunion.re\/?s={search_term_string}\"},\"query-input\":\"required name=search_term_string\"}],\"inLanguage\":\"fr-FR\"},{\"@type\":\"ImageObject\",\"@id\":\"https:\/\/mfr-reunion.re\/index.php\/saint-andre\/#primaryimage\",\"inLanguage\":\"fr-FR\",\"url\":\"http:\/\/rfcakqo.cluster031.hosting.ovh.net\/admin\/wp-content\/uploads\/2022\/03\/ENTREE.png\",\"contentUrl\":\"http:\/\/rfcakqo.cluster031.hosting.ovh.net\/admin\/wp-content\/uploads\/2022\/03\/ENTREE.png\"},{\"@type\":\"WebPage\",\"@id\":\"https:\/\/mfr-reunion.re\/index.php\/saint-andre\/#webpage\",\"url\":\"https:\/\/mfr-reunion.re\/index.php\/saint-andre\/\",\"name\":\"SAINT ANDRE - Les MFR DE LA REUNION\",\"isPartOf\":{\"@id\":\"https:\/\/mfr-reunion.re\/#website\"},\"primaryImageOfPage\":{\"@id\":\"https:\/\/mfr-reunion.re\/index.php\/saint-andre\/#primaryimage\"},\"datePublished\":\"2022-02-15T04:42:25+00:00\",\"dateModified\":\"2024-12-05T12:25:16+00:00\",\"breadcrumb\":{\"@id\":\"https:\/\/mfr-reunion.re\/index.php\/saint-andre\/#breadcrumb\"},\"inLanguage\":\"fr-FR\",\"potentialAction\":[{\"@type\":\"ReadAction\",\"target\":[\"https:\/\/mfr-reunion.re\/index.php\/saint-andre\/\"]}]},{\"@type\":\"BreadcrumbList\",\"@id\":\"https:\/\/mfr-reunion.re\/index.php\/saint-andre\/#breadcrumb\",\"itemListElement\":[{\"@type\":\"ListItem\",\"position\":1,\"name\":\"Accueil\",\"item\":\"https:\/\/mfr-reunion.re\/\"},{\"@type\":\"ListItem\",\"position\":2,\"name\":\"SAINT ANDRE\"}]}]}<\/script>\n<!-- \/ Yoast SEO plugin. -->","yoast_head_json":{"title":"SAINT ANDRE - Les MFR DE LA REUNION","robots":{"index":"index","follow":"follow","max-snippet":"max-snippet:-1","max-image-preview":"max-image-preview:large","max-video-preview":"max-video-preview:-1"},"canonical":"https:\/\/mfr-reunion.re\/index.php\/saint-andre\/","og_locale":"fr_FR","og_type":"article","og_title":"SAINT ANDRE - Les MFR DE LA REUNION","og_description":"Sa cr\u00e9ation de la MFR de l\u2019Est Suite \u00e0 la premi\u00e8re ouverture de la MFR du Tampon sur l\u2019\u00eele qui fut un succ\u00e8s, la f\u00e9d\u00e9ration a d\u00e9cid\u00e9 de cr\u00e9er une nouvelle MFR. Cette deuxi\u00e8me implantation r\u00e9pond aux besoins des acteurs agricoles du bassin Est. L\u2019est de l\u2019\u00eele est un territoire qui concentre encore aujourd\u2019hui une &hellip;","og_url":"https:\/\/mfr-reunion.re\/index.php\/saint-andre\/","og_site_name":"Les MFR DE LA REUNION","article_modified_time":"2024-12-05T12:25:16+00:00","og_image":[{"url":"http:\/\/rfcakqo.cluster031.hosting.ovh.net\/admin\/wp-content\/uploads\/2022\/03\/ENTREE.png"}],"twitter_card":"summary_large_image","twitter_misc":{"Dur\u00e9e de lecture estim\u00e9e":"4 minutes"},"schema":{"@context":"https:\/\/schema.org","@graph":[{"@type":"WebSite","@id":"https:\/\/mfr-reunion.re\/#website","url":"https:\/\/mfr-reunion.re\/","name":"Les MFR DE LA REUNION","description":"","potentialAction":[{"@type":"SearchAction","target":{"@type":"EntryPoint","urlTemplate":"https:\/\/mfr-reunion.re\/?s={search_term_string}"},"query-input":"required name=search_term_string"}],"inLanguage":"fr-FR"},{"@type":"ImageObject","@id":"https:\/\/mfr-reunion.re\/index.php\/saint-andre\/#primaryimage","inLanguage":"fr-FR","url":"http:\/\/rfcakqo.cluster031.hosting.ovh.net\/admin\/wp-content\/uploads\/2022\/03\/ENTREE.png","contentUrl":"http:\/\/rfcakqo.cluster031.hosting.ovh.net\/admin\/wp-content\/uploads\/2022\/03\/ENTREE.png"},{"@type":"WebPage","@id":"https:\/\/mfr-reunion.re\/index.php\/saint-andre\/#webpage","url":"https:\/\/mfr-reunion.re\/index.php\/saint-andre\/","name":"SAINT ANDRE - Les MFR DE LA REUNION","isPartOf":{"@id":"https:\/\/mfr-reunion.re\/#website"},"primaryImageOfPage":{"@id":"https:\/\/mfr-reunion.re\/index.php\/saint-andre\/#primaryimage"},"datePublished":"2022-02-15T04:42:25+00:00","dateModified":"2024-12-05T12:25:16+00:00","breadcrumb":{"@id":"https:\/\/mfr-reunion.re\/index.php\/saint-andre\/#breadcrumb"},"inLanguage":"fr-FR","potentialAction":[{"@type":"ReadAction","target":["https:\/\/mfr-reunion.re\/index.php\/saint-andre\/"]}]},{"@type":"BreadcrumbList","@id":"https:\/\/mfr-reunion.re\/index.php\/saint-andre\/#breadcrumb","itemListElement":[{"@type":"ListItem","position":1,"name":"Accueil","item":"https:\/\/mfr-reunion.re\/"},{"@type":"ListItem","position":2,"name":"SAINT ANDRE"}]}]}},"_links":{"self":[{"href":"https:\/\/mfr-reunion.re\/index.php\/wp-json\/wp\/v2\/pages\/77","targetHints":{"allow":["GET"]}}],"collection":[{"href":"https:\/\/mfr-reunion.re\/index.php\/wp-json\/wp\/v2\/pages"}],"about":[{"href":"https:\/\/mfr-reunion.re\/index.php\/wp-json\/wp\/v2\/types\/page"}],"author":[{"embeddable":true,"href":"https:\/\/mfr-reunion.re\/index.php\/wp-json\/wp\/v2\/users\/1"}],"replies":[{"embeddable":true,"href":"https:\/\/mfr-reunion.re\/index.php\/wp-json\/wp\/v2\/comments?post=77"}],"version-history":[{"count":3,"href":"https:\/\/mfr-reunion.re\/index.php\/wp-json\/wp\/v2\/pages\/77\/revisions"}],"predecessor-version":[{"id":726,"href":"https:\/\/mfr-reunion.re\/index.php\/wp-json\/wp\/v2\/pages\/77\/revisions\/726"}],"wp:attachment":[{"href":"https:\/\/mfr-reunion.re\/index.php\/wp-json\/wp\/v2\/media?parent=77"}],"curies":[{"name":"wp","href":"https:\/\/api.w.org\/{rel}","templated":true}]}}