{"id":8,"date":"2022-02-14T14:46:18","date_gmt":"2022-02-14T13:46:18","guid":{"rendered":"http:\/\/rfcakqo.cluster031.hosting.ovh.net\/admin\/?page_id=8"},"modified":"2025-05-13T07:56:12","modified_gmt":"2025-05-13T05:56:12","slug":"la-plaine-des-palmistes","status":"publish","type":"page","link":"https:\/\/mfr-reunion.re\/index.php\/la-plaine-des-palmistes\/","title":{"rendered":"LA PLAINE DES PALMISTES"},"content":{"rendered":"\n<h2 class=\"wp-block-heading\">HISTORIQUE<\/h2>\n\n\n<div class=\"wp-block-image\">\n<figure class=\"aligncenter size-full is-resized\"><img loading=\"lazy\" decoding=\"async\" width=\"800\" height=\"445\" src=\"https:\/\/mfr-reunion.re\/wp-content\/uploads\/2024\/11\/la-MFR-PDP-800x445-1.jpg\" alt=\"\" class=\"wp-image-680\" style=\"aspect-ratio:1.72938689217759;width:425px;height:auto\" srcset=\"https:\/\/mfr-reunion.re\/wp-content\/uploads\/2024\/11\/la-MFR-PDP-800x445-1.jpg 800w, https:\/\/mfr-reunion.re\/wp-content\/uploads\/2024\/11\/la-MFR-PDP-800x445-1-300x167.jpg 300w, https:\/\/mfr-reunion.re\/wp-content\/uploads\/2024\/11\/la-MFR-PDP-800x445-1-768x427.jpg 768w, https:\/\/mfr-reunion.re\/wp-content\/uploads\/2024\/11\/la-MFR-PDP-800x445-1-108x60.jpg 108w\" sizes=\"auto, (max-width: 800px) 100vw, 800px\" \/><\/figure>\n<\/div>\n\n\n<p class=\"has-text-align-left has-nv-dark-bg-color has-text-color has-medium-font-size\">La MFR de la Plaine des Palmistes a \u00e9t\u00e9 cr\u00e9\u00e9 en 1981. C\u2019est une association de familles. Chaque parent adh\u00e8re \u00e0 l\u2019Association qui assure la responsabilit\u00e9 de l\u2019ensemble des missions : formation, \u00e9ducation, gestion et d\u00e9veloppement de la MFR.<br>Un Conseil d\u2019Administration compos\u00e9 de parents et de Ma\u00eetres de Stage qui assure la responsabilit\u00e9 de la gestion et de l\u2019orientation p\u00e9dagogique et \u00e9ducative de l\u2019\u00e9tablissement.<\/p>\n\n\n\n<p class=\"has-nv-dark-bg-color has-text-color has-medium-font-size\">La MFR de la Plaine des Palmistes est un \u00e9tablissement de formation par alternance allant de la 4\u00e8me, 3\u00e8me, CAP, BAC PRO et BTS dans les secteurs de l\u2019\u00e9levage et des services en milieu rural.<\/p>\n\n\n\n<div class=\"wp-block-buttons is-layout-flex wp-block-buttons-is-layout-flex\">\n<div class=\"wp-block-button is-style-primary\"><a class=\"wp-block-button__link has-white-color has-text-color has-link-color wp-element-button\" href=\"https:\/\/mfr-reunion.re\/wp-content\/uploads\/2024\/04\/0.-DEPLIANT-MFR-2024.pdf\">TELECHARGER NOTRE DEPLIANT ICI<\/a><\/div>\n<\/div>\n\n\n\n<div data-wp-interactive=\"core\/file\" class=\"wp-block-file\"><object data-wp-bind--hidden=\"!state.hasPdfPreview\" hidden class=\"wp-block-file__embed\" data=\"https:\/\/mfr-reunion.re\/wp-content\/uploads\/2024\/04\/0.-DEPLIANT-MFR-2024.pdf\" type=\"application\/pdf\" style=\"width:100%;height:200px\" aria-label=\"Contenu embarqu\u00e9 0.-DEPLIANT-MFR-2024.\"><\/object><a id=\"wp-block-file--media-892fb7f7-f690-4bbd-aa55-8940227a8193\" href=\"https:\/\/mfr-reunion.re\/wp-content\/uploads\/2024\/04\/0.-DEPLIANT-MFR-2024.pdf\">0.-DEPLIANT-MFR-2024<\/a><a href=\"https:\/\/mfr-reunion.re\/wp-content\/uploads\/2024\/04\/0.-DEPLIANT-MFR-2024.pdf\" class=\"wp-block-file__button wp-element-button\" download aria-describedby=\"wp-block-file--media-892fb7f7-f690-4bbd-aa55-8940227a8193\"><mark style=\"background-color:rgba(0, 0, 0, 0)\" class=\"has-inline-color has-white-color\">T\u00e9l\u00e9charger<\/mark><\/a><\/div>\n\n\n\n<div class=\"wp-block-columns is-layout-flex wp-container-core-columns-is-layout-9d6595d7 wp-block-columns-is-layout-flex\">\n<div class=\"wp-block-column is-layout-flow wp-block-column-is-layout-flow\">\n<figure class=\"wp-block-gallery has-nested-images columns-default is-cropped wp-block-gallery-1 is-layout-flex wp-block-gallery-is-layout-flex\">\n<figure class=\"wp-block-image size-large\"><img loading=\"lazy\" decoding=\"async\" width=\"1024\" height=\"1024\" data-id=\"217\" src=\"http:\/\/rfcakqo.cluster031.hosting.ovh.net\/admin\/wp-content\/uploads\/2022\/03\/Copie-de-3-posts-fixes-contact-Maison-1-1024x1024.png\" alt=\"\" class=\"wp-image-217\" srcset=\"https:\/\/mfr-reunion.re\/wp-content\/uploads\/2022\/03\/Copie-de-3-posts-fixes-contact-Maison-1-1024x1024.png 1024w, https:\/\/mfr-reunion.re\/wp-content\/uploads\/2022\/03\/Copie-de-3-posts-fixes-contact-Maison-1-300x300.png 300w, https:\/\/mfr-reunion.re\/wp-content\/uploads\/2022\/03\/Copie-de-3-posts-fixes-contact-Maison-1-150x150.png 150w, https:\/\/mfr-reunion.re\/wp-content\/uploads\/2022\/03\/Copie-de-3-posts-fixes-contact-Maison-1-768x768.png 768w, https:\/\/mfr-reunion.re\/wp-content\/uploads\/2022\/03\/Copie-de-3-posts-fixes-contact-Maison-1.png 1080w\" sizes=\"auto, (max-width: 1024px) 100vw, 1024px\" \/><\/figure>\n<\/figure>\n<\/div>\n\n\n\n<div class=\"wp-block-column is-layout-flow wp-block-column-is-layout-flow\">\n<figure class=\"wp-block-image size-large\"><img loading=\"lazy\" decoding=\"async\" width=\"1024\" height=\"1024\" src=\"http:\/\/rfcakqo.cluster031.hosting.ovh.net\/admin\/wp-content\/uploads\/2022\/03\/TEL-1-1024x1024.jpg\" alt=\"\" class=\"wp-image-214\" srcset=\"https:\/\/mfr-reunion.re\/wp-content\/uploads\/2022\/03\/TEL-1-1024x1024.jpg 1024w, https:\/\/mfr-reunion.re\/wp-content\/uploads\/2022\/03\/TEL-1-300x300.jpg 300w, https:\/\/mfr-reunion.re\/wp-content\/uploads\/2022\/03\/TEL-1-150x150.jpg 150w, https:\/\/mfr-reunion.re\/wp-content\/uploads\/2022\/03\/TEL-1-768x768.jpg 768w, https:\/\/mfr-reunion.re\/wp-content\/uploads\/2022\/03\/TEL-1-1536x1536.jpg 1536w, https:\/\/mfr-reunion.re\/wp-content\/uploads\/2022\/03\/TEL-1.jpg 1600w\" sizes=\"auto, (max-width: 1024px) 100vw, 1024px\" \/><\/figure>\n<\/div>\n\n\n\n<div class=\"wp-block-column is-layout-flow wp-block-column-is-layout-flow\">\n<figure class=\"wp-block-image size-large\"><img loading=\"lazy\" decoding=\"async\" width=\"1024\" height=\"1024\" src=\"http:\/\/rfcakqo.cluster031.hosting.ovh.net\/admin\/wp-content\/uploads\/2022\/03\/AD-4-1024x1024.jpg\" alt=\"\" class=\"wp-image-213\" srcset=\"https:\/\/mfr-reunion.re\/wp-content\/uploads\/2022\/03\/AD-4-1024x1024.jpg 1024w, https:\/\/mfr-reunion.re\/wp-content\/uploads\/2022\/03\/AD-4-300x300.jpg 300w, https:\/\/mfr-reunion.re\/wp-content\/uploads\/2022\/03\/AD-4-150x150.jpg 150w, https:\/\/mfr-reunion.re\/wp-content\/uploads\/2022\/03\/AD-4-768x768.jpg 768w, https:\/\/mfr-reunion.re\/wp-content\/uploads\/2022\/03\/AD-4-1536x1536.jpg 1536w, https:\/\/mfr-reunion.re\/wp-content\/uploads\/2022\/03\/AD-4.jpg 1600w\" sizes=\"auto, (max-width: 1024px) 100vw, 1024px\" \/><\/figure>\n<\/div>\n<\/div>\n\n\n\n<div class=\"wp-block-columns is-layout-flex wp-container-core-columns-is-layout-9d6595d7 wp-block-columns-is-layout-flex\">\n<div class=\"wp-block-column is-layout-flow wp-block-column-is-layout-flow\">\n<figure class=\"wp-block-image size-large is-resized\"><img loading=\"lazy\" decoding=\"async\" width=\"724\" height=\"1024\" src=\"https:\/\/mfr-reunion.re\/wp-content\/uploads\/2024\/12\/2024V2C1.2V2-RESULTATS-FA-ENQUETE-CTM-1-724x1024.jpg\" alt=\"\" class=\"wp-image-713\" style=\"width:417px;height:auto\" srcset=\"https:\/\/mfr-reunion.re\/wp-content\/uploads\/2024\/12\/2024V2C1.2V2-RESULTATS-FA-ENQUETE-CTM-1-724x1024.jpg 724w, https:\/\/mfr-reunion.re\/wp-content\/uploads\/2024\/12\/2024V2C1.2V2-RESULTATS-FA-ENQUETE-CTM-1-212x300.jpg 212w, https:\/\/mfr-reunion.re\/wp-content\/uploads\/2024\/12\/2024V2C1.2V2-RESULTATS-FA-ENQUETE-CTM-1-768x1086.jpg 768w, https:\/\/mfr-reunion.re\/wp-content\/uploads\/2024\/12\/2024V2C1.2V2-RESULTATS-FA-ENQUETE-CTM-1-1086x1536.jpg 1086w, https:\/\/mfr-reunion.re\/wp-content\/uploads\/2024\/12\/2024V2C1.2V2-RESULTATS-FA-ENQUETE-CTM-1-42x60.jpg 42w, https:\/\/mfr-reunion.re\/wp-content\/uploads\/2024\/12\/2024V2C1.2V2-RESULTATS-FA-ENQUETE-CTM-1.jpg 1240w\" sizes=\"auto, (max-width: 724px) 100vw, 724px\" \/><\/figure>\n<\/div>\n\n\n\n<div class=\"wp-block-column is-layout-flow wp-block-column-is-layout-flow\">\n<figure class=\"wp-block-image size-large\"><img loading=\"lazy\" decoding=\"async\" width=\"724\" height=\"1024\" src=\"https:\/\/mfr-reunion.re\/wp-content\/uploads\/2024\/12\/2024V2C1.2V2-RESULTATS-FA-ENQUETE-BTS-1-724x1024.jpg\" alt=\"\" class=\"wp-image-714\" srcset=\"https:\/\/mfr-reunion.re\/wp-content\/uploads\/2024\/12\/2024V2C1.2V2-RESULTATS-FA-ENQUETE-BTS-1-724x1024.jpg 724w, https:\/\/mfr-reunion.re\/wp-content\/uploads\/2024\/12\/2024V2C1.2V2-RESULTATS-FA-ENQUETE-BTS-1-212x300.jpg 212w, https:\/\/mfr-reunion.re\/wp-content\/uploads\/2024\/12\/2024V2C1.2V2-RESULTATS-FA-ENQUETE-BTS-1-768x1086.jpg 768w, https:\/\/mfr-reunion.re\/wp-content\/uploads\/2024\/12\/2024V2C1.2V2-RESULTATS-FA-ENQUETE-BTS-1-1086x1536.jpg 1086w, https:\/\/mfr-reunion.re\/wp-content\/uploads\/2024\/12\/2024V2C1.2V2-RESULTATS-FA-ENQUETE-BTS-1-42x60.jpg 42w, https:\/\/mfr-reunion.re\/wp-content\/uploads\/2024\/12\/2024V2C1.2V2-RESULTATS-FA-ENQUETE-BTS-1.jpg 1240w\" sizes=\"auto, (max-width: 724px) 100vw, 724px\" \/><\/figure>\n<\/div>\n<\/div>\n\n\n\n<div class=\"wp-block-columns is-layout-flex wp-container-core-columns-is-layout-9d6595d7 wp-block-columns-is-layout-flex\">\n<div class=\"wp-block-column is-layout-flow wp-block-column-is-layout-flow\">\n<figure class=\"wp-block-image size-full\"><img loading=\"lazy\" decoding=\"async\" width=\"647\" height=\"931\" src=\"https:\/\/mfr-reunion.re\/wp-content\/uploads\/2024\/12\/Capture-decran-2024-12-05-161341.png\" alt=\"\" class=\"wp-image-722\" srcset=\"https:\/\/mfr-reunion.re\/wp-content\/uploads\/2024\/12\/Capture-decran-2024-12-05-161341.png 647w, https:\/\/mfr-reunion.re\/wp-content\/uploads\/2024\/12\/Capture-decran-2024-12-05-161341-208x300.png 208w, https:\/\/mfr-reunion.re\/wp-content\/uploads\/2024\/12\/Capture-decran-2024-12-05-161341-42x60.png 42w\" sizes=\"auto, (max-width: 647px) 100vw, 647px\" \/><\/figure>\n<\/div>\n\n\n\n<div class=\"wp-block-column is-layout-flow wp-block-column-is-layout-flow\">\n<p><\/p>\n\n\n\n<p><\/p>\n\n\n\n<p><\/p>\n\n\n\n<p>Formation financ\u00e9e par LA REGION REUNION<\/p>\n<\/div>\n<\/div>\n\n\n\n<div class=\"wp-block-columns is-layout-flex wp-container-core-columns-is-layout-9d6595d7 wp-block-columns-is-layout-flex\">\n<div class=\"wp-block-column is-layout-flow wp-block-column-is-layout-flow\" style=\"flex-basis:100%\">\n<p>La MFR de la Plaine des Palmistes est certifi\u00e9e Qualiopi.<\/p>\n<\/div>\n<\/div>\n\n\n\n<p>Qualiopi est un label qualit\u00e9, unique et obligatoire \u00e0 compter du 1er janvier 2022. En effet, il autorise la pratique des formations continues &nbsp;dans le cadre de la loi 2018-771 pour la libert\u00e9 de choisir son avenir professionnel.<\/p>\n\n\n\n<div class=\"wp-block-columns is-layout-flex wp-container-core-columns-is-layout-9d6595d7 wp-block-columns-is-layout-flex\">\n<div class=\"wp-block-column is-layout-flow wp-block-column-is-layout-flow\">\n<p>Ce label repose sur 7 crit\u00e8res :<\/p>\n\n\n\n<p>* L\u2019offre de formation<\/p>\n\n\n\n<p>* Organisation des formations<\/p>\n\n\n\n<p>* Gestion des stagiaires<\/p>\n\n\n\n<p>* Moyens p\u00e9dagogiques<\/p>\n\n\n\n<p>* Gestion des formateurs<\/p>\n\n\n\n<p>* Environnement Socio Economique<\/p>\n\n\n\n<p>* Gestions des non conformit\u00e9s<\/p>\n<\/div>\n\n\n\n<div class=\"wp-block-column is-layout-flow wp-block-column-is-layout-flow\">\n<div data-wp-interactive=\"core\/file\" class=\"wp-block-file\"><object data-wp-bind--hidden=\"!state.hasPdfPreview\" hidden class=\"wp-block-file__embed\" data=\"https:\/\/mfr-reunion.re\/wp-content\/uploads\/2025\/05\/23089015-MFR-PLAINE-DES-PALMISTES.pdf\" type=\"application\/pdf\" style=\"width:100%;height:600px\" aria-label=\"Contenu embarqu\u00e9 23089015 - MFR PLAI\u0307NE DES PALMI\u0307STES.\"><\/object><a id=\"wp-block-file--media-1e18a082-c1cf-4a21-bf34-5e74e44fc965\" href=\"https:\/\/mfr-reunion.re\/wp-content\/uploads\/2025\/05\/23089015-MFR-PLAINE-DES-PALMISTES.pdf\">23089015 &#8211; MFR PLAI\u0307NE DES PALMI\u0307STES<\/a><a href=\"https:\/\/mfr-reunion.re\/wp-content\/uploads\/2025\/05\/23089015-MFR-PLAINE-DES-PALMISTES.pdf\" class=\"wp-block-file__button wp-element-button\" download aria-describedby=\"wp-block-file--media-1e18a082-c1cf-4a21-bf34-5e74e44fc965\"><mark style=\"background-color:rgba(0, 0, 0, 0)\" class=\"has-inline-color has-white-color\">T\u00e9l\u00e9charger<\/mark><\/a><\/div>\n<\/div>\n<\/div>\n\n\n\n<p>Qualiopi \u00e0 la MFR de la  Plaine Des Palmistes c\u2019est :\u2002<\/p>\n\n\n\n<p>*&nbsp;Une r\u00e9elle alternance : 50% du temps \u00e0 l&rsquo;\u00e9cole et 50% du temps en entreprise.<\/p>\n\n\n\n<p>* Une p\u00e9dagogie qui prend sens gr\u00e2ce \u00e0 la mise en relation concr\u00e8te des p\u00e9riodes en entreprise et des enseignements.<\/p>\n\n\n\n<p>* Un accompagnement suivi et personnalis\u00e9 : les moniteurs (qui dispensent les cours) sont disponibles en dehors des heures d\u2019enseignement et repr\u00e9sentent une v\u00e9ritable ressource pour l\u2019\u00e9l\u00e8ve.<\/p>\n\n\n\n<p>* Le statut associatif permet d\u2019\u00eatre au plus pr\u00e8s des besoins des familles et des professionnels.<\/p>\n\n\n\n<h2 class=\"wp-block-heading\">La RSO &#8211; Responsabilit\u00e9 Sociale des Organisations &#8211; qu&rsquo;est-ce que c&rsquo;est ?<\/h2>\n\n\n\n<p>LUCIE est une communaut\u00e9 d\u2019organisations qui partagent la m\u00eame volont\u00e9 : rendre ce monde plus juste et plus respectueux des hommes et du territoire.<\/p>\n\n\n\n<div class=\"wp-block-columns is-layout-flex wp-container-core-columns-is-layout-9d6595d7 wp-block-columns-is-layout-flex\">\n<div class=\"wp-block-column is-layout-flow wp-block-column-is-layout-flow\">\n<figure class=\"wp-block-image size-full is-resized\"><img loading=\"lazy\" decoding=\"async\" width=\"300\" height=\"462\" src=\"https:\/\/mfr-reunion.re\/wp-content\/uploads\/2024\/11\/logo-lucie-FR2.jpg\" alt=\"\" class=\"wp-image-691\" style=\"width:278px;height:auto\" srcset=\"https:\/\/mfr-reunion.re\/wp-content\/uploads\/2024\/11\/logo-lucie-FR2.jpg 300w, https:\/\/mfr-reunion.re\/wp-content\/uploads\/2024\/11\/logo-lucie-FR2-195x300.jpg 195w, https:\/\/mfr-reunion.re\/wp-content\/uploads\/2024\/11\/logo-lucie-FR2-39x60.jpg 39w\" sizes=\"auto, (max-width: 300px) 100vw, 300px\" \/><\/figure>\n<\/div>\n\n\n\n<div class=\"wp-block-column is-layout-flow wp-block-column-is-layout-flow\">\n<p>Elle offre aux organisations l\u2019opportunit\u00e9 de d\u00e9montrer leur prise en compte des enjeux sociaux et environnementaux dans leurs activit\u00e9s \u00e9conomiques en lien avec les parties prenantes (toute personne ayant un int\u00e9r\u00eat dans les d\u00e9cisions ou activit\u00e9s d\u2019une organisation : salari\u00e9s, clients, prestataires, concurrents, riverains, pouvoirs publics\u2026).<\/p>\n\n\n\n<p>Elle trouve comme cadre de r\u00e9f\u00e9rence la norme internationale ISO 26000 qui propose aux organisations d\u2019orienter leurs strat\u00e9gies et leurs pratiques vers un comportement plus responsable.<\/p>\n<\/div>\n<\/div>\n\n\n\n<p><\/p>\n\n\n\n<div class=\"wp-block-columns is-layout-flex wp-container-core-columns-is-layout-9d6595d7 wp-block-columns-is-layout-flex\">\n<div class=\"wp-block-column is-layout-flow wp-block-column-is-layout-flow\">\n<p>La d\u00e9marche repose \u00e9galement sur un r\u00e9f\u00e9rentiel, appel\u00e9 r\u00e9f\u00e9rentiel LUCIE :<br>\u2022&nbsp;&nbsp; &nbsp;La gouvernance associative<br>\u2022&nbsp;&nbsp; &nbsp;Le d\u00e9veloppement des relations et des     conditions de travail<br>\u2022&nbsp;&nbsp; &nbsp;La pr\u00e9servation de l&rsquo;environnement<br>\u2022&nbsp;&nbsp; &nbsp;Les relations avec les partenaires et fournisseurs<br>\u2022&nbsp;&nbsp; &nbsp;L&rsquo;accompagnement de chaque personne dans son projet d&rsquo;\u00e9ducation et de formation<br>\u2022&nbsp;&nbsp; &nbsp;Le d\u00e9veloppement territorial<\/p>\n<\/div>\n\n\n\n<div class=\"wp-block-column is-layout-flow wp-block-column-is-layout-flow\">\n<h2 class=\"wp-block-heading\">Notre engagement<\/h2>\n\n\n\n<div data-wp-interactive=\"core\/file\" class=\"wp-block-file\"><object data-wp-bind--hidden=\"!state.hasPdfPreview\" hidden class=\"wp-block-file__embed\" data=\"https:\/\/mfr-reunion.re\/wp-content\/uploads\/2024\/11\/0.-Certificat_In-MFR-PLAINE-DES-PALMISTES.pdf\" type=\"application\/pdf\" style=\"width:100%;height:350px\" aria-label=\"Contenu embarqu\u00e9 0. Certificat_In MFR PLAINE DES PALMISTES.\"><\/object><a id=\"wp-block-file--media-7813d82b-46db-4c90-a0af-6f470aac2834\" href=\"https:\/\/mfr-reunion.re\/wp-content\/uploads\/2024\/11\/0.-Certificat_In-MFR-PLAINE-DES-PALMISTES.pdf\">0. Certificat_In MFR PLAINE DES PALMISTES<\/a><a href=\"https:\/\/mfr-reunion.re\/wp-content\/uploads\/2024\/11\/0.-Certificat_In-MFR-PLAINE-DES-PALMISTES.pdf\" class=\"wp-block-file__button wp-element-button\" download aria-describedby=\"wp-block-file--media-7813d82b-46db-4c90-a0af-6f470aac2834\"><mark style=\"background-color:rgba(0, 0, 0, 0)\" class=\"has-inline-color has-white-color\">T\u00e9l\u00e9charger<\/mark><\/a><\/div>\n<\/div>\n<\/div>\n\n\n\n<div class=\"wp-block-columns is-layout-flex wp-container-core-columns-is-layout-9d6595d7 wp-block-columns-is-layout-flex\">\n<div class=\"wp-block-column is-layout-flow wp-block-column-is-layout-flow\">\n<h2 class=\"wp-block-heading\">Charte d&rsquo;engagement \u00e9thique<\/h2>\n\n\n\n<div data-wp-interactive=\"core\/file\" class=\"wp-block-file\"><object data-wp-bind--hidden=\"!state.hasPdfPreview\" hidden class=\"wp-block-file__embed\" data=\"https:\/\/mfr-reunion.re\/wp-content\/uploads\/2024\/11\/E1PA17-Charte-engagement-ethique1.pdf\" type=\"application\/pdf\" style=\"width:100%;height:600px\" aria-label=\"Contenu embarqu\u00e9 E1PA17 Charte engagement ethique(1).\"><\/object><a id=\"wp-block-file--media-896ba101-be97-4489-be90-6e89a8ad1004\" href=\"https:\/\/mfr-reunion.re\/wp-content\/uploads\/2024\/11\/E1PA17-Charte-engagement-ethique1.pdf\">E1PA17 Charte engagement ethique(1)<\/a><a href=\"https:\/\/mfr-reunion.re\/wp-content\/uploads\/2024\/11\/E1PA17-Charte-engagement-ethique1.pdf\" class=\"wp-block-file__button wp-element-button\" download aria-describedby=\"wp-block-file--media-896ba101-be97-4489-be90-6e89a8ad1004\"><mark style=\"background-color:rgba(0, 0, 0, 0)\" class=\"has-inline-color has-white-color\">T\u00e9l\u00e9charger<\/mark><\/a><\/div>\n<\/div>\n\n\n\n<div class=\"wp-block-column is-layout-flow wp-block-column-is-layout-flow\">\n<h2 class=\"wp-block-heading\">Les 20 engagements<\/h2>\n\n\n\n<div data-wp-interactive=\"core\/file\" class=\"wp-block-file\"><object data-wp-bind--hidden=\"!state.hasPdfPreview\" hidden class=\"wp-block-file__embed\" data=\"https:\/\/mfr-reunion.re\/wp-content\/uploads\/2024\/11\/E1PA113-Les-20-engagements1.pdf\" type=\"application\/pdf\" style=\"width:100%;height:600px\" aria-label=\"Contenu embarqu\u00e9 E1PA113 Les 20 engagements(1).\"><\/object><a id=\"wp-block-file--media-c7f45024-d687-4738-b787-ddb0df946749\" href=\"https:\/\/mfr-reunion.re\/wp-content\/uploads\/2024\/11\/E1PA113-Les-20-engagements1.pdf\">E1PA113 Les 20 engagements(1)<\/a><a href=\"https:\/\/mfr-reunion.re\/wp-content\/uploads\/2024\/11\/E1PA113-Les-20-engagements1.pdf\" class=\"wp-block-file__button wp-element-button\" download aria-describedby=\"wp-block-file--media-c7f45024-d687-4738-b787-ddb0df946749\"><mark style=\"background-color:rgba(0, 0, 0, 0)\" class=\"has-inline-color has-white-color\">T\u00e9l\u00e9charger<\/mark><\/a><\/div>\n<\/div>\n<\/div>\n\n\n\n<p><\/p>\n","protected":false},"excerpt":{"rendered":"<p>HISTORIQUE La MFR de la Plaine des Palmistes a \u00e9t\u00e9 cr\u00e9\u00e9 en 1981. C\u2019est une association de familles. Chaque parent adh\u00e8re \u00e0 l\u2019Association qui assure la responsabilit\u00e9 de l\u2019ensemble des missions : formation, \u00e9ducation, gestion et d\u00e9veloppement de la MFR.Un Conseil d\u2019Administration compos\u00e9 de parents et de Ma\u00eetres de Stage qui assure la responsabilit\u00e9 de &hellip; <\/p>\n","protected":false},"author":1,"featured_media":0,"parent":0,"menu_order":0,"comment_status":"closed","ping_status":"closed","template":"","meta":{"footnotes":""},"class_list":["post-8","page","type-page","status-publish","hentry"],"yoast_head":"<!-- This site is optimized with the Yoast SEO plugin v18.1 - https:\/\/yoast.com\/wordpress\/plugins\/seo\/ -->\n<title>LA PLAINE DES PALMISTES - Les MFR DE LA REUNION<\/title>\n<meta name=\"robots\" content=\"index, follow, max-snippet:-1, max-image-preview:large, max-video-preview:-1\" \/>\n<link rel=\"canonical\" href=\"https:\/\/mfr-reunion.re\/index.php\/la-plaine-des-palmistes\/\" \/>\n<meta property=\"og:locale\" content=\"fr_FR\" \/>\n<meta property=\"og:type\" content=\"article\" \/>\n<meta property=\"og:title\" content=\"LA PLAINE DES PALMISTES - Les MFR DE LA REUNION\" \/>\n<meta property=\"og:description\" content=\"HISTORIQUE La MFR de la Plaine des Palmistes a \u00e9t\u00e9 cr\u00e9\u00e9 en 1981. C\u2019est une association de familles. Chaque parent adh\u00e8re \u00e0 l\u2019Association qui assure la responsabilit\u00e9 de l\u2019ensemble des missions : formation, \u00e9ducation, gestion et d\u00e9veloppement de la MFR.Un Conseil d\u2019Administration compos\u00e9 de parents et de Ma\u00eetres de Stage qui assure la responsabilit\u00e9 de &hellip;\" \/>\n<meta property=\"og:url\" content=\"https:\/\/mfr-reunion.re\/index.php\/la-plaine-des-palmistes\/\" \/>\n<meta property=\"og:site_name\" content=\"Les MFR DE LA REUNION\" \/>\n<meta property=\"article:modified_time\" content=\"2025-05-13T05:56:12+00:00\" \/>\n<meta property=\"og:image\" content=\"https:\/\/mfr-reunion.re\/wp-content\/uploads\/2024\/11\/la-MFR-PDP-800x445-1.jpg\" \/>\n<meta name=\"twitter:card\" content=\"summary_large_image\" \/>\n<meta name=\"twitter:label1\" content=\"Dur\u00e9e de lecture estim\u00e9e\" \/>\n\t<meta name=\"twitter:data1\" content=\"2 minutes\" \/>\n<script type=\"application\/ld+json\" class=\"yoast-schema-graph\">{\"@context\":\"https:\/\/schema.org\",\"@graph\":[{\"@type\":\"WebSite\",\"@id\":\"https:\/\/mfr-reunion.re\/#website\",\"url\":\"https:\/\/mfr-reunion.re\/\",\"name\":\"Les MFR DE LA REUNION\",\"description\":\"\",\"potentialAction\":[{\"@type\":\"SearchAction\",\"target\":{\"@type\":\"EntryPoint\",\"urlTemplate\":\"https:\/\/mfr-reunion.re\/?s={search_term_string}\"},\"query-input\":\"required name=search_term_string\"}],\"inLanguage\":\"fr-FR\"},{\"@type\":\"ImageObject\",\"@id\":\"https:\/\/mfr-reunion.re\/index.php\/la-plaine-des-palmistes\/#primaryimage\",\"inLanguage\":\"fr-FR\",\"url\":\"https:\/\/mfr-reunion.re\/wp-content\/uploads\/2024\/11\/la-MFR-PDP-800x445-1.jpg\",\"contentUrl\":\"https:\/\/mfr-reunion.re\/wp-content\/uploads\/2024\/11\/la-MFR-PDP-800x445-1.jpg\",\"width\":800,\"height\":445},{\"@type\":\"WebPage\",\"@id\":\"https:\/\/mfr-reunion.re\/index.php\/la-plaine-des-palmistes\/#webpage\",\"url\":\"https:\/\/mfr-reunion.re\/index.php\/la-plaine-des-palmistes\/\",\"name\":\"LA PLAINE DES PALMISTES - Les MFR DE LA REUNION\",\"isPartOf\":{\"@id\":\"https:\/\/mfr-reunion.re\/#website\"},\"primaryImageOfPage\":{\"@id\":\"https:\/\/mfr-reunion.re\/index.php\/la-plaine-des-palmistes\/#primaryimage\"},\"datePublished\":\"2022-02-14T13:46:18+00:00\",\"dateModified\":\"2025-05-13T05:56:12+00:00\",\"breadcrumb\":{\"@id\":\"https:\/\/mfr-reunion.re\/index.php\/la-plaine-des-palmistes\/#breadcrumb\"},\"inLanguage\":\"fr-FR\",\"potentialAction\":[{\"@type\":\"ReadAction\",\"target\":[\"https:\/\/mfr-reunion.re\/index.php\/la-plaine-des-palmistes\/\"]}]},{\"@type\":\"BreadcrumbList\",\"@id\":\"https:\/\/mfr-reunion.re\/index.php\/la-plaine-des-palmistes\/#breadcrumb\",\"itemListElement\":[{\"@type\":\"ListItem\",\"position\":1,\"name\":\"Accueil\",\"item\":\"https:\/\/mfr-reunion.re\/\"},{\"@type\":\"ListItem\",\"position\":2,\"name\":\"LA PLAINE DES PALMISTES\"}]}]}<\/script>\n<!-- \/ Yoast SEO plugin. -->","yoast_head_json":{"title":"LA PLAINE DES PALMISTES - Les MFR DE LA REUNION","robots":{"index":"index","follow":"follow","max-snippet":"max-snippet:-1","max-image-preview":"max-image-preview:large","max-video-preview":"max-video-preview:-1"},"canonical":"https:\/\/mfr-reunion.re\/index.php\/la-plaine-des-palmistes\/","og_locale":"fr_FR","og_type":"article","og_title":"LA PLAINE DES PALMISTES - Les MFR DE LA REUNION","og_description":"HISTORIQUE La MFR de la Plaine des Palmistes a \u00e9t\u00e9 cr\u00e9\u00e9 en 1981. C\u2019est une association de familles. Chaque parent adh\u00e8re \u00e0 l\u2019Association qui assure la responsabilit\u00e9 de l\u2019ensemble des missions : formation, \u00e9ducation, gestion et d\u00e9veloppement de la MFR.Un Conseil d\u2019Administration compos\u00e9 de parents et de Ma\u00eetres de Stage qui assure la responsabilit\u00e9 de &hellip;","og_url":"https:\/\/mfr-reunion.re\/index.php\/la-plaine-des-palmistes\/","og_site_name":"Les MFR DE LA REUNION","article_modified_time":"2025-05-13T05:56:12+00:00","og_image":[{"url":"https:\/\/mfr-reunion.re\/wp-content\/uploads\/2024\/11\/la-MFR-PDP-800x445-1.jpg"}],"twitter_card":"summary_large_image","twitter_misc":{"Dur\u00e9e de lecture estim\u00e9e":"2 minutes"},"schema":{"@context":"https:\/\/schema.org","@graph":[{"@type":"WebSite","@id":"https:\/\/mfr-reunion.re\/#website","url":"https:\/\/mfr-reunion.re\/","name":"Les MFR DE LA REUNION","description":"","potentialAction":[{"@type":"SearchAction","target":{"@type":"EntryPoint","urlTemplate":"https:\/\/mfr-reunion.re\/?s={search_term_string}"},"query-input":"required name=search_term_string"}],"inLanguage":"fr-FR"},{"@type":"ImageObject","@id":"https:\/\/mfr-reunion.re\/index.php\/la-plaine-des-palmistes\/#primaryimage","inLanguage":"fr-FR","url":"https:\/\/mfr-reunion.re\/wp-content\/uploads\/2024\/11\/la-MFR-PDP-800x445-1.jpg","contentUrl":"https:\/\/mfr-reunion.re\/wp-content\/uploads\/2024\/11\/la-MFR-PDP-800x445-1.jpg","width":800,"height":445},{"@type":"WebPage","@id":"https:\/\/mfr-reunion.re\/index.php\/la-plaine-des-palmistes\/#webpage","url":"https:\/\/mfr-reunion.re\/index.php\/la-plaine-des-palmistes\/","name":"LA PLAINE DES PALMISTES - Les MFR DE LA REUNION","isPartOf":{"@id":"https:\/\/mfr-reunion.re\/#website"},"primaryImageOfPage":{"@id":"https:\/\/mfr-reunion.re\/index.php\/la-plaine-des-palmistes\/#primaryimage"},"datePublished":"2022-02-14T13:46:18+00:00","dateModified":"2025-05-13T05:56:12+00:00","breadcrumb":{"@id":"https:\/\/mfr-reunion.re\/index.php\/la-plaine-des-palmistes\/#breadcrumb"},"inLanguage":"fr-FR","potentialAction":[{"@type":"ReadAction","target":["https:\/\/mfr-reunion.re\/index.php\/la-plaine-des-palmistes\/"]}]},{"@type":"BreadcrumbList","@id":"https:\/\/mfr-reunion.re\/index.php\/la-plaine-des-palmistes\/#breadcrumb","itemListElement":[{"@type":"ListItem","position":1,"name":"Accueil","item":"https:\/\/mfr-reunion.re\/"},{"@type":"ListItem","position":2,"name":"LA PLAINE DES PALMISTES"}]}]}},"_links":{"self":[{"href":"https:\/\/mfr-reunion.re\/index.php\/wp-json\/wp\/v2\/pages\/8","targetHints":{"allow":["GET"]}}],"collection":[{"href":"https:\/\/mfr-reunion.re\/index.php\/wp-json\/wp\/v2\/pages"}],"about":[{"href":"https:\/\/mfr-reunion.re\/index.php\/wp-json\/wp\/v2\/types\/page"}],"author":[{"embeddable":true,"href":"https:\/\/mfr-reunion.re\/index.php\/wp-json\/wp\/v2\/users\/1"}],"replies":[{"embeddable":true,"href":"https:\/\/mfr-reunion.re\/index.php\/wp-json\/wp\/v2\/comments?post=8"}],"version-history":[{"count":21,"href":"https:\/\/mfr-reunion.re\/index.php\/wp-json\/wp\/v2\/pages\/8\/revisions"}],"predecessor-version":[{"id":733,"href":"https:\/\/mfr-reunion.re\/index.php\/wp-json\/wp\/v2\/pages\/8\/revisions\/733"}],"wp:attachment":[{"href":"https:\/\/mfr-reunion.re\/index.php\/wp-json\/wp\/v2\/media?parent=8"}],"curies":[{"name":"wp","href":"https:\/\/api.w.org\/{rel}","templated":true}]}}