{"id":80,"date":"2022-02-15T05:43:07","date_gmt":"2022-02-15T04:43:07","guid":{"rendered":"http:\/\/rfcakqo.cluster031.hosting.ovh.net\/admin\/?page_id=80"},"modified":"2022-07-26T12:21:29","modified_gmt":"2022-07-26T10:21:29","slug":"cfp","status":"publish","type":"page","link":"https:\/\/mfr-reunion.re\/index.php\/cfp\/","title":{"rendered":"CFP"},"content":{"rendered":"\n<div class=\"wp-block-group\"><div class=\"wp-block-group__inner-container is-layout-flow wp-block-group-is-layout-flow\">\n<div class=\"wp-block-columns is-layout-flex wp-container-core-columns-is-layout-9d6595d7 wp-block-columns-is-layout-flex\">\n<div class=\"wp-block-column is-layout-flow wp-block-column-is-layout-flow\">\n<figure class=\"wp-block-image size-large is-resized is-style-rounded\"><img loading=\"lazy\" decoding=\"async\" src=\"http:\/\/rfcakqo.cluster031.hosting.ovh.net\/admin\/wp-content\/uploads\/2022\/03\/ENTREE-3-1024x768.jpg\" alt=\"\" class=\"wp-image-200\" width=\"706\" height=\"529\" srcset=\"https:\/\/mfr-reunion.re\/wp-content\/uploads\/2022\/03\/ENTREE-3-1024x768.jpg 1024w, https:\/\/mfr-reunion.re\/wp-content\/uploads\/2022\/03\/ENTREE-3-300x225.jpg 300w, https:\/\/mfr-reunion.re\/wp-content\/uploads\/2022\/03\/ENTREE-3-768x576.jpg 768w, https:\/\/mfr-reunion.re\/wp-content\/uploads\/2022\/03\/ENTREE-3.jpg 1280w\" sizes=\"auto, (max-width: 706px) 100vw, 706px\" \/><\/figure>\n<\/div>\n<\/div>\n<\/div><\/div>\n\n\n\n<h2 class=\"wp-block-heading\">Historique<\/h2>\n\n\n\n<p class=\"has-nv-dark-bg-color has-text-color has-medium-font-size\">Apr\u00e9s 20 ans d&rsquo;existence du p\u00f4le formation continue \u00e0 la MFR du Tampon, celui-ci se nomme maintenant le \u00a0\u00bb Centre de Formation et de Promotion des MFR de la R\u00e9union\u00a0\u00bb ,&nbsp; r\u00e9serv\u00e9 aux personnes d\u00e9j\u00e0 sorties du syst\u00e8me scolaire, ayant un rayonnement d\u00e9partemental depuis 2010,<\/p>\n\n\n\n<p class=\"has-nv-dark-bg-color has-text-color has-medium-font-size\">Le Centre de Formation et de Promotion des MFR de la R\u00e9union c\u2019est:<\/p>\n\n\n\n<p class=\"has-nv-dark-bg-color has-text-color has-medium-font-size\">&nbsp;Une Association&nbsp; loi 1901 \u00e0 but non lucratif qui adh\u00e8re au r\u00e9seau des Maisons Familiales Rurales qui s&rsquo;engage afin de donner \u00e0 chacun la possibilit\u00e9 de poursuivre ses \u00e9tudes et de r\u00e9ussir son insertion professionnelle.<\/p>\n\n\n\n<p class=\"has-nv-dark-bg-color has-text-color has-medium-font-size\">Fort de son exp\u00e9rience dans les domaines du Service \u00e0 la Personne, du social, de l&rsquo;animation, l&rsquo;\u00e9tablissement a su d\u00e9velopper un r\u00e9seau de partenaires qui apportent aux jeunes et adultes en formation des comp\u00e9tences professionnelles solides et reconnues.<\/p>\n\n\n\n<p class=\"has-nv-dark-bg-color has-text-color has-medium-font-size\">&nbsp;Dans un espace convivial, une \u00e9quipe de formateurs r\u00e9pond aux attentes d&rsquo;un public qui souhaite parvenir \u00e0 s&rsquo;ins\u00e9rer dans la vie active et\/ou se perfectionner dans un domaine identifi\u00e9.<\/p>\n\n\n\n<h2 class=\"wp-block-heading\">Le Conseil d&rsquo;Administration:&nbsp;<\/h2>\n\n\n\n<p class=\"has-nv-dark-bg-color has-text-color has-medium-font-size\">&nbsp;Le Conseil d\u2019Administration (CA) est compos\u00e9 de b\u00e9n\u00e9voles majoritairement professionnels. L\u2019\u00e9lection des membres du CA par les adh\u00e9rents de l\u2019association a lieu lors de l\u2019Assembl\u00e9e G\u00e9n\u00e9rale du CFP qui se tient une fois par an.<\/p>\n\n\n\n<h2 class=\"wp-block-heading\">DEMARCHE QUALIT\u00c9<\/h2>\n\n\n\n<p class=\"has-nv-dark-bg-color has-text-color has-medium-font-size\">Le Centre de Formation et de Promotion MFR a satisfait en 2017 aux exigences du Data Dock.<\/p>\n\n\n\n<p class=\"has-nv-dark-bg-color has-text-color has-medium-font-size\">L&rsquo;association est \u00e9galement certifi\u00e9e QUALIOPI depuis 2020.<\/p>\n\n\n\n<div class=\"wp-block-columns is-layout-flex wp-container-core-columns-is-layout-9d6595d7 wp-block-columns-is-layout-flex\">\n<div class=\"wp-block-column is-layout-flow wp-block-column-is-layout-flow\">\n<figure class=\"wp-block-image size-large\"><img loading=\"lazy\" decoding=\"async\" width=\"1024\" height=\"1024\" src=\"http:\/\/rfcakqo.cluster031.hosting.ovh.net\/admin\/wp-content\/uploads\/2022\/03\/cfp-mail-1024x1024.jpg\" alt=\"\" class=\"wp-image-205\" srcset=\"https:\/\/mfr-reunion.re\/wp-content\/uploads\/2022\/03\/cfp-mail-1024x1024.jpg 1024w, https:\/\/mfr-reunion.re\/wp-content\/uploads\/2022\/03\/cfp-mail-300x300.jpg 300w, https:\/\/mfr-reunion.re\/wp-content\/uploads\/2022\/03\/cfp-mail-150x150.jpg 150w, https:\/\/mfr-reunion.re\/wp-content\/uploads\/2022\/03\/cfp-mail-768x768.jpg 768w, https:\/\/mfr-reunion.re\/wp-content\/uploads\/2022\/03\/cfp-mail-1536x1536.jpg 1536w, https:\/\/mfr-reunion.re\/wp-content\/uploads\/2022\/03\/cfp-mail.jpg 1600w\" sizes=\"auto, (max-width: 1024px) 100vw, 1024px\" \/><\/figure>\n<\/div>\n\n\n\n<div class=\"wp-block-column is-layout-flow wp-block-column-is-layout-flow\">\n<figure class=\"wp-block-image size-large\"><img loading=\"lazy\" decoding=\"async\" width=\"1024\" height=\"1024\" src=\"http:\/\/rfcakqo.cluster031.hosting.ovh.net\/admin\/wp-content\/uploads\/2022\/03\/TEL-1024x1024.jpg\" alt=\"\" class=\"wp-image-208\" srcset=\"https:\/\/mfr-reunion.re\/wp-content\/uploads\/2022\/03\/TEL-1024x1024.jpg 1024w, https:\/\/mfr-reunion.re\/wp-content\/uploads\/2022\/03\/TEL-300x300.jpg 300w, https:\/\/mfr-reunion.re\/wp-content\/uploads\/2022\/03\/TEL-150x150.jpg 150w, https:\/\/mfr-reunion.re\/wp-content\/uploads\/2022\/03\/TEL-768x768.jpg 768w, https:\/\/mfr-reunion.re\/wp-content\/uploads\/2022\/03\/TEL-1536x1536.jpg 1536w, https:\/\/mfr-reunion.re\/wp-content\/uploads\/2022\/03\/TEL.jpg 1600w\" sizes=\"auto, (max-width: 1024px) 100vw, 1024px\" \/><\/figure>\n<\/div>\n\n\n\n<div class=\"wp-block-column is-layout-flow wp-block-column-is-layout-flow\">\n<figure class=\"wp-block-image size-large\"><img loading=\"lazy\" decoding=\"async\" width=\"1024\" height=\"1024\" src=\"http:\/\/rfcakqo.cluster031.hosting.ovh.net\/admin\/wp-content\/uploads\/2022\/03\/AD-3-1024x1024.jpg\" alt=\"\" class=\"wp-image-206\" srcset=\"https:\/\/mfr-reunion.re\/wp-content\/uploads\/2022\/03\/AD-3-1024x1024.jpg 1024w, https:\/\/mfr-reunion.re\/wp-content\/uploads\/2022\/03\/AD-3-300x300.jpg 300w, https:\/\/mfr-reunion.re\/wp-content\/uploads\/2022\/03\/AD-3-150x150.jpg 150w, https:\/\/mfr-reunion.re\/wp-content\/uploads\/2022\/03\/AD-3-768x768.jpg 768w, https:\/\/mfr-reunion.re\/wp-content\/uploads\/2022\/03\/AD-3-1536x1536.jpg 1536w, https:\/\/mfr-reunion.re\/wp-content\/uploads\/2022\/03\/AD-3.jpg 1600w\" sizes=\"auto, (max-width: 1024px) 100vw, 1024px\" \/><\/figure>\n<\/div>\n<\/div>\n\n\n\n<div class=\"wp-block-buttons is-layout-flex wp-block-buttons-is-layout-flex\">\n<div class=\"wp-block-button is-style-primary\"><a class=\"wp-block-button__link\" href=\"https:\/\/forms.office.com\/Pages\/ResponsePage.aspx?id=DYRf5BtVrUeqsCQKkMRahz5Wyw5yznZOvhairQyBTolURVAzV1BRQkxXWVoxU0hDV1gwREJMREkxMS4u\">Cliquez-ici : Formulaire de contact<\/a><\/div>\n<\/div>\n","protected":false},"excerpt":{"rendered":"<p>Historique Apr\u00e9s 20 ans d&rsquo;existence du p\u00f4le formation continue \u00e0 la MFR du Tampon, celui-ci se nomme maintenant le \u00a0\u00bb Centre de Formation et de Promotion des MFR de la R\u00e9union\u00a0\u00bb ,&nbsp; r\u00e9serv\u00e9 aux personnes d\u00e9j\u00e0 sorties du syst\u00e8me scolaire, ayant un rayonnement d\u00e9partemental depuis 2010, Le Centre de Formation et de Promotion des MFR &hellip; <\/p>\n","protected":false},"author":1,"featured_media":0,"parent":0,"menu_order":0,"comment_status":"closed","ping_status":"closed","template":"","meta":{"footnotes":""},"class_list":["post-80","page","type-page","status-publish","hentry"],"yoast_head":"<!-- This site is optimized with the Yoast SEO plugin v18.1 - https:\/\/yoast.com\/wordpress\/plugins\/seo\/ -->\n<title>CFP - Les MFR DE LA REUNION<\/title>\n<meta name=\"robots\" content=\"index, follow, max-snippet:-1, max-image-preview:large, max-video-preview:-1\" \/>\n<link rel=\"canonical\" href=\"https:\/\/mfr-reunion.re\/index.php\/cfp\/\" \/>\n<meta property=\"og:locale\" content=\"fr_FR\" \/>\n<meta property=\"og:type\" content=\"article\" \/>\n<meta property=\"og:title\" content=\"CFP - Les MFR DE LA REUNION\" \/>\n<meta property=\"og:description\" content=\"Historique Apr\u00e9s 20 ans d&rsquo;existence du p\u00f4le formation continue \u00e0 la MFR du Tampon, celui-ci se nomme maintenant le \u00a0\u00bb Centre de Formation et de Promotion des MFR de la R\u00e9union\u00a0\u00bb ,&nbsp; r\u00e9serv\u00e9 aux personnes d\u00e9j\u00e0 sorties du syst\u00e8me scolaire, ayant un rayonnement d\u00e9partemental depuis 2010, Le Centre de Formation et de Promotion des MFR &hellip;\" \/>\n<meta property=\"og:url\" content=\"https:\/\/mfr-reunion.re\/index.php\/cfp\/\" \/>\n<meta property=\"og:site_name\" content=\"Les MFR DE LA REUNION\" \/>\n<meta property=\"article:modified_time\" content=\"2022-07-26T10:21:29+00:00\" \/>\n<meta property=\"og:image\" content=\"http:\/\/rfcakqo.cluster031.hosting.ovh.net\/admin\/wp-content\/uploads\/2022\/03\/ENTREE-3-1024x768.jpg\" \/>\n<meta name=\"twitter:card\" content=\"summary_large_image\" \/>\n<meta name=\"twitter:label1\" content=\"Dur\u00e9e de lecture estim\u00e9e\" \/>\n\t<meta name=\"twitter:data1\" content=\"2 minutes\" \/>\n<script type=\"application\/ld+json\" class=\"yoast-schema-graph\">{\"@context\":\"https:\/\/schema.org\",\"@graph\":[{\"@type\":\"WebSite\",\"@id\":\"https:\/\/mfr-reunion.re\/#website\",\"url\":\"https:\/\/mfr-reunion.re\/\",\"name\":\"Les MFR DE LA REUNION\",\"description\":\"\",\"potentialAction\":[{\"@type\":\"SearchAction\",\"target\":{\"@type\":\"EntryPoint\",\"urlTemplate\":\"https:\/\/mfr-reunion.re\/?s={search_term_string}\"},\"query-input\":\"required name=search_term_string\"}],\"inLanguage\":\"fr-FR\"},{\"@type\":\"ImageObject\",\"@id\":\"https:\/\/mfr-reunion.re\/index.php\/cfp\/#primaryimage\",\"inLanguage\":\"fr-FR\",\"url\":\"http:\/\/rfcakqo.cluster031.hosting.ovh.net\/admin\/wp-content\/uploads\/2022\/03\/ENTREE-3-1024x768.jpg\",\"contentUrl\":\"http:\/\/rfcakqo.cluster031.hosting.ovh.net\/admin\/wp-content\/uploads\/2022\/03\/ENTREE-3-1024x768.jpg\"},{\"@type\":\"WebPage\",\"@id\":\"https:\/\/mfr-reunion.re\/index.php\/cfp\/#webpage\",\"url\":\"https:\/\/mfr-reunion.re\/index.php\/cfp\/\",\"name\":\"CFP - Les MFR DE LA REUNION\",\"isPartOf\":{\"@id\":\"https:\/\/mfr-reunion.re\/#website\"},\"primaryImageOfPage\":{\"@id\":\"https:\/\/mfr-reunion.re\/index.php\/cfp\/#primaryimage\"},\"datePublished\":\"2022-02-15T04:43:07+00:00\",\"dateModified\":\"2022-07-26T10:21:29+00:00\",\"breadcrumb\":{\"@id\":\"https:\/\/mfr-reunion.re\/index.php\/cfp\/#breadcrumb\"},\"inLanguage\":\"fr-FR\",\"potentialAction\":[{\"@type\":\"ReadAction\",\"target\":[\"https:\/\/mfr-reunion.re\/index.php\/cfp\/\"]}]},{\"@type\":\"BreadcrumbList\",\"@id\":\"https:\/\/mfr-reunion.re\/index.php\/cfp\/#breadcrumb\",\"itemListElement\":[{\"@type\":\"ListItem\",\"position\":1,\"name\":\"Accueil\",\"item\":\"https:\/\/mfr-reunion.re\/\"},{\"@type\":\"ListItem\",\"position\":2,\"name\":\"CFP\"}]}]}<\/script>\n<!-- \/ Yoast SEO plugin. -->","yoast_head_json":{"title":"CFP - Les MFR DE LA REUNION","robots":{"index":"index","follow":"follow","max-snippet":"max-snippet:-1","max-image-preview":"max-image-preview:large","max-video-preview":"max-video-preview:-1"},"canonical":"https:\/\/mfr-reunion.re\/index.php\/cfp\/","og_locale":"fr_FR","og_type":"article","og_title":"CFP - Les MFR DE LA REUNION","og_description":"Historique Apr\u00e9s 20 ans d&rsquo;existence du p\u00f4le formation continue \u00e0 la MFR du Tampon, celui-ci se nomme maintenant le \u00a0\u00bb Centre de Formation et de Promotion des MFR de la R\u00e9union\u00a0\u00bb ,&nbsp; r\u00e9serv\u00e9 aux personnes d\u00e9j\u00e0 sorties du syst\u00e8me scolaire, ayant un rayonnement d\u00e9partemental depuis 2010, Le Centre de Formation et de Promotion des MFR &hellip;","og_url":"https:\/\/mfr-reunion.re\/index.php\/cfp\/","og_site_name":"Les MFR DE LA REUNION","article_modified_time":"2022-07-26T10:21:29+00:00","og_image":[{"url":"http:\/\/rfcakqo.cluster031.hosting.ovh.net\/admin\/wp-content\/uploads\/2022\/03\/ENTREE-3-1024x768.jpg"}],"twitter_card":"summary_large_image","twitter_misc":{"Dur\u00e9e de lecture estim\u00e9e":"2 minutes"},"schema":{"@context":"https:\/\/schema.org","@graph":[{"@type":"WebSite","@id":"https:\/\/mfr-reunion.re\/#website","url":"https:\/\/mfr-reunion.re\/","name":"Les MFR DE LA REUNION","description":"","potentialAction":[{"@type":"SearchAction","target":{"@type":"EntryPoint","urlTemplate":"https:\/\/mfr-reunion.re\/?s={search_term_string}"},"query-input":"required name=search_term_string"}],"inLanguage":"fr-FR"},{"@type":"ImageObject","@id":"https:\/\/mfr-reunion.re\/index.php\/cfp\/#primaryimage","inLanguage":"fr-FR","url":"http:\/\/rfcakqo.cluster031.hosting.ovh.net\/admin\/wp-content\/uploads\/2022\/03\/ENTREE-3-1024x768.jpg","contentUrl":"http:\/\/rfcakqo.cluster031.hosting.ovh.net\/admin\/wp-content\/uploads\/2022\/03\/ENTREE-3-1024x768.jpg"},{"@type":"WebPage","@id":"https:\/\/mfr-reunion.re\/index.php\/cfp\/#webpage","url":"https:\/\/mfr-reunion.re\/index.php\/cfp\/","name":"CFP - Les MFR DE LA REUNION","isPartOf":{"@id":"https:\/\/mfr-reunion.re\/#website"},"primaryImageOfPage":{"@id":"https:\/\/mfr-reunion.re\/index.php\/cfp\/#primaryimage"},"datePublished":"2022-02-15T04:43:07+00:00","dateModified":"2022-07-26T10:21:29+00:00","breadcrumb":{"@id":"https:\/\/mfr-reunion.re\/index.php\/cfp\/#breadcrumb"},"inLanguage":"fr-FR","potentialAction":[{"@type":"ReadAction","target":["https:\/\/mfr-reunion.re\/index.php\/cfp\/"]}]},{"@type":"BreadcrumbList","@id":"https:\/\/mfr-reunion.re\/index.php\/cfp\/#breadcrumb","itemListElement":[{"@type":"ListItem","position":1,"name":"Accueil","item":"https:\/\/mfr-reunion.re\/"},{"@type":"ListItem","position":2,"name":"CFP"}]}]}},"_links":{"self":[{"href":"https:\/\/mfr-reunion.re\/index.php\/wp-json\/wp\/v2\/pages\/80","targetHints":{"allow":["GET"]}}],"collection":[{"href":"https:\/\/mfr-reunion.re\/index.php\/wp-json\/wp\/v2\/pages"}],"about":[{"href":"https:\/\/mfr-reunion.re\/index.php\/wp-json\/wp\/v2\/types\/page"}],"author":[{"embeddable":true,"href":"https:\/\/mfr-reunion.re\/index.php\/wp-json\/wp\/v2\/users\/1"}],"replies":[{"embeddable":true,"href":"https:\/\/mfr-reunion.re\/index.php\/wp-json\/wp\/v2\/comments?post=80"}],"version-history":[{"count":7,"href":"https:\/\/mfr-reunion.re\/index.php\/wp-json\/wp\/v2\/pages\/80\/revisions"}],"predecessor-version":[{"id":385,"href":"https:\/\/mfr-reunion.re\/index.php\/wp-json\/wp\/v2\/pages\/80\/revisions\/385"}],"wp:attachment":[{"href":"https:\/\/mfr-reunion.re\/index.php\/wp-json\/wp\/v2\/media?parent=80"}],"curies":[{"name":"wp","href":"https:\/\/api.w.org\/{rel}","templated":true}]}}