{"id":90,"date":"2022-02-24T12:26:13","date_gmt":"2022-02-24T11:26:13","guid":{"rendered":"http:\/\/rfcakqo.cluster031.hosting.ovh.net\/admin\/?page_id=90"},"modified":"2024-10-24T09:05:06","modified_gmt":"2024-10-24T07:05:06","slug":"accueil","status":"publish","type":"page","link":"https:\/\/mfr-reunion.re\/","title":{"rendered":"ACCUEIL"},"content":{"rendered":"\n<h1 class=\"wp-block-heading has-text-align-center\"><strong>LES MAISONS FAMILIALES RURALES<\/strong><\/h1>\n\n\n\n<h1 class=\"wp-block-heading has-text-align-center\"><strong>DE LA REUNION<\/strong> <\/h1>\n\n\n\n<p class=\"has-text-align-center has-medium-font-size\">LE TAMPON- LA SALINE &#8211; LA PLAINE DES PALMISTES &#8211; SAINT ANDRE &#8211; SAINT PIERRE &#8211; CFP<\/p>\n\n\n\n<figure class=\"wp-block-gallery has-nested-images columns-default is-cropped wp-block-gallery-1 is-layout-flex wp-block-gallery-is-layout-flex\">\n<figure class=\"wp-block-image size-large\"><img loading=\"lazy\" decoding=\"async\" width=\"820\" height=\"310\" data-id=\"105\" src=\"http:\/\/rfcakqo.cluster031.hosting.ovh.net\/admin\/wp-content\/uploads\/2022\/02\/cover4.jpg\" alt=\"\" class=\"wp-image-105\" srcset=\"https:\/\/mfr-reunion.re\/wp-content\/uploads\/2022\/02\/cover4.jpg 820w, https:\/\/mfr-reunion.re\/wp-content\/uploads\/2022\/02\/cover4-300x113.jpg 300w, https:\/\/mfr-reunion.re\/wp-content\/uploads\/2022\/02\/cover4-768x290.jpg 768w\" sizes=\"auto, (max-width: 820px) 100vw, 820px\" \/><\/figure>\n<\/figure>\n\n\n\n<ul class=\"wp-block-social-links is-layout-flex wp-block-social-links-is-layout-flex\">\n\n<li class=\"wp-social-link wp-social-link-instagram  wp-block-social-link\"><a href=\"https:\/\/@mfr.reunion\" class=\"wp-block-social-link-anchor\"><svg width=\"24\" height=\"24\" viewBox=\"0 0 24 24\" version=\"1.1\" xmlns=\"http:\/\/www.w3.org\/2000\/svg\" aria-hidden=\"true\" focusable=\"false\"><path d=\"M12,4.622c2.403,0,2.688,0.009,3.637,0.052c0.877,0.04,1.354,0.187,1.671,0.31c0.42,0.163,0.72,0.358,1.035,0.673 c0.315,0.315,0.51,0.615,0.673,1.035c0.123,0.317,0.27,0.794,0.31,1.671c0.043,0.949,0.052,1.234,0.052,3.637 s-0.009,2.688-0.052,3.637c-0.04,0.877-0.187,1.354-0.31,1.671c-0.163,0.42-0.358,0.72-0.673,1.035 c-0.315,0.315-0.615,0.51-1.035,0.673c-0.317,0.123-0.794,0.27-1.671,0.31c-0.949,0.043-1.233,0.052-3.637,0.052 s-2.688-0.009-3.637-0.052c-0.877-0.04-1.354-0.187-1.671-0.31c-0.42-0.163-0.72-0.358-1.035-0.673 c-0.315-0.315-0.51-0.615-0.673-1.035c-0.123-0.317-0.27-0.794-0.31-1.671C4.631,14.688,4.622,14.403,4.622,12 s0.009-2.688,0.052-3.637c0.04-0.877,0.187-1.354,0.31-1.671c0.163-0.42,0.358-0.72,0.673-1.035 c0.315-0.315,0.615-0.51,1.035-0.673c0.317-0.123,0.794-0.27,1.671-0.31C9.312,4.631,9.597,4.622,12,4.622 M12,3 C9.556,3,9.249,3.01,8.289,3.054C7.331,3.098,6.677,3.25,6.105,3.472C5.513,3.702,5.011,4.01,4.511,4.511 c-0.5,0.5-0.808,1.002-1.038,1.594C3.25,6.677,3.098,7.331,3.054,8.289C3.01,9.249,3,9.556,3,12c0,2.444,0.01,2.751,0.054,3.711 c0.044,0.958,0.196,1.612,0.418,2.185c0.23,0.592,0.538,1.094,1.038,1.594c0.5,0.5,1.002,0.808,1.594,1.038 c0.572,0.222,1.227,0.375,2.185,0.418C9.249,20.99,9.556,21,12,21s2.751-0.01,3.711-0.054c0.958-0.044,1.612-0.196,2.185-0.418 c0.592-0.23,1.094-0.538,1.594-1.038c0.5-0.5,0.808-1.002,1.038-1.594c0.222-0.572,0.375-1.227,0.418-2.185 C20.99,14.751,21,14.444,21,12s-0.01-2.751-0.054-3.711c-0.044-0.958-0.196-1.612-0.418-2.185c-0.23-0.592-0.538-1.094-1.038-1.594 c-0.5-0.5-1.002-0.808-1.594-1.038c-0.572-0.222-1.227-0.375-2.185-0.418C14.751,3.01,14.444,3,12,3L12,3z M12,7.378 c-2.552,0-4.622,2.069-4.622,4.622S9.448,16.622,12,16.622s4.622-2.069,4.622-4.622S14.552,7.378,12,7.378z M12,15 c-1.657,0-3-1.343-3-3s1.343-3,3-3s3,1.343,3,3S13.657,15,12,15z M16.804,6.116c-0.596,0-1.08,0.484-1.08,1.08 s0.484,1.08,1.08,1.08c0.596,0,1.08-0.484,1.08-1.08S17.401,6.116,16.804,6.116z\"><\/path><\/svg><span class=\"wp-block-social-link-label screen-reader-text\">Instagram<\/span><\/a><\/li><\/ul>\n\n\n\n<p class=\"has-text-align-center has-x-large-font-size\" style=\"font-style:italic;font-weight:900\">UNE MFR C&rsquo;EST QUOI?<\/p>\n\n\n\n<p class=\"has-nv-dark-bg-color has-text-color has-medium-font-size\">Une histoire n\u00e9e d\u2019une initiative locale&nbsp;<\/p>\n\n\n\n<p class=\"has-nv-dark-bg-color has-text-color has-medium-font-size\">Les Maisons Familiales Rurales du XXIe si\u00e8cle sont l\u2019aboutissement d\u2019une exp\u00e9rience originale conduite dans un village du Lot-et-Garonne dans le Sud-Ouest de la France en 1935. Cette ann\u00e9e-l\u00e0, quelques agriculteurs syndicalistes inventent une formation adapt\u00e9e pour compenser un syst\u00e8me scolaire classique qui ne r\u00e9pond pas aux besoins de leurs enfants et de leur m\u00e9tier.<\/p>\n\n\n\n<p class=\"has-nv-dark-bg-color has-text-color has-medium-font-size\">L\u2019initiative est un succ\u00e8s et engendre rapidement de nombreuses demandes.<\/p>\n\n\n\n<p class=\"has-nv-dark-bg-color has-text-color has-medium-font-size\">Deux ans apr\u00e8s, en 1937, plusieurs familles int\u00e9ress\u00e9es et motiv\u00e9es se r\u00e9unissent en assembl\u00e9e g\u00e9n\u00e9rale et d\u00e9cident d\u2019acheter un b\u00e2timent pour y installer leur \u00ab \u00e9cole \u00bb. Ils se groupent en association, en prennent la responsabilit\u00e9, embauche un formateur : la premi\u00e8re MFR est ainsi n\u00e9e.<\/p>\n\n\n\n<p class=\"has-nv-dark-bg-color has-text-color has-medium-font-size\">A la Lib\u00e9ration, l\u2019institution b\u00e9n\u00e9ficie d\u2019une reconnaissance et d\u2019une subvention du minist\u00e8re de l\u2019Agriculture.<\/p>\n\n\n\n<p class=\"has-nv-dark-bg-color has-text-color has-medium-font-size\">En 1945 \u00e9galement, les Maisons familiales affirment leur ind\u00e9pendance vis-\u00e0-vis de l\u2019\u00c9tat et de l\u2019\u00c9glise : les familles, seules, en derni\u00e8re analyse, constituent le socle du mouvement.<\/p>\n\n\n\n<p class=\"has-nv-dark-bg-color has-text-color has-medium-font-size\">Dans les ann\u00e9es 1950, elles formalisent une p\u00e9dagogie novatrice autour de l\u2019alternance scolaire, largement ignor\u00e9e et d\u00e9cri\u00e9e \u00e0 cette \u00e9poque. Elles se d\u00e9veloppent rapidement dans le monde paysan d\u2019abord. Les lois de 1984 sur l\u2019enseignement agricole reconnaissent, apr\u00e8s bien des combats, leurs choix associatifs et p\u00e9dagogiques.<\/p>\n\n\n\n<p class=\"has-nv-dark-bg-color has-text-color has-medium-font-size\">Puis elles appliquent les m\u00eames principes au secteur de l\u2019artisanat, du commerce, des services \u00e0 la personne et dans de nombreux m\u00e9tiers en ouvrant des centres de formation d\u2019apprentis en relation avec les conseils r\u00e9gionaux.<\/p>\n\n\n\n<h2 class=\"wp-block-heading\"><strong>UN MOUVEMENT ASSOCIATIF<\/strong><\/h2>\n\n\n\n<p class=\"has-text-align-left has-nv-dark-bg-color has-text-color has-medium-font-size\">La caract\u00e9ristique principale des Maisons familiales rurales est d\u2019\u00eatre \u00e0 la fois un mouvement associatif familial ancr\u00e9 dans les territoires et dans le tissu social, \u00e9conomique et culturel et \u00e0 la fois un mouvement \u00e9ducatif.<\/p>\n\n\n\n<p class=\"has-text-align-left has-nv-dark-bg-color has-text-color has-medium-font-size\">Dans un contexte diff\u00e9rent, le mouvement poursuit les m\u00eames orientations des parents qui se sont associ\u00e9s pour cr\u00e9er la premi\u00e8re Maison familiale : impliquer les familles dans l\u2019\u00e9ducation de leurs fils ou de leurs filles, travailler en partenariat avec des professionnels pour r\u00e9pondre \u00e0 l\u2019\u00e9volution des m\u00e9tiers, donner une formation \u00e0 chaque jeune, favoriser son insertion sociale et professionnelle, participer au d\u00e9veloppement des territoires.<\/p>\n\n\n\n<p class=\"has-text-align-left has-nv-dark-bg-color has-text-color has-medium-font-size\">Juridiquement, chaque Maison familiale rurale repose sur une association familiale qui pourrait s\u2019apparenter \u00e0 \u00ab une coop\u00e9rative familiale \u00bb. Les membres sont majoritairement les parents qui ont inscrits leurs enfants dans une formation mais aussi des professionnels, des responsables ou des \u00e9lus qui souhaitent militer pour le b\u00e9n\u00e9fice du plus grand nombre. Cet engagement associatif local est la pierre angulaire du mouvement.<\/p>\n\n\n\n<p class=\"has-text-align-left has-nv-dark-bg-color has-text-color has-medium-font-size\">Ces adh\u00e9rents \u00e9lisent, en assembl\u00e9e g\u00e9n\u00e9rale, un conseil d\u2019administration, v\u00e9ritable organe ex\u00e9cutif de l\u2019association. Les Maisons familiales sont de fait un parfait exemple de d\u00e9mocratie participative et d\u2019engagement collectif au travers desquels les initiatives de terrain s\u2019expriment et peuvent remplir des missions d\u2019int\u00e9r\u00eat g\u00e9n\u00e9ral et de service public.<\/p>\n\n\n\n<h2 class=\"wp-block-heading\"><strong>UN MOUVEMENT \u00c9DUCATIF<\/strong><\/h2>\n\n\n\n<p class=\"has-nv-dark-bg-color has-text-color has-medium-font-size\">Les Maisons familiales rurales vont, peu \u00e0 peu au cours de leur histoire, concevoir un syst\u00e8me \u00e9ducatif qui permet d\u2019appr\u00e9hender les personnes en formation dans toutes leurs dimensions.<\/p>\n\n\n\n<p class=\"has-nv-dark-bg-color has-text-color has-medium-font-size\">Apr\u00e8s avoir mis en \u0153uvre, les premi\u00e8res ann\u00e9es, de fa\u00e7on empirique, une alternance de stages et de s\u00e9jours \u00e0 l\u2019\u00e9cole, elles vont pr\u00e9ciser leur approche p\u00e9dagogique largement inspir\u00e9e des th\u00e9ories de \u00ab l\u2019\u00c9cole nouvelle \u00bb dans le sens o\u00f9 les apprentissages, avant d&rsquo;\u00eatre une accumulation de connaissances, doivent \u00eatre, pour elles, un facteur de d\u00e9veloppement global des individus.<\/p>\n\n\n\n<p class=\"has-nv-dark-bg-color has-text-color has-medium-font-size\">Elles s\u2019appuient, pour atteindre ces objectifs, sur les exp\u00e9rience en situation professionnelle en vraie grandeur, des activit\u00e9s p\u00e9dagogiques permettant de lier les temps en milieu professionnel et familial et les temps \u00e0 l\u2019\u00e9cole, une formation professionnelle et une formation g\u00e9n\u00e9rale \u00e9troitement associ\u00e9e, la prise en compte de l\u2019environnement des personnes, la production de savoirs, la valorisation de tous les talents, l\u2019absence de comp\u00e9tition et de s\u00e9lection scolaire\u2026Ainsi, mod\u00e8le alternatif \u00e0 l\u2019institution scolaire traditionnelle, les Maisons familiales rurales d\u00e9montrent largement qu\u2019il est possible de concevoir un syst\u00e8me de formation qui r\u00e9unit l\u2019univers de l\u2019\u00e9cole et les espaces familiaux, professionnels et culturels.<\/p>\n\n\n\n<p class=\"has-nv-dark-bg-color has-text-color has-medium-font-size\">Tout cela n\u2019aurait pas \u00e9t\u00e9 possible sans l\u2019invention d\u2019une p\u00e9dagogie adapt\u00e9e : l\u2019alternance. Mais l\u2019alternance n\u2019est pas une formule magique ou un simple slogan. Elle n\u00e9cessite d\u2019associer, dans une m\u00eame dynamique \u00e9ducative, diff\u00e9rents lieux qui trop souvent s\u2019ignorent, la famille, les loisirs, l\u2019\u00e9cole, le monde du travail, et d\u2019avoir la volont\u00e9 de mobiliser, hors et dans l\u2019\u00e9cole, autour du m\u00eame but, tous les adultes que rencontre un jeune au cours de son projet de formation.<\/p>\n\n\n\n<h2 class=\"wp-block-heading\"><strong>L\u2019\u00c9DUCATION POPULAIRE<\/strong><\/h2>\n\n\n\n<p class=\"has-nv-dark-bg-color has-text-color has-medium-font-size\">Donner \u00e0 chacun, quel que soit son milieu d\u2019origine et ses aptitudes, la chance de se former et de devenir acteur de son milieu, voil\u00e0 ce qui anime le travail des responsables et des \u00e9quipes \u00e9ducatives des Maisons familiales rurales.<\/p>\n\n\n\n<p class=\"has-nv-dark-bg-color has-text-color has-medium-font-size\">Il fallait, \u00e0 la naissance du mouvement, permettre \u00e0 de nombreux jeunes d\u2019acc\u00e9der \u00e0 la fois \u00e0 une formation professionnelle et \u00e0 la fois \u00e0 une formation humaine compl\u00e8te. Aujourd\u2019hui, les enjeux et les besoins sont un peu diff\u00e9rents mais au-del\u00e0 de l\u2019acquisition des savoirs et des savoir-faire, il revient toujours aux Maisons familiales de transmettre le sens de l\u2019engagement au service de l\u2019int\u00e9r\u00eat g\u00e9n\u00e9ral, le sens de la responsabilit\u00e9 et le go\u00fbt d\u2019entreprendre, sans lesquels la vie sociale et la vie \u00e9conomique d\u2019un territoire s\u2019\u00e9tiole.<\/p>\n\n\n\n<p class=\"has-nv-dark-bg-color has-text-color has-medium-font-size\">En r\u00e9v\u00e9lant aux jeunes ses capacit\u00e9s et en l\u2019aidant \u00e0 se construire avec les adultes qui l\u2019entourent, les Maisons familiales rurales ont l\u2019ambition de contribuer, modestement mais avec passion, \u00e0 la construction d\u2019un monde meilleur o\u00f9 les personnes se prennent en charge pour mettre en \u0153uvre des projets au profit du plus grand nombre.<\/p>\n\n\n\n<h2 class=\"wp-block-heading\"><strong>CITOYENNET\u00c9 ET \u00c9DUCATION<\/strong><\/h2>\n\n\n\n<p class=\"has-nv-dark-bg-color has-text-color has-medium-font-size\">Dans les Maisons familiales rurales, l&rsquo;apprentissage de la vie sociale est essentiel. Elles orientent en cons\u00e9quence le travail \u00e9ducatif des jeunes en leur fournissant des rep\u00e8res, en sollicitant la responsabilit\u00e9, en \u00e9veillant la curiosit\u00e9, en d\u00e9veloppant l\u2019autonomie. Elles insistent sur la dimension \u00e0 taille humaine de leurs structures qui facilitent les relations. Pour elles encore, l\u2019internat qu\u2019elles conseillent est un espace privil\u00e9gi\u00e9 d\u2019ouverture socioculturelle, de compr\u00e9hension et de respect de l\u2019autre, de prise de recul, d\u2019initiation \u00e0 la vie en collectivit\u00e9 et en groupe.<\/p>\n","protected":false},"excerpt":{"rendered":"<p>LES MAISONS FAMILIALES RURALES DE LA REUNION LE TAMPON- LA SALINE &#8211; LA PLAINE DES PALMISTES &#8211; SAINT ANDRE &#8211; SAINT PIERRE &#8211; CFP UNE MFR C&rsquo;EST QUOI? Une histoire n\u00e9e d\u2019une initiative locale&nbsp; Les Maisons Familiales Rurales du XXIe si\u00e8cle sont l\u2019aboutissement d\u2019une exp\u00e9rience originale conduite dans un village du Lot-et-Garonne dans le Sud-Ouest &hellip; <\/p>\n","protected":false},"author":1,"featured_media":0,"parent":0,"menu_order":0,"comment_status":"closed","ping_status":"closed","template":"","meta":{"footnotes":""},"class_list":["post-90","page","type-page","status-publish","hentry"],"yoast_head":"<!-- This site is optimized with the Yoast SEO plugin v18.1 - https:\/\/yoast.com\/wordpress\/plugins\/seo\/ -->\n<title>ACCUEIL - Les MFR DE LA REUNION<\/title>\n<meta name=\"robots\" content=\"index, follow, max-snippet:-1, max-image-preview:large, max-video-preview:-1\" \/>\n<link rel=\"canonical\" href=\"https:\/\/mfr-reunion.re\/\" \/>\n<meta property=\"og:locale\" content=\"fr_FR\" \/>\n<meta property=\"og:type\" content=\"article\" \/>\n<meta property=\"og:title\" content=\"ACCUEIL - Les MFR DE LA REUNION\" \/>\n<meta property=\"og:description\" content=\"LES MAISONS FAMILIALES RURALES DE LA REUNION LE TAMPON- LA SALINE &#8211; LA PLAINE DES PALMISTES &#8211; SAINT ANDRE &#8211; SAINT PIERRE &#8211; CFP UNE MFR C&rsquo;EST QUOI? Une histoire n\u00e9e d\u2019une initiative locale&nbsp; Les Maisons Familiales Rurales du XXIe si\u00e8cle sont l\u2019aboutissement d\u2019une exp\u00e9rience originale conduite dans un village du Lot-et-Garonne dans le Sud-Ouest &hellip;\" \/>\n<meta property=\"og:url\" content=\"https:\/\/mfr-reunion.re\/\" \/>\n<meta property=\"og:site_name\" content=\"Les MFR DE LA REUNION\" \/>\n<meta property=\"article:modified_time\" content=\"2024-10-24T07:05:06+00:00\" \/>\n<meta property=\"og:image\" content=\"http:\/\/rfcakqo.cluster031.hosting.ovh.net\/admin\/wp-content\/uploads\/2022\/02\/cover4.jpg\" \/>\n<meta name=\"twitter:card\" content=\"summary_large_image\" \/>\n<meta name=\"twitter:label1\" content=\"Dur\u00e9e de lecture estim\u00e9e\" \/>\n\t<meta name=\"twitter:data1\" content=\"6 minutes\" \/>\n<script type=\"application\/ld+json\" class=\"yoast-schema-graph\">{\"@context\":\"https:\/\/schema.org\",\"@graph\":[{\"@type\":\"WebSite\",\"@id\":\"https:\/\/mfr-reunion.re\/#website\",\"url\":\"https:\/\/mfr-reunion.re\/\",\"name\":\"Les MFR DE LA REUNION\",\"description\":\"\",\"potentialAction\":[{\"@type\":\"SearchAction\",\"target\":{\"@type\":\"EntryPoint\",\"urlTemplate\":\"https:\/\/mfr-reunion.re\/?s={search_term_string}\"},\"query-input\":\"required name=search_term_string\"}],\"inLanguage\":\"fr-FR\"},{\"@type\":\"ImageObject\",\"@id\":\"https:\/\/mfr-reunion.re\/#primaryimage\",\"inLanguage\":\"fr-FR\",\"url\":\"http:\/\/rfcakqo.cluster031.hosting.ovh.net\/admin\/wp-content\/uploads\/2022\/02\/cover4.jpg\",\"contentUrl\":\"http:\/\/rfcakqo.cluster031.hosting.ovh.net\/admin\/wp-content\/uploads\/2022\/02\/cover4.jpg\"},{\"@type\":\"WebPage\",\"@id\":\"https:\/\/mfr-reunion.re\/#webpage\",\"url\":\"https:\/\/mfr-reunion.re\/\",\"name\":\"ACCUEIL - Les MFR DE LA REUNION\",\"isPartOf\":{\"@id\":\"https:\/\/mfr-reunion.re\/#website\"},\"primaryImageOfPage\":{\"@id\":\"https:\/\/mfr-reunion.re\/#primaryimage\"},\"datePublished\":\"2022-02-24T11:26:13+00:00\",\"dateModified\":\"2024-10-24T07:05:06+00:00\",\"breadcrumb\":{\"@id\":\"https:\/\/mfr-reunion.re\/#breadcrumb\"},\"inLanguage\":\"fr-FR\",\"potentialAction\":[{\"@type\":\"ReadAction\",\"target\":[\"https:\/\/mfr-reunion.re\/\"]}]},{\"@type\":\"BreadcrumbList\",\"@id\":\"https:\/\/mfr-reunion.re\/#breadcrumb\",\"itemListElement\":[{\"@type\":\"ListItem\",\"position\":1,\"name\":\"Accueil\",\"item\":\"https:\/\/mfr-reunion.re\/\"},{\"@type\":\"ListItem\",\"position\":2,\"name\":\"ACCUEIL\"}]}]}<\/script>\n<!-- \/ Yoast SEO plugin. -->","yoast_head_json":{"title":"ACCUEIL - Les MFR DE LA REUNION","robots":{"index":"index","follow":"follow","max-snippet":"max-snippet:-1","max-image-preview":"max-image-preview:large","max-video-preview":"max-video-preview:-1"},"canonical":"https:\/\/mfr-reunion.re\/","og_locale":"fr_FR","og_type":"article","og_title":"ACCUEIL - Les MFR DE LA REUNION","og_description":"LES MAISONS FAMILIALES RURALES DE LA REUNION LE TAMPON- LA SALINE &#8211; LA PLAINE DES PALMISTES &#8211; SAINT ANDRE &#8211; SAINT PIERRE &#8211; CFP UNE MFR C&rsquo;EST QUOI? Une histoire n\u00e9e d\u2019une initiative locale&nbsp; Les Maisons Familiales Rurales du XXIe si\u00e8cle sont l\u2019aboutissement d\u2019une exp\u00e9rience originale conduite dans un village du Lot-et-Garonne dans le Sud-Ouest &hellip;","og_url":"https:\/\/mfr-reunion.re\/","og_site_name":"Les MFR DE LA REUNION","article_modified_time":"2024-10-24T07:05:06+00:00","og_image":[{"url":"http:\/\/rfcakqo.cluster031.hosting.ovh.net\/admin\/wp-content\/uploads\/2022\/02\/cover4.jpg"}],"twitter_card":"summary_large_image","twitter_misc":{"Dur\u00e9e de lecture estim\u00e9e":"6 minutes"},"schema":{"@context":"https:\/\/schema.org","@graph":[{"@type":"WebSite","@id":"https:\/\/mfr-reunion.re\/#website","url":"https:\/\/mfr-reunion.re\/","name":"Les MFR DE LA REUNION","description":"","potentialAction":[{"@type":"SearchAction","target":{"@type":"EntryPoint","urlTemplate":"https:\/\/mfr-reunion.re\/?s={search_term_string}"},"query-input":"required name=search_term_string"}],"inLanguage":"fr-FR"},{"@type":"ImageObject","@id":"https:\/\/mfr-reunion.re\/#primaryimage","inLanguage":"fr-FR","url":"http:\/\/rfcakqo.cluster031.hosting.ovh.net\/admin\/wp-content\/uploads\/2022\/02\/cover4.jpg","contentUrl":"http:\/\/rfcakqo.cluster031.hosting.ovh.net\/admin\/wp-content\/uploads\/2022\/02\/cover4.jpg"},{"@type":"WebPage","@id":"https:\/\/mfr-reunion.re\/#webpage","url":"https:\/\/mfr-reunion.re\/","name":"ACCUEIL - Les MFR DE LA REUNION","isPartOf":{"@id":"https:\/\/mfr-reunion.re\/#website"},"primaryImageOfPage":{"@id":"https:\/\/mfr-reunion.re\/#primaryimage"},"datePublished":"2022-02-24T11:26:13+00:00","dateModified":"2024-10-24T07:05:06+00:00","breadcrumb":{"@id":"https:\/\/mfr-reunion.re\/#breadcrumb"},"inLanguage":"fr-FR","potentialAction":[{"@type":"ReadAction","target":["https:\/\/mfr-reunion.re\/"]}]},{"@type":"BreadcrumbList","@id":"https:\/\/mfr-reunion.re\/#breadcrumb","itemListElement":[{"@type":"ListItem","position":1,"name":"Accueil","item":"https:\/\/mfr-reunion.re\/"},{"@type":"ListItem","position":2,"name":"ACCUEIL"}]}]}},"_links":{"self":[{"href":"https:\/\/mfr-reunion.re\/index.php\/wp-json\/wp\/v2\/pages\/90","targetHints":{"allow":["GET"]}}],"collection":[{"href":"https:\/\/mfr-reunion.re\/index.php\/wp-json\/wp\/v2\/pages"}],"about":[{"href":"https:\/\/mfr-reunion.re\/index.php\/wp-json\/wp\/v2\/types\/page"}],"author":[{"embeddable":true,"href":"https:\/\/mfr-reunion.re\/index.php\/wp-json\/wp\/v2\/users\/1"}],"replies":[{"embeddable":true,"href":"https:\/\/mfr-reunion.re\/index.php\/wp-json\/wp\/v2\/comments?post=90"}],"version-history":[{"count":15,"href":"https:\/\/mfr-reunion.re\/index.php\/wp-json\/wp\/v2\/pages\/90\/revisions"}],"predecessor-version":[{"id":650,"href":"https:\/\/mfr-reunion.re\/index.php\/wp-json\/wp\/v2\/pages\/90\/revisions\/650"}],"wp:attachment":[{"href":"https:\/\/mfr-reunion.re\/index.php\/wp-json\/wp\/v2\/media?parent=90"}],"curies":[{"name":"wp","href":"https:\/\/api.w.org\/{rel}","templated":true}]}}